{"id":1855,"date":"2023-12-06T16:28:05","date_gmt":"2023-12-06T15:28:05","guid":{"rendered":"https:\/\/semmelweis.hu\/kutlab\/?page_id=1855"},"modified":"2023-12-07T16:17:30","modified_gmt":"2023-12-07T15:17:30","slug":"hano-betegszervezet","status":"publish","type":"page","link":"https:\/\/semmelweis.hu\/kutlab\/betegellatas\/angiodema-kozpont\/hano-betegszervezet\/","title":{"rendered":"Betegszervezet"},"content":{"rendered":"<h2>Magyarorsz\u00e1gi Angio-\u00f6d\u00e9m\u00e1s Betegek Egyes\u00fclete<\/h2>\n<div class=\"keretes w-100\">\n<p><strong>Weboldal:<\/strong> <a href=\"http:\/\/www.hano.hu\">www.hano.hu<\/a><br \/>\n<strong>Eln\u00f6k: <\/strong>Nagy Istv\u00e1n (e-mail: nagyistvan@inotal.hu)<br \/>\n<strong>Szakmai t\u00e1rseln\u00f6k: <\/strong>Dr. Farkas Henriette PhD, DSc<br \/>\n<strong>Titk\u00e1r:<\/strong> Maros Zolt\u00e1n<br \/>\n<strong>Fel\u00fcgyel\u0151 Bizotts\u00e1g tagjai: <\/strong>Kitzinger Arianna, Lendvai T\u00edmea, Kun-Szab\u00f3 J\u00e1nos<\/p>\n<\/div>\n<p>Az \u00f6r\u00f6kletes angio\u00f6d\u00e9m\u00e1s betegs\u00e9gben szenved\u0151k \u00e9rdek\u00e9ben l\u00e9trej\u00f6tt Betegszervezet feladata az eg\u00e9szs\u00e9gmeg\u0151rz\u00e9s, betegs\u00e9gmegel\u0151z\u00e9s, szoci\u00e1lis tev\u00e9kenys\u00e9g, a betegek k\u00f6z\u00f6tti kapcsolatfelv\u00e9tel el\u0151seg\u00edt\u00e9se, tapasztalatcsere \u00e9rdek\u00e9ben tanfolyamok, \u00f6sszej\u00f6vetelek megszervez\u00e9se, ismeretterjeszt\u00e9s, kapcsolatfelv\u00e9tel \u00e9s a kapcsolat fenntart\u00e1sa hasonl\u00f3 szervezetekkel, szakmai szervekkel \u00e9s hat\u00f3s\u00e1gokkal, egy\u00fcttm\u0171k\u00f6d\u00e9s kialak\u00edt\u00e1sa a betegeket kezel\u0151 k\u00f6zpontokkal, a kutat\u00e1s, alkalmaz\u00e1s ter\u00fclet\u00e9n foly\u00f3 munka t\u00e1mogat\u00e1sa, hazai \u00e9s nemzetk\u00f6zi keretek k\u00f6z\u00f6tt.<\/p>\n<p>A HAE-s betegek \u00e9vek \u00f3ta m\u0171k\u00f6dtetnek betegszervezeteket. Szervezett form\u00e1ban k\u00f6nnyebben l\u00e9phetnek fel a jogaik\u00e9rt (pl. folyamatos, kedvezm\u00e9nyes vagy t\u00e9r\u00edt\u00e9smentes gy\u00f3gyszerell\u00e1t\u00e1s). 2004 \u00f3ta l\u00e9tezik az egyes orsz\u00e1gok betegeit egyes\u00edt\u0151 nemzetk\u00f6zi betegszervezet (HAEI, HAE International; <a href=\"http:\/\/www.haei.org\">http:\/\/www.haei.org<\/a>).<\/p>\n<p><a href=\"https:\/\/hano.hu\/\">A magyar betegek egyes\u00fclete 2005 tavasz\u00e1n alakult meg.<\/a><\/p>\n<h3><strong>HANO-s Betegklub<\/strong><\/h3>\n<p>1996 \u00f3ta minden \u00e9v \u0151sz\u00e9n tartja \u00e9vi gy\u0171l\u00e9s\u00e9t a HANO-s betegklub, ahol a betegek tal\u00e1lkozhatnak egym\u00e1ssal \u00e9s az ell\u00e1t\u00e1sukban r\u00e9sztvev\u0151 szakemberekkel (orvosok, laborosok, asszisztensek, gy\u00f3gyszergy\u00e1rak k\u00e9pvisel\u0151i stb.). Az \u00e9venk\u00e9nti tal\u00e1lkoz\u00f3 mindig hasznos inform\u00e1ci\u00f3kat tartogat a r\u00e9gi \u00e9s az \u00fajonnan felfedezett, gondoz\u00e1sba vett betegek sz\u00e1m\u00e1ra is. Az orvosok \u00e9s kutat\u00f3k besz\u00e1molnak a HAE-val kapcsolatos tudom\u00e1nyos kutat\u00e1sok legfrissebb eredm\u00e9nyeir\u0151l \u00e9s a folyamatban lev\u0151 vizsg\u00e1latok c\u00e9ljair\u00f3l, valamint lehet\u0151s\u00e9g van a k\u00f6zvetlen bar\u00e1ti besz\u00e9lget\u00e9sre, tapasztalatcser\u00e9re is.<\/p>\n","protected":false},"excerpt":{"rendered":"<p>Magyarorsz\u00e1gi Angio-\u00f6d\u00e9m\u00e1s Betegek Egyes\u00fclete Weboldal: <a href=\"http:\/\/www.hano.hu\">www.hano.hu<\/a> Eln\u00f6k: Nagy Istv\u00e1n (e-mail: nagyistvan@inotal.hu) Szakmai t\u00e1rseln\u00f6k: Dr. Farkas Henriette PhD, DSc Titk\u00e1r: Maros Zolt\u00e1n Fel\u00fcgyel\u0151 Bizotts\u00e1g tagjai: Kitzinger Arianna, Lendvai T\u00edmea, Kun-Szab\u00f3 J\u00e1nos Az \u00f6r\u00f6kletes angio\u00f6d\u00e9m\u00e1s betegs\u00e9gben szenved\u0151k \u00e9rdek\u00e9ben l\u00e9trej\u00f6tt Betegszervezet feladata az eg\u00e9szs\u00e9gmeg\u0151rz\u00e9s, betegs\u00e9gmegel\u0151z\u00e9s, szoci\u00e1lis tev\u00e9kenys\u00e9g, a betegek k\u00f6z\u00f6tti kapcsolatfelv\u00e9tel el\u0151seg\u00edt\u00e9se, tapasztalatcsere \u00e9rdek\u00e9ben tanfolyamok, \u00f6sszej\u00f6vetelek megszervez\u00e9se, ismeretterjeszt\u00e9s, kapcsolatfelv\u00e9tel &hellip;<\/p>\n","protected":false},"author":102149,"featured_media":0,"parent":1851,"menu_order":5,"comment_status":"closed","ping_status":"closed","template":"","meta":{"_acf_changed":false,"footnotes":""},"categories":[],"tags":[],"class_list":["post-1855","page","type-page","status-publish","hentry"],"acf":[],"_links":{"self":[{"href":"https:\/\/semmelweis.hu\/kutlab\/wp-json\/wp\/v2\/pages\/1855","targetHints":{"allow":["GET"]}}],"collection":[{"href":"https:\/\/semmelweis.hu\/kutlab\/wp-json\/wp\/v2\/pages"}],"about":[{"href":"https:\/\/semmelweis.hu\/kutlab\/wp-json\/wp\/v2\/types\/page"}],"author":[{"embeddable":true,"href":"https:\/\/semmelweis.hu\/kutlab\/wp-json\/wp\/v2\/users\/102149"}],"replies":[{"embeddable":true,"href":"https:\/\/semmelweis.hu\/kutlab\/wp-json\/wp\/v2\/comments?post=1855"}],"version-history":[{"count":4,"href":"https:\/\/semmelweis.hu\/kutlab\/wp-json\/wp\/v2\/pages\/1855\/revisions"}],"predecessor-version":[{"id":1938,"href":"https:\/\/semmelweis.hu\/kutlab\/wp-json\/wp\/v2\/pages\/1855\/revisions\/1938"}],"up":[{"embeddable":true,"href":"https:\/\/semmelweis.hu\/kutlab\/wp-json\/wp\/v2\/pages\/1851"}],"wp:attachment":[{"href":"https:\/\/semmelweis.hu\/kutlab\/wp-json\/wp\/v2\/media?parent=1855"}],"wp:term":[{"taxonomy":"category","embeddable":true,"href":"https:\/\/semmelweis.hu\/kutlab\/wp-json\/wp\/v2\/categories?post=1855"},{"taxonomy":"post_tag","embeddable":true,"href":"https:\/\/semmelweis.hu\/kutlab\/wp-json\/wp\/v2\/tags?post=1855"}],"curies":[{"name":"wp","href":"https:\/\/api.w.org\/{rel}","templated":true}]}}