{"id":1853,"date":"2023-12-06T16:26:13","date_gmt":"2023-12-06T15:26:13","guid":{"rendered":"https:\/\/semmelweis.hu\/kutlab\/?page_id=1853"},"modified":"2023-12-07T16:15:23","modified_gmt":"2023-12-07T15:15:23","slug":"akut-hano-felnott","status":"publish","type":"page","link":"https:\/\/semmelweis.hu\/kutlab\/betegellatas\/angiodema-kozpont\/akut-hano-felnott\/","title":{"rendered":"Feln\u0151ttek akut ell\u00e1t\u00e1sa"},"content":{"rendered":"<div class=\"keretes w-100\">\n<p><strong>Ell\u00e1t\u00e1s helye:<\/strong> <a href=\"https:\/\/semmelweis.hu\/belhema\/\">Semmelweis Egyetem, Belgy\u00f3gy\u00e1szati \u00e9s Hematol\u00f3giai Klinika<\/a> Betegfelv\u00e9teli Oszt\u00e1lya<br \/>\n<strong>Klinika igazgat\u00f3:<\/strong> Prof. Dr. Masszi Tam\u00e1s, PhD, DSc.<br \/>\n<strong>C\u00edm:<\/strong> 1088. Budapest, Szentkir\u00e1lyi u. 46.<br \/>\n<strong>Tel:<\/strong> +36-1-459-15-00, +36-20-666-08-30<br \/>\n<strong>Felel\u0151s orvosok:<\/strong> A Betegfelv\u00e9teli Oszt\u00e1ly orvosai<br \/>\n<strong>Feladata:<\/strong> A feln\u0151tt HAE-s betegek s\u00fcrg\u0151ss\u00e9gi ell\u00e1t\u00e1sa, k\u00f3rh\u00e1zi kivizsg\u00e1l\u00e1sa.<\/p>\n<\/div>\n","protected":false},"excerpt":{"rendered":"<p>Ell\u00e1t\u00e1s helye: <a href=\"https:\/\/semmelweis.hu\/belhema\/\">Semmelweis Egyetem, Belgy\u00f3gy\u00e1szati \u00e9s Hematol\u00f3giai Klinika<\/a> Betegfelv\u00e9teli Oszt\u00e1lya<br \/>\nKlinika igazgat\u00f3: Prof. Dr. Masszi Tam\u00e1s, PhD, DSc.<br \/>\nC\u00edm: 1088. Budapest, Szentkir\u00e1lyi u. 46.<br \/>\nTel: +36-1-459-15-00, +36-20-666-08-30<br \/>\nFelel\u0151s orvosok: A Betegfelv\u00e9teli Oszt\u00e1ly orvosai<br \/>\nFeladata: A feln\u0151tt HAE-s betegek s\u00fcrg\u0151ss\u00e9gi ell\u00e1t\u00e1sa, k\u00f3rh\u00e1zi kivizsg\u00e1l\u00e1sa.<\/p>\n","protected":false},"author":102149,"featured_media":0,"parent":1851,"menu_order":3,"comment_status":"closed","ping_status":"closed","template":"","meta":{"_acf_changed":false,"footnotes":""},"categories":[],"tags":[],"class_list":["post-1853","page","type-page","status-publish","hentry"],"acf":[],"_links":{"self":[{"href":"https:\/\/semmelweis.hu\/kutlab\/wp-json\/wp\/v2\/pages\/1853","targetHints":{"allow":["GET"]}}],"collection":[{"href":"https:\/\/semmelweis.hu\/kutlab\/wp-json\/wp\/v2\/pages"}],"about":[{"href":"https:\/\/semmelweis.hu\/kutlab\/wp-json\/wp\/v2\/types\/page"}],"author":[{"embeddable":true,"href":"https:\/\/semmelweis.hu\/kutlab\/wp-json\/wp\/v2\/users\/102149"}],"replies":[{"embeddable":true,"href":"https:\/\/semmelweis.hu\/kutlab\/wp-json\/wp\/v2\/comments?post=1853"}],"version-history":[{"count":4,"href":"https:\/\/semmelweis.hu\/kutlab\/wp-json\/wp\/v2\/pages\/1853\/revisions"}],"predecessor-version":[{"id":1937,"href":"https:\/\/semmelweis.hu\/kutlab\/wp-json\/wp\/v2\/pages\/1853\/revisions\/1937"}],"up":[{"embeddable":true,"href":"https:\/\/semmelweis.hu\/kutlab\/wp-json\/wp\/v2\/pages\/1851"}],"wp:attachment":[{"href":"https:\/\/semmelweis.hu\/kutlab\/wp-json\/wp\/v2\/media?parent=1853"}],"wp:term":[{"taxonomy":"category","embeddable":true,"href":"https:\/\/semmelweis.hu\/kutlab\/wp-json\/wp\/v2\/categories?post=1853"},{"taxonomy":"post_tag","embeddable":true,"href":"https:\/\/semmelweis.hu\/kutlab\/wp-json\/wp\/v2\/tags?post=1853"}],"curies":[{"name":"wp","href":"https:\/\/api.w.org\/{rel}","templated":true}]}}