{"id":1851,"date":"2023-12-06T16:20:53","date_gmt":"2023-12-06T15:20:53","guid":{"rendered":"https:\/\/semmelweis.hu\/kutlab\/?page_id=1851"},"modified":"2023-12-06T16:35:34","modified_gmt":"2023-12-06T15:35:34","slug":"angiodema-kozpont","status":"publish","type":"page","link":"https:\/\/semmelweis.hu\/kutlab\/betegellatas\/angiodema-kozpont\/","title":{"rendered":"Orsz\u00e1gos Angio\u00f6d\u00e9ma Referenciak\u00f6zpont"},"content":{"rendered":"<p>Mivel a herediter angio\u00f6d\u00e9ma (HANO) egy ritka betegs\u00e9g, ez\u00e9rt a betegek kezel\u00e9se \u00e9s nyomon k\u00f6vet\u00e9se csak centraliz\u00e1ltan lehet hat\u00e9kony. A j\u00f3l m\u0171k\u00f6d\u0151 centrumok seg\u00edts\u00e9get ny\u00fajthatnak azoknak a r\u00e9gi\u00f3knak, ahol a hi\u00e1nyos orvosi ismeretek, illetve diagnosztikai lehet\u0151s\u00e9gek miatt a HANO-s betegek nem juthatnak hozz\u00e1 a megfelel\u0151 ell\u00e1t\u00e1shoz, vagy a kezel\u00e9s nem el\u00e9rhet\u0151 sz\u00e1mukra. Az Orsz\u00e1gos Angio\u00f6d\u00e9ma Referencia \u00e9s Kiv\u00e1l\u00f3s\u00e1gi K\u00f6zpont v\u00e1llalta az orsz\u00e1gban ezt a feladatot, mely r\u00e9v\u00e9n a klinikusok, kutat\u00f3k \u00e9s a betegek szoros kapcsolatban \u00e1llnak egym\u00e1ssal, \u00edgy seg\u00edtve a patomechanizmus meg\u00e9rt\u00e9s\u00e9t \u00e9s a betegs\u00e9g kezel\u00e9s\u00e9nek gyors fejl\u0151d\u00e9s\u00e9t.<\/p>\n<p>Az Orsz\u00e1gos Angio\u00f6d\u00e9ma Referencia \u00e9s Kiv\u00e1l\u00f3s\u00e1gi K\u00f6zpont, melynek a <a href=\"https:\/\/semmelweis.hu\/belhema\/\">Semmelweis Egyetem Hematol\u00f3giai \u00e9s Belgy\u00f3gy\u00e1szati Klinik\u00e1ja<\/a> ad otthont, az al\u00e1bbi egys\u00e9gekb\u0151l \u00e1ll:<\/p>\n<style>\n           #page-grid .card-body > .line-clamp-box.excerpt{\n        width: inherit;\n        max-width: inherit;\n        display:flex;\n        min-height: 2.4em;\n        flex-direction: column;\n        justify-content: space-around;\n        background-color: #D6E4EA;\n        min-height: 3.4rem;\n        font-family: \"Montserrat\", sans-serif;\n    }\n\n    #page-grid a:hover .card-body > .line-clamp-box.excerpt {\n        background-color: #fff;\n        color: #313B40;\n    }\n\n    #page-grid .card-body .line-clamp-box.excerpt section{\n        max-width: inherit;\n        display: -webkit-box;\n        -webkit-line-clamp: 2;\n        -webkit-box-orient: vertical;\n        overflow: hidden;\n        text-overflow: ellipsis;\n        hyphens: auto;\n        margin: auto;\n        \n    }\n    .line-clamp-box.excerpt section, .line-clamp-box.excerpt section p{\n        font-size:0.8em;\n    }\n    \n<\/style>\n    <section id=\"page-grid\">\n        \n        <div class=\"row row-cols-1 row-cols-md-2 row-cols-lg-4 no-gutters mx-0 \">    <div class =\"col  mb-2 card-wrapper\">\n        <a class=\"d-flex flex-fill card-link-warapper m-md-1\" href=\"https:\/\/semmelweis.hu\/kutlab\/betegellatas\/angiodema-kozpont\/hano-ambulancia\/\">\n            <div class=\"card border border-secondary se-border flex-fill\">\n                <div class=\"row no-gutters mx-0 d-flex flex-nowrap flex-md-wrap align-items-center\">\n                    <div class =\"  col-5 col-md-12  d-none  d-md-none d-md-none  bg-image  card-image justify-content-center\">\n                        <img class='wp-post-image img-fluid landscape' src='https:\/\/semmelweis.hu\/kutlab\/wp-content\/themes\/se18\/dist\/images\/svg\/bg-image.svg' \/>\n                    <\/div>\n                    <div class=\"card-body  col flex-column  col-md-12 p-0\">\n                        <div class=\"line-clamp-box p-3\">\n                            <h5 class=\"ml-0 ml-sm-1 mt-2 align-items-center\"  >Angio\u00f6d\u00e9ma szakambulancia<\/h5>\n                        <\/div>\n                        \n                    <\/div>\n                <\/div>\n\n            <\/div>\n        <\/a>\n    <\/div>    <div class =\"col  mb-2 card-wrapper\">\n        <a class=\"d-flex flex-fill card-link-warapper m-md-1\" href=\"https:\/\/semmelweis.hu\/kutlab\/betegellatas\/angiodema-kozpont\/akut-hano-gyerek\/\">\n            <div class=\"card border border-secondary se-border flex-fill\">\n                <div class=\"row no-gutters mx-0 d-flex flex-nowrap flex-md-wrap align-items-center\">\n                    <div class =\"  col-5 col-md-12  d-none  d-md-none d-md-none  bg-image  card-image justify-content-center\">\n                        <img class='wp-post-image img-fluid landscape' src='https:\/\/semmelweis.hu\/kutlab\/wp-content\/themes\/se18\/dist\/images\/svg\/bg-image.svg' \/>\n                    <\/div>\n                    <div class=\"card-body  col flex-column  col-md-12 p-0\">\n                        <div class=\"line-clamp-box p-3\">\n                            <h5 class=\"ml-0 ml-sm-1 mt-2 align-items-center\"  >Gyermekek akut ell\u00e1t\u00e1sa<\/h5>\n                        <\/div>\n                        \n                    <\/div>\n                <\/div>\n\n            <\/div>\n        <\/a>\n    <\/div>    <div class =\"col  mb-2 card-wrapper\">\n        <a class=\"d-flex flex-fill card-link-warapper m-md-1\" href=\"https:\/\/semmelweis.hu\/kutlab\/betegellatas\/angiodema-kozpont\/akut-hano-felnott\/\">\n            <div class=\"card border border-secondary se-border flex-fill\">\n                <div class=\"row no-gutters mx-0 d-flex flex-nowrap flex-md-wrap align-items-center\">\n                    <div class =\"  col-5 col-md-12  d-none  d-md-none d-md-none  bg-image  card-image justify-content-center\">\n                        <img class='wp-post-image img-fluid landscape' src='https:\/\/semmelweis.hu\/kutlab\/wp-content\/themes\/se18\/dist\/images\/svg\/bg-image.svg' \/>\n                    <\/div>\n                    <div class=\"card-body  col flex-column  col-md-12 p-0\">\n                        <div class=\"line-clamp-box p-3\">\n                            <h5 class=\"ml-0 ml-sm-1 mt-2 align-items-center\"  >Feln\u0151ttek akut ell\u00e1t\u00e1sa<\/h5>\n                        <\/div>\n                        \n                    <\/div>\n                <\/div>\n\n            <\/div>\n        <\/a>\n    <\/div>    <div class =\"col  mb-2 card-wrapper\">\n        <a class=\"d-flex flex-fill card-link-warapper m-md-1\" href=\"https:\/\/semmelweis.hu\/kutlab\/betegellatas\/angiodema-kozpont\/hano-info\/\">\n            <div class=\"card border border-secondary se-border flex-fill\">\n                <div class=\"row no-gutters mx-0 d-flex flex-nowrap flex-md-wrap align-items-center\">\n                    <div class =\"  col-5 col-md-12  d-none  d-md-none d-md-none  bg-image  card-image justify-content-center\">\n                        <img class='wp-post-image img-fluid landscape' src='https:\/\/semmelweis.hu\/kutlab\/wp-content\/themes\/se18\/dist\/images\/svg\/bg-image.svg' \/>\n                    <\/div>\n                    <div class=\"card-body  col flex-column  col-md-12 p-0\">\n                        <div class=\"line-clamp-box p-3\">\n                            <h5 class=\"ml-0 ml-sm-1 mt-2 align-items-center\"  >Fontos inform\u00e1ci\u00f3k a HANO-r\u00f3l<\/h5>\n                        <\/div>\n                        \n                    <\/div>\n                <\/div>\n\n            <\/div>\n        <\/a>\n    <\/div>    <div class =\"col  mb-2 card-wrapper\">\n        <a class=\"d-flex flex-fill card-link-warapper m-md-1\" href=\"https:\/\/semmelweis.hu\/kutlab\/betegellatas\/angiodema-kozpont\/hano-betegszervezet\/\">\n            <div class=\"card border border-secondary se-border flex-fill\">\n                <div class=\"row no-gutters mx-0 d-flex flex-nowrap flex-md-wrap align-items-center\">\n                    <div class =\"  col-5 col-md-12  d-none  d-md-none d-md-none  bg-image  card-image justify-content-center\">\n                        <img class='wp-post-image img-fluid landscape' src='https:\/\/semmelweis.hu\/kutlab\/wp-content\/themes\/se18\/dist\/images\/svg\/bg-image.svg' \/>\n                    <\/div>\n                    <div class=\"card-body  col flex-column  col-md-12 p-0\">\n                        <div class=\"line-clamp-box p-3\">\n                            <h5 class=\"ml-0 ml-sm-1 mt-2 align-items-center\"  >Betegszervezet<\/h5>\n                        <\/div>\n                        \n                    <\/div>\n                <\/div>\n\n            <\/div>\n        <\/a>\n    <\/div>    <div class =\"col  mb-2 card-wrapper\">\n        <a class=\"d-flex flex-fill card-link-warapper m-md-1\" href=\"https:\/\/semmelweis.hu\/kutlab\/betegellatas\/angiodema-kozpont\/hano-laboratoriumok\/\">\n            <div class=\"card border border-secondary se-border flex-fill\">\n                <div class=\"row no-gutters mx-0 d-flex flex-nowrap flex-md-wrap align-items-center\">\n                    <div class =\"  col-5 col-md-12  d-none  d-md-none d-md-none  bg-image  card-image justify-content-center\">\n                        <img class='wp-post-image img-fluid landscape' src='https:\/\/semmelweis.hu\/kutlab\/wp-content\/themes\/se18\/dist\/images\/svg\/bg-image.svg' \/>\n                    <\/div>\n                    <div class=\"card-body  col flex-column  col-md-12 p-0\">\n                        <div class=\"line-clamp-box p-3\">\n                            <h5 class=\"ml-0 ml-sm-1 mt-2 align-items-center\"  >Laborat\u00f3riumok<\/h5>\n                        <\/div>\n                        \n                    <\/div>\n                <\/div>\n\n            <\/div>\n        <\/a>\n    <\/div>    <div class =\"col  mb-2 card-wrapper\">\n        <a class=\"d-flex flex-fill card-link-warapper m-md-1\" href=\"https:\/\/semmelweis.hu\/kutlab\/betegellatas\/angiodema-kozpont\/c1-inh-ae-workshop\/\">\n            <div class=\"card border border-secondary se-border flex-fill\">\n                <div class=\"row no-gutters mx-0 d-flex flex-nowrap flex-md-wrap align-items-center\">\n                    <div class =\"  col-5 col-md-12  d-none  d-md-none d-md-none  bg-image  card-image justify-content-center\">\n                        <img class='wp-post-image img-fluid landscape' src='https:\/\/semmelweis.hu\/kutlab\/wp-content\/themes\/se18\/dist\/images\/svg\/bg-image.svg' \/>\n                    <\/div>\n                    <div class=\"card-body  col flex-column  col-md-12 p-0\">\n                        <div class=\"line-clamp-box p-3\">\n                            <h5 class=\"ml-0 ml-sm-1 mt-2 align-items-center\"  >C1-INH Deficiency &amp; Angioedema Workshop<\/h5>\n                        <\/div>\n                        \n                    <\/div>\n                <\/div>\n\n            <\/div>\n        <\/a>\n    <\/div>        <\/div>\n    <\/section>\n","protected":false},"excerpt":{"rendered":"<p>Mivel a herediter angio\u00f6d\u00e9ma (HANO) egy ritka betegs\u00e9g, ez\u00e9rt a betegek kezel\u00e9se \u00e9s nyomon k\u00f6vet\u00e9se csak centraliz\u00e1ltan lehet hat\u00e9kony. A j\u00f3l m\u0171k\u00f6d\u0151 centrumok seg\u00edts\u00e9get ny\u00fajthatnak azoknak a r\u00e9gi\u00f3knak, ahol a hi\u00e1nyos orvosi ismeretek, illetve diagnosztikai lehet\u0151s\u00e9gek miatt a HANO-s betegek nem juthatnak hozz\u00e1 a megfelel\u0151 ell\u00e1t\u00e1shoz, vagy a kezel\u00e9s nem el\u00e9rhet\u0151 sz\u00e1mukra. Az Orsz\u00e1gos Angio\u00f6d\u00e9ma &hellip;<\/p>\n","protected":false},"author":102149,"featured_media":0,"parent":25,"menu_order":0,"comment_status":"closed","ping_status":"closed","template":"","meta":{"_acf_changed":false,"footnotes":""},"categories":[],"tags":[],"class_list":["post-1851","page","type-page","status-publish","hentry"],"acf":[],"_links":{"self":[{"href":"https:\/\/semmelweis.hu\/kutlab\/wp-json\/wp\/v2\/pages\/1851","targetHints":{"allow":["GET"]}}],"collection":[{"href":"https:\/\/semmelweis.hu\/kutlab\/wp-json\/wp\/v2\/pages"}],"about":[{"href":"https:\/\/semmelweis.hu\/kutlab\/wp-json\/wp\/v2\/types\/page"}],"author":[{"embeddable":true,"href":"https:\/\/semmelweis.hu\/kutlab\/wp-json\/wp\/v2\/users\/102149"}],"replies":[{"embeddable":true,"href":"https:\/\/semmelweis.hu\/kutlab\/wp-json\/wp\/v2\/comments?post=1851"}],"version-history":[{"count":3,"href":"https:\/\/semmelweis.hu\/kutlab\/wp-json\/wp\/v2\/pages\/1851\/revisions"}],"predecessor-version":[{"id":1869,"href":"https:\/\/semmelweis.hu\/kutlab\/wp-json\/wp\/v2\/pages\/1851\/revisions\/1869"}],"up":[{"embeddable":true,"href":"https:\/\/semmelweis.hu\/kutlab\/wp-json\/wp\/v2\/pages\/25"}],"wp:attachment":[{"href":"https:\/\/semmelweis.hu\/kutlab\/wp-json\/wp\/v2\/media?parent=1851"}],"wp:term":[{"taxonomy":"category","embeddable":true,"href":"https:\/\/semmelweis.hu\/kutlab\/wp-json\/wp\/v2\/categories?post=1851"},{"taxonomy":"post_tag","embeddable":true,"href":"https:\/\/semmelweis.hu\/kutlab\/wp-json\/wp\/v2\/tags?post=1851"}],"curies":[{"name":"wp","href":"https:\/\/api.w.org\/{rel}","templated":true}]}}