{"id":1843,"date":"2023-12-06T15:35:10","date_gmt":"2023-12-06T14:35:10","guid":{"rendered":"https:\/\/semmelweis.hu\/kutlab\/?page_id=1843"},"modified":"2025-07-30T10:59:58","modified_gmt":"2025-07-30T08:59:58","slug":"dr-horvath-hanga-reka","status":"publish","type":"page","link":"https:\/\/semmelweis.hu\/kutlab\/munkatarsak\/dr-horvath-hanga-reka\/","title":{"rendered":"Dr. Horv\u00e1th Hanga R\u00e9ka"},"content":{"rendered":"<p><img loading=\"lazy\" decoding=\"async\" class=\" wp-image-1206 alignleft\" src=\"https:\/\/semmelweis.hu\/kutlab\/files\/2023\/12\/HHR.jpg\" alt=\"\" width=\"99\" height=\"132\" \/>V\u00e9gzetts\u00e9g: \u00c1ltal\u00e1nos orvos<\/p>\n<p>Munkak\u00f6r\/beoszt\u00e1s: PhD hallgat\u00f3<\/p>\n<p>E-mail: <a href=\"mailto:horvathhanga125@gmail.com\">horvathhanga125@gmail.com<\/a><\/p>\n<p>&nbsp;<\/p>\n<p><strong>Tudom\u00e1nyos \u00e9rdekl\u0151d\u00e9si ter\u00fcletek:<\/strong> Angio\u00f6d\u00e9m\u00e1s betegs\u00e9gek, kiemelten a herediter angio\u00f6d\u00e9ma. Allergol\u00f3gia, immunol\u00f3gia.<\/p>\n<p><strong>Orcid ID: <\/strong><a href=\"https:\/\/orcid.org\/0000-0003-3055-420X\">0000-0003-3055-420X<\/a><\/p>\n","protected":false},"excerpt":{"rendered":"<p>V\u00e9gzetts\u00e9g: \u00c1ltal\u00e1nos orvos<br \/>\nMunkak\u00f6r\/beoszt\u00e1s: PhD hallgat\u00f3<br \/>\nE-mail: <a href=\"mailto:horvathhanga125@gmail.com\">horvathhanga125@gmail.com<\/a><br \/>\n&nbsp;<br \/>\nTudom\u00e1nyos \u00e9rdekl\u0151d\u00e9si ter\u00fcletek: Angio\u00f6d\u00e9m\u00e1s betegs\u00e9gek, kiemelten a herediter angio\u00f6d\u00e9ma. Allergol\u00f3gia, immunol\u00f3gia.<br \/>\nOrcid ID: <a href=\"https:\/\/orcid.org\/0000-0003-3055-420X\">0000-0003-3055-420X<\/a><\/p>\n","protected":false},"author":102149,"featured_media":0,"parent":19,"menu_order":8,"comment_status":"closed","ping_status":"closed","template":"","meta":{"_acf_changed":false,"footnotes":""},"categories":[],"tags":[],"class_list":["post-1843","page","type-page","status-publish","hentry"],"acf":[],"_links":{"self":[{"href":"https:\/\/semmelweis.hu\/kutlab\/wp-json\/wp\/v2\/pages\/1843","targetHints":{"allow":["GET"]}}],"collection":[{"href":"https:\/\/semmelweis.hu\/kutlab\/wp-json\/wp\/v2\/pages"}],"about":[{"href":"https:\/\/semmelweis.hu\/kutlab\/wp-json\/wp\/v2\/types\/page"}],"author":[{"embeddable":true,"href":"https:\/\/semmelweis.hu\/kutlab\/wp-json\/wp\/v2\/users\/102149"}],"replies":[{"embeddable":true,"href":"https:\/\/semmelweis.hu\/kutlab\/wp-json\/wp\/v2\/comments?post=1843"}],"version-history":[{"count":1,"href":"https:\/\/semmelweis.hu\/kutlab\/wp-json\/wp\/v2\/pages\/1843\/revisions"}],"predecessor-version":[{"id":1845,"href":"https:\/\/semmelweis.hu\/kutlab\/wp-json\/wp\/v2\/pages\/1843\/revisions\/1845"}],"up":[{"embeddable":true,"href":"https:\/\/semmelweis.hu\/kutlab\/wp-json\/wp\/v2\/pages\/19"}],"wp:attachment":[{"href":"https:\/\/semmelweis.hu\/kutlab\/wp-json\/wp\/v2\/media?parent=1843"}],"wp:term":[{"taxonomy":"category","embeddable":true,"href":"https:\/\/semmelweis.hu\/kutlab\/wp-json\/wp\/v2\/categories?post=1843"},{"taxonomy":"post_tag","embeddable":true,"href":"https:\/\/semmelweis.hu\/kutlab\/wp-json\/wp\/v2\/tags?post=1843"}],"curies":[{"name":"wp","href":"https:\/\/api.w.org\/{rel}","templated":true}]}}