{"id":1742,"date":"2023-07-28T12:11:17","date_gmt":"2023-07-28T10:11:17","guid":{"rendered":"https:\/\/semmelweis.hu\/kutlab\/?page_id=1742"},"modified":"2023-07-28T12:15:35","modified_gmt":"2023-07-28T10:15:35","slug":"about-george-fust-founder-of-the-complement-diagnostic-laboratory","status":"publish","type":"page","link":"https:\/\/semmelweis.hu\/kutlab\/en\/introduction\/about-george-fust-founder-of-the-complement-diagnostic-laboratory\/","title":{"rendered":"About George F\u00fcst &#8211; founder of the complement diagnostic laboratory"},"content":{"rendered":"<p><span lang=\"EN-US\"><a href=\"https:\/\/semmelweis.hu\/kutlab\/files\/2023\/07\/Fust-Gyorgy_DSC_6689.jpg\"><img loading=\"lazy\" decoding=\"async\" class=\"alignright size-medium wp-image-1747\" src=\"https:\/\/semmelweis.hu\/kutlab\/files\/2023\/07\/Fust-Gyorgy_DSC_6689-266x400.jpg\" alt=\"\" width=\"266\" height=\"400\" srcset=\"https:\/\/semmelweis.hu\/kutlab\/files\/2023\/07\/Fust-Gyorgy_DSC_6689-266x400.jpg 266w, https:\/\/semmelweis.hu\/kutlab\/files\/2023\/07\/Fust-Gyorgy_DSC_6689-680x1024.jpg 680w, https:\/\/semmelweis.hu\/kutlab\/files\/2023\/07\/Fust-Gyorgy_DSC_6689-768x1156.jpg 768w, https:\/\/semmelweis.hu\/kutlab\/files\/2023\/07\/Fust-Gyorgy_DSC_6689-1020x1536.jpg 1020w, https:\/\/semmelweis.hu\/kutlab\/files\/2023\/07\/Fust-Gyorgy_DSC_6689-753x1134.jpg 753w, https:\/\/semmelweis.hu\/kutlab\/files\/2023\/07\/Fust-Gyorgy_DSC_6689.jpg 1200w\" sizes=\"auto, (max-width: 266px) 100vw, 266px\" \/><\/a>The death of Prof. George F\u00fcst inflicted an irreparable loss upon the community of immunologists, both in <\/span><span lang=\"EN-US\">Hungary<\/span><span lang=\"EN-US\"> and abroad. <\/span><span lang=\"EN-US\">During his career, he persevered in creating an intellectual and physical atmosphere \u2013 in many places and on many occasions \u2013 the usefulness, and inspiring aura of which have always been perceptible and are bound to last for long. <\/span><span lang=\"EN-US\">Prof. F\u00fcst not only established a school, but through demonstrating humanity, genuine honesty, and enthusiasm, he exerted persisting and vital influence on many of us to become researchers. His students will miss his wise advice, to-the-point suggestions, and gentle, often spirited guidance.<\/span><span lang=\"EN-US\">George F\u00fcst was born on 14 November 1937 in Budapest, Hungary. He matriculated at the \u201cK\u00f6lcsey\u201d High School in 1956, and graduated from the Medical University of Budapest in 1962. His first job was at the serology department of the National Institute of Public Health, where he had contact with the research into humoral immunity, as well as with the application of its results in practice. During the early phase of his career as a researcher, he was following the discovery of the details of the complement system. Then, he put the new knowledge into practice gradually, through collaborating in many relevant scientific projects, as well as by developing diagnostic applications. He has stuck to this specialty during his whole career; this is exactly the field where his performance as a school founder is most conspicuous.<\/span><\/p>\n<p><span lang=\"EN-US\">As regards the future, his collaboration with Prof. J\u00e1nos Gergely during the seventies of the past century proved decisive. <\/span><span lang=\"EN-US\">In 1973, Prof. Gergely was appointed to establish the Department of Immunology at the \u2018E\u00f6tv\u00f6s L\u00f3r\u00e1nd\u201d University (ELTE), Budapest. <\/span><span lang=\"EN-US\">As he had to share his time between the latter and his former commission as Head of the Immunochemistry Unit of the National Institute of Hematology &amp; Blood Transfusion (OHVI), he invited George F\u00fcst to join the staff of Immunochemistry Unit at OHVI. <\/span><span lang=\"EN-US\">Together, they spent fruitful and pleasant years with their colleagues \u2013 this period shaped the future. <\/span><span lang=\"EN-US\">Prof. F\u00fcst worked at the OHVI between 1974 and 1995, initially as senior research associate, and eventually, as the head of the Immunology Department.<\/span><\/p>\n<p><span lang=\"EN-US\">Perhaps the first in the sequence of his achievements of significance for posterity was to establish the preconditions for the diagnostic testing of the complement system in <\/span><span lang=\"EN-US\">Hungary<\/span><span lang=\"EN-US\"> \u2013 this was a pioneering work even on the international scale. <\/span><span lang=\"EN-US\">It both required developing proprietary test procedures, and adapting globally proven methods. <\/span><span lang=\"EN-US\">Thanks to him, Hungary was among the first countries, where the diagnostic work-up of hereditary angioedema (HAE) became feasible; subsequently, he always regarded this field as one of his core interests. <\/span><span lang=\"EN-US\">In 1987, he authored the first reference book written in the Hungarian language on complement diagnostics. <\/span><span lang=\"EN-US\">He made an incessant effort to disseminate the knowledge on the properties of the complement system, as well as to participate in under- and postgraduate education. <\/span><span lang=\"EN-US\">Several of his students \u2013 such as Lilian Varga, T\u00fcnde Hidv\u00e9gi, B\u00e9la Schmidt, and Zolt\u00e1n Proh\u00e1szka \u2013 have been or still are carrying on the development and clinical utilization of complement diagnostics. <\/span><span lang=\"EN-US\">Under his leadership, Hungarian complement research has risen to the international forefront. <\/span><span lang=\"EN-US\">This is signified by the conference series \u201cThe Role of Complement in Human Diseases\u201d (initiated by him in 1986 at Balatonf\u00fcred, Hungary), which has been held no less than thirteen times by 2011 \u2013 he probably took greatest pride in this fact.<\/span><\/p>\n<p><span lang=\"EN-US\">Meeting the challenges of the eighties, he was among the first in <\/span><span lang=\"EN-US\">Hungary<\/span><span lang=\"EN-US\"> to begin studying HIV\/AIDS-related issues, and diagnostic problems, in particular. <\/span><span lang=\"EN-US\">In the OHVI, he established the HIV diagnostics laboratory, which later evolved into the HIV Verification Laboratory of the National Blood Service. <\/span><span lang=\"EN-US\">As a member of a pioneering team of clinicians and microbiologists, he co-authored a Hungarian-language book on HIV. <\/span><span lang=\"EN-US\">Additionally, he teamed up with his wife to edit and publish the health education periodical AIDS H\u00edrad\u00f3. <\/span><span lang=\"EN-US\">Some of his students, including Eszter Ujhelyi and Veronika Tarj\u00e1n have been working in the field of HIV diagnostics to date. <\/span><span lang=\"EN-US\">During the decade from 1985 to 1995, he was secretary of the National AIDS Committee (NAB, formerly: the Professional AIDS Committee), and devoted enormous effort and time to fulfilling this assignment. <\/span><span lang=\"EN-US\">The NAB has incontestable merit in achieving the current, favorable epidemiological situation regarding HIV\/AIDS in Hungary, as the benefits from its efforts and deliberate resource allocation at that time are still apparent today. <\/span><span lang=\"EN-US\">His talent for founding scientific schools showed during these years, as demonstrated by the many theses (seven PhD and two DSc degree of the Hungarian Academy of Sciences) completed at the OHVI. <\/span><\/p>\n<p><span lang=\"EN-US\">He became actively involved in higher education after 1995, when he accepted the invitation by Prof. <\/span><span lang=\"EN-US\">L\u00e1szl\u00f3 Romics<\/span><span lang=\"EN-US\"> to become head of the Research Laboratory of the 3rd Department of Internal Medicine at Semmelweis University.<\/span><span lang=\"EN-US\"> His research topics concerned current public health issues, as well as significant questions raised in the international literature. By choosing projects correctly and organizing scientific activities consistently during the 17 years spent in the research laboratory, he helped 15 graduates to complete their PhD theses, whereas two of his colleagues attained DSc degree of the Hungarian Academy of Sciences. In adapting to the university environment, he was extremely efficient and responsive to new challenges. Having read the signs of the times, he started to use, explore, and teach carefully selected genetic methods, and internet resources, along with related biostatistical and bioinformatics techniques. He organized a standalone course in biostatistics; he placed continued emphasis on the education of his colleagues; and was extremely particular about designing experiments painstakingly, as well as analyzing their results appropriately. In his research, Prof. George F\u00fcst focused on collaboration. As he said in an interview, \u201cAfter scientific conferences \u2013 Hungarian or international, I usually felt disappointed if I had to return home without an agreement on collaboration!\u201d He accomplished almost all his important results through building and holding together a competent and successful team. During joint ventures, he always contributed more of his own knowledge and of the means available to him than he would have expected from the partners. Many owe their success and achievement to his unselfish support and guidance.<\/span><\/p>\n<p><span lang=\"EN-US\">His activity in scientific policy was similarly outstanding. <\/span><span lang=\"EN-US\">He played a decisive role in the Hungarian Society for Immunology (MIT) since its foundation, and held the position of Chair between 2004 and 2007. <\/span><span lang=\"EN-US\">As an editor of a book intended to describe the history of the organization, he roved the country with his Dictaphone to interview key MIT functionaries. <\/span><span lang=\"EN-US\">He was a member of the board \u2013 and president, between 1986 and 2002 \u2013 of the European Complement Network. <\/span><span lang=\"EN-US\">He participated in several committees of the Hungarian Academy of Sciences (he was secretary of the Second Committee of the Medical Section between 1996 and 2007), in the activities of professional colleges; he was a member of the National Research Fund Committee of Hungary, and a number of scientific associations.<\/span><\/p>\n<p><span lang=\"EN-US\">The career of Dr. George F\u00fcst is a commendable example both for the Hungarian and international scientific community. <\/span><span lang=\"EN-US\">His students could imbibe his ability to focus on the heart of the problem, his real appreciation of results, and his rational methodical reasoning. <\/span><span lang=\"EN-US\">He led his colleagues along their careers by providing guidance \u2013 while respecting their individuality, and giving free vent to their independent ideas, but with a strong focus on the objective to be achieved. <\/span><span lang=\"EN-US\">His great enthusiasm over even the smallest scientific finding was invigorating for his students and colleagues. <\/span><span lang=\"EN-US\">He could rejoice selflessly over the success of others. <\/span><span lang=\"EN-US\">He always consulted his colleagues before making any decision with consequences for the entire team; he accepted criticism positively and open-mindedly. <\/span><span lang=\"EN-US\">He had a fantastic ability for mental concentration, as he could work with ease on five or six tasks or manuscripts simultaneously; he could spot a typo at a glance on any page presented to him. <\/span><span lang=\"EN-US\">In common with truly great scientists, he led a puritan life and was an unpretentious man; however, his personality was extremely colorful. <\/span><span lang=\"EN-US\">He was a natural-born explorer, also curious about the world beyond the confines of his profession. <\/span><span lang=\"EN-US\">When attending conferences abroad, his familiarity with the sights of the given city would have put professional tour guides to shame. <\/span><span lang=\"EN-US\">He started learning Spanish at the age of 65; he adored music, theatre, and literature. <\/span><span lang=\"EN-US\">Together with his grandchildren, they wrote and published a storybook \u2013 this shows how much he loved to play with them, and how keen he was to train their minds. <\/span><span lang=\"EN-US\">He was an excellent cook; he was always keeping current his knowledge of sports results, and was a regular swimmer himself. <\/span><span lang=\"EN-US\">A week ago, he was planning the itinerary for the next conference, but in the end, he left without us and traveled too far\u2026 <\/span><span lang=\"EN-US\">He left work undone behind, but took along half-dreamt plans, and his treasury of gems \u2013 inexhaustible ideas, which he has always been lavishing on us. <\/span><span lang=\"EN-US\">He has set very high standards, and let go of our hand. <\/span><span lang=\"EN-US\">Nevertheless, we feel obliged to carry on with his work by adhering to the cast of mind shared, and the goal set by him. <\/span><\/p>\n<p><span lang=\"EN-US\">These moments are obscured by grief and huge loss, but we, who have known and loved him, shall never forget him \u2013 either the work he has done, or his mindset in doing it.<\/span><\/p>\n<p>Henriette Farkas, Zolt\u00e1n Proh\u00e1szka, Lilian Varga<\/p>\n<p>Research Laboratory, Department of Internal Medicine and Haematology, Semmelweis University, Budapest, Hungary<\/p>\n","protected":false},"excerpt":{"rendered":"<p><a href=\"https:\/\/semmelweis.hu\/kutlab\/files\/2023\/07\/Fust-Gyorgy_DSC_6689.jpg\"><\/a> The death of Prof. George F\u00fcst inflicted an irreparable loss upon the community of immunologists, both in Hungary and abroad. During his career, he persevered in creating an intellectual and physical atmosphere \u2013 in many places and on many occasions \u2013 the usefulness, and inspiring aura of which have always been perceptible and are bound &hellip;<\/p>\n","protected":false},"author":12,"featured_media":0,"parent":32,"menu_order":0,"comment_status":"closed","ping_status":"closed","template":"","meta":{"_acf_changed":false,"footnotes":""},"categories":[],"tags":[],"class_list":["post-1742","page","type-page","status-publish","hentry"],"acf":[],"_links":{"self":[{"href":"https:\/\/semmelweis.hu\/kutlab\/wp-json\/wp\/v2\/pages\/1742","targetHints":{"allow":["GET"]}}],"collection":[{"href":"https:\/\/semmelweis.hu\/kutlab\/wp-json\/wp\/v2\/pages"}],"about":[{"href":"https:\/\/semmelweis.hu\/kutlab\/wp-json\/wp\/v2\/types\/page"}],"author":[{"embeddable":true,"href":"https:\/\/semmelweis.hu\/kutlab\/wp-json\/wp\/v2\/users\/12"}],"replies":[{"embeddable":true,"href":"https:\/\/semmelweis.hu\/kutlab\/wp-json\/wp\/v2\/comments?post=1742"}],"version-history":[{"count":2,"href":"https:\/\/semmelweis.hu\/kutlab\/wp-json\/wp\/v2\/pages\/1742\/revisions"}],"predecessor-version":[{"id":1748,"href":"https:\/\/semmelweis.hu\/kutlab\/wp-json\/wp\/v2\/pages\/1742\/revisions\/1748"}],"up":[{"embeddable":true,"href":"https:\/\/semmelweis.hu\/kutlab\/wp-json\/wp\/v2\/pages\/32"}],"wp:attachment":[{"href":"https:\/\/semmelweis.hu\/kutlab\/wp-json\/wp\/v2\/media?parent=1742"}],"wp:term":[{"taxonomy":"category","embeddable":true,"href":"https:\/\/semmelweis.hu\/kutlab\/wp-json\/wp\/v2\/categories?post=1742"},{"taxonomy":"post_tag","embeddable":true,"href":"https:\/\/semmelweis.hu\/kutlab\/wp-json\/wp\/v2\/tags?post=1742"}],"curies":[{"name":"wp","href":"https:\/\/api.w.org\/{rel}","templated":true}]}}