{"id":151,"date":"2016-01-08T00:00:00","date_gmt":"2016-01-07T23:00:00","guid":{"rendered":"http:\/\/semmelweis.hu\/kutlab\/122-32426\/"},"modified":"2022-11-21T13:34:36","modified_gmt":"2022-11-21T12:34:36","slug":"hus-betegeknek","status":"publish","type":"page","link":"https:\/\/semmelweis.hu\/kutlab\/betegellatas\/hemolitikus-uremia\/hus-betegeknek\/","title":{"rendered":"A HUS-r\u00f3l betegeknek"},"content":{"rendered":"<p><a href=\"https:\/\/semmelweis.hu\/kutlab\/betegellatas\/ttp\/ttp-betegeknek\/ttp-hus-tma-szomagyarazat\/\">TTP, HUS, TMA: Sz\u00f3magyar\u00e1zat betegek r\u00e9sz\u00e9re<\/a><\/p>\n<p><a href=\"https:\/\/semmelweis.hu\/kutlab\/betegellatas\/ttp\/ttp-betegeknek\/ttp-hus-betegeknek\/\">A TTP \u00e9s HUS k\u00f3rk\u00e9pek oka, kezel\u00e9se \u00e9s kimenetele r\u00f6viden \u00e9s \u00e9rthet\u0151en<\/a><\/p>\n","protected":false},"excerpt":{"rendered":"<p><a href=\"https:\/\/semmelweis.hu\/kutlab\/betegellatas\/ttp\/ttp-betegeknek\/ttp-hus-tma-szomagyarazat\/\">TTP, HUS, TMA: Sz\u00f3magyar\u00e1zat betegek r\u00e9sz\u00e9re<\/a><br \/>\n<a href=\"https:\/\/semmelweis.hu\/kutlab\/betegellatas\/ttp\/ttp-betegeknek\/ttp-hus-betegeknek\/\">A TTP \u00e9s HUS k\u00f3rk\u00e9pek oka, kezel\u00e9se \u00e9s kimenetele r\u00f6viden \u00e9s \u00e9rthet\u0151en<\/a><\/p>\n","protected":false},"author":1,"featured_media":0,"parent":74,"menu_order":2,"comment_status":"closed","ping_status":"closed","template":"","meta":{"_acf_changed":false,"footnotes":""},"categories":[],"tags":[],"class_list":["post-151","page","type-page","status-publish","hentry"],"acf":[],"_links":{"self":[{"href":"https:\/\/semmelweis.hu\/kutlab\/wp-json\/wp\/v2\/pages\/151","targetHints":{"allow":["GET"]}}],"collection":[{"href":"https:\/\/semmelweis.hu\/kutlab\/wp-json\/wp\/v2\/pages"}],"about":[{"href":"https:\/\/semmelweis.hu\/kutlab\/wp-json\/wp\/v2\/types\/page"}],"author":[{"embeddable":true,"href":"https:\/\/semmelweis.hu\/kutlab\/wp-json\/wp\/v2\/users\/1"}],"replies":[{"embeddable":true,"href":"https:\/\/semmelweis.hu\/kutlab\/wp-json\/wp\/v2\/comments?post=151"}],"version-history":[{"count":3,"href":"https:\/\/semmelweis.hu\/kutlab\/wp-json\/wp\/v2\/pages\/151\/revisions"}],"predecessor-version":[{"id":1355,"href":"https:\/\/semmelweis.hu\/kutlab\/wp-json\/wp\/v2\/pages\/151\/revisions\/1355"}],"up":[{"embeddable":true,"href":"https:\/\/semmelweis.hu\/kutlab\/wp-json\/wp\/v2\/pages\/74"}],"wp:attachment":[{"href":"https:\/\/semmelweis.hu\/kutlab\/wp-json\/wp\/v2\/media?parent=151"}],"wp:term":[{"taxonomy":"category","embeddable":true,"href":"https:\/\/semmelweis.hu\/kutlab\/wp-json\/wp\/v2\/categories?post=151"},{"taxonomy":"post_tag","embeddable":true,"href":"https:\/\/semmelweis.hu\/kutlab\/wp-json\/wp\/v2\/tags?post=151"}],"curies":[{"name":"wp","href":"https:\/\/api.w.org\/{rel}","templated":true}]}}