{"id":149,"date":"2016-01-08T00:00:00","date_gmt":"2016-01-07T23:00:00","guid":{"rendered":"http:\/\/semmelweis.hu\/kutlab\/122-32951\/"},"modified":"2023-12-07T15:51:31","modified_gmt":"2023-12-07T14:51:31","slug":"hasznos-linkek","status":"publish","type":"page","link":"https:\/\/semmelweis.hu\/kutlab\/betegellatas\/angiodema-kozpont\/hano-info\/hasznos-linkek\/","title":{"rendered":"Hasznos linkek a HANO-r\u00f3l"},"content":{"rendered":"<p>Inform\u00e1ci\u00f3k a HANO-r\u00f3l (<em>angol nyelven<\/em>): <a href=\"http:\/\/www.allabouthae.com\">www.allabouthae.com<\/a><\/p>\n<h4><strong>Betegszervezetek oldalai<\/strong><\/h4>\n<ul>\n<li>A magyar betegszervezet honlapja, <em>magyar nyelv\u0171<\/em>: <a href=\"https:\/\/hano.hu\/\">https:\/\/hano.hu\/<\/a><\/li>\n<li>Nemzetk\u00f6zi betegszervezet hivatalos honlapja, <em>angol nyelv\u0171<\/em>: <a href=\"http:\/\/www.haei.org\/\">http:\/\/www.haei.org\/<\/a><\/li>\n<li>Orsz\u00e1gos betegszervezetek el\u00e9rhet\u0151s\u00e9ge a nemzetk\u00f6zi szervezet honlapj\u00e1n, <em>angol nyelv\u0171<\/em>:<\/li>\n<li><a href=\"https:\/\/haei.org\/about-haei\/globally\/\">https:\/\/haei.org\/about-haei\/globally\/<\/a><\/li>\n<\/ul>\n<h4><strong>A gy\u00f3gyszerek t\u00e1j\u00e9koztat\u00f3 oldalai<\/strong><\/h4>\n<ul>\n<li>Berinert, <em>angol nyelv\u0171<\/em>: <a href=\"https:\/\/www.berinert.com\/\">https:\/\/www.berinert.com\/<\/a><\/li>\n<li>Ruconest, <em>angol nyelv\u0171<\/em>: <a href=\"https:\/\/www.ruconest.com\/\">https:\/\/www.ruconest.com\/<\/a><\/li>\n<li>Firazyr, <em>angol nyelv\u0171<\/em>: <a href=\"https:\/\/www.firazyr.com\/\">https:\/\/www.firazyr.com\/<\/a><\/li>\n<li>Takhzyro, <em>angol nyelv\u0171<\/em>: <a href=\"https:\/\/www.takhzyro.com\/\">https:\/\/www.takhzyro.com\/<\/a><\/li>\n<li>Orladeyo, <em>angol nyelv\u0171<\/em>: <a href=\"https:\/\/orladeyo.com\/\">https:\/\/orladeyo.com\/<\/a><\/li>\n<\/ul>\n<h4><strong>Gy\u00f3gyszerc\u00e9gek oldalai<\/strong><\/h4>\n<ul>\n<li>CSL Behring (Berinert), <em>angol nyelv\u0171<\/em>: <a href=\"http:\/\/www.CSLBehring.com\">http:\/\/www.CSLBehring.com<\/a><\/li>\n<li>Pharming (Ruconest), <em>angol nyelv\u0171<\/em>: <a href=\"http:\/\/www.pharming.com\">http:\/\/www.pharming.com<\/a><\/li>\n<li>Takeda (Firazyr):<\/li>\n<li><em>angol nyelv\u0171:<\/em> <a href=\"https:\/\/www.takeda.com\/\">https:\/\/www.takeda.com\/<\/a><\/li>\n<li><em>magyar nyelv\u0171:<\/em> <a href=\"https:\/\/www.takeda.com\/hu-hu\/\">https:\/\/www.takeda.com\/hu-hu\/<\/a><\/li>\n<\/ul>\n","protected":false},"excerpt":{"rendered":"<p>Inform\u00e1ci\u00f3k a HANO-r\u00f3l (angol nyelven): <a href=\"http:\/\/www.allabouthae.com\">www.allabouthae.com<\/a> Betegszervezetek oldalai A magyar betegszervezet honlapja, magyar nyelv\u0171: <a href=\"https:\/\/hano.hu\/\">https:\/\/hano.hu\/<\/a> Nemzetk\u00f6zi betegszervezet hivatalos honlapja, angol nyelv\u0171: <a href=\"http:\/\/www.haei.org\/\">http:\/\/www.haei.org\/<\/a> Orsz\u00e1gos betegszervezetek el\u00e9rhet\u0151s\u00e9ge a nemzetk\u00f6zi szervezet honlapj\u00e1n, angol nyelv\u0171: <a href=\"https:\/\/haei.org\/about-haei\/globally\/\">https:\/\/haei.org\/about-haei\/globally\/<\/a> A gy\u00f3gyszerek t\u00e1j\u00e9koztat\u00f3 oldalai Berinert, angol nyelv\u0171: <a href=\"https:\/\/www.berinert.com\/\">https:\/\/www.berinert.com\/<\/a> Ruconest, angol nyelv\u0171: <a href=\"https:\/\/www.ruconest.com\/\">https:\/\/www.ruconest.com\/<\/a> Firazyr, angol nyelv\u0171: <a href=\"https:\/\/www.firazyr.com\/\">https:\/\/www.firazyr.com\/<\/a> Takhzyro, angol nyelv\u0171: <a href=\"https:\/\/www.takhzyro.com\/\">https:\/\/www.takhzyro.com\/<\/a> Orladeyo, angol nyelv\u0171: <a href=\"https:\/\/orladeyo.com\/\">https:\/\/orladeyo.com\/<\/a> Gy\u00f3gyszerc\u00e9gek oldalai CSL Behring (Berinert), angol nyelv\u0171: <a href=\"http:\/\/www.CSLBehring.com\">http:\/\/www.CSLBehring.com<\/a> Pharming &hellip;<\/p>\n","protected":false},"author":1,"featured_media":0,"parent":1871,"menu_order":3,"comment_status":"closed","ping_status":"closed","template":"","meta":{"_acf_changed":false,"footnotes":""},"categories":[],"tags":[],"class_list":["post-149","page","type-page","status-publish","hentry"],"acf":[],"_links":{"self":[{"href":"https:\/\/semmelweis.hu\/kutlab\/wp-json\/wp\/v2\/pages\/149","targetHints":{"allow":["GET"]}}],"collection":[{"href":"https:\/\/semmelweis.hu\/kutlab\/wp-json\/wp\/v2\/pages"}],"about":[{"href":"https:\/\/semmelweis.hu\/kutlab\/wp-json\/wp\/v2\/types\/page"}],"author":[{"embeddable":true,"href":"https:\/\/semmelweis.hu\/kutlab\/wp-json\/wp\/v2\/users\/1"}],"replies":[{"embeddable":true,"href":"https:\/\/semmelweis.hu\/kutlab\/wp-json\/wp\/v2\/comments?post=149"}],"version-history":[{"count":8,"href":"https:\/\/semmelweis.hu\/kutlab\/wp-json\/wp\/v2\/pages\/149\/revisions"}],"predecessor-version":[{"id":1929,"href":"https:\/\/semmelweis.hu\/kutlab\/wp-json\/wp\/v2\/pages\/149\/revisions\/1929"}],"up":[{"embeddable":true,"href":"https:\/\/semmelweis.hu\/kutlab\/wp-json\/wp\/v2\/pages\/1871"}],"wp:attachment":[{"href":"https:\/\/semmelweis.hu\/kutlab\/wp-json\/wp\/v2\/media?parent=149"}],"wp:term":[{"taxonomy":"category","embeddable":true,"href":"https:\/\/semmelweis.hu\/kutlab\/wp-json\/wp\/v2\/categories?post=149"},{"taxonomy":"post_tag","embeddable":true,"href":"https:\/\/semmelweis.hu\/kutlab\/wp-json\/wp\/v2\/tags?post=149"}],"curies":[{"name":"wp","href":"https:\/\/api.w.org\/{rel}","templated":true}]}}