{"id":1440,"date":"2022-11-30T11:51:13","date_gmt":"2022-11-30T10:51:13","guid":{"rendered":"https:\/\/semmelweis.hu\/kutlab\/?page_id=1440"},"modified":"2025-01-24T13:42:26","modified_gmt":"2025-01-24T12:42:26","slug":"tdk-temak","status":"publish","type":"page","link":"https:\/\/semmelweis.hu\/kutlab\/kutatas\/sejtbiologiai-es-sejtterapias-csoport\/tdk-temak\/","title":{"rendered":"TDK t\u00e9m\u00e1k"},"content":{"rendered":"<p>Jelenleg nincs meghirdetett t\u00e9ma.<\/p>\n","protected":false},"excerpt":{"rendered":"<p>Jelenleg nincs meghirdetett t\u00e9ma.<\/p>\n","protected":false},"author":101100,"featured_media":0,"parent":119,"menu_order":0,"comment_status":"closed","ping_status":"closed","template":"","meta":{"_acf_changed":false,"footnotes":""},"categories":[],"tags":[],"class_list":["post-1440","page","type-page","status-publish","hentry"],"acf":[],"_links":{"self":[{"href":"https:\/\/semmelweis.hu\/kutlab\/wp-json\/wp\/v2\/pages\/1440","targetHints":{"allow":["GET"]}}],"collection":[{"href":"https:\/\/semmelweis.hu\/kutlab\/wp-json\/wp\/v2\/pages"}],"about":[{"href":"https:\/\/semmelweis.hu\/kutlab\/wp-json\/wp\/v2\/types\/page"}],"author":[{"embeddable":true,"href":"https:\/\/semmelweis.hu\/kutlab\/wp-json\/wp\/v2\/users\/101100"}],"replies":[{"embeddable":true,"href":"https:\/\/semmelweis.hu\/kutlab\/wp-json\/wp\/v2\/comments?post=1440"}],"version-history":[{"count":5,"href":"https:\/\/semmelweis.hu\/kutlab\/wp-json\/wp\/v2\/pages\/1440\/revisions"}],"predecessor-version":[{"id":2112,"href":"https:\/\/semmelweis.hu\/kutlab\/wp-json\/wp\/v2\/pages\/1440\/revisions\/2112"}],"up":[{"embeddable":true,"href":"https:\/\/semmelweis.hu\/kutlab\/wp-json\/wp\/v2\/pages\/119"}],"wp:attachment":[{"href":"https:\/\/semmelweis.hu\/kutlab\/wp-json\/wp\/v2\/media?parent=1440"}],"wp:term":[{"taxonomy":"category","embeddable":true,"href":"https:\/\/semmelweis.hu\/kutlab\/wp-json\/wp\/v2\/categories?post=1440"},{"taxonomy":"post_tag","embeddable":true,"href":"https:\/\/semmelweis.hu\/kutlab\/wp-json\/wp\/v2\/tags?post=1440"}],"curies":[{"name":"wp","href":"https:\/\/api.w.org\/{rel}","templated":true}]}}