{"id":135,"date":"2016-01-08T00:00:00","date_gmt":"2016-01-07T23:00:00","guid":{"rendered":"http:\/\/semmelweis.hu\/kutlab\/122-32945\/"},"modified":"2023-12-09T12:29:36","modified_gmt":"2023-12-09T11:29:36","slug":"hano","status":"publish","type":"page","link":"https:\/\/semmelweis.hu\/kutlab\/kutatas\/hano\/","title":{"rendered":"HANO munkacsoport"},"content":{"rendered":"<div class=\"keretes w-100\">\n<h4><strong>Munkat\u00e1rsak<\/strong><\/h4>\n<p><a href=\"https:\/\/semmelweis.hu\/kutlab\/munkatarsak\/farkas-henriette\/\">Prof. Dr. Farkas Henriette<\/a>, f\u00fcl-orr-g\u00e9g\u00e9sz, allergol\u00f3gus, egyetemi tan\u00e1r, az <a href=\"https:\/\/semmelweis.hu\/kutlab\/betegellatas\/angiodema-kozpont\/\">Orsz\u00e1gos Angio\u00f6d\u00e9ma Referencia \u00e9s Kiv\u00e1l\u00f3s\u00e1gi K\u00f6zpont<\/a> vezet\u0151je<br \/>\nDr. Andr\u00e1si No\u00e9mi, \u00e1ltal\u00e1nos orvos, PhD hallgat\u00f3<br \/>\n<a href=\"https:\/\/semmelweis.hu\/kutlab\/munkatarsak\/dr-horvath-hanga-reka\/\">Dr. Horv\u00e1th Hanga R\u00e9ka<\/a>, \u00e1ltal\u00e1nos orvos, PhD hallgat\u00f3<br \/>\nDr. Varga Lilian, biol\u00f3gus (MSc), \u00f6nk\u00e9ntes seg\u00edt\u0151<br \/>\nDr. Visy Be\u00e1ta, gyermekgy\u00f3gy\u00e1sz, infektol\u00f3gus, \u00f6nk\u00e9ntes seg\u00edt\u0151<br \/>\nDr. Zsilinszky Zsuzsanna, f\u00fcl-orr-g\u00e9g\u00e9sz, audiol\u00f3gus, allergol\u00f3gus, \u00f6nk\u00e9ntes seg\u00edt\u0151<br \/>\nBali Judit, asszisztensn\u0151<br \/>\nVoloncs-Mindszenthy Lili, TDK hallgat\u00f3<\/p>\n<\/div>\n<h4><strong>Aktu\u00e1lis projektjeink<\/strong><\/h4>\n<ul>\n<li>HAE \u00e9s allergi\u00e1s betegs\u00e9gek kapcsolata<\/li>\n<li>HAE \u00e9s egy\u00e9b betegs\u00e9gek kapcsolata<\/li>\n<li>HAE genetikai h\u00e1ttere<\/li>\n<li>HAE \u00e9s prodrom\u00e1lis t\u00fcnetek (izraeli-magyar egy\u00fcttm\u0171k\u00f6d\u00e9s)<\/li>\n<li>HAE \u00e9s erythema marginatum<\/li>\n<li>Angio\u00f6d\u00e9m\u00e1k klasszifik\u00e1ci\u00f3ja (ACARE-DANCE projekt)<\/li>\n<li>HAE \u00e9s androg\u00e9n kezel\u00e9s (ACARE-SHAERPA project)<\/li>\n<li>HAE-s gyermekek Quality of Life k\u00e9rd\u0151\u00edv\u00e9nek kifejleszt\u00e9se (ACARE-SPHERA projekt)<\/li>\n<li>Szerzett C1-inhibitor hi\u00e1nyos betegek klinikai \u00e9s laborat\u00f3riumi nyomonk\u00f6vet\u00e9se<\/li>\n<li>Hossz\u00fa t\u00e1v\u00fa profilaxis lanadelumabbal gyermekek eset\u00e9ben<\/li>\n<li>HAE-s betegek pszich\u00e9s st\u00e1tusz\u00e1nak felm\u00e9r\u00e9se<\/li>\n<li>Neutrophil granulocyt\u00e1k szerepe HAE-ban<\/li>\n<\/ul>\n","protected":false},"excerpt":{"rendered":"<p>Munkat\u00e1rsak <a href=\"https:\/\/semmelweis.hu\/kutlab\/munkatarsak\/farkas-henriette\/\">Prof. Dr. Farkas Henriette<\/a> , f\u00fcl-orr-g\u00e9g\u00e9sz, allergol\u00f3gus, egyetemi tan\u00e1r, az <a href=\"https:\/\/semmelweis.hu\/kutlab\/betegellatas\/angiodema-kozpont\/\">Orsz\u00e1gos Angio\u00f6d\u00e9ma Referencia \u00e9s Kiv\u00e1l\u00f3s\u00e1gi K\u00f6zpont<\/a> vezet\u0151je Dr. Andr\u00e1si No\u00e9mi, \u00e1ltal\u00e1nos orvos, PhD hallgat\u00f3 <a href=\"https:\/\/semmelweis.hu\/kutlab\/munkatarsak\/dr-horvath-hanga-reka\/\">Dr. Horv\u00e1th Hanga R\u00e9ka<\/a> , \u00e1ltal\u00e1nos orvos, PhD hallgat\u00f3 Dr. Varga Lilian, biol\u00f3gus (MSc), \u00f6nk\u00e9ntes seg\u00edt\u0151 Dr. Visy Be\u00e1ta, gyermekgy\u00f3gy\u00e1sz, infektol\u00f3gus, \u00f6nk\u00e9ntes seg\u00edt\u0151 Dr. Zsilinszky Zsuzsanna, f\u00fcl-orr-g\u00e9g\u00e9sz, audiol\u00f3gus, allergol\u00f3gus, \u00f6nk\u00e9ntes seg\u00edt\u0151 Bali Judit, asszisztensn\u0151 Voloncs-Mindszenthy Lili, TDK hallgat\u00f3 Aktu\u00e1lis projektjeink HAE \u00e9s allergi\u00e1s betegs\u00e9gek &hellip;<\/p>\n","protected":false},"author":1,"featured_media":0,"parent":24,"menu_order":0,"comment_status":"closed","ping_status":"closed","template":"","meta":{"_acf_changed":false,"footnotes":""},"categories":[],"tags":[],"class_list":["post-135","page","type-page","status-publish","hentry"],"acf":[],"_links":{"self":[{"href":"https:\/\/semmelweis.hu\/kutlab\/wp-json\/wp\/v2\/pages\/135","targetHints":{"allow":["GET"]}}],"collection":[{"href":"https:\/\/semmelweis.hu\/kutlab\/wp-json\/wp\/v2\/pages"}],"about":[{"href":"https:\/\/semmelweis.hu\/kutlab\/wp-json\/wp\/v2\/types\/page"}],"author":[{"embeddable":true,"href":"https:\/\/semmelweis.hu\/kutlab\/wp-json\/wp\/v2\/users\/1"}],"replies":[{"embeddable":true,"href":"https:\/\/semmelweis.hu\/kutlab\/wp-json\/wp\/v2\/comments?post=135"}],"version-history":[{"count":10,"href":"https:\/\/semmelweis.hu\/kutlab\/wp-json\/wp\/v2\/pages\/135\/revisions"}],"predecessor-version":[{"id":1945,"href":"https:\/\/semmelweis.hu\/kutlab\/wp-json\/wp\/v2\/pages\/135\/revisions\/1945"}],"up":[{"embeddable":true,"href":"https:\/\/semmelweis.hu\/kutlab\/wp-json\/wp\/v2\/pages\/24"}],"wp:attachment":[{"href":"https:\/\/semmelweis.hu\/kutlab\/wp-json\/wp\/v2\/media?parent=135"}],"wp:term":[{"taxonomy":"category","embeddable":true,"href":"https:\/\/semmelweis.hu\/kutlab\/wp-json\/wp\/v2\/categories?post=135"},{"taxonomy":"post_tag","embeddable":true,"href":"https:\/\/semmelweis.hu\/kutlab\/wp-json\/wp\/v2\/tags?post=135"}],"curies":[{"name":"wp","href":"https:\/\/api.w.org\/{rel}","templated":true}]}}