{"id":1342,"date":"2022-11-21T13:10:31","date_gmt":"2022-11-21T12:10:31","guid":{"rendered":"https:\/\/semmelweis.hu\/kutlab\/?page_id=1342"},"modified":"2023-07-28T13:20:35","modified_gmt":"2023-07-28T11:20:35","slug":"ttp-orvosoknak","status":"publish","type":"page","link":"https:\/\/semmelweis.hu\/kutlab\/betegellatas\/ttp\/ttp-orvosoknak\/","title":{"rendered":"A TTP-r\u0151l orvosoknak"},"content":{"rendered":"<ul>\n<li>\n<p><a href=\"https:\/\/semmelweis.hu\/kutlab\/betegellatas\/ttp\/ttp-patogenezis\/\">A TTP patogenezise<\/a><\/p>\n<\/li>\n<li>\n<p><a href=\"https:\/\/semmelweis.hu\/kutlab\/betegellatas\/ttp\/ttp-klinikum-korlefolyas\/\">A TTP klinikuma \u00e9s k\u00f3rlefoly\u00e1sa<\/a><\/p>\n<\/li>\n<li>\n<p><a href=\"https:\/\/semmelweis.hu\/kutlab\/betegellatas\/ttp\/ttp-kezeles\/\">A TTP kezel\u00e9se<\/a><\/p>\n<\/li>\n<li>\n<p><a href=\"https:\/\/semmelweis.hu\/kutlab\/betegellatas\/ttp\/ttp-klinikai-diagnozis\/\">Mikor gondoljunk TTP-re: A TTP klinikai diagn\u00f3zis\u00e1nak fel\u00e1ll\u00edt\u00e1sa<\/a><\/p>\n<\/li>\n<li>\n<p><a href=\"https:\/\/semmelweis.hu\/kutlab\/betegellatas\/ttp\/ttp-vizsgalatok\/\">Milyen vizsg\u00e1latot k\u00e9rj\u00fcnk: A TTP diagn\u00f3zis\u00e1nak igazol\u00e1s\u00e1ra, illetve kiz\u00e1r\u00e1s\u00e1ra szolg\u00e1l\u00f3, laborat\u00f3riumunkban el\u00e9rhet\u0151 vizsg\u00e1latok<\/a><\/p>\n<\/li>\n<li>\n<p><a href=\"https:\/\/semmelweis.hu\/kutlab\/betegellatas\/ttp\/ttp-minta-eredmenykozles\/\">Milyen mint\u00e1t k\u00fcldj\u00fcnk: Vizsg\u00e1lati minta k\u00fcld\u00e9se \u00e9s az eredm\u00e9nyek k\u00f6zl\u00e9se<\/a><\/p>\n<\/li>\n<li>\n<p><a href=\"http:\/\/chrome-extension:\/\/efaidnbmnnnibpcajpcglclefindmkaj\/http:\/\/www.kozlonyok.hu\/kozlonyok\/Kozlonyok\/6\/PDF\/2022\/18.pdf\">Eg\u00e9szs\u00e9g\u00fcgyi szakmai ir\u00e1nyelv \u2013 A thromboticus thrombocytopeni\u00e1s purpura (TTP) \u00e9s a haemolyticus uraemi\u00e1s syndroma (HUS) kezel\u00e9s\u00e9r\u0151l<\/a><\/p>\n<\/li>\n<li>\n<p><a href=\"https:\/\/semmelweis.hu\/kutlab\/betegellatas\/ttp\/\">Hasznos linkek TTP-s betegeket ell\u00e1t\u00f3 orvosoknak<\/a><\/p>\n<\/li>\n<\/ul>\n<p>&nbsp;<\/p>\n","protected":false},"excerpt":{"rendered":"<p><a href=\"https:\/\/semmelweis.hu\/kutlab\/betegellatas\/ttp\/ttp-patogenezis\/\">A TTP patogenezise<\/a><\/p>\n<p><a href=\"https:\/\/semmelweis.hu\/kutlab\/betegellatas\/ttp\/ttp-klinikum-korlefolyas\/\">A TTP klinikuma \u00e9s k\u00f3rlefoly\u00e1sa<\/a><\/p>\n<p><a href=\"https:\/\/semmelweis.hu\/kutlab\/betegellatas\/ttp\/ttp-kezeles\/\">A TTP kezel\u00e9se<\/a><\/p>\n<p><a href=\"https:\/\/semmelweis.hu\/kutlab\/betegellatas\/ttp\/ttp-klinikai-diagnozis\/\">Mikor gondoljunk TTP-re: A TTP klinikai diagn\u00f3zis\u00e1nak fel\u00e1ll\u00edt\u00e1sa<\/a><\/p>\n<p><a href=\"https:\/\/semmelweis.hu\/kutlab\/betegellatas\/ttp\/ttp-vizsgalatok\/\">Milyen vizsg\u00e1latot k\u00e9rj\u00fcnk: A TTP diagn\u00f3zis\u00e1nak igazol\u00e1s\u00e1ra, illetve kiz\u00e1r\u00e1s\u00e1ra szolg\u00e1l\u00f3, laborat\u00f3riumunkban el\u00e9rhet\u0151 vizsg\u00e1latok<\/a><\/p>\n<p><a href=\"https:\/\/semmelweis.hu\/kutlab\/betegellatas\/ttp\/ttp-minta-eredmenykozles\/\">Milyen mint\u00e1t k\u00fcldj\u00fcnk: Vizsg\u00e1lati minta k\u00fcld\u00e9se \u00e9s az eredm\u00e9nyek k\u00f6zl\u00e9se<\/a><\/p>\n<p><a href=\"http:\/\/chrome-extension:\/\/efaidnbmnnnibpcajpcglclefindmkaj\/http:\/\/www.kozlonyok.hu\/kozlonyok\/Kozlonyok\/6\/PDF\/2022\/18.pdf\">Eg\u00e9szs\u00e9g\u00fcgyi szakmai ir\u00e1nyelv \u2013 A thromboticus thrombocytopeni\u00e1s purpura (TTP) \u00e9s a haemolyticus uraemi\u00e1s syndroma (HUS) kezel\u00e9s\u00e9r\u0151l<\/a><\/p>\n<p><a href=\"https:\/\/semmelweis.hu\/kutlab\/betegellatas\/ttp\/\">Hasznos linkek TTP-s betegeket ell\u00e1t\u00f3 orvosoknak<\/a><\/p>\n<p>&nbsp;<\/p>\n","protected":false},"author":101097,"featured_media":0,"parent":75,"menu_order":1,"comment_status":"closed","ping_status":"closed","template":"","meta":{"_acf_changed":false,"footnotes":""},"categories":[],"tags":[],"class_list":["post-1342","page","type-page","status-publish","hentry"],"acf":[],"_links":{"self":[{"href":"https:\/\/semmelweis.hu\/kutlab\/wp-json\/wp\/v2\/pages\/1342","targetHints":{"allow":["GET"]}}],"collection":[{"href":"https:\/\/semmelweis.hu\/kutlab\/wp-json\/wp\/v2\/pages"}],"about":[{"href":"https:\/\/semmelweis.hu\/kutlab\/wp-json\/wp\/v2\/types\/page"}],"author":[{"embeddable":true,"href":"https:\/\/semmelweis.hu\/kutlab\/wp-json\/wp\/v2\/users\/101097"}],"replies":[{"embeddable":true,"href":"https:\/\/semmelweis.hu\/kutlab\/wp-json\/wp\/v2\/comments?post=1342"}],"version-history":[{"count":7,"href":"https:\/\/semmelweis.hu\/kutlab\/wp-json\/wp\/v2\/pages\/1342\/revisions"}],"predecessor-version":[{"id":1802,"href":"https:\/\/semmelweis.hu\/kutlab\/wp-json\/wp\/v2\/pages\/1342\/revisions\/1802"}],"up":[{"embeddable":true,"href":"https:\/\/semmelweis.hu\/kutlab\/wp-json\/wp\/v2\/pages\/75"}],"wp:attachment":[{"href":"https:\/\/semmelweis.hu\/kutlab\/wp-json\/wp\/v2\/media?parent=1342"}],"wp:term":[{"taxonomy":"category","embeddable":true,"href":"https:\/\/semmelweis.hu\/kutlab\/wp-json\/wp\/v2\/categories?post=1342"},{"taxonomy":"post_tag","embeddable":true,"href":"https:\/\/semmelweis.hu\/kutlab\/wp-json\/wp\/v2\/tags?post=1342"}],"curies":[{"name":"wp","href":"https:\/\/api.w.org\/{rel}","templated":true}]}}