{"id":134,"date":"2016-01-08T00:00:00","date_gmt":"2016-01-07T23:00:00","guid":{"rendered":"http:\/\/semmelweis.hu\/kutlab\/122-32448\/"},"modified":"2023-07-28T10:46:16","modified_gmt":"2023-07-28T08:46:16","slug":"tma-munkacsoport","status":"publish","type":"page","link":"https:\/\/semmelweis.hu\/kutlab\/kutatas\/tma-munkacsoport\/","title":{"rendered":"Trombotikus mikroangiop\u00e1ti\u00e1k munkacsoport"},"content":{"rendered":"<div class=\"keretes w-100\">\n<h4 style=\"text-align: justify;\"><strong>Munkat\u00e1rsak<\/strong><\/h4>\n<ul>\n<li><a href=\"https:\/\/semmelweis.hu\/kutlab\/munkatarsak\/prohaszka_zoltan\/\">Proh\u00e1szka Zolt\u00e1n, MD, DSc, egyetemi tan\u00e1r<\/a><\/li>\n<li><a href=\"https:\/\/semmelweis.hu\/kutlab\/munkatarsak\/sinkovits-gyorgy\/\">Sinkovits Gy\u00f6rgy, MD, PhD, tudom\u00e1nyos munkat\u00e1rs<\/a><\/li>\n<li>Lisa Hurler, PhD hallgat\u00f3<\/li>\n<li>Andreea-Adela Icleanu, PhD hallgat\u00f3<\/li>\n<li>Hor\u00e1nszky D\u00e9nes, TDK hallgat\u00f3<\/li>\n<\/ul>\n<\/div>\n<h4 style=\"text-align: left;\"><strong>A munkacsoport profilja<\/strong><\/h4>\n<p style=\"text-align: justify;\">A Kutat\u00f3laborat\u00f3riumban a <strong>trombotikus mikroangiop\u00e1ti\u00e1k <\/strong>(TMA) sz\u00e9lesk\u00f6r\u0171 diagnosztik\u00e1j\u00e1val p\u00e1rhuzamosan a betegs\u00e9gek ok\u00e1nak felder\u00edt\u00e9s\u00e9re ir\u00e1nyul\u00f3 kutat\u00e1s is zajlik.<\/p>\n<p style=\"text-align: justify;\">Vizsg\u00e1lataink egyik f\u0151 ir\u00e1nya a trombotikus trombocitop\u00e9ni\u00e1s purpura (TTP) h\u00e1tter\u00e9ben \u00e1ll\u00f3 ADAMTS13-deficiencia okainak felder\u00edt\u00e9se. A TTP immunmedi\u00e1lt form\u00e1j\u00e1ban a deficienci\u00e1t a von Willebrand-faktort (VWF) has\u00edt\u00f3 ADAMTS13 enzim ellen termel\u0151d\u0151 autoantitestek okozz\u00e1k, \u00edgy els\u0151sorban arra szeretn\u00e9nk v\u00e1laszt adni, hogy pontosan milyen l\u00e9p\u00e9sek vezetnek az <strong>ADAMTS13 enzimmel szembeni autoimmunit\u00e1s<\/strong> kialakul\u00e1s\u00e1hoz.<\/p>\n<p style=\"text-align: justify;\">Kutat\u00e1saink m\u00e1sik f\u0151 ir\u00e1nyvonal\u00e1t a komplementrendszernek a trombotikus mikroangiop\u00e1ti\u00e1kban j\u00e1tszott szerepe k\u00e9pezi. A <strong>komplementdiszregul\u00e1ci\u00f3 szerepe<\/strong> az at\u00edpusos hemolitikus ur\u00e9mi\u00e1s szindr\u00f3ma (aHUS) komplementmedi\u00e1lt form\u00e1j\u00e1ban m\u00e1r j\u00f3l ismert, azonban munkacsoportunk kor\u00e1bban igazolta a fokozott komplementaktiv\u00e1ci\u00f3 szerep\u00e9t a TTP, illetve m\u00e1sodlagos TMA form\u00e1k kialakul\u00e1s\u00e1ban is.<\/p>\n<p style=\"text-align: justify;\">C\u00e9lunk, hogy az ADAMTS13-VWF tengely \u00e9s a komplementrendszer egyidej\u0171 vizsg\u00e1lat\u00e1val \u00e9s a klinikai adatok szint\u00e9zis\u00e9vel \u00faj felismer\u00e9seket tegy\u00fcnk a TMA-k patogenezis\u00e9vel kapcsolatban. Ehhez j\u00f3 alapot biztos\u00edt <strong>komplementrendszer vizsg\u00e1lat\u00e1ban \u00e9s TMA-k diagnosztik\u00e1j\u00e1ban szerzett szaktud\u00e1s<\/strong> \u00e9s tapasztalat, valamint a <strong>nagysz\u00e1m\u00fa betegadat \u00e9s minta<\/strong>, amelyet laborat\u00f3riumunk az elm\u00falt \u00e9vtizedekben \u00f6sszegy\u0171jt\u00f6tt.<\/p>\n<p style=\"text-align: justify;\">Vizsg\u00e1lataink nem korl\u00e1toz\u00f3dnak kiz\u00e1r\u00f3lag a sz\u0171k \u00e9rtelemben vett TMA-kra, hanem kiterjednek olyan k\u00f3r\u00e1llapotokra, amelyek patogenezis\u00e9ben hasonl\u00f3k\u00e9ppen felmer\u00fcl az ADAMTS13-VWF tengely \u00e9s a komplementrendszer egy\u00fcttes hat\u00e1s\u00e1nak szerepe. Ebbe a csoportba tartozik a <strong>COVID-19<\/strong> betegs\u00e9g, illetve az ezzel <strong>kapcsolatos k\u00f3rk\u00e9pek<\/strong> (<strong>MIS-C<\/strong>, long covid), amelyek kutat\u00e1s\u00e1val a 2020-as vil\u00e1gj\u00e1rv\u00e1ny kezdete \u00f3ta foglalkozunk.<\/p>\n<p style=\"text-align: justify;\">Laborat\u00f3riumunk tagja t\u00f6bb <strong>nemzetk\u00f6zi konzorcium<\/strong>nak is, amelyek az Eur\u00f3pai Uni\u00f3 \u00e1ltal t\u00e1mogatott p\u00e1ly\u00e1zatok keret\u00e9ben kutatj\u00e1k a komplementrendszer sz\u00e1mos betegs\u00e9gben j\u00e1tszott szerep\u00e9t (CORVOS), illetve az ADAMTS13-elleni toleranciaveszt\u00e9s mechanizmus\u00e1t \u00e9s lehets\u00e9ges \u00faj ter\u00e1pi\u00e1s lehet\u0151s\u00e9geit (TOLERATE).<\/p>\n<p style=\"text-align: justify;\"><strong>Munkacsoportunk a fenti t\u00e9m\u00e1kban TDK \u00e9s szakdolgozati lehet\u0151s\u00e9get biztos\u00edt els\u0151sorban \u00e1ltal\u00e1nos orvostanhallgat\u00f3k, illetve az orvostudom\u00e1nyok ir\u00e1nt \u00e9rdekl\u0151d\u0151 biol\u00f3gus, gy\u00f3gyszer\u00e9sz, biom\u00e9rn\u00f6k \u00e9s m\u00e1s biol\u00f3giai oktat\u00e1si ir\u00e1ny\u00fa hallgat\u00f3k r\u00e9sz\u00e9re.<\/strong><strong>\u00a0<\/strong><\/p>\n<p>&nbsp;<\/p>\n","protected":false},"excerpt":{"rendered":"<p>Munkat\u00e1rsak <a href=\"https:\/\/semmelweis.hu\/kutlab\/munkatarsak\/prohaszka_zoltan\/\">Proh\u00e1szka Zolt\u00e1n, MD, DSc, egyetemi tan\u00e1r<\/a> <a href=\"https:\/\/semmelweis.hu\/kutlab\/munkatarsak\/sinkovits-gyorgy\/\">Sinkovits Gy\u00f6rgy, MD, PhD, tudom\u00e1nyos munkat\u00e1rs<\/a> Lisa Hurler, PhD hallgat\u00f3 Andreea-Adela Icleanu, PhD hallgat\u00f3 Hor\u00e1nszky D\u00e9nes, TDK hallgat\u00f3 A munkacsoport profilja A Kutat\u00f3laborat\u00f3riumban a trombotikus mikroangiop\u00e1ti\u00e1k (TMA) sz\u00e9lesk\u00f6r\u0171 diagnosztik\u00e1j\u00e1val p\u00e1rhuzamosan a betegs\u00e9gek ok\u00e1nak felder\u00edt\u00e9s\u00e9re ir\u00e1nyul\u00f3 kutat\u00e1s is zajlik. Vizsg\u00e1lataink egyik f\u0151 ir\u00e1nya a trombotikus trombocitop\u00e9ni\u00e1s purpura (TTP) h\u00e1tter\u00e9ben \u00e1ll\u00f3 ADAMTS13-deficiencia okainak felder\u00edt\u00e9se. A TTP immunmedi\u00e1lt form\u00e1j\u00e1ban a deficienci\u00e1t a von &hellip;<\/p>\n","protected":false},"author":1,"featured_media":0,"parent":24,"menu_order":0,"comment_status":"closed","ping_status":"closed","template":"","meta":{"_acf_changed":false,"footnotes":""},"categories":[],"tags":[],"class_list":["post-134","page","type-page","status-publish","hentry"],"acf":[],"_links":{"self":[{"href":"https:\/\/semmelweis.hu\/kutlab\/wp-json\/wp\/v2\/pages\/134","targetHints":{"allow":["GET"]}}],"collection":[{"href":"https:\/\/semmelweis.hu\/kutlab\/wp-json\/wp\/v2\/pages"}],"about":[{"href":"https:\/\/semmelweis.hu\/kutlab\/wp-json\/wp\/v2\/types\/page"}],"author":[{"embeddable":true,"href":"https:\/\/semmelweis.hu\/kutlab\/wp-json\/wp\/v2\/users\/1"}],"replies":[{"embeddable":true,"href":"https:\/\/semmelweis.hu\/kutlab\/wp-json\/wp\/v2\/comments?post=134"}],"version-history":[{"count":10,"href":"https:\/\/semmelweis.hu\/kutlab\/wp-json\/wp\/v2\/pages\/134\/revisions"}],"predecessor-version":[{"id":1690,"href":"https:\/\/semmelweis.hu\/kutlab\/wp-json\/wp\/v2\/pages\/134\/revisions\/1690"}],"up":[{"embeddable":true,"href":"https:\/\/semmelweis.hu\/kutlab\/wp-json\/wp\/v2\/pages\/24"}],"wp:attachment":[{"href":"https:\/\/semmelweis.hu\/kutlab\/wp-json\/wp\/v2\/media?parent=134"}],"wp:term":[{"taxonomy":"category","embeddable":true,"href":"https:\/\/semmelweis.hu\/kutlab\/wp-json\/wp\/v2\/categories?post=134"},{"taxonomy":"post_tag","embeddable":true,"href":"https:\/\/semmelweis.hu\/kutlab\/wp-json\/wp\/v2\/tags?post=134"}],"curies":[{"name":"wp","href":"https:\/\/api.w.org\/{rel}","templated":true}]}}