{"id":1328,"date":"2022-11-21T12:07:28","date_gmt":"2022-11-21T11:07:28","guid":{"rendered":"https:\/\/semmelweis.hu\/kutlab\/?page_id=1328"},"modified":"2023-07-28T12:46:10","modified_gmt":"2023-07-28T10:46:10","slug":"ttp-hus-tma-szomagyarazat","status":"publish","type":"page","link":"https:\/\/semmelweis.hu\/kutlab\/betegellatas\/ttp-hus-tma-szomagyarazat\/","title":{"rendered":"TTP, HUS, TMA: Sz\u00f3magyar\u00e1zat betegek r\u00e9sz\u00e9re"},"content":{"rendered":"<p style=\"text-align: justify;\">Bizony\u00e1ra nagyon neh\u00e9z lehet szemben\u00e9zni egy olyan, eddig ismeretlen betegs\u00e9g terh\u00e9vel, amelynek kor\u00e1bban a nev\u00e9t sem hallott\u00e1k. Ebben a r\u00f6vid \u00f6sszefoglal\u00f3ban szeretn\u00e9nk megmagyar\u00e1zni azokat a neveket \u00e9s fogalmakat, amelyeket kezel\u0151orvos\u00e1t\u00f3l hallhatott vagy a betegs\u00e9gr\u0151l t\u00e1j\u00e9koz\u00f3dva olvashatott.<\/p>\n<h4 style=\"text-align: justify;\"><strong>A TTP, HUS \u00e9s TMA r\u00f6vid\u00edt\u00e9sek jelent\u00e9se<\/strong>:<\/h4>\n<h5><a href=\"https:\/\/semmelweis.hu\/kutlab\/betegellatas\/ttp\/\">TTP: trombotikus trombocitop\u00e9ni\u00e1s purpura<\/a><\/h5>\n<p style=\"text-align: justify;\"><strong>Trombotikus<\/strong>. Ez a fogalom a v\u00e9ralvad\u00e1s sor\u00e1n keletkez\u0151 v\u00e9rr\u00f6g\u00f6kre (trombus) utal. A TTP \u00e9s HUS sor\u00e1n v\u00e9rlemezk\u00e9kb\u0151l (m\u00e1s n\u00e9ven trombocit\u00e1kb\u00f3l) \u00e1ll\u00f3 r\u00f6g\u00f6k keletkeznek a kiserekben, melyek a v\u00e9rkering\u00e9st g\u00e1tolj\u00e1k. A cs\u00f6kkent v\u00e9rkering\u00e9s az \u00e9rintett szervek m\u0171k\u00f6d\u00e9s\u00e9nek zavar\u00e1hoz, vagy tart\u00f3s v\u00e9rkering\u00e9si zavar eset\u00e9n azok k\u00e1rosod\u00e1s\u00e1hoz vezethet. A HUS els\u0151sorban a ves\u00e9ket, m\u00edg a TTP leggyakrabban az agyat \u00e9rinti.<\/p>\n<p style=\"text-align: justify;\"><strong>Trombocitop\u00e9ni\u00e1s<\/strong>. Ez a sz\u00f3 alacsony v\u00e9rlemezkesz\u00e1mot jelent. A v\u00e9rlemezk\u00e9k alapvet\u0151 szerepet j\u00e1tszanak a v\u00e9ralvad\u00e1s helyes m\u0171k\u00f6d\u00e9s\u00e9ben. A TTP \u00e9s HUS sor\u00e1n a testszerte keletkez\u0151 k\u00f3ros v\u00e9rr\u00f6gk\u00e9pz\u0151d\u00e9s sor\u00e1n a v\u00e9rlemezk\u00e9k elhaszn\u00e1l\u00f3dnak, ez\u00e9rt a v\u00e9rben m\u00e9rhet\u0151 sz\u00e1muk cs\u00f6kken.<\/p>\n<p style=\"text-align: justify;\"><strong>Purpura<\/strong>. Ez a sz\u00f3 lil\u00e1s-v\u00f6r\u00f6ses v\u00e9ral\u00e1fut\u00e1sokat, apr\u00f3 b\u0151rv\u00e9rz\u00e9seket (\u201eki\u00fct\u00e9sek\u201d) jelent. Kialakul\u00e1s\u00e1nak oka ebben a betegs\u00e9gben a v\u00e9rlemezk\u00e9k elhaszn\u00e1l\u00f3d\u00e1sa miatti alacsony v\u00e9rlemezkesz\u00e1m.<\/p>\n<h5 style=\"text-align: justify;\"><a href=\"https:\/\/semmelweis.hu\/kutlab\/betegellatas\/hemolitikus-uremia\/\">HUS: hemolitikus ur\u00e9mi\u00e1s szindr\u00f3ma<\/a><\/h5>\n<p style=\"text-align: justify;\"><strong>Hemolitikus<\/strong>. A hemol\u00edzis a v\u00f6r\u00f6sv\u00e9rtestek k\u00e1rosod\u00e1s\u00e1t, \u201ekilyukad\u00e1s\u00e1t\u201d jelenti. A k\u00e1rosod\u00e1s f\u0151 oka TTP-ben, illetve HUS-ban az, hogy a kiserekben tal\u00e1lhat\u00f3 v\u00e9rr\u00f6g\u00f6k \u201efels\u00e9rtik\u201d a r\u00e9szlegesen elz\u00e1r\u00f3dott kisereken val\u00f3 \u201e\u00e1tgy\u00f6m\u00f6sz\u00f6l\u0151d\u00e9s\u201d sor\u00e1n a v\u00f6r\u00f6sv\u00e9rtestek membr\u00e1nj\u00e1t (sejth\u00e1rty\u00e1j\u00e1t).<\/p>\n<p style=\"text-align: justify;\"><strong>Ur\u00e9mi\u00e1s<\/strong>. Ez a sz\u00f3 a veseel\u00e9gtelens\u00e9gre (m\u00e9reganyagok cs\u00f6kkent kiv\u00e1laszt\u00e1s\u00e1r a ves\u00e9n kereszt\u00fcl) utal, melynek egyik jele a v\u00e9r\u00e1ramban felszaporod\u00f3 karbamid (urea).<\/p>\n<p style=\"text-align: justify;\"><strong>Szindr\u00f3ma<\/strong>. A sz\u00f3 jelent\u00e9se t\u00fcnetcsoport vagy t\u00fcnetegy\u00fcttes. A betegs\u00e9gek le\u00edr\u00e1s\u00e1n\u00e1l abban az esetben haszn\u00e1lj\u00e1k a \u201eszindr\u00f3ma\u201d megfogalmaz\u00e1st, ha egy betegs\u00e9gnek nincs egyetlen j\u00f3l meghat\u00e1rozhat\u00f3 jele vagy oka, hanem t\u00f6bbf\u00e9le t\u00e9nyez\u0151 (t\u00fcnet, jel) egy\u00fcttes el\u0151fordul\u00e1sa eset\u00e9n lehet kimondani a betegs\u00e9g fenn\u00e1ll\u00e1s\u00e1t, azaz a diagn\u00f3zist.<\/p>\n<h5><a href=\"https:\/\/semmelweis.hu\/kutlab\/betegellatas\/ttp\/\">TMA: trombotikus mikroangiop\u00e1tia<\/a><\/h5>\n<p style=\"text-align: justify;\"><strong>Mikroangiop\u00e1tia<\/strong>. <strong>Mikro<\/strong>: kicsi, <strong>angio<\/strong>-: \u00e9r, &#8211;<strong>p\u00e1tia<\/strong>: betegs\u00e9g, elv\u00e1ltoz\u00e1s, azaz a mikroangiop\u00e1tia a kiserek betegs\u00e9g\u00e9t, k\u00f3ros elv\u00e1ltoz\u00e1s\u00e1t jel\u00f6li.<\/p>\n<p style=\"text-align: justify;\">A trombotikus mikroangiop\u00e1ti\u00e1k k\u00f6z\u00e9 sorolhat\u00f3ak azok a betegs\u00e9gek (\u00edgy a TTP \u00e9s a HUS) is, amelyek l\u00e9nyege a kiserek v\u00e9rr\u00f6gk\u00e9pz\u0151d\u00e9ssel t\u00e1rsul\u00f3 k\u00f3ros elv\u00e1ltoz\u00e1sa.<\/p>\n","protected":false},"excerpt":{"rendered":"<p>Bizony\u00e1ra nagyon neh\u00e9z lehet szemben\u00e9zni egy olyan, eddig ismeretlen betegs\u00e9g terh\u00e9vel, amelynek kor\u00e1bban a nev\u00e9t sem hallott\u00e1k. Ebben a r\u00f6vid \u00f6sszefoglal\u00f3ban szeretn\u00e9nk megmagyar\u00e1zni azokat a neveket \u00e9s fogalmakat, amelyeket kezel\u0151orvos\u00e1t\u00f3l hallhatott vagy a betegs\u00e9gr\u0151l t\u00e1j\u00e9koz\u00f3dva olvashatott. A TTP, HUS \u00e9s TMA r\u00f6vid\u00edt\u00e9sek jelent\u00e9se: <a href=\"https:\/\/semmelweis.hu\/kutlab\/betegellatas\/ttp\/\">TTP: trombotikus trombocitop\u00e9ni\u00e1s purpura<\/a> Trombotikus. Ez a fogalom a v\u00e9ralvad\u00e1s sor\u00e1n keletkez\u0151 v\u00e9rr\u00f6g\u00f6kre (trombus) utal. A &hellip;<\/p>\n","protected":false},"author":101097,"featured_media":0,"parent":25,"menu_order":2,"comment_status":"closed","ping_status":"closed","template":"","meta":{"_acf_changed":false,"footnotes":""},"categories":[],"tags":[],"class_list":["post-1328","page","type-page","status-publish","hentry"],"acf":[],"_links":{"self":[{"href":"https:\/\/semmelweis.hu\/kutlab\/wp-json\/wp\/v2\/pages\/1328","targetHints":{"allow":["GET"]}}],"collection":[{"href":"https:\/\/semmelweis.hu\/kutlab\/wp-json\/wp\/v2\/pages"}],"about":[{"href":"https:\/\/semmelweis.hu\/kutlab\/wp-json\/wp\/v2\/types\/page"}],"author":[{"embeddable":true,"href":"https:\/\/semmelweis.hu\/kutlab\/wp-json\/wp\/v2\/users\/101097"}],"replies":[{"embeddable":true,"href":"https:\/\/semmelweis.hu\/kutlab\/wp-json\/wp\/v2\/comments?post=1328"}],"version-history":[{"count":5,"href":"https:\/\/semmelweis.hu\/kutlab\/wp-json\/wp\/v2\/pages\/1328\/revisions"}],"predecessor-version":[{"id":1774,"href":"https:\/\/semmelweis.hu\/kutlab\/wp-json\/wp\/v2\/pages\/1328\/revisions\/1774"}],"up":[{"embeddable":true,"href":"https:\/\/semmelweis.hu\/kutlab\/wp-json\/wp\/v2\/pages\/25"}],"wp:attachment":[{"href":"https:\/\/semmelweis.hu\/kutlab\/wp-json\/wp\/v2\/media?parent=1328"}],"wp:term":[{"taxonomy":"category","embeddable":true,"href":"https:\/\/semmelweis.hu\/kutlab\/wp-json\/wp\/v2\/categories?post=1328"},{"taxonomy":"post_tag","embeddable":true,"href":"https:\/\/semmelweis.hu\/kutlab\/wp-json\/wp\/v2\/tags?post=1328"}],"curies":[{"name":"wp","href":"https:\/\/api.w.org\/{rel}","templated":true}]}}