{"id":1322,"date":"2022-11-21T11:54:36","date_gmt":"2022-11-21T10:54:36","guid":{"rendered":"https:\/\/semmelweis.hu\/kutlab\/?page_id=1322"},"modified":"2022-11-22T13:06:01","modified_gmt":"2022-11-22T12:06:01","slug":"ttp-minta-eredmenykozles","status":"publish","type":"page","link":"https:\/\/semmelweis.hu\/kutlab\/betegellatas\/ttp\/ttp-orvosoknak\/ttp-minta-eredmenykozles\/","title":{"rendered":"Milyen mint\u00e1t k\u00fcldj\u00fcnk: Vizsg\u00e1lati minta k\u00fcld\u00e9se \u00e9s az eredm\u00e9nyek k\u00f6zl\u00e9se"},"content":{"rendered":"<div class=\"responsive-tabs\">\n<h2 class=\"tabtitle\">Mintak\u00fcld\u00e9s<\/h2>\n<div class=\"tabcontent\">\n\n<p style=\"text-align: justify\"><strong><span style=\"text-decoration: underline\">Vizsg\u00e1lati minta k\u00fcld\u00e9se:<\/span><\/strong><\/p>\n<p style=\"text-align: justify\"><strong>Semmelweis Egyetem, Belgy\u00f3gy\u00e1szati \u00e9s Hematol\u00f3giai Klinika, Kutat\u00f3laborat\u00f3rium<\/strong><br \/>\n<strong>1088 Budapest, Szentkir\u00e1lyi u. 46, A \u00e9p\u00fclet, 1. emelet<\/strong><br \/>\n<span style=\"text-decoration: underline\">Telefon:<\/span> munkaid\u0151ben 06-30-016-4194 (labor), 06-30-016-4195 (iroda), <br \/>\n\u00fcgyeleti id\u0151ben +36-20-825-0962 (Dr. Proh\u00e1szka Zolt\u00e1n)<br \/>\n<span style=\"text-decoration: underline\">E-mail:<\/span> <a href=\"mailto:prohaszka.zoltan@med.semmelweis-univ.hu\">prohaszka.zoltan@med.semmelweis-univ.hu<\/a>, <a href=\"mailto:sinkovits.gyorgy@med.semmelweis-univ.hu\">sinkovits.gyorgy@med.semmelweis-univ.hu<\/a><\/p>\n<p style=\"text-align: justify\"><strong>Mintafogad\u00e1si id\u0151:<\/strong> H\u00e9tf\u0151t\u0151l-p\u00e9ntekig 8-14 \u00f3r\u00e1ig. <br \/>\nAkut esetben telefonos megbesz\u00e9l\u00e9s alapj\u00e1n a jelzett id\u0151n k\u00edv\u00fcl is fogadunk mint\u00e1t.<\/p>\n<p style=\"text-align: justify\"><strong>Vizsg\u00e1latk\u00e9r\u0151 lap k\u00f3dja<\/strong> (SE felhaszn\u00e1l\u00f3knak): KUTL<\/p>\n<p style=\"text-align: justify\"><strong>Mintav\u00e9tel \u00e9s sz\u00e1ll\u00edt\u00e1s<\/strong> (r\u00e9szletes t\u00e1j\u00e9koztat\u00f3): <br \/>\nA vizsg\u00e1latokhoz egy cs\u0151 nat\u00edv (piros kupakos), egy cs\u0151 citr\u00e1tos (k\u00e9k kupakos) \u00e9s egy cs\u0151 EDTA-val alvad\u00e1sg\u00e1tolt (lila kupakos) v\u00e9r sz\u00fcks\u00e9ges, melyet a mintav\u00e9tel napj\u00e1n kell a fenti helyre eljuttatni. Amennyiben erre nincs lehet\u0151s\u00e9g, a cs\u00f6vek centrifug\u00e1l\u00e1sa ut\u00e1n a szepar\u00e1lt sav\u00f3t\/plazm\u00e1t \u00e9s a lila kupakos cs\u0151ben visszamaradt sejteket -20 C\u00b0-ra kell fagyasztani, \u00e9s \u00edgy t\u00e1rolni. A fagyasztott mint\u00e1kat j\u00e9g k\u00f6z\u00f6tt\/ h\u0171tve kell sz\u00e1ll\u00edtani a laborat\u00f3riumba.<\/p>\n<p style=\"text-align: justify\">A nem megfelel\u0151en t\u00e1rolt \u00e9s sz\u00e1ll\u00edtott mint\u00e1kb\u00f3l a vizsg\u00e1lat nem v\u00e9gezhet\u0151 el!<\/p>\n<p style=\"text-align: justify\">A mintav\u00e9telt lehet\u0151leg a plazmakezel\u00e9s megkezd\u00e9se el\u0151tt kell levenni, ha ez nem lehets\u00e9ges, a megel\u0151z\u0151 plazma- (plazmaferezis vagy friss fagyasztott plazma inf\u00fazi\u00f3ja), illetve immunszuppressz\u00edv kezel\u00e9s t\u00e9ny\u00e9t, idej\u00e9t \u00e9s d\u00f3zis\u00e1t a k\u00e9r\u0151lapon jel\u00f6lni kell!<\/p>\n\n<\/div><h2 class=\"tabtitle\">Eredm\u00e9nyk\u00f6zl\u00e9s<\/h2>\n<div class=\"tabcontent\">\n\n<p style=\"text-align: justify\"><span style=\"text-decoration: underline\"><strong>Az eredm\u00e9nyek k\u00f6zl\u00e9se:<\/strong><\/span><\/p>\n<p style=\"text-align: justify\">Amennyiben nincs egy\u00e9b k\u00e9r\u00e9s, a vizsg\u00e1latok eredm\u00e9nyei a laborat\u00f3riumi informatikai rendszeren kereszt\u00fcl az <strong>EESZT<\/strong>-be ker\u00fclnek felt\u00f6lt\u00e9sre azok sz\u00f6veges \u00e9rt\u00e9kel\u00e9s\u00e9vel \u00e9s v\u00e9lem\u00e9nyez\u00e9s\u00e9vel egy\u00fctt.<\/p>\n<p style=\"text-align: justify\">Amennyiben a <strong>kezel\u0151orvos ig\u00e9nyli<\/strong>, az \u00e1ltala megadott <strong>e-mail-c\u00edmre \u00edr\u00e1sos lelet<\/strong>et k\u00fcld\u00fcnk, amely tartalmazza a laborat\u00f3riumunkban v\u00e9gzett (kor\u00e1bbi \u00e9s jelenlegi) vizsg\u00e1latok eredm\u00e9nyeit \u00e9s ezek \u00e9rt\u00e9kel\u00e9s\u00e9t \u00e9s v\u00e9lem\u00e9nyez\u00e9s\u00e9t. (Els\u0151sorban gondozott betegek eset\u00e9n javasolt.)<\/p>\n<p style=\"text-align: justify\"><strong>S\u00fcrg\u0151s vizsg\u00e1latk\u00e9r\u00e9s<\/strong> kapcs\u00e1n t\u00f6rt\u00e9nt <strong>telefonos megkeres\u00e9s<\/strong> eset\u00e9n az ADAMTS13-aktivit\u00e1st telefonon is k\u00f6z\u00f6lj\u00fck, amint lehets\u00e9ges.<\/p>\n<p style=\"text-align: justify\"><strong>S\u00fcrg\u0151s vizsg\u00e1lat<\/strong>, pl. <strong>akut beteg<\/strong> els\u0151 vizsg\u00e1lata (\u00e9s el\u0151zetes <strong>telefonos \u00e9rtes\u00edt\u00e9s<\/strong>) eset\u00e9n az <strong>ADAMTS13 aktivit\u00e1s<\/strong> m\u00e9r\u00e9s\u00e9t <strong>24 \u00f3r\u00e1n bel\u00fcl<\/strong> elv\u00e9gezz\u00fck, \u00e9s az eredm\u00e9nyt telefonon k\u00f6z\u00f6lj\u00fck. <br \/>\nEgy\u00e9b esetekben, pl. ismert beteg kivizsg\u00e1l\u00e1sa, ill. gondozott beteg ism\u00e9telt vizsg\u00e1lata eset\u00e9n a fenti leletek k\u00f6zl\u00e9se <strong>1 h\u00e9ten bel\u00fcl<\/strong> t\u00f6rt\u00e9nik.<br \/>\nAz ADAMTS13-ellenes antitestek kimutat\u00e1sa kever\u00e9ses vizsg\u00e1lattal s\u00fcrg\u0151s esetben 2 napon bel\u00fcl, egy\u00e9bk\u00e9nt 2 h\u00e9ten bel\u00fcl v\u00e1rhat\u00f3.<br \/>\nGenetikai vizsg\u00e1latot csak az \u00f6r\u00f6kletes TTP megalapozott gyan\u00faja eset\u00e9n v\u00e9gz\u00fcnk. Ebben az esetben a genetikai lelet k\u00f6zl\u00e9se 2 h\u00f3napon bel\u00fcl v\u00e1rhat\u00f3.<\/p>\n<\/div><\/div>\n","protected":false},"excerpt":{"rendered":"<p>Vizsg\u00e1lati minta k\u00fcld\u00e9se: Semmelweis Egyetem, Belgy\u00f3gy\u00e1szati \u00e9s Hematol\u00f3giai Klinika, Kutat\u00f3laborat\u00f3rium 1088 Budapest, Szentkir\u00e1lyi u. 46, A \u00e9p\u00fclet, 1. emelet Telefon: munkaid\u0151ben 06-30-016-4194 (labor), 06-30-016-4195 (iroda), \u00fcgyeleti id\u0151ben +36-20-825-0962 (Dr. Proh\u00e1szka Zolt\u00e1n) E-mail: <a href=\"mailto:prohaszka.zoltan@med.semmelweis-univ.hu\">prohaszka.zoltan@med.semmelweis-univ.hu<\/a> , <a href=\"mailto:sinkovits.gyorgy@med.semmelweis-univ.hu\">sinkovits.gyorgy@med.semmelweis-univ.hu<\/a> Mintafogad\u00e1si id\u0151: H\u00e9tf\u0151t\u0151l-p\u00e9ntekig 8-14 \u00f3r\u00e1ig. Akut esetben telefonos megbesz\u00e9l\u00e9s alapj\u00e1n a jelzett id\u0151n k\u00edv\u00fcl is fogadunk mint\u00e1t. Vizsg\u00e1latk\u00e9r\u0151 lap k\u00f3dja (SE felhaszn\u00e1l\u00f3knak): &hellip;<\/p>\n","protected":false},"author":101097,"featured_media":0,"parent":1342,"menu_order":6,"comment_status":"closed","ping_status":"closed","template":"","meta":{"_acf_changed":false,"footnotes":""},"categories":[],"tags":[],"class_list":["post-1322","page","type-page","status-publish","hentry"],"acf":[],"_links":{"self":[{"href":"https:\/\/semmelweis.hu\/kutlab\/wp-json\/wp\/v2\/pages\/1322","targetHints":{"allow":["GET"]}}],"collection":[{"href":"https:\/\/semmelweis.hu\/kutlab\/wp-json\/wp\/v2\/pages"}],"about":[{"href":"https:\/\/semmelweis.hu\/kutlab\/wp-json\/wp\/v2\/types\/page"}],"author":[{"embeddable":true,"href":"https:\/\/semmelweis.hu\/kutlab\/wp-json\/wp\/v2\/users\/101097"}],"replies":[{"embeddable":true,"href":"https:\/\/semmelweis.hu\/kutlab\/wp-json\/wp\/v2\/comments?post=1322"}],"version-history":[{"count":6,"href":"https:\/\/semmelweis.hu\/kutlab\/wp-json\/wp\/v2\/pages\/1322\/revisions"}],"predecessor-version":[{"id":1337,"href":"https:\/\/semmelweis.hu\/kutlab\/wp-json\/wp\/v2\/pages\/1322\/revisions\/1337"}],"up":[{"embeddable":true,"href":"https:\/\/semmelweis.hu\/kutlab\/wp-json\/wp\/v2\/pages\/1342"}],"wp:attachment":[{"href":"https:\/\/semmelweis.hu\/kutlab\/wp-json\/wp\/v2\/media?parent=1322"}],"wp:term":[{"taxonomy":"category","embeddable":true,"href":"https:\/\/semmelweis.hu\/kutlab\/wp-json\/wp\/v2\/categories?post=1322"},{"taxonomy":"post_tag","embeddable":true,"href":"https:\/\/semmelweis.hu\/kutlab\/wp-json\/wp\/v2\/tags?post=1322"}],"curies":[{"name":"wp","href":"https:\/\/api.w.org\/{rel}","templated":true}]}}