{"id":1197,"date":"2022-11-10T14:04:42","date_gmt":"2022-11-10T13:04:42","guid":{"rendered":"https:\/\/semmelweis.hu\/kutlab\/?page_id=1197"},"modified":"2025-07-30T10:57:41","modified_gmt":"2025-07-30T08:57:41","slug":"bihari-gyorgy","status":"publish","type":"page","link":"https:\/\/semmelweis.hu\/kutlab\/munkatarsak\/bihari-gyorgy\/","title":{"rendered":"Bihari Gy\u00f6rgy"},"content":{"rendered":"<p><img loading=\"lazy\" decoding=\"async\" class=\" wp-image-1230 alignleft\" src=\"https:\/\/semmelweis.hu\/kutlab\/files\/2022\/11\/BGY-300x400.jpg\" alt=\"\" width=\"100\" height=\"133\" srcset=\"https:\/\/semmelweis.hu\/kutlab\/files\/2022\/11\/BGY-300x400.jpg 300w, https:\/\/semmelweis.hu\/kutlab\/files\/2022\/11\/BGY-225x300.jpg 225w, https:\/\/semmelweis.hu\/kutlab\/files\/2022\/11\/BGY.jpg 328w\" sizes=\"auto, (max-width: 100px) 100vw, 100px\" \/>V\u00e9gzetts\u00e9g: Klinikai laborat\u00f3riumi kutat\u00f3 (MSc)<\/p>\n<p>Munkak\u00f6r\/beoszt\u00e1s: Kutat\u00f3laborat\u00f3riumi analitikus<\/p>\n<p>E-mail: <a href=\"mailto:bihari.gyorgy@semmelweis.hu\">bihari.gyorgy@semmelweis.hu<\/a><\/p>\n<p>&nbsp;<\/p>\n<p><strong>Tudom\u00e1nyos \u00e9rdekl\u0151d\u00e9si ter\u00fcletek:<\/strong> Immunol\u00f3gia, mezenchim\u00e1lis \u0151ssejtek vizsg\u00e1lata; az hemopoetikus \u0151ssejt-transzplant\u00e1ci\u00f3 \u00e9s az \u00e1raml\u00e1si citometriai vizsg\u00e1l\u00f3 m\u00f3dszer gyakorlati vonatkoz\u00e1sai.<\/p>\n<p><strong>Publik\u00e1ci\u00f3k: <\/strong><\/p>\n","protected":false},"excerpt":{"rendered":"<p>V\u00e9gzetts\u00e9g: Klinikai laborat\u00f3riumi kutat\u00f3 (MSc)<br \/>\nMunkak\u00f6r\/beoszt\u00e1s: Kutat\u00f3laborat\u00f3riumi analitikus<br \/>\nE-mail: <a href=\"mailto:bihari.gyorgy@semmelweis.hu\">bihari.gyorgy@semmelweis.hu<\/a><br \/>\n&nbsp;<br \/>\nTudom\u00e1nyos \u00e9rdekl\u0151d\u00e9si ter\u00fcletek: Immunol\u00f3gia, mezenchim\u00e1lis \u0151ssejtek vizsg\u00e1lata; az hemopoetikus \u0151ssejt-transzplant\u00e1ci\u00f3 \u00e9s az \u00e1raml\u00e1si citometriai vizsg\u00e1l\u00f3 m\u00f3dszer gyakorlati vonatkoz\u00e1sai.<br \/>\nPublik\u00e1ci\u00f3k: <\/p>\n","protected":false},"author":101100,"featured_media":0,"parent":19,"menu_order":4,"comment_status":"closed","ping_status":"closed","template":"","meta":{"_acf_changed":false,"footnotes":""},"categories":[],"tags":[],"class_list":["post-1197","page","type-page","status-publish","hentry"],"acf":[],"_links":{"self":[{"href":"https:\/\/semmelweis.hu\/kutlab\/wp-json\/wp\/v2\/pages\/1197","targetHints":{"allow":["GET"]}}],"collection":[{"href":"https:\/\/semmelweis.hu\/kutlab\/wp-json\/wp\/v2\/pages"}],"about":[{"href":"https:\/\/semmelweis.hu\/kutlab\/wp-json\/wp\/v2\/types\/page"}],"author":[{"embeddable":true,"href":"https:\/\/semmelweis.hu\/kutlab\/wp-json\/wp\/v2\/users\/101100"}],"replies":[{"embeddable":true,"href":"https:\/\/semmelweis.hu\/kutlab\/wp-json\/wp\/v2\/comments?post=1197"}],"version-history":[{"count":5,"href":"https:\/\/semmelweis.hu\/kutlab\/wp-json\/wp\/v2\/pages\/1197\/revisions"}],"predecessor-version":[{"id":1958,"href":"https:\/\/semmelweis.hu\/kutlab\/wp-json\/wp\/v2\/pages\/1197\/revisions\/1958"}],"up":[{"embeddable":true,"href":"https:\/\/semmelweis.hu\/kutlab\/wp-json\/wp\/v2\/pages\/19"}],"wp:attachment":[{"href":"https:\/\/semmelweis.hu\/kutlab\/wp-json\/wp\/v2\/media?parent=1197"}],"wp:term":[{"taxonomy":"category","embeddable":true,"href":"https:\/\/semmelweis.hu\/kutlab\/wp-json\/wp\/v2\/categories?post=1197"},{"taxonomy":"post_tag","embeddable":true,"href":"https:\/\/semmelweis.hu\/kutlab\/wp-json\/wp\/v2\/tags?post=1197"}],"curies":[{"name":"wp","href":"https:\/\/api.w.org\/{rel}","templated":true}]}}