{"id":119,"date":"2016-01-08T00:00:00","date_gmt":"2016-01-07T23:00:00","guid":{"rendered":"http:\/\/semmelweis.hu\/kutlab\/endothel_munkacsoport\/"},"modified":"2025-02-11T16:31:46","modified_gmt":"2025-02-11T15:31:46","slug":"sejtbiologiai-es-sejtterapias-csoport","status":"publish","type":"page","link":"https:\/\/semmelweis.hu\/kutlab\/kutatas\/sejtbiologiai-es-sejtterapias-csoport\/","title":{"rendered":"Sejtbiol\u00f3giai \u00e9s Sejtter\u00e1pi\u00e1s Csoport"},"content":{"rendered":"<div class=\"keretes w-100\">\n<h4><strong>Munkat\u00e1rsak<\/strong><\/h4>\n<ul>\n<li><a href=\"https:\/\/semmelweis.hu\/kutlab\/munkatarsak\/cervenak-laszlo\/\">Dr. Cervenak L\u00e1szl\u00f3<\/a>, tudom\u00e1nyos tan\u00e1csad\u00f3, biol\u00f3gus, PhD, csoportvezet\u0151<\/li>\n<li><a href=\"https:\/\/semmelweis.hu\/kutlab\/munkatarsak\/122-32479\/\">Dr. Kajd\u00e1csi Erika<\/a>, tudom\u00e1nyos f\u0151munkat\u00e1rs, biol\u00f3gus, PhD, munkacsoportvezet\u0151<\/li>\n<li><a href=\"https:\/\/semmelweis.hu\/kutlab\/munkatarsak\/dr-kiszel-petra\/\">Dr. Kiszel Petra<\/a>, tudom\u00e1nyos f\u0151munkat\u00e1rs, biol\u00f3gus, PhD, munkacsoportvezet\u0151<\/li>\n<li><a href=\"https:\/\/semmelweis.hu\/kutlab\/munkatarsak\/dr-nagy-debreczeni-marta-lidia\/\">Dr. Nagy-Debreczeni M\u00e1rta L\u00eddia<\/a>, tudom\u00e1nyos munkat\u00e1rs, biol\u00f3gus, PhD<\/li>\n<li><a href=\"https:\/\/semmelweis.hu\/kutlab\/munkatarsak\/bihari-gyorgy\/\">Bihari Gy\u00f6rgy<\/a>, klinikai laborat\u00f3riumi kutat\u00f3<\/li>\n<li><a href=\"https:\/\/semmelweis.hu\/kutlab\/munkatarsak\/vadicsku-dorina\/\">Vadicsku Dorina<\/a>, PhD hallgat\u00f3, biol\u00f3gus<\/li>\n<li><a href=\"https:\/\/semmelweis.hu\/kutlab\/munkatarsak\/dr-demeter-flora\/\">Dr. Demeter Fl\u00f3ra<\/a>, PhD hallgat\u00f3, \u00e1ltal\u00e1nos orvos<\/li>\n<\/ul>\n<\/div>\n<p><img loading=\"lazy\" decoding=\"async\" class=\"aligncenter wp-image-1213 size-full\" style=\"text-align: justify\" src=\"https:\/\/semmelweis.hu\/kutlab\/files\/2022\/11\/EC-MSC-foto.jpg\" alt=\"\" width=\"1376\" height=\"192\" srcset=\"https:\/\/semmelweis.hu\/kutlab\/files\/2022\/11\/EC-MSC-foto.jpg 1376w, https:\/\/semmelweis.hu\/kutlab\/files\/2022\/11\/EC-MSC-foto-400x56.jpg 400w, https:\/\/semmelweis.hu\/kutlab\/files\/2022\/11\/EC-MSC-foto-1024x143.jpg 1024w, https:\/\/semmelweis.hu\/kutlab\/files\/2022\/11\/EC-MSC-foto-768x107.jpg 768w, https:\/\/semmelweis.hu\/kutlab\/files\/2022\/11\/EC-MSC-foto-580x81.jpg 580w\" sizes=\"auto, (max-width: 1376px) 100vw, 1376px\" \/><\/p>\n<p style=\"text-align: justify\">A Belgy\u00f3gy\u00e1szati \u00e9s Hematol\u00f3giai Klinika t\u00f6bb mint 20 \u00e9ve hozta l\u00e9tre az ateroszkler\u00f3zis \u00e9s a komplement medi\u00e1lt betegs\u00e9gek modellez\u00e9s\u00e9re az <em>in vitro<\/em> m\u00f3dszerekkel m\u0171k\u00f6d\u0151 <em>endot\u00e9lsejt munkacsoportj\u00e1t<\/em>. Az <em>in vitro<\/em> modellrendszer \u00e9s az itt haszn\u00e1lt m\u00f3dszerek ny\u00fajtottak lehet\u0151s\u00e9get a tov\u00e1bbfejl\u0151d\u00e9sre, egyr\u00e9szt a hematol\u00f3giai ell\u00e1t\u00e1s keret\u00e9n bel\u00fcl az <em>autol\u00f3g hemopoetikus \u0151ssejttranszplant\u00e1ci\u00f3<\/em> laborat\u00f3riumi \u00e9s biobankol\u00e1si h\u00e1tter\u00e9nek megteremt\u00e9s\u00e9re, m\u00e1sr\u00e9szt egy <em>mezenchim\u00e1lis \u0151ssejt bioreaktor<\/em> beszerz\u00e9s\u00e9re, \u00e9s ennek transzl\u00e1ci\u00f3s-medicin\u00e1lis kutat\u00f3hely\u00e9nek kialak\u00edt\u00e1s\u00e1ra. 2022-ben elnyert HUN-REN-SE p\u00e1ly\u00e1zatunk a COVID-19 induk\u00e1lt immuntromb\u00f3zis endot\u00e9lsejtes \u00e9s mezenchim\u00e1lis \u0151ssejtes vonatkoz\u00e1saival foglalkozik. \u00cdgy jelenleg a <strong>Sejtbiol\u00f3giai \u00e9s Sejtter\u00e1pi\u00e1s Csoport<\/strong> ennek a n\u00e9gy egys\u00e9gnek szinergi\u00e1j\u00e1t jelenti. Az egy\u00fcttm\u0171k\u00f6d\u00e9s azonban nem csak a Csoporton bel\u00fcl m\u0171k\u00f6dik, hanem a Kutat\u00f3laborat\u00f3rium t\u00f6bbi munkacsoportj\u00e1val \u00e9s a Klinika gy\u00f3gy\u00e1szati r\u00e9szlegeivel is rendk\u00edv\u00fcl szoros.<\/p>\n<p style=\"text-align: justify\"><strong>A fenti t\u00e9m\u00e1kban a Sejtbiol\u00f3giai \u00e9s Sejtter\u00e1pi\u00e1s Csoport TDK \u00e9s szakdolgozati lehet\u0151s\u00e9get biztos\u00edt \u00e1ltal\u00e1nos orvos, gy\u00f3gyszer\u00e9sz, biol\u00f3gus, biom\u00e9rn\u00f6k \u00e9s m\u00e1s biol\u00f3giai oktat\u00e1si ir\u00e1ny\u00fa hallgat\u00f3k r\u00e9sz\u00e9re! <a href=\"https:\/\/semmelweis.hu\/kutlab\/kutatas\/munkacsoportok\/sejtbiologiai-es-sejtterapias-csoport\/tdk-temak\/\">R\u00e9szleteket l\u00e1sd itt!<\/a><\/strong><strong>\u00a0<\/strong><\/p>\n<h4><strong>A Sejtbiol\u00f3giai \u00e9s Sejtter\u00e1pi\u00e1s Csoport m\u0171k\u00f6d\u00e9si egys\u00e9gei<\/strong><\/h4>\n<ul>\n<li><a href=\"https:\/\/semmelweis.hu\/kutlab\/kutatas\/munkacsoportok\/sejtbiologiai-es-sejtterapias-csoport\/endotelsejt-munkacsoport\/\">Endot\u00e9lsejt Munkacsoport<\/a><\/li>\n<li><a href=\"https:\/\/semmelweis.hu\/kutlab\/kutatas\/munkacsoportok\/sejtbiologiai-es-sejtterapias-csoport\/hemopoetikus-ossejt-transzplantacios-munkacsoport\/\">Hemopoetikus \u0150ssejt-transzplant\u00e1ci\u00f3s Munkacsoport<\/a><\/li>\n<li><a href=\"https:\/\/semmelweis.hu\/kutlab\/kutatas\/munkacsoportok\/sejtbiologiai-es-sejtterapias-csoport\/mezenchimalis-ossejt-terapias-munkacsoport\/\">Mezenchim\u00e1lis \u0150ssejt-ter\u00e1pi\u00e1s Munkacsoport<\/a><\/li>\n<\/ul>\n<h4><strong>Kor\u00e1bbi munkat\u00e1rsaink<\/strong><\/h4>\n<p style=\"text-align: justify\">Dr. Oroszl\u00e1n Melinda, Dr. Rugonfalvi-Kiss Szabolcs, Dr. Herczenik Eszter, Dr. Mak\u00f3 Veronika, Dr. Cseleny\u00e1k Attila, Dr. Jani P\u00e9ter, Dr. Schwaner Endre, Cz\u00facz Judit, Schaffer Gyula, Horv\u00e1thn\u00e9 Dr. N\u00e9meth Zsuzsanna<\/p>\n<h4><strong>P\u00e1ly\u00e1zatok<\/strong><\/h4>\n<p style=\"text-align: justify\">Az EC Munkacsoport 1999. \u00e9vi megalakul\u00e1sa \u00f3ta 3 MTA-TKI, 3 NKFP, 1 EU (FP5ACM), 1 ETT, 6 OTKA p\u00e1ly\u00e1zat nyertes r\u00e9sztvev\u0151je volt, emellett 3 OTKA (NKFI) p\u00e1ly\u00e1zatot teljes m\u00e9rt\u00e9kig az EC Munkacsoport projektjeinek kivitelez\u00e9s\u00e9re nyert\u00fcnk el (OTKA 49164, NKFI 100684, NKFI 115623, PI: Cervenak L\u00e1szl\u00f3). Jelenlegi projektjeink r\u00e9szben a HUN-REN-SE Immunol\u00f3giai \u00e9s Hematol\u00f3giai Kutat\u00f3csoport Immuntromb\u00f3zis t\u00e9m\u00e1j\u00fa p\u00e1ly\u00e1zat\u00e1nak keretein bel\u00fcl zajlanak szoros egy\u00fcttm\u0171k\u00f6d\u00e9sben a Kutat\u00f3laborat\u00f3rium popul\u00e1ci\u00f3s vizsg\u00e1lataival.<\/p>\n<p style=\"text-align: justify\">Az \u00fajonnan indul\u00f3 MSC laborat\u00f3rium kialak\u00edt\u00e1s\u00e1ra 2020-ben a Semmelweis Egyetem STIA-KFI p\u00e1ly\u00e1zat\u00e1t, valamint a biobankol\u00e1s fejleszt\u00e9s\u00e9re 2021-ben egy m\u00e1sik STIA-KFI p\u00e1ly\u00e1zatot nyert\u00fcnk el. A mezenchim\u00e1lis \u0151ssejtekkel kapcsolatos kutat\u00e1s-fejleszt\u00e9st 2023-t\u00f3l egy Richter T\u00e9map\u00e1ly\u00e1zat is t\u00e1mogatja.<\/p>\n<h4><strong>A Sejtbiol\u00f3giai \u00e9s Sejtter\u00e1pi\u00e1s Csoportunkban alkalmazott m\u00f3dszerek<\/strong><\/h4>\n<p>Laborat\u00f3riumunkban a k\u00f6vetkez\u0151 m\u00f3dszereket v\u00e9gezz\u00fck: primer sejtvonalak l\u00e9trehoz\u00e1sa \u00e9s teny\u00e9szt\u00e9se, bioreaktoros sejtteny\u00e9szt\u00e9s, \u00e1raml\u00e1si citometria, fluoreszcens mikroszk\u00f3pia, Western-blot, ELISA, qPCR, funkcion\u00e1lis tesztek (XperT permeabilit\u00e1s, neutrofil-endot\u00e9lsejt adh\u00e9zi\u00f3, angiogenezis, sebgy\u00f3gyul\u00e1s, prolifer\u00e1ci\u00f3, citotoxicit\u00e1s, Ca-mobiliz\u00e1ci\u00f3)<\/p>\n<h4><a href=\"https:\/\/semmelweis.hu\/kutlab\/files\/2023\/07\/A-Sejtbiologiai-es-Sejtterapias-Csoport-legfontosabb-publikacioi.pdf\" target=\"_blank\" rel=\"noopener\"><strong>Publik\u00e1ci\u00f3k (pdf)<\/strong><\/a><\/h4>\n<p><b>\u00a0<\/b><\/p>\n","protected":false},"excerpt":{"rendered":"<p>Munkat\u00e1rsak <a href=\"https:\/\/semmelweis.hu\/kutlab\/munkatarsak\/cervenak-laszlo\/\">Dr. Cervenak L\u00e1szl\u00f3<\/a> , tudom\u00e1nyos tan\u00e1csad\u00f3, biol\u00f3gus, PhD, csoportvezet\u0151 <a href=\"https:\/\/semmelweis.hu\/kutlab\/munkatarsak\/122-32479\/\">Dr. Kajd\u00e1csi Erika<\/a> , tudom\u00e1nyos f\u0151munkat\u00e1rs, biol\u00f3gus, PhD, munkacsoportvezet\u0151 <a href=\"https:\/\/semmelweis.hu\/kutlab\/munkatarsak\/dr-kiszel-petra\/\">Dr. Kiszel Petra<\/a> , tudom\u00e1nyos f\u0151munkat\u00e1rs, biol\u00f3gus, PhD, munkacsoportvezet\u0151 <a href=\"https:\/\/semmelweis.hu\/kutlab\/munkatarsak\/dr-nagy-debreczeni-marta-lidia\/\">Dr. Nagy-Debreczeni M\u00e1rta L\u00eddia<\/a> , tudom\u00e1nyos munkat\u00e1rs, biol\u00f3gus, PhD <a href=\"https:\/\/semmelweis.hu\/kutlab\/munkatarsak\/bihari-gyorgy\/\">Bihari Gy\u00f6rgy<\/a> , klinikai laborat\u00f3riumi kutat\u00f3 <a href=\"https:\/\/semmelweis.hu\/kutlab\/munkatarsak\/vadicsku-dorina\/\">Vadicsku Dorina<\/a> , PhD hallgat\u00f3, biol\u00f3gus <a href=\"https:\/\/semmelweis.hu\/kutlab\/munkatarsak\/dr-demeter-flora\/\">Dr. Demeter Fl\u00f3ra<\/a> , PhD hallgat\u00f3, \u00e1ltal\u00e1nos orvos A Belgy\u00f3gy\u00e1szati \u00e9s Hematol\u00f3giai Klinika t\u00f6bb mint 20 \u00e9ve hozta l\u00e9tre az ateroszkler\u00f3zis \u00e9s a komplement medi\u00e1lt betegs\u00e9gek &hellip;<\/p>\n","protected":false},"author":1,"featured_media":0,"parent":24,"menu_order":0,"comment_status":"closed","ping_status":"closed","template":"","meta":{"_acf_changed":false,"footnotes":""},"categories":[],"tags":[],"class_list":["post-119","page","type-page","status-publish","hentry"],"acf":[],"_links":{"self":[{"href":"https:\/\/semmelweis.hu\/kutlab\/wp-json\/wp\/v2\/pages\/119","targetHints":{"allow":["GET"]}}],"collection":[{"href":"https:\/\/semmelweis.hu\/kutlab\/wp-json\/wp\/v2\/pages"}],"about":[{"href":"https:\/\/semmelweis.hu\/kutlab\/wp-json\/wp\/v2\/types\/page"}],"author":[{"embeddable":true,"href":"https:\/\/semmelweis.hu\/kutlab\/wp-json\/wp\/v2\/users\/1"}],"replies":[{"embeddable":true,"href":"https:\/\/semmelweis.hu\/kutlab\/wp-json\/wp\/v2\/comments?post=119"}],"version-history":[{"count":11,"href":"https:\/\/semmelweis.hu\/kutlab\/wp-json\/wp\/v2\/pages\/119\/revisions"}],"predecessor-version":[{"id":2134,"href":"https:\/\/semmelweis.hu\/kutlab\/wp-json\/wp\/v2\/pages\/119\/revisions\/2134"}],"up":[{"embeddable":true,"href":"https:\/\/semmelweis.hu\/kutlab\/wp-json\/wp\/v2\/pages\/24"}],"wp:attachment":[{"href":"https:\/\/semmelweis.hu\/kutlab\/wp-json\/wp\/v2\/media?parent=119"}],"wp:term":[{"taxonomy":"category","embeddable":true,"href":"https:\/\/semmelweis.hu\/kutlab\/wp-json\/wp\/v2\/categories?post=119"},{"taxonomy":"post_tag","embeddable":true,"href":"https:\/\/semmelweis.hu\/kutlab\/wp-json\/wp\/v2\/tags?post=119"}],"curies":[{"name":"wp","href":"https:\/\/api.w.org\/{rel}","templated":true}]}}