{"id":1185,"date":"2022-11-10T12:51:16","date_gmt":"2022-11-10T11:51:16","guid":{"rendered":"https:\/\/semmelweis.hu\/kutlab\/?page_id=1185"},"modified":"2025-07-30T11:03:25","modified_gmt":"2025-07-30T09:03:25","slug":"vadicsku-dorina","status":"publish","type":"page","link":"https:\/\/semmelweis.hu\/kutlab\/munkatarsak\/vadicsku-dorina\/","title":{"rendered":"Vadicsku Dorina"},"content":{"rendered":"<p>V\u00e9gzetts\u00e9g: Biol\u00f3gus (MSc)<\/p>\n<p>Munkak\u00f6r\/beoszt\u00e1s: PhD hallgat\u00f3<\/p>\n<p>E-mail:<\/p>\n<p>&nbsp;<\/p>\n<p><strong>Tudom\u00e1nyos \u00e9rdekl\u0151d\u00e9si ter\u00fcletek:<\/strong> Transzkriptomikai elemz\u00e9sek; mezenchim\u00e1lis \u0151ssejtek vizsg\u00e1lata.<\/p>\n<p><strong>Publik\u00e1ci\u00f3k: <\/strong><\/p>\n","protected":false},"excerpt":{"rendered":"<p>V\u00e9gzetts\u00e9g: Biol\u00f3gus (MSc)<br \/>\nMunkak\u00f6r\/beoszt\u00e1s: PhD hallgat\u00f3<br \/>\nE-mail:<br \/>\n&nbsp;<br \/>\nTudom\u00e1nyos \u00e9rdekl\u0151d\u00e9si ter\u00fcletek: Transzkriptomikai elemz\u00e9sek; mezenchim\u00e1lis \u0151ssejtek vizsg\u00e1lata.<br \/>\nPublik\u00e1ci\u00f3k: <\/p>\n","protected":false},"author":101100,"featured_media":0,"parent":19,"menu_order":22,"comment_status":"closed","ping_status":"closed","template":"","meta":{"_acf_changed":false,"footnotes":""},"categories":[],"tags":[],"class_list":["post-1185","page","type-page","status-publish","hentry"],"acf":[],"_links":{"self":[{"href":"https:\/\/semmelweis.hu\/kutlab\/wp-json\/wp\/v2\/pages\/1185","targetHints":{"allow":["GET"]}}],"collection":[{"href":"https:\/\/semmelweis.hu\/kutlab\/wp-json\/wp\/v2\/pages"}],"about":[{"href":"https:\/\/semmelweis.hu\/kutlab\/wp-json\/wp\/v2\/types\/page"}],"author":[{"embeddable":true,"href":"https:\/\/semmelweis.hu\/kutlab\/wp-json\/wp\/v2\/users\/101100"}],"replies":[{"embeddable":true,"href":"https:\/\/semmelweis.hu\/kutlab\/wp-json\/wp\/v2\/comments?post=1185"}],"version-history":[{"count":2,"href":"https:\/\/semmelweis.hu\/kutlab\/wp-json\/wp\/v2\/pages\/1185\/revisions"}],"predecessor-version":[{"id":2132,"href":"https:\/\/semmelweis.hu\/kutlab\/wp-json\/wp\/v2\/pages\/1185\/revisions\/2132"}],"up":[{"embeddable":true,"href":"https:\/\/semmelweis.hu\/kutlab\/wp-json\/wp\/v2\/pages\/19"}],"wp:attachment":[{"href":"https:\/\/semmelweis.hu\/kutlab\/wp-json\/wp\/v2\/media?parent=1185"}],"wp:term":[{"taxonomy":"category","embeddable":true,"href":"https:\/\/semmelweis.hu\/kutlab\/wp-json\/wp\/v2\/categories?post=1185"},{"taxonomy":"post_tag","embeddable":true,"href":"https:\/\/semmelweis.hu\/kutlab\/wp-json\/wp\/v2\/tags?post=1185"}],"curies":[{"name":"wp","href":"https:\/\/api.w.org\/{rel}","templated":true}]}}