{"id":1182,"date":"2022-11-10T12:47:51","date_gmt":"2022-11-10T11:47:51","guid":{"rendered":"https:\/\/semmelweis.hu\/kutlab\/?page_id=1182"},"modified":"2025-07-30T11:01:36","modified_gmt":"2025-07-30T09:01:36","slug":"dr-nagy-debreczeni-marta-lidia","status":"publish","type":"page","link":"https:\/\/semmelweis.hu\/kutlab\/munkatarsak\/dr-nagy-debreczeni-marta-lidia\/","title":{"rendered":"Dr. Nagy-Debreczeni M\u00e1rta L\u00eddia"},"content":{"rendered":"<p><img loading=\"lazy\" decoding=\"async\" class=\" wp-image-1221 alignleft\" src=\"https:\/\/semmelweis.hu\/kutlab\/files\/2022\/11\/43A3958-267x400.jpg\" alt=\"\" width=\"104\" height=\"156\" srcset=\"https:\/\/semmelweis.hu\/kutlab\/files\/2022\/11\/43A3958-267x400.jpg 267w, https:\/\/semmelweis.hu\/kutlab\/files\/2022\/11\/43A3958-683x1024.jpg 683w, https:\/\/semmelweis.hu\/kutlab\/files\/2022\/11\/43A3958-768x1152.jpg 768w, https:\/\/semmelweis.hu\/kutlab\/files\/2022\/11\/43A3958-200x300.jpg 200w, https:\/\/semmelweis.hu\/kutlab\/files\/2022\/11\/43A3958-1024x1536.jpg 1024w, https:\/\/semmelweis.hu\/kutlab\/files\/2022\/11\/43A3958-1365x2048.jpg 1365w, https:\/\/semmelweis.hu\/kutlab\/files\/2022\/11\/43A3958-scaled.jpg 1707w\" sizes=\"auto, (max-width: 104px) 100vw, 104px\" \/>V\u00e9gzetts\u00e9g: Biol\u00f3gus (MSc)<\/p>\n<p>Fokozat: PhD (Elm\u00e9leti \u00e9s Transzl\u00e1ci\u00f3s Doktori Iskola, Semmelweis Egyetem, 2022)<\/p>\n<p>Beoszt\u00e1s: Tudom\u00e1nyos munkat\u00e1rs<\/p>\n<p>E-mail: <a href=\"mailto:debreczeni.marta@semmelweis.hu\">debreczeni.marta@semmelweis.hu<\/a><\/p>\n<p><strong>Tudom\u00e1nyos \u00e9rdekl\u0151d\u00e9si ter\u00fcletek<\/strong>: Az endot\u00e9lsejtek fiziol\u00f3gi\u00e1ja \u00e9s patofiziol\u00f3gi\u00e1ja, m\u00f3dszerfejleszt\u00e9s az endot\u00e9lsejtek barrier funkci\u00f3j\u00e1nak vizsg\u00e1lat\u00e1ra, a v\u00e9rplazma szerin prote\u00e1zainak endot\u00e9lsejtekre gyakorolt hat\u00e1s\u00e1nak vizsg\u00e1lata, mezenchim\u00e1lis \u0151ssejtek vizsg\u00e1lata.<\/p>\n<p><strong>Publik\u00e1ci\u00f3k: <\/strong><a href=\"https:\/\/www.scopus.com\/authid\/detail.uri?authorId=57189325364\">Nagy-Debreczeni M\u00e1rta L\u00eddia publik\u00e1ci\u00f3s list\u00e1ja (Scopus)<\/a>.<\/p>\n<p><strong>Orcid ID: <\/strong><a href=\"https:\/\/orcid.org\/0000-0002-8126-7254\">0000-0002-8126-7254<\/a><\/p>\n","protected":false},"excerpt":{"rendered":"<p>V\u00e9gzetts\u00e9g: Biol\u00f3gus (MSc)<br \/>\nFokozat: PhD (Elm\u00e9leti \u00e9s Transzl\u00e1ci\u00f3s Doktori Iskola, Semmelweis Egyetem, 2022)<br \/>\nBeoszt\u00e1s: Tudom\u00e1nyos munkat\u00e1rs<br \/>\nE-mail: <a href=\"mailto:debreczeni.marta@semmelweis.hu\">debreczeni.marta@semmelweis.hu<\/a><br \/>\nTudom\u00e1nyos \u00e9rdekl\u0151d\u00e9si ter\u00fcletek: Az endot\u00e9lsejtek fiziol\u00f3gi\u00e1ja \u00e9s patofiziol\u00f3gi\u00e1ja, m\u00f3dszerfejleszt\u00e9s az endot\u00e9lsejtek barrier funkci\u00f3j\u00e1nak vizsg\u00e1lat\u00e1ra, a v\u00e9rplazma szerin prote\u00e1zainak endot\u00e9lsejtekre gyakorolt hat\u00e1s\u00e1nak vizsg\u00e1lata, mezenchim\u00e1lis \u0151ssejtek vizsg\u00e1lata.<br \/>\nPublik\u00e1ci\u00f3k: <a href=\"https:\/\/www.scopus.com\/authid\/detail.uri?authorId=57189325364\">Nagy-Debreczeni M\u00e1rta L\u00eddia publik\u00e1ci\u00f3s list\u00e1ja (Scopus)<\/a>.<br \/>\nOrcid ID: <a href=\"https:\/\/orcid.org\/0000-0002-8126-7254\">0000-0002-8126-7254<\/a><\/p>\n","protected":false},"author":101100,"featured_media":0,"parent":19,"menu_order":16,"comment_status":"closed","ping_status":"closed","template":"","meta":{"_acf_changed":false,"footnotes":""},"categories":[],"tags":[],"class_list":["post-1182","page","type-page","status-publish","hentry"],"acf":[],"_links":{"self":[{"href":"https:\/\/semmelweis.hu\/kutlab\/wp-json\/wp\/v2\/pages\/1182","targetHints":{"allow":["GET"]}}],"collection":[{"href":"https:\/\/semmelweis.hu\/kutlab\/wp-json\/wp\/v2\/pages"}],"about":[{"href":"https:\/\/semmelweis.hu\/kutlab\/wp-json\/wp\/v2\/types\/page"}],"author":[{"embeddable":true,"href":"https:\/\/semmelweis.hu\/kutlab\/wp-json\/wp\/v2\/users\/101100"}],"replies":[{"embeddable":true,"href":"https:\/\/semmelweis.hu\/kutlab\/wp-json\/wp\/v2\/comments?post=1182"}],"version-history":[{"count":5,"href":"https:\/\/semmelweis.hu\/kutlab\/wp-json\/wp\/v2\/pages\/1182\/revisions"}],"predecessor-version":[{"id":1978,"href":"https:\/\/semmelweis.hu\/kutlab\/wp-json\/wp\/v2\/pages\/1182\/revisions\/1978"}],"up":[{"embeddable":true,"href":"https:\/\/semmelweis.hu\/kutlab\/wp-json\/wp\/v2\/pages\/19"}],"wp:attachment":[{"href":"https:\/\/semmelweis.hu\/kutlab\/wp-json\/wp\/v2\/media?parent=1182"}],"wp:term":[{"taxonomy":"category","embeddable":true,"href":"https:\/\/semmelweis.hu\/kutlab\/wp-json\/wp\/v2\/categories?post=1182"},{"taxonomy":"post_tag","embeddable":true,"href":"https:\/\/semmelweis.hu\/kutlab\/wp-json\/wp\/v2\/tags?post=1182"}],"curies":[{"name":"wp","href":"https:\/\/api.w.org\/{rel}","templated":true}]}}