{"id":1153,"date":"2022-11-10T12:13:54","date_gmt":"2022-11-10T11:13:54","guid":{"rendered":"https:\/\/semmelweis.hu\/kutlab\/?page_id=1153"},"modified":"2022-11-11T13:13:53","modified_gmt":"2022-11-11T12:13:53","slug":"hemopoetikus-ossejt-transzplantacios-munkacsoport","status":"publish","type":"page","link":"https:\/\/semmelweis.hu\/kutlab\/kutatas\/sejtbiologiai-es-sejtterapias-csoport\/hemopoetikus-ossejt-transzplantacios-munkacsoport\/","title":{"rendered":"Hemopoetikus \u0150ssejt-transzplant\u00e1ci\u00f3s Munkacsoport"},"content":{"rendered":"<p><img loading=\"lazy\" decoding=\"async\" class=\"alignnone size-full wp-image-1220\" src=\"https:\/\/semmelweis.hu\/kutlab\/files\/2022\/11\/U937-scaled.jpg\" alt=\"\" width=\"2560\" height=\"421\" srcset=\"https:\/\/semmelweis.hu\/kutlab\/files\/2022\/11\/U937-scaled.jpg 2560w, https:\/\/semmelweis.hu\/kutlab\/files\/2022\/11\/U937-400x66.jpg 400w, https:\/\/semmelweis.hu\/kutlab\/files\/2022\/11\/U937-1024x168.jpg 1024w, https:\/\/semmelweis.hu\/kutlab\/files\/2022\/11\/U937-768x126.jpg 768w, https:\/\/semmelweis.hu\/kutlab\/files\/2022\/11\/U937-580x95.jpg 580w, https:\/\/semmelweis.hu\/kutlab\/files\/2022\/11\/U937-1536x252.jpg 1536w, https:\/\/semmelweis.hu\/kutlab\/files\/2022\/11\/U937-2048x337.jpg 2048w\" sizes=\"auto, (max-width: 2560px) 100vw, 2560px\" \/><\/p>\n<p style=\"text-align: justify\">A hematol\u00f3giai betegs\u00e9gek n\u00e9h\u00e1ny csoportj\u00e1ban (<em>Myeloma multiplex<\/em> \u00e9s a limf\u00f3m\u00e1k bizonyos t\u00edpusai) a ter\u00e1pia fontos elem\u00e9t k\u00e9pezi a hemopoetikus \u0151ssejtek autol\u00f3g visszajuttat\u00e1sa a betegekbe. Klinik\u00e1nk hematol\u00f3giai oszt\u00e1lyain v\u00e9gzik az el\u0151k\u00e9sz\u00edt\u0151 kezel\u00e9seket \u00e9s a hemopoetikus \u0151ssejtek gy\u0171jt\u00e9s\u00e9t (\u0151ssejt aferezis), majd az \u00f6sszegy\u0171jt\u00f6tt mint\u00e1t a <strong>Hemopoetikus \u0150ssejt-transzplant\u00e1ci\u00f3s (HSC) Laborat\u00f3riumba<\/strong> juttatj\u00e1k. A sejteket itt el\u0151k\u00e9sz\u00edtj\u00fck a fagyaszt\u00e1sra, majd kontrol\u00e1lt k\u00f6r\u00fclm\u00e9nyek k\u00f6z\u00f6tt foly\u00e9kony nitrog\u00e9nben t\u00e1roljuk. Amint a beteg ter\u00e1pi\u00e1ja a megfelel\u0151 f\u00e1zisba \u00e9r, a fagyasztott mint\u00e1t szint\u00e9n kontrol\u00e1lt k\u00f6r\u00fclm\u00e9nyek k\u00f6z\u00f6tt, a beteg\u00e1gy mellett kiolvasztjuk, majd a kezel\u0151orvos visszajuttatja a betegbe, aki az \u0151ssejtek megtapad\u00e1s\u00e1t \u00e9s a v\u00e9rsejtek \u00fajrak\u00e9pz\u0151d\u00e9s\u00e9t Klinik\u00e1nk egyik cs\u00edraszeg\u00e9ny izol\u00e1ci\u00f3s szob\u00e1j\u00e1ban v\u00e1rja meg. A mintafeldolgoz\u00e1si folyamat steril k\u00f6r\u00fclm\u00e9nyek k\u00f6z\u00f6tti, z\u00e1rt rendszer\u0171 sejtprepar\u00e1l\u00e1st k\u00f6vetel meg, valamint az \u0151ssejtprepar\u00e1tum t\u00f6bbszint\u0171 min\u0151s\u00e9gellen\u0151rz\u00e9s\u00e9t, amit a <strong>HSC Munkacsoportunk<\/strong> v\u00e9gez.<\/p>\n","protected":false},"excerpt":{"rendered":"<p>A hematol\u00f3giai betegs\u00e9gek n\u00e9h\u00e1ny csoportj\u00e1ban (Myeloma multiplex \u00e9s a limf\u00f3m\u00e1k bizonyos t\u00edpusai) a ter\u00e1pia fontos elem\u00e9t k\u00e9pezi a hemopoetikus \u0151ssejtek autol\u00f3g visszajuttat\u00e1sa a betegekbe. Klinik\u00e1nk hematol\u00f3giai oszt\u00e1lyain v\u00e9gzik az el\u0151k\u00e9sz\u00edt\u0151 kezel\u00e9seket \u00e9s a hemopoetikus \u0151ssejtek gy\u0171jt\u00e9s\u00e9t (\u0151ssejt aferezis), majd az \u00f6sszegy\u0171jt\u00f6tt mint\u00e1t a Hemopoetikus \u0150ssejt-transzplant\u00e1ci\u00f3s (HSC) Laborat\u00f3riumba juttatj\u00e1k. A sejteket itt el\u0151k\u00e9sz\u00edtj\u00fck a fagyaszt\u00e1sra, majd &hellip;<\/p>\n","protected":false},"author":101100,"featured_media":0,"parent":119,"menu_order":0,"comment_status":"closed","ping_status":"closed","template":"","meta":{"_acf_changed":false,"footnotes":""},"categories":[],"tags":[],"class_list":["post-1153","page","type-page","status-publish","hentry"],"acf":[],"_links":{"self":[{"href":"https:\/\/semmelweis.hu\/kutlab\/wp-json\/wp\/v2\/pages\/1153","targetHints":{"allow":["GET"]}}],"collection":[{"href":"https:\/\/semmelweis.hu\/kutlab\/wp-json\/wp\/v2\/pages"}],"about":[{"href":"https:\/\/semmelweis.hu\/kutlab\/wp-json\/wp\/v2\/types\/page"}],"author":[{"embeddable":true,"href":"https:\/\/semmelweis.hu\/kutlab\/wp-json\/wp\/v2\/users\/101100"}],"replies":[{"embeddable":true,"href":"https:\/\/semmelweis.hu\/kutlab\/wp-json\/wp\/v2\/comments?post=1153"}],"version-history":[{"count":2,"href":"https:\/\/semmelweis.hu\/kutlab\/wp-json\/wp\/v2\/pages\/1153\/revisions"}],"predecessor-version":[{"id":1247,"href":"https:\/\/semmelweis.hu\/kutlab\/wp-json\/wp\/v2\/pages\/1153\/revisions\/1247"}],"up":[{"embeddable":true,"href":"https:\/\/semmelweis.hu\/kutlab\/wp-json\/wp\/v2\/pages\/119"}],"wp:attachment":[{"href":"https:\/\/semmelweis.hu\/kutlab\/wp-json\/wp\/v2\/media?parent=1153"}],"wp:term":[{"taxonomy":"category","embeddable":true,"href":"https:\/\/semmelweis.hu\/kutlab\/wp-json\/wp\/v2\/categories?post=1153"},{"taxonomy":"post_tag","embeddable":true,"href":"https:\/\/semmelweis.hu\/kutlab\/wp-json\/wp\/v2\/tags?post=1153"}],"curies":[{"name":"wp","href":"https:\/\/api.w.org\/{rel}","templated":true}]}}