{"id":1144,"date":"2022-11-10T11:48:20","date_gmt":"2022-11-10T10:48:20","guid":{"rendered":"https:\/\/semmelweis.hu\/kutlab\/?page_id=1144"},"modified":"2023-07-28T10:53:35","modified_gmt":"2023-07-28T08:53:35","slug":"endotelsejt-munkacsoport","status":"publish","type":"page","link":"https:\/\/semmelweis.hu\/kutlab\/kutatas\/sejtbiologiai-es-sejtterapias-csoport\/endotelsejt-munkacsoport\/","title":{"rendered":"Endot\u00e9lsejt Munkacsoport"},"content":{"rendered":"<p><img loading=\"lazy\" decoding=\"async\" class=\"alignnone size-full wp-image-1215\" src=\"https:\/\/semmelweis.hu\/kutlab\/files\/2022\/11\/Endotel_BW.jpg\" alt=\"\" width=\"1360\" height=\"247\" srcset=\"https:\/\/semmelweis.hu\/kutlab\/files\/2022\/11\/Endotel_BW.jpg 1360w, https:\/\/semmelweis.hu\/kutlab\/files\/2022\/11\/Endotel_BW-400x73.jpg 400w, https:\/\/semmelweis.hu\/kutlab\/files\/2022\/11\/Endotel_BW-1024x186.jpg 1024w, https:\/\/semmelweis.hu\/kutlab\/files\/2022\/11\/Endotel_BW-768x139.jpg 768w, https:\/\/semmelweis.hu\/kutlab\/files\/2022\/11\/Endotel_BW-580x105.jpg 580w\" sizes=\"auto, (max-width: 1360px) 100vw, 1360px\" \/><\/p>\n<p style=\"text-align: justify;\">Az Endot\u00e9lsejt (EC) Munkacsoportban betegs\u00e9g-asszoci\u00e1lt endot\u00e9lsejt alapkutat\u00e1st v\u00e9gz\u00fcnk. Azaz, a k\u00e9rd\u00e9sfelvet\u00e9s egy-egy adott betegs\u00e9g endot\u00e9lsejtekre vonatkoztatott patofiziol\u00f3gi\u00e1j\u00e1b\u00f3l indul ki (ateroszkler\u00f3zis, herediter angio\u00f6d\u00e9ma, trombotikus mikroangiop\u00e1ti\u00e1k, szepszis, COVID-19), \u00e9s <em>in vitro<\/em> k\u00eds\u00e9rleti rendszerekben pr\u00f3b\u00e1lunk v\u00e1laszt tal\u00e1lni a k\u00e9rd\u00e9sekre. A k\u00e9rd\u00e9sfelvet\u00e9shez illetve az eredm\u00e9nyek igazol\u00e1s\u00e1ra bekapcsol\u00f3dunk a Kutat\u00f3laborat\u00f3rium klinikai popul\u00e1ci\u00f3s vizsg\u00e1lataiba is, betegek \u00e9s kontrolljaik endot\u00e9lsejtes plazmaparam\u00e9tereinek m\u00e9r\u00e9seivel.<\/p>\n<h4><strong>Legfontosabb eredm\u00e9nyeink<\/strong><\/h4>\n<ul>\n<li style=\"text-align: justify;\">Az endot\u00e9lsejtek nagy \u00e9rz\u00e9kenys\u00e9ggel fogj\u00e1k fel a k\u00fcl\u00f6nb\u00f6z\u0151 gyullad\u00e1si jeleket, \u00e9s azokra differenci\u00e1lt v\u00e1laszreakci\u00f3t adnak, \u00edgy fontos szab\u00e1lyoz\u00f3szerep\u00fck van a gyullad\u00e1si reakci\u00f3kban.<\/li>\n<li style=\"text-align: justify;\">A k\u00fcl\u00f6nb\u00f6z\u0151 donorokb\u00f3l sz\u00e1rmaz\u00f3 endot\u00e9lsejtek genetikai h\u00e1tter\u00fcknek megfelel\u0151en nagy sz\u00f3r\u00e1st mutatnak a gyullad\u00e1si v\u00e1laszk\u00e9pess\u00e9g\u00fckben, \u00edgy a \u201etipikus\u201d m\u0171k\u00f6d\u00e9si mint\u00e1zat meg\u00edt\u00e9l\u00e9s\u00e9hez t\u00f6bb donorb\u00f3l sz\u00e1rmaz\u00f3 endot\u00e9lsejt-vonalon v\u00e9gzett k\u00eds\u00e9rlet sz\u00fcks\u00e9ges.<\/li>\n<li style=\"text-align: justify;\">A komplementrendszer lektin \u00fatj\u00e1nak legfontosabb szerin prote\u00e1za, a MASP-1, gyullad\u00e1si fenot\u00edpust induk\u00e1l az endot\u00e9lsejtekben a prote\u00e1z aktiv\u00e1lta receptorok (PAR) has\u00edt\u00e1s\u00e1n kereszt\u00fcl. Ez gyullad\u00e1si citokinek \u00e9s adh\u00e9zi\u00f3s molekul\u00e1k expresszi\u00f3j\u00e1ban nyilv\u00e1nul meg legink\u00e1bb, de transzkriptomikai anal\u00edzissel \u00f6sszesen t\u00f6bb mint 40 gyullad\u00e1si g\u00e9n expresszi\u00f3v\u00e1ltoz\u00e1s\u00e1t tudtuk kimutatni.<\/li>\n<li style=\"text-align: justify;\">A MASP-1 jelent\u0151sen emeli az endot\u00e9lsejtek permeabilit\u00e1s\u00e1t, ami fontos lehet az endot\u00e9lsejt eredet\u0171 \u00f6d\u00e9m\u00e1k kialakul\u00e1s\u00e1ban. Ennek h\u00e1tter\u00e9ben a PAR-1 \u2192 miozin k\u00f6nny\u0171l\u00e1nc foszforil\u00e1l\u00f3d\u00e1s \u2192 aktin-szkeleton \u00e1trendez\u0151d\u00e9s jel\u00e1tviteli \u00fatvonal \u00e1ll.<\/li>\n<li style=\"text-align: justify;\">A MASP-1 mellett m\u00e1s plazma szerin prote\u00e1zok is k\u00e9pesek a permeabilit\u00e1s n\u00f6vel\u00e9s\u00e9re, mint pl. a MASP\u20112, a kallikrein \u00e9s a C1r.<\/li>\n<li style=\"text-align: justify;\">Az endot\u00e9lsejtek alapvet\u0151 szerep\u00e9t tudtuk kimutatni herediter angio\u00f6d\u00e9ma betegek roham\u00e1nak kialakul\u00e1s\u00e1ban. Szint\u00e9n le\u00edrtuk, hogy a betegekben megv\u00e1ltozik sz\u00e1mos endot\u00e9lsejtre hat\u00f3 vazoakt\u00edv peptid plazmakoncentr\u00e1ci\u00f3ja.<\/li>\n<\/ul>\n","protected":false},"excerpt":{"rendered":"<p>Az Endot\u00e9lsejt (EC) Munkacsoportban betegs\u00e9g-asszoci\u00e1lt endot\u00e9lsejt alapkutat\u00e1st v\u00e9gz\u00fcnk. Azaz, a k\u00e9rd\u00e9sfelvet\u00e9s egy-egy adott betegs\u00e9g endot\u00e9lsejtekre vonatkoztatott patofiziol\u00f3gi\u00e1j\u00e1b\u00f3l indul ki (ateroszkler\u00f3zis, herediter angio\u00f6d\u00e9ma, trombotikus mikroangiop\u00e1ti\u00e1k, szepszis, COVID-19), \u00e9s in vitro k\u00eds\u00e9rleti rendszerekben pr\u00f3b\u00e1lunk v\u00e1laszt tal\u00e1lni a k\u00e9rd\u00e9sekre. A k\u00e9rd\u00e9sfelvet\u00e9shez illetve az eredm\u00e9nyek igazol\u00e1s\u00e1ra bekapcsol\u00f3dunk a Kutat\u00f3laborat\u00f3rium klinikai popul\u00e1ci\u00f3s vizsg\u00e1lataiba is, betegek \u00e9s kontrolljaik endot\u00e9lsejtes plazmaparam\u00e9tereinek m\u00e9r\u00e9seivel. &hellip;<\/p>\n","protected":false},"author":101100,"featured_media":0,"parent":119,"menu_order":0,"comment_status":"closed","ping_status":"closed","template":"","meta":{"_acf_changed":false,"footnotes":""},"categories":[],"tags":[],"class_list":["post-1144","page","type-page","status-publish","hentry"],"acf":[],"_links":{"self":[{"href":"https:\/\/semmelweis.hu\/kutlab\/wp-json\/wp\/v2\/pages\/1144","targetHints":{"allow":["GET"]}}],"collection":[{"href":"https:\/\/semmelweis.hu\/kutlab\/wp-json\/wp\/v2\/pages"}],"about":[{"href":"https:\/\/semmelweis.hu\/kutlab\/wp-json\/wp\/v2\/types\/page"}],"author":[{"embeddable":true,"href":"https:\/\/semmelweis.hu\/kutlab\/wp-json\/wp\/v2\/users\/101100"}],"replies":[{"embeddable":true,"href":"https:\/\/semmelweis.hu\/kutlab\/wp-json\/wp\/v2\/comments?post=1144"}],"version-history":[{"count":5,"href":"https:\/\/semmelweis.hu\/kutlab\/wp-json\/wp\/v2\/pages\/1144\/revisions"}],"predecessor-version":[{"id":1698,"href":"https:\/\/semmelweis.hu\/kutlab\/wp-json\/wp\/v2\/pages\/1144\/revisions\/1698"}],"up":[{"embeddable":true,"href":"https:\/\/semmelweis.hu\/kutlab\/wp-json\/wp\/v2\/pages\/119"}],"wp:attachment":[{"href":"https:\/\/semmelweis.hu\/kutlab\/wp-json\/wp\/v2\/media?parent=1144"}],"wp:term":[{"taxonomy":"category","embeddable":true,"href":"https:\/\/semmelweis.hu\/kutlab\/wp-json\/wp\/v2\/categories?post=1144"},{"taxonomy":"post_tag","embeddable":true,"href":"https:\/\/semmelweis.hu\/kutlab\/wp-json\/wp\/v2\/tags?post=1144"}],"curies":[{"name":"wp","href":"https:\/\/api.w.org\/{rel}","templated":true}]}}