{"id":783,"date":"2020-05-04T13:40:34","date_gmt":"2020-05-04T11:40:34","guid":{"rendered":"https:\/\/semmelweis.hu\/koronavirus\/?page_id=783"},"modified":"2020-05-26T12:46:33","modified_gmt":"2020-05-26T10:46:33","slug":"h-uncover-tamogatok","status":"publish","type":"page","link":"https:\/\/semmelweis.hu\/koronavirus\/h-uncover\/h-uncover-tamogatok\/","title":{"rendered":"H-UNCOVER T\u00e1mogat\u00f3k"},"content":{"rendered":"<div id=\"GroupWiseSection_1588748259000_Stulasz\" class=\"GroupWiseMessageBody\">\n<div>\n<div dir=\"ltr\">\n<div>Az <strong>Orsz\u00e1gos Gerincgy\u00f3gy\u00e1szati K\u00f6zpont<\/strong> 5 f\u0151t biztos\u00edtott folyamatosan a sz\u0171r\u0151csapatokhoz, mely t\u00e1mogat\u00e1s a vid\u00e9ki sz\u0171r\u00e9sek sor\u00e1n jelent\u0151sen hozz\u00e1j\u00e1rult a hum\u00e1ner\u0151forr\u00e1s probl\u00e9m\u00e1nk lek\u00fczd\u00e9s\u00e9ben.<\/div>\n<div>\n<hr \/>\n<\/div>\n<\/div>\n<p><span style=\"font-size: 1rem\">A <strong>Europcar<\/strong> m\u00e1jus 15-ig h\u00e1rom aut\u00f3t aj\u00e1nlott fel az orsz\u00e1gos reprezentat\u00edv sz\u0171r\u0151vizsg\u00e1lat-sorozat t\u00e1mogat\u00e1s\u00e1ra. A<strong> Rossmann, a Lidl, a CBA \u00e9s a Praktiker <\/strong>\u00e1ruh\u00e1zl\u00e1ncok pedig plak\u00e1tok kihelyez\u00e9s\u00e9vel t\u00e1mogatja az orsz\u00e1gos sz\u0171r\u0151vizsg\u00e1latot.<\/span><\/p>\n<hr \/>\n<p>Plak\u00e1tok kihelyez\u00e9s\u00e9vel t\u00e1mogatja a <strong>Tesco Magyarorsz\u00e1g, <\/strong>az orsz\u00e1gos reprezentat\u00edv sz\u0171r\u0151vizsg\u00e1lat-sorozatot. A COVID-19 sz\u0171r\u0151vizsg\u00e1latokon t\u00f6rt\u00e9n\u0151 r\u00e9szv\u00e9tel fontoss\u00e1g\u00e1t hirdetik azok a plak\u00e1tok, melyek a sz\u0171r\u0151\u00e1llom\u00e1soknak helyt ad\u00f3 telep\u00fcl\u00e9seken ker\u00fclnek kihelyez\u00e9sre. A plak\u00e1tok nyomtat\u00e1si \u00e9s logisztikai k\u00f6lts\u00e9geit a Tesco-Global \u00c1ruh\u00e1zak Zrt. v\u00e1llalta mag\u00e1ra.<\/p>\n<hr \/>\n<p>A <strong>Magyar Orvosi Kamara (MOK)<\/strong> haz\u00e1nk minden orvos\u00e1t<a href=\"https:\/\/mok.hu\/hirek\/szakmai\/orszagos-covid-19-szurovizsgalat--segitsunk\"> h\u00edrlev\u00e9lben \u00e9rtes\u00edtette ki<\/a> a reprezentat\u00edv sz\u0171r\u0151vizsg\u00e1lat-sorozat r\u00e9szleteir\u0151l, egyben felk\u00e9rve a magyar orvosk\u00f6z\u00f6ss\u00e9g tagjait arra is, hogy t\u00e1j\u00e9koztass\u00e1k p\u00e1cienseiket \u00e9s ismer\u0151seiket a vizsg\u00e1laton t\u00f6rt\u00e9n\u0151 r\u00e9szv\u00e9tel fontoss\u00e1g\u00e1r\u00f3l.<\/p>\n<hr \/>\n<\/div>\n<div>A n\u00e9gy egyetem munkat\u00e1rsait a ter\u00fcleti megb\u00edzottak, a polg\u00e1rmesterek, a h\u00e1ziorvosok \u00e9s rend\u0151rs\u00e9g, valamint a polg\u00e1r\u0151rs\u00e9g munkat\u00e1rsai seg\u00edtik az orsz\u00e1gos, reprezentat\u00edv sz\u0171r\u0151vizsg\u00e1lat sor\u00e1n a helysz\u00ednek biztos\u00edt\u00e1s\u00e1val (pl. enged\u00e9lyek), valamint a lakoss\u00e1g megsz\u00f3l\u00edt\u00e1s\u00e1val, t\u00e1j\u00e9koztat\u00e1s\u00e1val kapcsolatosan. K\u00f6sz\u00f6nj\u00fck a seg\u00edts\u00e9g\u00fcket.<\/div>\n<\/div>\n<hr \/>\n<p>Az <strong>Orsz\u00e1gos Ment\u0151szolg\u00e1lat (OMSZ)<\/strong> is csatlakozott a n\u00e9gy hazai orvosk\u00e9pz\u0151 egyetem \u00e1ltal szervezett orsz\u00e1gos reprezentat\u00edv sz\u0171r\u0151vizsg\u00e1lat sorozathoz. Az OMSZ munkat\u00e1rsai a h\u00e1zhoz k\u00e9rt sz\u0171r\u0151vizsg\u00e1latok lebonyol\u00edt\u00e1s\u00e1ban seg\u00edtik az eg\u00e9sz orsz\u00e1gra kiterjed\u0151 COVID-19 sz\u0171r\u00e9seket. Azokban az esetekben, ahol a sz\u0171r\u0151vizsg\u00e1latra felk\u00e9rt szem\u00e9lyeknek nem \u00e1ll m\u00f3djukban megjelenni a legk\u00f6zelebbi sz\u0171r\u0151\u00e1llom\u00e1son, p\u00e9ld\u00e1ul koruk, vagy valamilyen kr\u00f3nikus betegs\u00e9g miatt, a n\u00e9gy orvosi egyetem \u00e9s az OMSZ munkat\u00e1rsai mennek h\u00e1zhoz, hogy a megfelel\u0151 \u00f3vint\u00e9zked\u00e9sek betart\u00e1sa mellett elv\u00e9gezz\u00e9k a sz\u0171r\u00e9st.<\/p>\n<hr \/>\n<p>K\u00f6sz\u00f6nj\u00fck a t\u00e1mogat\u00e1st az <strong>Auchan Magyarorsz\u00e1g Zrt solym\u00e1ri \u00fczlet\u00e9nek <\/strong> \u00e9s a <strong>Vol\u00e1nbusz Zrt v\u00e1ci kirendelts\u00e9g\u00e9nek!<\/strong> A solym\u00e1ri Auchan \u00e1ruh\u00e1z parkol\u00f3j\u00e1ban kialak\u00edtott sz\u0171r\u0151\u00e1llom\u00e1son m\u00e1jus 4. \u00e9s 13. k\u00f6z\u00f6tt minden nap 9:00 \u00e9s 18:00 k\u00f6z\u00f6tt v\u00e1rj\u00e1k a K\u00f6zponti Statisztikai Hivatal \u00e1ltal kiv\u00e1lasztott szem\u00e9lyeket az orsz\u00e1gos reprezentat\u00edv sz\u0171r\u0151vizsg\u00e1latra. A sz\u0171r\u0151\u00e1llom\u00e1s helysz\u00edn\u00e9t, valamint v\u00edz- \u00e9s \u00e1ramell\u00e1t\u00e1s\u00e1t az Auchan Magyarorsz\u00e1g Zrt. biztos\u00edtja. A v\u00e1ci Vol\u00e1nbusz \u00e1llom\u00e1son kialak\u00edtott sz\u0171r\u0151\u00e1llom\u00e1son szint\u00e9n m\u00e1jus 4. \u00e9s 13. k\u00f6z\u00f6tt v\u00e1rj\u00e1k a sz\u0171r\u00e9sre \u00e9rkez\u0151ket, a helysz\u00ednt, valamint a v\u00edz- \u00e9s \u00e1ramell\u00e1t\u00e1st a Vol\u00e1nbusz Zrt. biztos\u00edtja.<\/p>\n<hr \/>\n<p><a href=\"https:\/\/semmelweis.hu\/koronavirus\/files\/2020\/05\/covid_szures_rollup_plakat-02.png\"><img loading=\"lazy\" decoding=\"async\" class=\"alignleft  wp-image-790\" src=\"https:\/\/semmelweis.hu\/koronavirus\/files\/2020\/05\/covid_szures_rollup_plakat-02-286x400.png\" alt=\"\" width=\"244\" height=\"341\" srcset=\"https:\/\/semmelweis.hu\/koronavirus\/files\/2020\/05\/covid_szures_rollup_plakat-02-286x400.png 286w, https:\/\/semmelweis.hu\/koronavirus\/files\/2020\/05\/covid_szures_rollup_plakat-02-731x1024.png 731w, https:\/\/semmelweis.hu\/koronavirus\/files\/2020\/05\/covid_szures_rollup_plakat-02-768x1076.png 768w, https:\/\/semmelweis.hu\/koronavirus\/files\/2020\/05\/covid_szures_rollup_plakat-02-1097x1536.png 1097w, https:\/\/semmelweis.hu\/koronavirus\/files\/2020\/05\/covid_szures_rollup_plakat-02-1462x2048.png 1462w, https:\/\/semmelweis.hu\/koronavirus\/files\/2020\/05\/covid_szures_rollup_plakat-02-753x1055.png 753w\" sizes=\"auto, (max-width: 244px) 100vw, 244px\" \/><\/a>Plak\u00e1tokkal t\u00e1mogatja az <strong>Auchan Magyarorsz\u00e1g Zrt.<\/strong> az <a href=\"https:\/\/semmelweis.hu\/hirek\/2020\/04\/28\/kozlemeny-orszagos-vizsgalatsorozatba-kezdenek-a-semmelweis-egyetem-vezetesevel-a-hazai-orvoskepzok\/\">orsz\u00e1gos reprezentat\u00edv sz\u0171r\u0151vizsg\u00e1lat<\/a> sorozatot. A hazai orvosi egyetemek \u00e1ltal v\u00e9gzett COVID-19 sz\u0171r\u0151vizsg\u00e1latok fontoss\u00e1g\u00e1ra h\u00edvj\u00e1k fel a figyelmet azok a plak\u00e1tok, melyeket a h\u00e9ten kihelyeznek az orsz\u00e1g \u00f6sszes Auchan \u00e1ruh\u00e1z\u00e1ban. Az Auchan Magyarorsz\u00e1g Zrt. a plak\u00e1tok el\u0151\u00e1ll\u00edt\u00e1si \u00e9s kihelyez\u00e9si k\u00f6lts\u00e9geit is mag\u00e1rra v\u00e1llalta.<\/p>\n<p>A sz\u0171r\u0151vizsg\u00e1latok c\u00e9lja, hogy pontos, \u00e1tfog\u00f3 k\u00e9pet ny\u00fajtsanak a magyarorsz\u00e1gi COVID-19 j\u00e1rv\u00e1ny kiterjed\u00e9s\u00e9r\u0151l. Egyetlen vizsg\u00e1lt szem\u00e9ly a csal\u00e1dj\u00e1n k\u00edv\u00fcl tov\u00e1bbi 500-1000 magyart k\u00e9pvisel, ez\u00e9rt kiemelten fontos, hogy azok, akik megh\u00edv\u00f3t kapnak a sz\u0171r\u0151vizsg\u00e1latra \u00e9ljenek a lehet\u0151s\u00e9ggel. A sz\u0171r\u00e9s ingyenes, nem j\u00e1r f\u00e1jdalommal, ki\u00e9rtes\u00edt\u00e9skor a kiv\u00e1lasztott szem\u00e9lyek tov\u00e1bbi inform\u00e1ci\u00f3t kapnak a vizsg\u00e1latok helysz\u00edn\u00e9r\u0151l \u00e9s id\u0151pontj\u00e1r\u00f3l.<\/p>\n<hr \/>\n<p>K\u00f6sz\u00f6nj\u00fck a <strong>V\u00edziment\u0151k Orsz\u00e1gos Szakszolg\u00e1lata<\/strong>, a gy\u0151ri <strong>Petz Alad\u00e1r Megyei Oktat\u00f3k\u00f3rh\u00e1z<\/strong> \u00e9s a f\u0151v\u00e1rosi <strong>Bajcsy Zsilinszky K\u00f3rh\u00e1z \u00e9s Rendel\u0151int\u00e9zet<\/strong> \u00f6nk\u00e9nt felaj\u00e1nlott seg\u00edts\u00e9g\u00e9t \u00e9s t\u00e1mogat\u00e1s\u00e1t a n\u00e9gy hazai orvosk\u00e9pz\u0151 egyetem nev\u00e9ben.<\/p>\n<p>Az int\u00e9zm\u00e9nyek \u00f6nk\u00e9ntesen csatlakoztak ahhoz<a href=\"https:\/\/semmelweis.hu\/hirek\/2020\/04\/28\/kozlemeny-orszagos-vizsgalatsorozatba-kezdenek-a-semmelweis-egyetem-vezetesevel-a-hazai-orvoskepzok\/\" target=\"_blank\" rel=\"noopener noreferrer\">\u00a0az orsz\u00e1gos reprezentat\u00edv sz\u0171r\u0151vizsg\u00e1lathoz<\/a>, melyet \u00e1prilis 28-\u00e1n\u00a0<a href=\"https:\/\/semmelweis.hu\/hirek\/2020\/04\/29\/indulnak-a-koronavirus-szuresek-a-negy-orvoskepzo-egyetem-vizsgalata-kereteben-video\/\" target=\"_blank\" rel=\"noopener noreferrer\">jelentett be a n\u00e9gy hazai orvosk\u00e9pz\u0151 egyetem<\/a>, \u00e9s melynek c\u00e9lja, hogy pontos k\u00e9pet kapjunk a j\u00e1rv\u00e1ny kiterjed\u00e9s\u00e9r\u0151l \u00e9s az \u00faj t\u00edpus\u00fa koronav\u00edrussal fert\u0151z\u00f6ttek \u00e9s \u00e1tfert\u0151z\u00f6ttek val\u00f3s sz\u00e1m\u00e1r\u00f3l.<\/p>\n<p>Az eredm\u00e9nyek alapj\u00e1n orsz\u00e1gos klinikai epidemiol\u00f3giai tanulm\u00e1ny k\u00e9sz\u00fcl arr\u00f3l, hogy mekkora a v\u00edrusfert\u0151z\u00f6ttek val\u00f3s sz\u00e1ma haz\u00e1nkban, h\u00e1nyan betegedtek meg eddig \u00f6sszesen \u00e9s szerezhettek immunit\u00e1st a v\u00edrussal szemben, illetve h\u00e1nyan lehetnek a szinte t\u00fcnetmentes v\u00edrushordoz\u00f3k.<\/p>\n","protected":false},"excerpt":{"rendered":"<p>Az Orsz\u00e1gos Gerincgy\u00f3gy\u00e1szati K\u00f6zpont 5 f\u0151t biztos\u00edtott folyamatosan a sz\u0171r\u0151csapatokhoz, mely t\u00e1mogat\u00e1s a vid\u00e9ki sz\u0171r\u00e9sek sor\u00e1n jelent\u0151sen hozz\u00e1j\u00e1rult a hum\u00e1ner\u0151forr\u00e1s probl\u00e9m\u00e1nk lek\u00fczd\u00e9s\u00e9ben. A Europcar m\u00e1jus 15-ig h\u00e1rom aut\u00f3t aj\u00e1nlott fel az orsz\u00e1gos reprezentat\u00edv sz\u0171r\u0151vizsg\u00e1lat-sorozat t\u00e1mogat\u00e1s\u00e1ra. A Rossmann, a Lidl, a CBA \u00e9s a Praktiker \u00e1ruh\u00e1zl\u00e1ncok pedig plak\u00e1tok kihelyez\u00e9s\u00e9vel t\u00e1mogatja az orsz\u00e1gos sz\u0171r\u0151vizsg\u00e1latot. Plak\u00e1tok kihelyez\u00e9s\u00e9vel t\u00e1mogatja &hellip;<\/p>\n","protected":false},"author":12,"featured_media":0,"parent":759,"menu_order":2,"comment_status":"closed","ping_status":"closed","template":"","meta":{"_acf_changed":false,"footnotes":""},"categories":[],"tags":[],"class_list":["post-783","page","type-page","status-publish","hentry"],"acf":[],"_links":{"self":[{"href":"https:\/\/semmelweis.hu\/koronavirus\/wp-json\/wp\/v2\/pages\/783","targetHints":{"allow":["GET"]}}],"collection":[{"href":"https:\/\/semmelweis.hu\/koronavirus\/wp-json\/wp\/v2\/pages"}],"about":[{"href":"https:\/\/semmelweis.hu\/koronavirus\/wp-json\/wp\/v2\/types\/page"}],"author":[{"embeddable":true,"href":"https:\/\/semmelweis.hu\/koronavirus\/wp-json\/wp\/v2\/users\/12"}],"replies":[{"embeddable":true,"href":"https:\/\/semmelweis.hu\/koronavirus\/wp-json\/wp\/v2\/comments?post=783"}],"version-history":[{"count":11,"href":"https:\/\/semmelweis.hu\/koronavirus\/wp-json\/wp\/v2\/pages\/783\/revisions"}],"predecessor-version":[{"id":931,"href":"https:\/\/semmelweis.hu\/koronavirus\/wp-json\/wp\/v2\/pages\/783\/revisions\/931"}],"up":[{"embeddable":true,"href":"https:\/\/semmelweis.hu\/koronavirus\/wp-json\/wp\/v2\/pages\/759"}],"wp:attachment":[{"href":"https:\/\/semmelweis.hu\/koronavirus\/wp-json\/wp\/v2\/media?parent=783"}],"wp:term":[{"taxonomy":"category","embeddable":true,"href":"https:\/\/semmelweis.hu\/koronavirus\/wp-json\/wp\/v2\/categories?post=783"},{"taxonomy":"post_tag","embeddable":true,"href":"https:\/\/semmelweis.hu\/koronavirus\/wp-json\/wp\/v2\/tags?post=783"}],"curies":[{"name":"wp","href":"https:\/\/api.w.org\/{rel}","templated":true}]}}