{"id":759,"date":"2020-05-03T10:09:30","date_gmt":"2020-05-03T08:09:30","guid":{"rendered":"https:\/\/semmelweis.hu\/koronavirus\/?page_id=759"},"modified":"2020-10-02T13:55:52","modified_gmt":"2020-10-02T11:55:52","slug":"h-uncover","status":"publish","type":"page","link":"https:\/\/semmelweis.hu\/koronavirus\/h-uncover\/","title":{"rendered":"H-UNCOVER"},"content":{"rendered":"<p>A Semmelweis Egyetem vezet\u00e9s\u00e9vel, a Debreceni Egyetem, a Szegedi \u00e9s a P\u00e9csi Tudom\u00e1nyegyetem r\u00e9szv\u00e9tel\u00e9vel, a K\u00f6zponti Statisztikai Hivatal egy\u00fcttm\u0171k\u00f6d\u00e9s\u00e9vel, valamint az Innov\u00e1ci\u00f3s \u00e9s Technol\u00f3giai Miniszt\u00e9rium t\u00e1mogat\u00e1s\u00e1val 2020 m\u00e1jus 1-16 k\u00f6z\u00f6tt H-UNCOVER orsz\u00e1gos, reprezentat\u00edv vizsg\u00e1latot v\u00e9geztek, melynek c\u00e9lja az volt, hogy pontos k\u00e9pet kapjunk a j\u00e1rv\u00e1ny els\u0151 hull\u00e1m\u00e1nak kiterjed\u00e9s\u00e9r\u0151l \u00e9s az \u00faj t\u00edpus\u00fa koronav\u00edrussal fert\u0151z\u00f6ttek \u00e9s \u00e1tfert\u0151z\u00f6ttek val\u00f3s sz\u00e1m\u00e1r\u00f3l, dinamik\u00e1j\u00e1r\u00f3l.<\/p>\n<p>Mintegy 10 600 f\u0151 vett r\u00e9szt k\u00e9t h\u00e9t alatt az orsz\u00e1gos koronav\u00edrus-sz\u0171r\u0151vizsg\u00e1laton. A kerethiba figyelembe v\u00e9tel\u00e9vel a legmagasabb, 75 sz\u00e1zal\u00e9k feletti r\u00e9szv\u00e9tel Veszpr\u00e9m, N\u00f3gr\u00e1d \u00e9s Pest megy\u00e9ben volt, m\u00edg a legjobban teljes\u00edt\u0151 megyek\u00f6zpontban, Salg\u00f3tarj\u00e1nban a megh\u00edvottak 77 sz\u00e1zal\u00e9ka jelent meg. A sz\u0171r\u00e9s r\u00e9szv\u00e9teli ar\u00e1nya \u00e9s a lesz\u0171rtek sz\u00e1ma nemzetk\u00f6zi viszonylatban is kimagasl\u00f3, a hasonl\u00f3 c\u00e9llal Izlandon, valamint Szlov\u00e9ni\u00e1ban v\u00e9gzett felm\u00e9r\u00e9sekben enn\u00e9l j\u00f3val alacsonyabb, \u00f6tven sz\u00e1zal\u00e9k alatti volt a r\u00e9szv\u00e9tel. <br \/><a href=\"https:\/\/semmelweis.hu\/hirek\/2020\/05\/18\/h-uncover-reprezentativ-lett-az-orszagos-koronavirus-szurovizsgalat-eredmenye\/\">B\u0151vebben az eredm\u00e9nyekr\u0151l itt olvashat \u2192<\/a><br \/><a href=\"https:\/\/semmelweis.hu\/hirek\/2020\/04\/28\/kozlemeny-orszagos-vizsgalatsorozatba-kezdenek-a-semmelweis-egyetem-vezetesevel-a-hazai-orvoskepzok\/\" target=\"_blank\" rel=\"noopener noreferrer\">Tov\u00e1bb a vizsg\u00e1lat indul\u00e1s\u00e1r\u00f3l sz\u00f3l\u00f3 cikkre \u2192<\/a><br \/><a href=\"https:\/\/semmelweis.hu\/koronavirus\/files\/2020\/05\/RS115693_covid_szures_4logo-1.pdf\" target=\"_blank\" rel=\"noopener noreferrer\">A sz\u0171r\u0151vizsg\u00e1latr\u00f3l sz\u00f3l\u00f3 plak\u00e1t let\u00f6lt\u00e9se \u2192<\/a><\/p>\n<hr \/>\n<p>&nbsp;<\/p>\n<p><iframe loading=\"lazy\" title=\"Orsz\u00e1gos Reprezentat\u00edv COVID-19 Sz\u0171r\u0151vizsg\u00e1lat\" width=\"753\" height=\"424\" src=\"https:\/\/www.youtube.com\/embed\/ZN67K9pWHxg?feature=oembed\" frameborder=\"0\" allow=\"accelerometer; autoplay; clipboard-write; encrypted-media; gyroscope; picture-in-picture\" allowfullscreen><\/iframe><\/p>\n<div class=\"exp-col-content-holder\"><a class=\"expand-cnt-link\" href=\"#\">Gyakori k\u00e9rd\u00e9sek a H-UNCOVER vizsg\u00e1lattal kapcsolatban<\/a><\/p>\n<div class=\"hidden-content\">\n<p><strong>Hogyan kapok \u00e9rtes\u00edt\u00e9st?<\/strong><\/p>\n<p>Lev\u00e9lben, telefonon, vagy az \u00fcgyf\u00e9lkapun kereszt\u00fcl kap majd megh\u00edv\u00f3t.<\/p>\n<p><strong>Lehet jelentkezni a vizsg\u00e1latra?<\/strong><\/p>\n<p>A vizsg\u00e1latra nem lehet \u00f6nk\u00e9ntesen jelentkezni, a KSH seg\u00edts\u00e9g\u00e9vel m\u00e1r megt\u00f6rt\u00e9nt annak a 17 778 f\u0151nek a kiv\u00e1laszt\u00e1sa, akik megh\u00edv\u00e1st kapnak vizsg\u00e1latra.<\/p>\n<p><strong>Mi alapj\u00e1n lettem kiv\u00e1lasztva a vizsg\u00e1latba?<\/strong><\/p>\n<p>Ez egy reprezentat\u00edv vizsg\u00e1lat, a r\u00e9sztvev\u0151k meghat\u00e1rozott jellemz\u0151k alapj\u00e1n, de v\u00e9letlenszer\u0171en ker\u00fcltek kiv\u00e1laszt\u00e1sra. Ennek szempontja az volt, hogy a minta minden magyarorsz\u00e1gi r\u00e9gi\u00f3ra \u00e9s \u00e9letkorra reprezentat\u00edv legyen.<\/p>\n<p><strong>Igaz, hogy nem lehet enni \u00e9s inni a vizsg\u00e1lat el\u0151tt? <\/strong><\/p>\n<p>K\u00e9rj\u00fck, hogy a pontosabb eredm\u00e9ny \u00e9rdek\u00e9ben a sz\u0171r\u00e9s el\u0151tti 2 \u00f3r\u00e1val m\u00e1r ne egyen, de vizet m\u00e9g k\u00f6zvetlen\u00fcl a vizsg\u00e1lat el\u0151tt is ihat.<\/p>\n<p><strong>Igaz, hogy h\u00e1zhoz is j\u00f6nnek, ha kr\u00f3nikus beteg vagyok?<\/strong><\/p>\n<p>A vizsg\u00e1latokat mozg\u00f3 sz\u0171r\u0151aut\u00f3k \u00e9s az Orsz\u00e1gos Ment\u0151szolg\u00e1lat munkat\u00e1rsai is seg\u00edtik. Ha \u00d6n kr\u00f3nikus beteg, vagy elm\u00falt 65 \u00e9ves, akkor jelezze munkat\u00e1rsainknak, mert a sz\u0171r\u0151aut\u00f3 elmegy az otthon\u00e1ig, nem kell kimozdulnia a vizsg\u00e1lat miatt.<\/p>\n<p><strong>Igaz, hogy 2-3 nap m\u00falva megism\u00e9tlik a vizsg\u00e1latot?<\/strong><\/p>\n<p>B\u00e1r az egyetemek munkat\u00e1rsai 1-1 helysz\u00ednen t\u00f6bbsz\u00f6r is jelen vannak, egy embernek a vizsg\u00e1laton csak egyszer sz\u00fcks\u00e9ges megjelenni. A mostani felm\u00e9r\u00e9s m\u00e1jus 14-ig tart, ugyanakkor a k\u00e9s\u0151bbiekben lesznek m\u00e9g hasonl\u00f3 felm\u00e9r\u00e9sek a H-UNCOVER nevet visel\u0151 kutat\u00e1s keret\u00e9ben.<\/p>\n<p><strong>Mikor kapok \u00e9rtes\u00edt\u00e9st a vizsg\u00e1lati eredm\u00e9nyemr\u0151l?<\/strong><\/p>\n<p>A kapott laborat\u00f3riumi eredm\u00e9nyeket az Elektronikus eg\u00e9szs\u00e9g\u00fcgyi szolg\u00e1ltat\u00e1si t\u00e9r (EESZT) rendszer\u00e9be felt\u00f6ltj\u00fck, ahol tov\u00e1bbi felhaszn\u00e1l\u00e1sra el\u00e9rhet\u0151v\u00e9 v\u00e1lik \u00d6n \u00e9s kezel\u0151orvosa sz\u00e1m\u00e1ra. A sz\u0171r\u00e9s ut\u00e1ni 24-48 \u00f3r\u00e1ban k\u00fcl\u00f6n is \u00e9rtes\u00edtj\u00fck azokat, akiknek a mint\u00e1ja pozit\u00edv lett. Ha valaki pozit\u00edv lesz, akkor a kontaktjainak sz\u0171r\u00e9se is megt\u00f6rt\u00e9nik.<\/p>\n<p><strong>Mi t\u00f6rt\u00e9nik ha a teszt alapj\u00e1n fert\u0151z\u0151d\u00f6tt vagyok? <\/strong><\/p>\n<p>Amennyiben \u00d6n az \u00fajt\u00edpus\u00fa koronav\u00edrussal fert\u0151z\u0151d\u00f6tt att\u00f3l f\u00fcgg\u0151en, hogy t\u00fcneteket mutat-e vagy sem, otthoni karant\u00e9nba ker\u00fcl, vagy k\u00f3rh\u00e1zi kezel\u00e9st kap. Ilyen esetben v\u00e1llaljuk csal\u00e1dja teljesk\u00f6r\u0171 sz\u0171r\u00e9s\u00e9t is. Az \u00d6n \u00e1llapot\u00e1t szakk\u00e9pzett koll\u00e9g\u00e1ink fel\u00fcgyelik, ig\u00e9ny szerint ell\u00e1t\u00e1s\u00e1t az egyetemi klinik\u00e1kon elv\u00e9gezz\u00fck.<\/p>\n<p><strong>Milyen vizsg\u00e1latra sz\u00e1m\u00edthatok? F\u00e1jdalmas?<\/strong><\/p>\n<p>A sz\u0171r\u0151vizsg\u00e1latot az \u00fan. PCR-teszt seg\u00edts\u00e9g\u00e9vel v\u00e9gzik, ez a ma ismert legt\u00e9vedhetetlenebb m\u00f3dja a fert\u0151z\u00e9s kisz\u0171r\u00e9s\u00e9nek, ugyanis ez a teszt k\u00e9pes kimutatni a v\u00edrus \u00f6r\u00f6k\u00edt\u0151anyag\u00e1t. Ennek sor\u00e1n a p\u00e1ciens l\u00e9g\u00fati (garat \u00e9s orr) v\u00e1lad\u00e9k\u00e1b\u00f3l mintav\u00e9teli p\u00e1lc\u00e1val mint\u00e1t vesznek, azt speci\u00e1lis cs\u0151be teszik, \u00e9s genetikai vizsg\u00e1latokkal mutatj\u00e1k ki a v\u00edrus jelenl\u00e9t\u00e9t. A folyamat p\u00e1r m\u00e1sodperces kellemetlens\u00e9ggel j\u00e1r, de nem okoz f\u00e1jdalmat. A PCR-teszt mellett v\u00e9rt is vesznek a vizsg\u00e1lt szem\u00e9lyekt\u0151l, ezzel a meger\u0151s\u00edt\u0151 laborvizsg\u00e1lattal a szervezet v\u00edrusra adott lehets\u00e9ges immunv\u00e1lasz\u00e1t mutatj\u00e1k ki. A vizsg\u00e1lat r\u00e9sze egy 50 k\u00e9rd\u00e9st tartalmaz\u00f3 k\u00e9rd\u0151\u00edv is, amely seg\u00edts\u00e9g\u00e9vel egyebek mellett arra is v\u00e1laszt kaphatunk, hogy mik azok a speci\u00e1lis t\u00e1rsbetegs\u00e9gek, szok\u00e1sok (pl. doh\u00e1nyz\u00e1s), amik el\u0151seg\u00edthetik, vagy \u00e9ppen megakad\u00e1lyozhatj\u00e1k a betegs\u00e9g kialakul\u00e1s\u00e1t. A k\u00e9rd\u0151\u00edv r\u00e1k\u00e9rdez t\u00f6bbek k\u00f6z\u00f6tt a mindennapi tev\u00e9kenys\u00e9gekre, szok\u00e1sokra \u00e9s az eg\u00e9szs\u00e9gi \u00e1llapotra is. \u00a0Ez \u00fcgyf\u00e9lkapun kereszt\u00fcl is kit\u00f6lthet\u0151, nem sz\u00fcks\u00e9ges felt\u00e9tlen\u00fcl a helysz\u00ednen megv\u00e1laszolni a k\u00e9rd\u00e9seket.<\/p>\n<p><strong>Mennyire biztons\u00e1gos elmenni a vizsg\u00e1latra? Sokat kell-e v\u00e1rakozni m\u00e1s betegekkel egy\u00fctt?<\/strong><\/p>\n<p>A vizsg\u00e1latban val\u00f3 r\u00e9szv\u00e9tel teljesen biztons\u00e1gos, az id\u0151pontokat \u00fagy szervezt\u00e9k meg a szakemberek, hogy ne alakuljon ki v\u00e1rakoz\u00e1s m\u00e1sokkal egy l\u00e9gt\u00e9rben. A vizsg\u00e1latot v\u00e9gz\u0151k a felm\u00e9r\u00e9s ideje alatt a betegell\u00e1t\u00e1sban nem vesznek r\u00e9szt, term\u00e9szetesen folyamatos az \u0151 sz\u0171r\u00e9s\u00fck is, valamint megfelel\u0151 v\u00e9d\u0151felszerel\u00e9ssel rendelkeznek, amelyet rendszeresen cser\u00e9lnek.<\/p>\n<p><strong>\u00dagy \u00e9rzem, engem nem \u00e9rint ez a betegs\u00e9g, mi\u00e9rt \u00e9rdemes m\u00e9gis elmennem a vizsg\u00e1latra?<\/strong><\/p>\n<p>A tesztel\u00e9sben val\u00f3 lakoss\u00e1gi r\u00e9szv\u00e9tel a kiv\u00e1lasztottak sz\u00e1m\u00e1ra \u00f6nk\u00e9ntes \u00e9s ingyenes, de \u00f3ri\u00e1si felel\u0151ss\u00e9ge van azoknak, akiket reprezentat\u00edvan \u00e9s v\u00e9letlenszer\u0171en a KSH adataira t\u00e1maszkodva kiv\u00e1lasztottak, \u0151k ugyanis nemcsak magukat \u00e9s a csal\u00e1djukat, hanem szem\u00e9lyenk\u00e9nt tov\u00e1bbi mintegy 500 magyar honfit\u00e1rsunkat k\u00e9pviselik.<\/p>\n<p><strong>Kell fizetni a vizsg\u00e1lat\u00e9rt?<\/strong><\/p>\n<p>A vizsg\u00e1lat ingyenes.<\/p>\n<p><strong>Mi a vizsg\u00e1lat c\u00e9lja? <\/strong><\/p>\n<p>A vizsg\u00e1lat c\u00e9lja, hogy felt\u00e9rk\u00e9pezze Magyarorsz\u00e1g \u00e1tfert\u0151z\u00f6tts\u00e9g\u00e9t az \u00fajt\u00edpus\u00fa koronav\u00edrussal.<\/p>\n<p><strong>Ha \u00d6n megh\u00edv\u00e1st kapott \u00e9s k\u00e9rd\u00e9se van, akkor itt kaphat felvil\u00e1gos\u00edt\u00e1st: <\/strong>+36-80-808-200<\/p>\n<\/div>\n<\/div>\n<p>&nbsp;<\/p>\n","protected":false},"excerpt":{"rendered":"<p style=\"text-align: justify\">Legfontosabb tudnival\u00f3k az orsz\u00e1gos, reprezentat\u00edv sz\u0171r\u0151vizsg\u00e1latr\u00f3l: lev\u00e9lben, telefonon, vagy az \u00fcgyf\u00e9lkapun kereszt\u00fcl kap majd t\u00e1j\u00e9koztat\u00e1st. K\u00e9rj\u00fck, hogy a pontosabb eredm\u00e9ny \u00e9rdek\u00e9ben a sz\u0171r\u00e9s el\u0151tti 2 \u00f3r\u00e1val m\u00e1r ne egyen, de vizet m\u00e9g k\u00f6zvetlen\u00fcl a vizsg\u00e1lat el\u0151tt is ihat. Ha \u00d6n kr\u00f3nikus beteg, vagy elm\u00falt 65 \u00e9ves, akkor jelezze munkat\u00e1rsainknak, mert a sz\u0171r\u0151aut\u00f3 elmegy az otthon\u00e1ig, nem kell kimozdulnia a vizsg\u00e1lat miatt. A kapott laborat\u00f3riumi eredm\u00e9nyeket az Elektronikus eg\u00e9szs\u00e9g\u00fcgyi szolg\u00e1ltat\u00e1si t\u00e9r (EESZT) rendszer\u00e9be felt\u00f6ltj\u00fck, ahol tov\u00e1bbi felhaszn\u00e1l\u00e1sra el\u00e9rhet\u0151v\u00e9 v\u00e1lik \u00d6n \u00e9s kezel\u0151orvosa sz\u00e1m\u00e1ra. A sz\u0171r\u00e9s ut\u00e1ni 24-48 \u00f3r\u00e1ban telefonon is \u00e9rtes\u00edtj\u00fck azokat, akiknek a mint\u00e1ja pozit\u00edv lett. <\/p>\n","protected":false},"author":12,"featured_media":761,"parent":0,"menu_order":2,"comment_status":"closed","ping_status":"closed","template":"","meta":{"_acf_changed":false,"footnotes":""},"categories":[],"tags":[],"class_list":["post-759","page","type-page","status-publish","has-post-thumbnail","hentry"],"acf":[],"_links":{"self":[{"href":"https:\/\/semmelweis.hu\/koronavirus\/wp-json\/wp\/v2\/pages\/759","targetHints":{"allow":["GET"]}}],"collection":[{"href":"https:\/\/semmelweis.hu\/koronavirus\/wp-json\/wp\/v2\/pages"}],"about":[{"href":"https:\/\/semmelweis.hu\/koronavirus\/wp-json\/wp\/v2\/types\/page"}],"author":[{"embeddable":true,"href":"https:\/\/semmelweis.hu\/koronavirus\/wp-json\/wp\/v2\/users\/12"}],"replies":[{"embeddable":true,"href":"https:\/\/semmelweis.hu\/koronavirus\/wp-json\/wp\/v2\/comments?post=759"}],"version-history":[{"count":12,"href":"https:\/\/semmelweis.hu\/koronavirus\/wp-json\/wp\/v2\/pages\/759\/revisions"}],"predecessor-version":[{"id":1333,"href":"https:\/\/semmelweis.hu\/koronavirus\/wp-json\/wp\/v2\/pages\/759\/revisions\/1333"}],"wp:featuredmedia":[{"embeddable":true,"href":"https:\/\/semmelweis.hu\/koronavirus\/wp-json\/wp\/v2\/media\/761"}],"wp:attachment":[{"href":"https:\/\/semmelweis.hu\/koronavirus\/wp-json\/wp\/v2\/media?parent=759"}],"wp:term":[{"taxonomy":"category","embeddable":true,"href":"https:\/\/semmelweis.hu\/koronavirus\/wp-json\/wp\/v2\/categories?post=759"},{"taxonomy":"post_tag","embeddable":true,"href":"https:\/\/semmelweis.hu\/koronavirus\/wp-json\/wp\/v2\/tags?post=759"}],"curies":[{"name":"wp","href":"https:\/\/api.w.org\/{rel}","templated":true}]}}