{"id":729,"date":"2020-04-28T21:05:19","date_gmt":"2020-04-28T19:05:19","guid":{"rendered":"https:\/\/semmelweis.hu\/koronavirus\/?page_id=729"},"modified":"2020-04-28T21:10:38","modified_gmt":"2020-04-28T19:10:38","slug":"atemschutzmasken-selber-machen","status":"publish","type":"page","link":"https:\/\/semmelweis.hu\/koronavirus\/de\/was-ist-zu-tun\/atemschutzmasken-selber-machen\/","title":{"rendered":"Atemschutzmasken selber machen"},"content":{"rendered":"<p><strong>W\u00e4hrend Epidemie sollten wir bei jeder solchen Situation Maske zu tragen, wenn wir mehrere Leute treffen<\/strong>, wie z.B. in Lebensmittelgesch\u00e4ften, Apotheken und Massenverkehrsmitteln. <strong>Bei \u00e4lteren Menschen \u00fcber 65 Jahre<\/strong> empfehlen wir das Tragen der bei hohen Temperaturen waschbaren <strong>Textilmasken<\/strong> bei jeder solchen Situation, <strong>wenn sie ihr Haus verlassen<\/strong>. Wir m\u00fcssen die Masken auch bei solcher Gelegenheit tragen, wenn wir unseren Heim nur f\u00fcr kurze Zeit verlassen, wenn wir z.B. den M\u00fcll durch das Treppenhaus herausbringen. Dies ist n\u00f6tig, weil <strong>auch diese Schutzmaske die Verbreitung des Virus hemmen kann<\/strong>.<\/p>\n<p>Eine Gesichtsmaske kann aus dem im Haushalt vorhandenen oder leicht und billig beschaffbare Materialien \u2013 bei Einhaltung von einigen einfachen Regeln \u2013 gefertigt werden.<\/p>\n<p><span style=\"color: #ff6600\"><strong>VORSICHT!<\/strong><\/span><\/p>\n<p>Diese Textilmasken d\u00fcrfen keine Kinder unter 2 Jahren, oder Personen, die Atembeschwerden haben, oder ohnm\u00e4chtig und hilflos sind und ohne Hilfe die Maske nicht abnehmen k\u00f6nnen. Bei Einhaltung dieser Regel sollten wir auch mehrere Masken, f\u00fcr unsere Familienmitglieder oder Bekannte auch machen.<\/p>\n<p><span style=\"font-size: 18pt\"><strong>Wie ist eine Textilmaske richtig zu tragen?<\/strong><\/span><\/p>\n<p>Die Textilmaske\u2026.<\/p>\n<ul>\n<li>soll an der Seite eng, aber bequem ans Gesicht angepasst werden<\/li>\n<li>ist mit Gummiband oder Handstrickgarn am Kopf hinten zusammenzubinden oder an den Ohren zu befestigen<\/li>\n<li>soll aus mehrschichtigem Stoff bestehen<\/li>\n<li>soll die st\u00f6rungsfreie Atmung erm\u00f6glichen<\/li>\n<li>soll in der Waschmaschine bei 60 Grad waschbar sein<\/li>\n<\/ul>\n<p><img loading=\"lazy\" decoding=\"async\" class=\"wp-image-583 alignnone\" src=\"https:\/\/semmelweis.hu\/koronavirus\/files\/2020\/04\/covid_infographics-01-400x400.png\" alt=\"\" width=\"330\" height=\"330\" srcset=\"https:\/\/semmelweis.hu\/koronavirus\/files\/2020\/04\/covid_infographics-01-400x400.png 400w, https:\/\/semmelweis.hu\/koronavirus\/files\/2020\/04\/covid_infographics-01-1024x1024.png 1024w, https:\/\/semmelweis.hu\/koronavirus\/files\/2020\/04\/covid_infographics-01-150x150.png 150w, https:\/\/semmelweis.hu\/koronavirus\/files\/2020\/04\/covid_infographics-01-768x768.png 768w, https:\/\/semmelweis.hu\/koronavirus\/files\/2020\/04\/covid_infographics-01-1536x1536.png 1536w, https:\/\/semmelweis.hu\/koronavirus\/files\/2020\/04\/covid_infographics-01-2048x2048.png 2048w, https:\/\/semmelweis.hu\/koronavirus\/files\/2020\/04\/covid_infographics-01-753x753.png 753w\" sizes=\"auto, (max-width: 330px) 100vw, 330px\" \/><a href=\"https:\/\/semmelweis.hu\/koronavirus\/files\/2020\/04\/covid_infographics-02.png\"><img loading=\"lazy\" decoding=\"async\" class=\"wp-image-584 alignnone\" src=\"https:\/\/semmelweis.hu\/koronavirus\/files\/2020\/04\/covid_infographics-02-400x400.png\" alt=\"\" width=\"330\" height=\"330\" srcset=\"https:\/\/semmelweis.hu\/koronavirus\/files\/2020\/04\/covid_infographics-02-400x400.png 400w, https:\/\/semmelweis.hu\/koronavirus\/files\/2020\/04\/covid_infographics-02-1024x1024.png 1024w, https:\/\/semmelweis.hu\/koronavirus\/files\/2020\/04\/covid_infographics-02-150x150.png 150w, https:\/\/semmelweis.hu\/koronavirus\/files\/2020\/04\/covid_infographics-02-768x768.png 768w, https:\/\/semmelweis.hu\/koronavirus\/files\/2020\/04\/covid_infographics-02-1536x1536.png 1536w, https:\/\/semmelweis.hu\/koronavirus\/files\/2020\/04\/covid_infographics-02-2048x2048.png 2048w, https:\/\/semmelweis.hu\/koronavirus\/files\/2020\/04\/covid_infographics-02-753x753.png 753w\" sizes=\"auto, (max-width: 330px) 100vw, 330px\" \/><\/a><\/p>\n<p><span style=\"font-size: 18pt\"><strong>\u00a0 Sollen die Textilmasken regelm\u00e4\u00dfig gewaschen oder gereinigt werden?\u00a0\u00a0\u00a0<\/strong><\/span><\/p>\n<p>Es ist wichtig, die Gesichtsmasken regelm\u00e4\u00dfig, nach jedem Benutzen zu waschen. Die Semmelweis Universit\u00e4t empfiehlt, die Masken bei min. 60 Grad zu waschen.<\/p>\n<p><span style=\"font-size: 18pt\"><strong>Wie muss man die benutze Textilmaske sicher abnehmen?<\/strong><\/span><\/p>\n<p>Wir sollten aufpassen, damit wir bei der Abnahme unsere Augen, Nase oder Mund nicht ber\u00fchren. Danach m\u00fcssen wir gleich unsere H\u00e4nde waschen. Wenn wir die Maske nicht gleich waschen k\u00f6nnen, sollten wir sie in einer doppelten Plastikt\u00fcte, von anderen Dinge separat, m\u00f6glichst auf Terrasse oder Balkon lagern.<\/p>\n<hr \/>\n<p style=\"text-align: center\"><span style=\"font-size: 24pt\"><strong>Anleitung zum Fertigen von Gesichtsmasken <br \/>(gen\u00e4hte oder ohne N\u00e4hen gefertigte Gesichtsmaske)<\/strong><\/span><\/p>\n<p>&nbsp;<\/p>\n<p><span style=\"font-size: 18pt\"><strong>GEN\u00c4HTE TEXTILMASKE<img loading=\"lazy\" decoding=\"async\" class=\"wp-image-585 alignright\" src=\"https:\/\/semmelweis.hu\/koronavirus\/files\/2020\/04\/covid_infographics-09-261x400.png\" alt=\"\" width=\"213\" height=\"327\" srcset=\"https:\/\/semmelweis.hu\/koronavirus\/files\/2020\/04\/covid_infographics-09-261x400.png 261w, https:\/\/semmelweis.hu\/koronavirus\/files\/2020\/04\/covid_infographics-09-668x1024.png 668w, https:\/\/semmelweis.hu\/koronavirus\/files\/2020\/04\/covid_infographics-09-768x1178.png 768w, https:\/\/semmelweis.hu\/koronavirus\/files\/2020\/04\/covid_infographics-09-1002x1536.png 1002w, https:\/\/semmelweis.hu\/koronavirus\/files\/2020\/04\/covid_infographics-09-1335x2048.png 1335w, https:\/\/semmelweis.hu\/koronavirus\/files\/2020\/04\/covid_infographics-09-753x1155.png 753w\" sizes=\"auto, (max-width: 213px) 100vw, 213px\" \/><\/strong><\/span><\/p>\n<p>N\u00f6tige Materialien:<\/p>\n<ul>\n<li>Stoffreste 2 St\u00fcck, Baumwolle Gr\u00f6\u00dfe 25\u00d715 cm<\/li>\n<li>2 St\u00fcck, 15 cm lange Gummiband (Weckring, Haargummi, Garn oder Textilschnur)<\/li>\n<li>Nadel und N\u00e4hfaden<\/li>\n<li>Schere<\/li>\n<li>N\u00e4hmaschine<\/li>\n<\/ul>\n<h6><strong>ANLEITUNG ZUM N\u00c4HEN EINER TEXTILMASKE<\/strong><\/h6>\n<ol>\n<li>Schneiden Sie 2 St\u00fcck rechteckige Baumwollen-St\u00fcck von Gr\u00f6\u00dfe 25\u00d715 cm. Benutzen Sie dicht gewebte Baumwolle, wie z.B. Stepp-Material. Wenn es nichts anderes gibt, kann auch ein T-Shirt-St\u00fcck genommen werden. Die zwei Materialst\u00fccke sollen so zueinandergepasst werden, als ob sie ein St\u00fcck w\u00e4ren.<\/li>\n<\/ol>\n<p><a href=\"https:\/\/semmelweis.hu\/koronavirus\/files\/2020\/04\/facemask-instructions-sewn-02.png\"><img loading=\"lazy\" decoding=\"async\" class=\"alignnone wp-image-657 size-full\" src=\"https:\/\/semmelweis.hu\/koronavirus\/files\/2020\/04\/facemask-instructions-sewn-02.png\" alt=\"\" width=\"300\" height=\"217\" \/><\/a><\/p>\n<p>2. Die l\u00e4ngeren Seiten sollen Sie ca. 6 mm einfalten und absteppen, Dann sollen die k\u00fcrzeren Seiten ca. 1,2 cm eingefaltet und dann auch abgesteppt werden.<\/p>\n<p><img loading=\"lazy\" decoding=\"async\" class=\"alignnone wp-image-658 size-full\" src=\"https:\/\/semmelweis.hu\/koronavirus\/files\/2020\/04\/facemask-instructions-sewn-03.png\" alt=\"\" width=\"300\" height=\"280\" \/><\/p>\n<p>3. Stecken Sie je einen 15 cm lange 3 mm breite Gummiband in die Tunnelz\u00fcge an beiden Seiten. Sie werden die Schlinge sein, die an die Ohren zu h\u00e4ngen sind. Benutzen Sie einen l\u00e4ngeren Nadel oder Haarnadel, um den Gummiband durch die Tunnelz\u00fcge zu helfen. Wenn Sie keinen Gummiband haben, k\u00f6nnen Sie auch Haarband oder Gummi-Stirnband verwenden; falls Sie nur Sch\u00fcren zu Hause haben, sollten sie l\u00e4nger gelassen, damit sie hinten am Kopf gebunden werden k\u00f6nnen.<\/p>\n<p><img loading=\"lazy\" decoding=\"async\" class=\"alignnone wp-image-659 size-full\" src=\"https:\/\/semmelweis.hu\/koronavirus\/files\/2020\/04\/facemask-instructions-sewn-04.png\" alt=\"\" width=\"300\" height=\"197\" \/><\/p>\n<p>4. Ziehen Sie die Gummib\u00e4nder vorsichtig so durch, damit die Knoten am einges\u00e4umten Teil nach innen kommen. Verkn\u00fcllen Sie die Seiten am Gummiband ein wenig, und passen Sie die Maske so an, damit sie Ihr Gesicht bequem deckt. Danach sollten Sie den Platz des Gummibandes zun\u00e4hen, damit er nicht rutscht.<\/p>\n<p><a href=\"https:\/\/semmelweis.hu\/koronavirus\/files\/2020\/04\/facemask-instructions-sewn-05.png\"><img loading=\"lazy\" decoding=\"async\" class=\"alignnone wp-image-660 size-full\" src=\"https:\/\/semmelweis.hu\/koronavirus\/files\/2020\/04\/facemask-instructions-sewn-05.png\" alt=\"\" width=\"300\" height=\"209\" \/><\/a><\/p>\n<hr \/>\n<h6 style=\"text-align: center\"><span style=\"font-size: 14pt\"><strong>TEXTILMASKE SCHNELL AUS T-SHIRT SCHNEIDEN<\/strong><\/span><\/h6>\n<p style=\"text-align: center\"><strong>(kann ohne N\u00e4hen gefertigt werden)<\/strong><\/p>\n<p><strong>Da durch diese Technik die Masken nur einschichtig sind, empfiehlt die Semmelweis Universit\u00e4t, sie doppelt, einander gedeckt tragen!<\/strong><\/p>\n<p>N\u00f6tige Materialien:<\/p>\n<ul>\n<li>\u00a0\u00a0\u00a0 T-Shirt<\/li>\n<li>\u00a0\u00a0\u00a0 Schere<\/li>\n<\/ul>\n<h6><strong>ANLEITUNG ZUR GESICHTSMASKE AUS T-SHIRT<\/strong><\/h6>\n<p><img loading=\"lazy\" decoding=\"async\" class=\"wp-image-661 size-full alignnone\" src=\"https:\/\/semmelweis.hu\/koronavirus\/files\/2020\/04\/facemask-instructions-tshirt-01.png\" alt=\"\" width=\"300\" height=\"323\" \/><\/p>\n<p><img loading=\"lazy\" decoding=\"async\" class=\"wp-image-662 size-full alignleft\" src=\"https:\/\/semmelweis.hu\/koronavirus\/files\/2020\/04\/facemask-instructions-tshirt-02.png\" alt=\"\" width=\"300\" height=\"323\" \/><\/p>\n<p>&nbsp;<\/p>\n<p>&nbsp;<\/p>\n<p>&nbsp;<\/p>\n<p>&nbsp;<\/p>\n<p>&nbsp;<\/p>\n<p>&nbsp;<\/p>\n<p>&nbsp;<\/p>\n<p style=\"text-align: left\">Scheiden wir ein Stoffst\u00fcck aus, um davon Schn\u00fcre zum Binden machen zu k\u00f6nnen.<\/p>\n<p><img loading=\"lazy\" decoding=\"async\" class=\"wp-image-663 size-full alignleft\" src=\"https:\/\/semmelweis.hu\/koronavirus\/files\/2020\/04\/facemask-instructions-tshirt-03.png\" alt=\"\" width=\"300\" height=\"323\" \/><\/p>\n<p>Binden wir die Schn\u00fcre hinten am Kopf und am Hals.<\/p>\n<hr \/>\n<p style=\"text-align: center\"><strong><span style=\"font-size: 18pt\">GESICHTSMASKE AUS TUCH<br \/><\/span><\/strong><span style=\"font-size: 18pt\"><strong>(kann ohne N\u00e4hen gefertigt werden)<\/strong><\/span><\/p>\n<p>N\u00f6tige Materialien:<\/p>\n<ul>\n<li>\u00a0\u00a0\u00a0 Tuch (oder ein rechteckiges, quadratf\u00f6rmiges Stoffrest von 50&#215;50 cm aus Baumwolle)<\/li>\n<li>\u00a0\u00a0 \u00a0Weckring, Haargummi<\/li>\n<li>\u00a0\u00a0\u00a0 Schere (wenn Sie das Material herausschneiden) \u00a0\u00a0\u00a0<\/li>\n<\/ul>\n<h6><strong>ANLEITUNG ZUM FERTIGEN GESICHTSMASKE AUS TUCH \u00a0<\/strong><\/h6>\n<p><img loading=\"lazy\" decoding=\"async\" class=\"wp-image-651 size-full alignleft\" src=\"https:\/\/semmelweis.hu\/koronavirus\/files\/2020\/04\/facemask-instructions-bandanna-01.png\" alt=\"\" width=\"300\" height=\"300\" srcset=\"https:\/\/semmelweis.hu\/koronavirus\/files\/2020\/04\/facemask-instructions-bandanna-01.png 300w, https:\/\/semmelweis.hu\/koronavirus\/files\/2020\/04\/facemask-instructions-bandanna-01-150x150.png 150w\" sizes=\"auto, (max-width: 300px) 100vw, 300px\" \/><\/p>\n<p>&nbsp;<\/p>\n<p>&nbsp;<\/p>\n<p>&nbsp;<\/p>\n<p>&nbsp;<\/p>\n<p>&nbsp;<\/p>\n<p>&nbsp;<\/p>\n<p>&nbsp;<\/p>\n<p>Falten wir den Stoff in der Mitte.<\/p>\n<p><img loading=\"lazy\" decoding=\"async\" class=\"wp-image-652 size-full alignleft\" src=\"https:\/\/semmelweis.hu\/koronavirus\/files\/2020\/04\/facemask-instructions-bandanna-02.png\" alt=\"\" width=\"300\" height=\"300\" srcset=\"https:\/\/semmelweis.hu\/koronavirus\/files\/2020\/04\/facemask-instructions-bandanna-02.png 300w, https:\/\/semmelweis.hu\/koronavirus\/files\/2020\/04\/facemask-instructions-bandanna-02-150x150.png 150w\" sizes=\"auto, (max-width: 300px) 100vw, 300px\" \/><\/p>\n<p>&nbsp;<\/p>\n<p>&nbsp;<\/p>\n<p>&nbsp;<\/p>\n<p>&nbsp;<\/p>\n<p>&nbsp;<\/p>\n<p>&nbsp;<\/p>\n<p>&nbsp;<\/p>\n<p>Falten wir den oberen Teil herunter, den unteren nach oben.<\/p>\n<p><img loading=\"lazy\" decoding=\"async\" class=\"alignleft wp-image-653 size-full\" src=\"https:\/\/semmelweis.hu\/koronavirus\/files\/2020\/04\/facemask-instructions-bandanna-03.png\" alt=\"\" width=\"300\" height=\"300\" srcset=\"https:\/\/semmelweis.hu\/koronavirus\/files\/2020\/04\/facemask-instructions-bandanna-03.png 300w, https:\/\/semmelweis.hu\/koronavirus\/files\/2020\/04\/facemask-instructions-bandanna-03-150x150.png 150w\" sizes=\"auto, (max-width: 300px) 100vw, 300px\" \/><\/p>\n<p>&nbsp;<\/p>\n<p>&nbsp;<\/p>\n<p>&nbsp;<\/p>\n<p>&nbsp;<\/p>\n<p>&nbsp;<\/p>\n<p>&nbsp;<\/p>\n<p>&nbsp;<\/p>\n<p>Ziehen wir es in zwei voneinander 15 cm entfernten Gummiband oder Haargummi ein.<\/p>\n<p><img loading=\"lazy\" decoding=\"async\" class=\"wp-image-654 size-full alignleft\" src=\"https:\/\/semmelweis.hu\/koronavirus\/files\/2020\/04\/facemask-instructions-bandanna-04.png\" alt=\"\" width=\"300\" height=\"300\" srcset=\"https:\/\/semmelweis.hu\/koronavirus\/files\/2020\/04\/facemask-instructions-bandanna-04.png 300w, https:\/\/semmelweis.hu\/koronavirus\/files\/2020\/04\/facemask-instructions-bandanna-04-150x150.png 150w\" sizes=\"auto, (max-width: 300px) 100vw, 300px\" \/><\/p>\n<p>&nbsp;<\/p>\n<p>&nbsp;<\/p>\n<p>&nbsp;<\/p>\n<p>&nbsp;<\/p>\n<p>&nbsp;<\/p>\n<p>&nbsp;<\/p>\n<p>&nbsp;<\/p>\n<p>Falten wir die Seiten in die Mitte und dann stecken wir sie ein.<\/p>\n<p><img loading=\"lazy\" decoding=\"async\" class=\"alignleft wp-image-655 size-full\" src=\"https:\/\/semmelweis.hu\/koronavirus\/files\/2020\/04\/facemask-instructions-bandanna-05.png\" alt=\"\" width=\"300\" height=\"300\" srcset=\"https:\/\/semmelweis.hu\/koronavirus\/files\/2020\/04\/facemask-instructions-bandanna-05.png 300w, https:\/\/semmelweis.hu\/koronavirus\/files\/2020\/04\/facemask-instructions-bandanna-05-150x150.png 150w\" sizes=\"auto, (max-width: 300px) 100vw, 300px\" \/><\/p>\n<p><img loading=\"lazy\" decoding=\"async\" class=\"alignnone wp-image-656 size-full\" src=\"https:\/\/semmelweis.hu\/koronavirus\/files\/2020\/04\/facemask-instructions-bandanna-06.png\" alt=\"\" width=\"300\" height=\"300\" srcset=\"https:\/\/semmelweis.hu\/koronavirus\/files\/2020\/04\/facemask-instructions-bandanna-06.png 300w, https:\/\/semmelweis.hu\/koronavirus\/files\/2020\/04\/facemask-instructions-bandanna-06-150x150.png 150w\" sizes=\"auto, (max-width: 300px) 100vw, 300px\" \/><\/p>\n<hr \/>\n<p><strong>Die hier empfohlenen Textilmasken sind nicht wie die medizinischen Masken oder FFP2 (partikelfilternde)-Masken, sie sind zum tagt\u00e4glichen Benutzen f\u00fcr die Bev\u00f6lkerung mehrmals benutzbare Masken. Die medizinische oder FFP2-Masken sind in erster Linie sichere Patientenversorgung gew\u00e4hrende Schutzausr\u00fcstungen f\u00fcr medizinische Mitarbeiter.<\/strong><\/p>\n<p>Quelle zur Anleitung und Schnittmuster: Centers for Disease Controls and Prevention<\/p>\n","protected":false},"excerpt":{"rendered":"<p>W\u00e4hrend Epidemie sollten wir bei jeder solchen Situation Maske zu tragen, wenn wir mehrere Leute treffen, wie z.B. in Lebensmittelgesch\u00e4ften, Apotheken und Massenverkehrsmitteln. Bei \u00e4lteren Menschen \u00fcber 65 Jahre empfehlen wir das Tragen der bei hohen Temperaturen waschbaren Textilmasken bei jeder solchen Situation, wenn sie ihr Haus verlassen. Wir m\u00fcssen die Masken auch bei solcher &hellip;<\/p>\n","protected":false},"author":101640,"featured_media":0,"parent":132,"menu_order":4,"comment_status":"closed","ping_status":"closed","template":"","meta":{"_acf_changed":false,"footnotes":""},"categories":[],"tags":[],"class_list":["post-729","page","type-page","status-publish","hentry"],"acf":[],"_links":{"self":[{"href":"https:\/\/semmelweis.hu\/koronavirus\/wp-json\/wp\/v2\/pages\/729","targetHints":{"allow":["GET"]}}],"collection":[{"href":"https:\/\/semmelweis.hu\/koronavirus\/wp-json\/wp\/v2\/pages"}],"about":[{"href":"https:\/\/semmelweis.hu\/koronavirus\/wp-json\/wp\/v2\/types\/page"}],"author":[{"embeddable":true,"href":"https:\/\/semmelweis.hu\/koronavirus\/wp-json\/wp\/v2\/users\/101640"}],"replies":[{"embeddable":true,"href":"https:\/\/semmelweis.hu\/koronavirus\/wp-json\/wp\/v2\/comments?post=729"}],"version-history":[{"count":5,"href":"https:\/\/semmelweis.hu\/koronavirus\/wp-json\/wp\/v2\/pages\/729\/revisions"}],"predecessor-version":[{"id":735,"href":"https:\/\/semmelweis.hu\/koronavirus\/wp-json\/wp\/v2\/pages\/729\/revisions\/735"}],"up":[{"embeddable":true,"href":"https:\/\/semmelweis.hu\/koronavirus\/wp-json\/wp\/v2\/pages\/132"}],"wp:attachment":[{"href":"https:\/\/semmelweis.hu\/koronavirus\/wp-json\/wp\/v2\/media?parent=729"}],"wp:term":[{"taxonomy":"category","embeddable":true,"href":"https:\/\/semmelweis.hu\/koronavirus\/wp-json\/wp\/v2\/categories?post=729"},{"taxonomy":"post_tag","embeddable":true,"href":"https:\/\/semmelweis.hu\/koronavirus\/wp-json\/wp\/v2\/tags?post=729"}],"curies":[{"name":"wp","href":"https:\/\/api.w.org\/{rel}","templated":true}]}}