{"id":566,"date":"2020-04-22T06:00:01","date_gmt":"2020-04-22T04:00:01","guid":{"rendered":"http:\/\/semmelweis.hu\/koronavirus\/?page_id=566"},"modified":"2023-11-09T14:13:05","modified_gmt":"2023-11-09T13:13:05","slug":"utmutato-a-hazilag-elkeszitheto-arcmaszkokhoz","status":"publish","type":"page","link":"https:\/\/semmelweis.hu\/koronavirus\/mit-tehetunk\/utmutato-a-hazilag-elkeszitheto-arcmaszkokhoz\/","title":{"rendered":"\u00datmutat\u00f3 a h\u00e1zilag elk\u00e9sz\u00edthet\u0151 arcmaszkokhoz"},"content":{"rendered":"<p><strong>K\u00f6zz\u00e9t\u00e9ve: 2020. \u00e1prilis 20.<\/strong><\/p>\n<p>Arcmaszkot k\u00f6nnyed\u00e9n k\u00e9sz\u00edthet\u00fcnk ak\u00e1r a h\u00e1ztart\u00e1sban fellelhet\u0151, vagy k\u00f6nnyen \u00e9s olcs\u00f3n beszerezhet\u0151 anyagokb\u00f3l is, n\u00e9h\u00e1ny egyszer\u0171 szab\u00e1ly betart\u00e1sa mellett.<\/p>\n<p><span style=\"color: #ff6600\"><strong>FIGYELEM!<\/strong><\/span><\/p>\n<p>A textilb\u0151l k\u00e9sz\u00fclt arcmaszkokat nem szabad 2 \u00e9vesn\u00e9l fiatalabb gyermekre adni, vagy olyan szem\u00e9lyre, akinek l\u00e9gz\u00e9si neh\u00e9zs\u00e9gei vannak, eszm\u00e9letlen, magatehetetlen, vagy m\u00e1s ok miatt nem tudja seg\u00edts\u00e9g n\u00e9lk\u00fcl levenni a maszkot. Mindezek betart\u00e1sa mellett \u00e9rdemes ak\u00e1r t\u00f6bb arcmaszkot is k\u00e9sz\u00edten\u00fcnk csal\u00e1dtagjaink, ismer\u0151seink r\u00e9sz\u00e9re is.<\/p>\n<p><span style=\"font-size: 18pt\"><strong>Mikor j\u00f3 egy textil maszk?<\/strong><\/span><\/p>\n<p>A textil arcmaszk\u2026<\/p>\n<ul>\n<li>szorosan, de k\u00e9nyelmesen illeszkedjen oldalt az archoz<\/li>\n<li>legyen r\u00f6gz\u00edtve a fejen h\u00e1tul \u00f6sszek\u00f6t\u00f6tt, vagy f\u00fclre akaszthat\u00f3 madzaggal<\/li>\n<li>t\u00f6bb r\u00e9teg sz\u00f6vetb\u0151l \u00e1lljon<\/li>\n<li>tegye lehet\u0151v\u00e9 az akad\u00e1lymentes l\u00e9gz\u00e9st<\/li>\n<li>legyen g\u00e9pben, 60 fokon moshat\u00f3 \u00e9s sz\u00e1r\u00edthat\u00f3 an\u00e9lk\u00fcl, hogy k\u00e1rosodna vagy megv\u00e1ltozna az alakja<\/li>\n<\/ul>\n<p style=\"text-align: center\"><a href=\"https:\/\/semmelweis.hu\/koronavirus\/files\/2020\/04\/covid_infographics-01.png\"><img loading=\"lazy\" decoding=\"async\" class=\"wp-image-583 alignnone\" src=\"https:\/\/semmelweis.hu\/koronavirus\/files\/2020\/04\/covid_infographics-01-400x400.png\" alt=\"\" width=\"330\" height=\"330\" srcset=\"https:\/\/semmelweis.hu\/koronavirus\/files\/2020\/04\/covid_infographics-01-400x400.png 400w, https:\/\/semmelweis.hu\/koronavirus\/files\/2020\/04\/covid_infographics-01-1024x1024.png 1024w, https:\/\/semmelweis.hu\/koronavirus\/files\/2020\/04\/covid_infographics-01-150x150.png 150w, https:\/\/semmelweis.hu\/koronavirus\/files\/2020\/04\/covid_infographics-01-768x768.png 768w, https:\/\/semmelweis.hu\/koronavirus\/files\/2020\/04\/covid_infographics-01-1536x1536.png 1536w, https:\/\/semmelweis.hu\/koronavirus\/files\/2020\/04\/covid_infographics-01-2048x2048.png 2048w, https:\/\/semmelweis.hu\/koronavirus\/files\/2020\/04\/covid_infographics-01-753x753.png 753w\" sizes=\"auto, (max-width: 330px) 100vw, 330px\" \/><\/a><a href=\"https:\/\/semmelweis.hu\/koronavirus\/files\/2020\/04\/covid_infographics-02.png\"><img loading=\"lazy\" decoding=\"async\" class=\"wp-image-584 alignnone\" src=\"https:\/\/semmelweis.hu\/koronavirus\/files\/2020\/04\/covid_infographics-02-400x400.png\" alt=\"\" width=\"330\" height=\"330\" srcset=\"https:\/\/semmelweis.hu\/koronavirus\/files\/2020\/04\/covid_infographics-02-400x400.png 400w, https:\/\/semmelweis.hu\/koronavirus\/files\/2020\/04\/covid_infographics-02-1024x1024.png 1024w, https:\/\/semmelweis.hu\/koronavirus\/files\/2020\/04\/covid_infographics-02-150x150.png 150w, https:\/\/semmelweis.hu\/koronavirus\/files\/2020\/04\/covid_infographics-02-768x768.png 768w, https:\/\/semmelweis.hu\/koronavirus\/files\/2020\/04\/covid_infographics-02-1536x1536.png 1536w, https:\/\/semmelweis.hu\/koronavirus\/files\/2020\/04\/covid_infographics-02-2048x2048.png 2048w, https:\/\/semmelweis.hu\/koronavirus\/files\/2020\/04\/covid_infographics-02-753x753.png 753w\" sizes=\"auto, (max-width: 330px) 100vw, 330px\" \/><\/a><\/p>\n<p><span style=\"font-size: 18pt\"><strong>Kell a textil arcmaszkokat rendszeresen mosni, vagy m\u00e1sk\u00e9ppen tiszt\u00edtani?<\/strong><\/span><\/p>\n<p>Fontos, hogy rendszeresen, minden visel\u00e9s ut\u00e1n kimossuk az arcmaszkokat. A Semmelweis Egyetem aj\u00e1nl\u00e1sa, hogy a maszkok mos\u00e1sa minimum 60 fokon t\u00f6rt\u00e9njen.<\/p>\n<p><span style=\"font-size: 18pt\"><strong>Hogyan kell biztons\u00e1gosan levenni a haszn\u00e1lt textil arcmaszkot?<\/strong><\/span><\/p>\n<p>\u00dcgyelj\u00fcnk r\u00e1, hogy a maszk lev\u00e9telekor ne \u00e9rj\u00fcnk a szem\u00fcnkh\u00f6z, orrunkhoz vagy sz\u00e1nkhoz, a lev\u00e9tel ut\u00e1n pedig egyb\u0151l <a href=\"https:\/\/semmelweis.hu\/koronavirus\/kezhigiene\/\">mossunk kezet<\/a>! Amennyiben a maszkot nem azonnal mossuk ki, akkor dupla nejlon zacsk\u00f3ban t\u00e1roljuk, minden m\u00e1st\u00f3l elk\u00fcl\u00f6n\u00edtve, lehet\u0151s\u00e9g szerint az erk\u00e9lyen, vagy teraszon.<\/p>\n<hr style=\"width: 70%;border-width: 2px\" \/>\n<p style=\"text-align: center\"><strong><span style=\"font-size: 24pt\">\u00datmutat\u00f3 a varr\u00e1ssal \u00e9s varr\u00e1s n\u00e9lk\u00fcl elk\u00e9sz\u00edthet\u0151 arcmaszkok k\u00e9sz\u00edt\u00e9s\u00e9hez<br \/>\n<\/span><\/strong><\/p>\n<p><span style=\"font-size: 10pt\">\u00a0<\/span><\/p>\n<p style=\"text-align: center\"><strong><span style=\"font-size: 18pt\">VARROTT TEXTIL ARCMASZK<\/span><\/strong><a href=\"https:\/\/semmelweis.hu\/koronavirus\/files\/2020\/04\/covid_infographics-09.png\"><img loading=\"lazy\" decoding=\"async\" class=\"wp-image-585 alignright\" src=\"https:\/\/semmelweis.hu\/koronavirus\/files\/2020\/04\/covid_infographics-09-261x400.png\" alt=\"\" width=\"213\" height=\"327\" srcset=\"https:\/\/semmelweis.hu\/koronavirus\/files\/2020\/04\/covid_infographics-09-261x400.png 261w, https:\/\/semmelweis.hu\/koronavirus\/files\/2020\/04\/covid_infographics-09-668x1024.png 668w, https:\/\/semmelweis.hu\/koronavirus\/files\/2020\/04\/covid_infographics-09-768x1178.png 768w, https:\/\/semmelweis.hu\/koronavirus\/files\/2020\/04\/covid_infographics-09-1002x1536.png 1002w, https:\/\/semmelweis.hu\/koronavirus\/files\/2020\/04\/covid_infographics-09-1335x2048.png 1335w, https:\/\/semmelweis.hu\/koronavirus\/files\/2020\/04\/covid_infographics-09-753x1155.png 753w\" sizes=\"auto, (max-width: 213px) 100vw, 213px\" \/><\/a><\/p>\n<p>Sz\u00fcks\u00e9ges anyagok:<\/p>\n<ul>\n<li>2 db, kb. 25&#215;15 cm m\u00e9ret\u0171 pamutsz\u00f6vet<\/li>\n<li>2 db, 15 cm hossz\u00fas\u00e1g\u00fa gumi (vagy bef\u0151ttes gumi, hajgumi, esetleg zsin\u00f3r vagy textil madzag)<\/li>\n<li>T\u0171 \u00e9s c\u00e9rna<\/li>\n<li>Oll\u00f3<\/li>\n<li>Varr\u00f3g\u00e9p<\/li>\n<\/ul>\n<h6><strong>\u00daTMUTAT\u00d3 VARROTT TEXTIL ARCMASZKHOZ<\/strong><\/h6>\n<ol>\n<li>V\u00e1gjon ki 2 db, kb. 25&#215;15 cm m\u00e9ret\u0171 n\u00e9gysz\u00f6gletes pamutsz\u00f6vet darabot. Haszn\u00e1ljon olyan szorosan sz\u0151tt pamutot, mint a steppelt anyag vagy a pamutv\u00e1szon. Ha nincs m\u00e1s, megteszi egy \u00e1tlagos p\u00f3l\u00f3 anyaga is. Illessze a k\u00e9t darab anyagot egym\u00e1shoz, a maszkot \u00fagy kell varrni, mintha egyetlen darab anyag lenne.<\/li>\n<\/ol>\n<p style=\"text-align: center\"><a href=\"https:\/\/semmelweis.hu\/koronavirus\/files\/2020\/04\/covid_infographics-10.png\"><img loading=\"lazy\" decoding=\"async\" class=\"size-medium wp-image-592 alignnone\" src=\"https:\/\/semmelweis.hu\/koronavirus\/files\/2020\/04\/covid_infographics-10-400x289.png\" alt=\"\" width=\"400\" height=\"289\" srcset=\"https:\/\/semmelweis.hu\/koronavirus\/files\/2020\/04\/covid_infographics-10-400x289.png 400w, https:\/\/semmelweis.hu\/koronavirus\/files\/2020\/04\/covid_infographics-10-1024x741.png 1024w, https:\/\/semmelweis.hu\/koronavirus\/files\/2020\/04\/covid_infographics-10-768x555.png 768w, https:\/\/semmelweis.hu\/koronavirus\/files\/2020\/04\/covid_infographics-10-1536x1111.png 1536w, https:\/\/semmelweis.hu\/koronavirus\/files\/2020\/04\/covid_infographics-10-2048x1481.png 2048w, https:\/\/semmelweis.hu\/koronavirus\/files\/2020\/04\/covid_infographics-10-753x545.png 753w\" sizes=\"auto, (max-width: 400px) 100vw, 400px\" \/><\/a><\/p>\n<ol start=\"2\">\n<li>A hosszabbik oldalakat hajtsa be kb. 6 millim\u00e9tert \u00e9s szeg\u00e9lyezze. Ezut\u00e1n a r\u00f6videbb oldalakat hajtsa be kb. 1,2 centit, \u00e9s varrja le azokat.<\/li>\n<\/ol>\n<p style=\"text-align: center\"><a href=\"https:\/\/semmelweis.hu\/koronavirus\/files\/2020\/04\/covid_infographics-11.png\"><img loading=\"lazy\" decoding=\"async\" class=\"size-medium wp-image-593 alignnone\" src=\"https:\/\/semmelweis.hu\/koronavirus\/files\/2020\/04\/covid_infographics-11-400x400.png\" alt=\"\" width=\"400\" height=\"400\" srcset=\"https:\/\/semmelweis.hu\/koronavirus\/files\/2020\/04\/covid_infographics-11-400x400.png 400w, https:\/\/semmelweis.hu\/koronavirus\/files\/2020\/04\/covid_infographics-11-1024x1024.png 1024w, https:\/\/semmelweis.hu\/koronavirus\/files\/2020\/04\/covid_infographics-11-150x150.png 150w, https:\/\/semmelweis.hu\/koronavirus\/files\/2020\/04\/covid_infographics-11-768x768.png 768w, https:\/\/semmelweis.hu\/koronavirus\/files\/2020\/04\/covid_infographics-11-1536x1536.png 1536w, https:\/\/semmelweis.hu\/koronavirus\/files\/2020\/04\/covid_infographics-11-2048x2048.png 2048w, https:\/\/semmelweis.hu\/koronavirus\/files\/2020\/04\/covid_infographics-11-753x753.png 753w\" sizes=\"auto, (max-width: 400px) 100vw, 400px\" \/><\/a><\/p>\n<ol start=\"3\">\n<li>Dugjon \u00e1t egy kb. 15 cm hossz\u00fas\u00e1g\u00fa, 3 mm sz\u00e9les gumiszalagot a maszk k\u00e9t oldal\u00e1n levarrt szeg\u00e9lyekbe. Ezek lesznek a f\u00fclre akaszthat\u00f3 hurkok. Haszn\u00e1ljon egy hossz\u00fa t\u0171t vagy hajt\u0171t, hogy \u00e1tf\u0171zze a gumit a szeg\u00e9lyen. Ha nincs gumiszalagja, haszn\u00e1lhat hajszalagot vagy gumis fejp\u00e1ntot is, ha pedig csak zsin\u00f3r \u00e1ll a rendelkez\u00e9s\u00e9re, akkor a k\u00f6t\u0151k lehetnek hosszabbak, \u00edgy h\u00e1tul a fejen lehet majd megk\u00f6tni.<\/li>\n<\/ol>\n<p style=\"text-align: center\"><a href=\"https:\/\/semmelweis.hu\/koronavirus\/files\/2020\/04\/covid_infographics-12.png\"><img loading=\"lazy\" decoding=\"async\" class=\"size-medium wp-image-594 alignnone\" src=\"https:\/\/semmelweis.hu\/koronavirus\/files\/2020\/04\/covid_infographics-12-400x263.png\" alt=\"\" width=\"400\" height=\"263\" srcset=\"https:\/\/semmelweis.hu\/koronavirus\/files\/2020\/04\/covid_infographics-12-400x263.png 400w, https:\/\/semmelweis.hu\/koronavirus\/files\/2020\/04\/covid_infographics-12-1024x672.png 1024w, https:\/\/semmelweis.hu\/koronavirus\/files\/2020\/04\/covid_infographics-12-768x504.png 768w, https:\/\/semmelweis.hu\/koronavirus\/files\/2020\/04\/covid_infographics-12-1536x1009.png 1536w, https:\/\/semmelweis.hu\/koronavirus\/files\/2020\/04\/covid_infographics-12-2048x1345.png 2048w, https:\/\/semmelweis.hu\/koronavirus\/files\/2020\/04\/covid_infographics-12-753x495.png 753w\" sizes=\"auto, (max-width: 400px) 100vw, 400px\" \/><\/a><\/p>\n<ol start=\"4\">\n<li>\u00d3vatosan h\u00fazza a gumikat \u00fagy, hogy a csom\u00f3k a leszegett r\u00e9szen bel\u00fclre ker\u00fcljenek. Gy\u0171rje kicsit \u00f6ssze a maszk sz\u00e9leit a gumin\u00e1l, majd igaz\u00edtsa \u00fagy a maszkot, hogy k\u00e9nyelmesen elfedje az arc\u00e1t. Ezut\u00e1n r\u00f6gz\u00edtse varr\u00e1ssal a gumi hely\u00e9t, hogy az ne cs\u00faszk\u00e1ljon.<\/li>\n<\/ol>\n<p style=\"text-align: center\"><a href=\"https:\/\/semmelweis.hu\/koronavirus\/files\/2020\/04\/covid_infographics-13.png\"><img loading=\"lazy\" decoding=\"async\" class=\"size-medium wp-image-595 alignnone\" src=\"https:\/\/semmelweis.hu\/koronavirus\/files\/2020\/04\/covid_infographics-13-400x263.png\" alt=\"\" width=\"400\" height=\"263\" srcset=\"https:\/\/semmelweis.hu\/koronavirus\/files\/2020\/04\/covid_infographics-13-400x263.png 400w, https:\/\/semmelweis.hu\/koronavirus\/files\/2020\/04\/covid_infographics-13-1024x672.png 1024w, https:\/\/semmelweis.hu\/koronavirus\/files\/2020\/04\/covid_infographics-13-768x504.png 768w, https:\/\/semmelweis.hu\/koronavirus\/files\/2020\/04\/covid_infographics-13-1536x1009.png 1536w, https:\/\/semmelweis.hu\/koronavirus\/files\/2020\/04\/covid_infographics-13-2048x1345.png 2048w, https:\/\/semmelweis.hu\/koronavirus\/files\/2020\/04\/covid_infographics-13-753x495.png 753w\" sizes=\"auto, (max-width: 400px) 100vw, 400px\" \/><\/a><\/p>\n<hr style=\"width: 70%;border-width: 2px\" \/>\n<p style=\"text-align: center\"><strong><span style=\"font-size: 18pt\">P\u00d3L\u00d3B\u00d3L GYORSAN V\u00c1GHAT\u00d3 TEXTIL ARCMASZK <br \/>\n(varr\u00e1s n\u00e9lk\u00fcl is elk\u00e9sz\u00edthet\u0151)<\/span><\/strong><\/p>\n<p><strong><span style=\"color: #ff6600\">FIGYELEM!<\/span>\u00a0<br \/>\n<\/strong><\/p>\n<p><strong>Mivel az ezzel a technik\u00e1val elk\u00e9sz\u00edthet\u0151 maszkok csup\u00e1n egyr\u00e9teg\u0171ek, mindenk\u00e9ppen dupl\u00e1n, egym\u00e1st fedve viselj\u00fck azokat!<\/strong><\/p>\n<p>Sz\u00fcks\u00e9ges anyagok:<\/p>\n<ul>\n<li>P\u00f3l\u00f3<\/li>\n<li>Oll\u00f3<\/li>\n<\/ul>\n<h6><strong>\u00daTMUTAT\u00d3 P\u00d3L\u00d3B\u00d3L K\u00c9SZ\u00cdTHET\u0150 ARCMASZKHOZ<\/strong><\/h6>\n<p style=\"text-align: center\"><a href=\"https:\/\/semmelweis.hu\/koronavirus\/files\/2020\/04\/covid_infographics-14.png\"><img loading=\"lazy\" decoding=\"async\" class=\"alignnone wp-image-596 size-medium\" src=\"https:\/\/semmelweis.hu\/koronavirus\/files\/2020\/04\/covid_infographics-14-400x388.png\" alt=\"\" width=\"400\" height=\"388\" srcset=\"https:\/\/semmelweis.hu\/koronavirus\/files\/2020\/04\/covid_infographics-14-400x388.png 400w, https:\/\/semmelweis.hu\/koronavirus\/files\/2020\/04\/covid_infographics-14-1024x994.png 1024w, https:\/\/semmelweis.hu\/koronavirus\/files\/2020\/04\/covid_infographics-14-768x745.png 768w, https:\/\/semmelweis.hu\/koronavirus\/files\/2020\/04\/covid_infographics-14-1536x1491.png 1536w, https:\/\/semmelweis.hu\/koronavirus\/files\/2020\/04\/covid_infographics-14-2048x1988.png 2048w, https:\/\/semmelweis.hu\/koronavirus\/files\/2020\/04\/covid_infographics-14-753x731.png 753w\" sizes=\"auto, (max-width: 400px) 100vw, 400px\" \/><\/a><a href=\"https:\/\/semmelweis.hu\/koronavirus\/files\/2020\/04\/covid_infographics-15.png\"><img loading=\"lazy\" decoding=\"async\" class=\"wp-image-597 size-medium alignnone\" src=\"https:\/\/semmelweis.hu\/koronavirus\/files\/2020\/04\/covid_infographics-15-400x388.png\" alt=\"\" width=\"400\" height=\"388\" srcset=\"https:\/\/semmelweis.hu\/koronavirus\/files\/2020\/04\/covid_infographics-15-400x388.png 400w, https:\/\/semmelweis.hu\/koronavirus\/files\/2020\/04\/covid_infographics-15-1024x994.png 1024w, https:\/\/semmelweis.hu\/koronavirus\/files\/2020\/04\/covid_infographics-15-768x745.png 768w, https:\/\/semmelweis.hu\/koronavirus\/files\/2020\/04\/covid_infographics-15-1536x1491.png 1536w, https:\/\/semmelweis.hu\/koronavirus\/files\/2020\/04\/covid_infographics-15-2048x1988.png 2048w, https:\/\/semmelweis.hu\/koronavirus\/files\/2020\/04\/covid_infographics-15-753x731.png 753w\" sizes=\"auto, (max-width: 400px) 100vw, 400px\" \/><\/a><a href=\"https:\/\/semmelweis.hu\/koronavirus\/files\/2020\/04\/covid_infographics-16.png\"><img loading=\"lazy\" decoding=\"async\" class=\"wp-image-598 size-medium alignnone\" src=\"https:\/\/semmelweis.hu\/koronavirus\/files\/2020\/04\/covid_infographics-16-400x388.png\" alt=\"\" width=\"400\" height=\"388\" srcset=\"https:\/\/semmelweis.hu\/koronavirus\/files\/2020\/04\/covid_infographics-16-400x388.png 400w, https:\/\/semmelweis.hu\/koronavirus\/files\/2020\/04\/covid_infographics-16-1024x994.png 1024w, https:\/\/semmelweis.hu\/koronavirus\/files\/2020\/04\/covid_infographics-16-768x745.png 768w, https:\/\/semmelweis.hu\/koronavirus\/files\/2020\/04\/covid_infographics-16-1536x1491.png 1536w, https:\/\/semmelweis.hu\/koronavirus\/files\/2020\/04\/covid_infographics-16-2048x1988.png 2048w, https:\/\/semmelweis.hu\/koronavirus\/files\/2020\/04\/covid_infographics-16-753x731.png 753w\" sizes=\"auto, (max-width: 400px) 100vw, 400px\" \/><\/a><\/p>\n<hr style=\"width: 70%;border-width: 2px\" \/>\n<p style=\"text-align: center\"><strong><span style=\"font-size: 18pt\">KEND\u0150B\u0150L K\u00c9SZ\u00cdTHET\u0150 ARCMASZK <br \/>\n(varr\u00e1s n\u00e9lk\u00fcl is elk\u00e9sz\u00edthet\u0151)<\/span><\/strong><\/p>\n<p>Sz\u00fcks\u00e9ges anyagok:<\/p>\n<ul>\n<li>Kend\u0151 (vagy b\u00e1rmilyen, kb. 50&#215;50 cm m\u00e9ret\u0171, n\u00e9gyzet alak\u00fa pamutsz\u00f6vetb\u0151l k\u00e9sz\u00fclt anyag)<\/li>\n<li>Bef\u0151ttes- vagy hajgumik<\/li>\n<li>Oll\u00f3 (amennyiben \u00f6n v\u00e1gja ki az anyagot)<\/li>\n<\/ul>\n<h6><strong>\u00daTMUTAT\u00d3 KEND\u0150B\u0150L K\u00c9SZ\u00cdTHET\u0150 ARCMASZKHOZ<\/strong><\/h6>\n<p style=\"text-align: center\"><a href=\"https:\/\/semmelweis.hu\/koronavirus\/files\/2020\/04\/covid_infographics-03.png\"><img loading=\"lazy\" decoding=\"async\" class=\"wp-image-586 alignnone\" src=\"https:\/\/semmelweis.hu\/koronavirus\/files\/2020\/04\/covid_infographics-03-400x400.png\" alt=\"\" width=\"350\" height=\"350\" srcset=\"https:\/\/semmelweis.hu\/koronavirus\/files\/2020\/04\/covid_infographics-03-400x400.png 400w, https:\/\/semmelweis.hu\/koronavirus\/files\/2020\/04\/covid_infographics-03-1024x1024.png 1024w, https:\/\/semmelweis.hu\/koronavirus\/files\/2020\/04\/covid_infographics-03-150x150.png 150w, https:\/\/semmelweis.hu\/koronavirus\/files\/2020\/04\/covid_infographics-03-768x768.png 768w, https:\/\/semmelweis.hu\/koronavirus\/files\/2020\/04\/covid_infographics-03-1536x1536.png 1536w, https:\/\/semmelweis.hu\/koronavirus\/files\/2020\/04\/covid_infographics-03-2048x2048.png 2048w, https:\/\/semmelweis.hu\/koronavirus\/files\/2020\/04\/covid_infographics-03-753x753.png 753w\" sizes=\"auto, (max-width: 350px) 100vw, 350px\" \/><\/a><a href=\"https:\/\/semmelweis.hu\/koronavirus\/files\/2020\/04\/covid_infographics-04.png\"><img loading=\"lazy\" decoding=\"async\" class=\"wp-image-587 alignnone\" src=\"https:\/\/semmelweis.hu\/koronavirus\/files\/2020\/04\/covid_infographics-04-400x297.png\" alt=\"\" width=\"350\" height=\"260\" srcset=\"https:\/\/semmelweis.hu\/koronavirus\/files\/2020\/04\/covid_infographics-04-400x297.png 400w, https:\/\/semmelweis.hu\/koronavirus\/files\/2020\/04\/covid_infographics-04-1024x760.png 1024w, https:\/\/semmelweis.hu\/koronavirus\/files\/2020\/04\/covid_infographics-04-768x570.png 768w, https:\/\/semmelweis.hu\/koronavirus\/files\/2020\/04\/covid_infographics-04-1536x1139.png 1536w, https:\/\/semmelweis.hu\/koronavirus\/files\/2020\/04\/covid_infographics-04-2048x1519.png 2048w, https:\/\/semmelweis.hu\/koronavirus\/files\/2020\/04\/covid_infographics-04-753x559.png 753w\" sizes=\"auto, (max-width: 350px) 100vw, 350px\" \/><\/a><\/p>\n<hr style=\"width: 1%;border: white\" \/>\n<p style=\"text-align: center\"><a href=\"https:\/\/semmelweis.hu\/koronavirus\/files\/2020\/04\/covid_infographics-05.png\"><img loading=\"lazy\" decoding=\"async\" class=\"alignnone wp-image-588\" src=\"https:\/\/semmelweis.hu\/koronavirus\/files\/2020\/04\/covid_infographics-05-400x263.png\" alt=\"\" width=\"350\" height=\"230\" srcset=\"https:\/\/semmelweis.hu\/koronavirus\/files\/2020\/04\/covid_infographics-05-400x263.png 400w, https:\/\/semmelweis.hu\/koronavirus\/files\/2020\/04\/covid_infographics-05-1024x672.png 1024w, https:\/\/semmelweis.hu\/koronavirus\/files\/2020\/04\/covid_infographics-05-768x504.png 768w, https:\/\/semmelweis.hu\/koronavirus\/files\/2020\/04\/covid_infographics-05-1536x1008.png 1536w, https:\/\/semmelweis.hu\/koronavirus\/files\/2020\/04\/covid_infographics-05-2048x1344.png 2048w, https:\/\/semmelweis.hu\/koronavirus\/files\/2020\/04\/covid_infographics-05-753x494.png 753w\" sizes=\"auto, (max-width: 350px) 100vw, 350px\" \/><\/a><a href=\"https:\/\/semmelweis.hu\/koronavirus\/files\/2020\/04\/covid_infographics-06.png\"><img loading=\"lazy\" decoding=\"async\" class=\"wp-image-589 alignnone\" src=\"https:\/\/semmelweis.hu\/koronavirus\/files\/2020\/04\/covid_infographics-06-400x263.png\" alt=\"\" width=\"351\" height=\"231\" srcset=\"https:\/\/semmelweis.hu\/koronavirus\/files\/2020\/04\/covid_infographics-06-400x263.png 400w, https:\/\/semmelweis.hu\/koronavirus\/files\/2020\/04\/covid_infographics-06-1024x672.png 1024w, https:\/\/semmelweis.hu\/koronavirus\/files\/2020\/04\/covid_infographics-06-768x504.png 768w, https:\/\/semmelweis.hu\/koronavirus\/files\/2020\/04\/covid_infographics-06-1536x1008.png 1536w, https:\/\/semmelweis.hu\/koronavirus\/files\/2020\/04\/covid_infographics-06-2048x1344.png 2048w, https:\/\/semmelweis.hu\/koronavirus\/files\/2020\/04\/covid_infographics-06-753x494.png 753w, https:\/\/semmelweis.hu\/koronavirus\/files\/2020\/04\/covid_infographics-06-203x135.png 203w\" sizes=\"auto, (max-width: 351px) 100vw, 351px\" \/><\/a><\/p>\n<hr style=\"width: 1%;border: white\" \/>\n<p style=\"text-align: center\"><a href=\"https:\/\/semmelweis.hu\/koronavirus\/files\/2020\/04\/covid_infographics-07.png\"><img loading=\"lazy\" decoding=\"async\" class=\"wp-image-590 alignnone\" src=\"https:\/\/semmelweis.hu\/koronavirus\/files\/2020\/04\/covid_infographics-07-400x232.png\" alt=\"\" width=\"350\" height=\"203\" srcset=\"https:\/\/semmelweis.hu\/koronavirus\/files\/2020\/04\/covid_infographics-07-400x232.png 400w, https:\/\/semmelweis.hu\/koronavirus\/files\/2020\/04\/covid_infographics-07-1024x595.png 1024w, https:\/\/semmelweis.hu\/koronavirus\/files\/2020\/04\/covid_infographics-07-768x446.png 768w, https:\/\/semmelweis.hu\/koronavirus\/files\/2020\/04\/covid_infographics-07-1536x893.png 1536w, https:\/\/semmelweis.hu\/koronavirus\/files\/2020\/04\/covid_infographics-07-2048x1190.png 2048w, https:\/\/semmelweis.hu\/koronavirus\/files\/2020\/04\/covid_infographics-07-753x438.png 753w\" sizes=\"auto, (max-width: 350px) 100vw, 350px\" \/><\/a><a href=\"https:\/\/semmelweis.hu\/koronavirus\/files\/2020\/04\/covid_infographics-08.png\"><img loading=\"lazy\" decoding=\"async\" class=\"wp-image-591 alignnone\" src=\"https:\/\/semmelweis.hu\/koronavirus\/files\/2020\/04\/covid_infographics-08-400x400.png\" alt=\"\" width=\"350\" height=\"350\" srcset=\"https:\/\/semmelweis.hu\/koronavirus\/files\/2020\/04\/covid_infographics-08-400x400.png 400w, https:\/\/semmelweis.hu\/koronavirus\/files\/2020\/04\/covid_infographics-08-1024x1024.png 1024w, https:\/\/semmelweis.hu\/koronavirus\/files\/2020\/04\/covid_infographics-08-150x150.png 150w, https:\/\/semmelweis.hu\/koronavirus\/files\/2020\/04\/covid_infographics-08-768x768.png 768w, https:\/\/semmelweis.hu\/koronavirus\/files\/2020\/04\/covid_infographics-08-1536x1536.png 1536w, https:\/\/semmelweis.hu\/koronavirus\/files\/2020\/04\/covid_infographics-08-2048x2048.png 2048w, https:\/\/semmelweis.hu\/koronavirus\/files\/2020\/04\/covid_infographics-08-753x753.png 753w\" sizes=\"auto, (max-width: 350px) 100vw, 350px\" \/><\/a><\/p>\n<hr style=\"width: 70%;border-width: 2px\" \/>\n<p><strong><span style=\"color: #ff6600\">FIGYELEM!<\/span>\u00a0<\/p>\n<p>Az itt javasolt textil arcmaszkok nem seb\u00e9szeti maszkok vagy FFP2 r\u00e9szecskesz\u0171r\u0151 f\u00e9l\u00e1larcok, hanem lakoss\u00e1gi, h\u00e9tk\u00f6znapi haszn\u00e1latra alkalmas, t\u00f6bbsz\u00f6r haszn\u00e1lhat\u00f3 maszkok.\u00a0<\/p>\n<p><\/strong>Az \u00fatmutat\u00f3hoz \u00e9s a szab\u00e1smint\u00e1khoz felhaszn\u00e1lt forr\u00e1s: Centers for Disease Controls and Prevention<\/p>\n","protected":false},"excerpt":{"rendered":"<p>K\u00f6zz\u00e9t\u00e9ve: 2020. \u00e1prilis 20. Arcmaszkot k\u00f6nnyed\u00e9n k\u00e9sz\u00edthet\u00fcnk ak\u00e1r a h\u00e1ztart\u00e1sban fellelhet\u0151, vagy k\u00f6nnyen \u00e9s olcs\u00f3n beszerezhet\u0151 anyagokb\u00f3l is, n\u00e9h\u00e1ny egyszer\u0171 szab\u00e1ly betart\u00e1sa mellett. FIGYELEM! A textilb\u0151l k\u00e9sz\u00fclt arcmaszkokat nem szabad 2 \u00e9vesn\u00e9l fiatalabb gyermekre adni, vagy olyan szem\u00e9lyre, akinek l\u00e9gz\u00e9si neh\u00e9zs\u00e9gei vannak, eszm\u00e9letlen, magatehetetlen, vagy m\u00e1s ok miatt nem tudja seg\u00edts\u00e9g n\u00e9lk\u00fcl levenni a maszkot. &hellip;<\/p>\n","protected":false},"author":12,"featured_media":0,"parent":9,"menu_order":2,"comment_status":"closed","ping_status":"closed","template":"","meta":{"_acf_changed":false,"footnotes":""},"categories":[],"tags":[],"class_list":["post-566","page","type-page","status-publish","hentry"],"acf":[],"_links":{"self":[{"href":"https:\/\/semmelweis.hu\/koronavirus\/wp-json\/wp\/v2\/pages\/566","targetHints":{"allow":["GET"]}}],"collection":[{"href":"https:\/\/semmelweis.hu\/koronavirus\/wp-json\/wp\/v2\/pages"}],"about":[{"href":"https:\/\/semmelweis.hu\/koronavirus\/wp-json\/wp\/v2\/types\/page"}],"author":[{"embeddable":true,"href":"https:\/\/semmelweis.hu\/koronavirus\/wp-json\/wp\/v2\/users\/12"}],"replies":[{"embeddable":true,"href":"https:\/\/semmelweis.hu\/koronavirus\/wp-json\/wp\/v2\/comments?post=566"}],"version-history":[{"count":10,"href":"https:\/\/semmelweis.hu\/koronavirus\/wp-json\/wp\/v2\/pages\/566\/revisions"}],"predecessor-version":[{"id":2075,"href":"https:\/\/semmelweis.hu\/koronavirus\/wp-json\/wp\/v2\/pages\/566\/revisions\/2075"}],"up":[{"embeddable":true,"href":"https:\/\/semmelweis.hu\/koronavirus\/wp-json\/wp\/v2\/pages\/9"}],"wp:attachment":[{"href":"https:\/\/semmelweis.hu\/koronavirus\/wp-json\/wp\/v2\/media?parent=566"}],"wp:term":[{"taxonomy":"category","embeddable":true,"href":"https:\/\/semmelweis.hu\/koronavirus\/wp-json\/wp\/v2\/categories?post=566"},{"taxonomy":"post_tag","embeddable":true,"href":"https:\/\/semmelweis.hu\/koronavirus\/wp-json\/wp\/v2\/tags?post=566"}],"curies":[{"name":"wp","href":"https:\/\/api.w.org\/{rel}","templated":true}]}}