{"id":512,"date":"2020-04-03T12:00:36","date_gmt":"2020-04-03T10:00:36","guid":{"rendered":"http:\/\/semmelweis.hu\/koronavirus\/?page_id=512"},"modified":"2021-02-12T11:59:37","modified_gmt":"2021-02-12T10:59:37","slug":"sponsoren","status":"publish","type":"page","link":"https:\/\/semmelweis.hu\/koronavirus\/de\/sponsoren\/","title":{"rendered":"Sponsoren"},"content":{"rendered":"<p><strong>In der durch das Coronavirus verursachte epidemiologischen Situation bem\u00fcht sich die Semmelweis Universit\u00e4t nach besten Kr\u00e4ften darum, um ihren Mitarbeitern angemessene Arbeitsbedingungen zu schaffen; sowie ihnen und den Patienten in den Universit\u00e4tskliniken maximales Sicherheitsgef\u00fchl anbieten zu k\u00f6nnen. Diese Anstrengungen sind auch durch ankommende Spenden unterst\u00fctzt, wor\u00fcber Sie sich auf dieser Seite regelm\u00e4\u00dfig informieren k\u00f6nnen. Hiermit bedanken wir uns f\u00fcr alle Spenden!<\/strong><\/p>\n<p>Jegliche Arbeiten unserer Universit\u00e4t \u2013 Patientenversorgung, Bildung oder die diese T\u00e4tigkeiten unterst\u00fctzenden administrative Aufgaben &#8211; k\u00f6nnen \u00fcber folgende drei Stiftungen gef\u00f6rdert werden. Die \u00fcber diese Stiftungen eingetroffenen Spenden werden an alle Organisationseinheiten der Universit\u00e4t weitergeleitet.<\/p>\n<ul>\n<li><a href=\"https:\/\/semmelweis.hu\/alapitvany\/en\/\" target=\"_blank\" rel=\"noopener noreferrer\">Semmelweis Universit\u00e4t Stiftung<\/a><\/li>\n<li><a href=\"https:\/\/bokaygyermekklinika.hu\/\" target=\"_blank\" rel=\"noopener noreferrer\">B\u00f3kay Kinderklinik Gemeinn\u00fctzige Stiftung<\/a>\u00a0<\/li>\n<li style=\"text-align: left\"><a href=\"https:\/\/semmelweis.hu\/ersebeszet\/magunkrol\/alapitvany\/\" target=\"_blank\" rel=\"noopener noreferrer\">V\u00e1rosmajor Stiftung f\u00fcr Patienten mit Herz- und Kreislauferkrankungen<\/a><\/li>\n<\/ul>\n<hr \/>\n<p><strong>Semmelweis Universit\u00e4t Stiftung erhielt eine Spende im Wert von vier Millionen Forint f\u00fcr Epidemiekontrolle<\/strong><\/p>\n<p>Die Semmelweis Universit\u00e4t Stiftung gab die von Lurdy H\u00e1z GmbH angebotene Spende im Wert von vier Millionen Forint f\u00fcr die Beschaffung der zur COVID-Versorgung n\u00f6tigen Ausr\u00fcstung aus. Die Spende wurde symbolisch von Dr. Stephen Szak\u00e1l,<\/p>\n<p>Gesch\u00e4ftsf\u00fchrer des Einkaufs- und B\u00fcrokomplex und von Fanni Zwichl, Marketing- und Kommunikationsleiterin an Dr. Attila Szab\u00f3, Vizerektor f\u00fcr klinische Angelegenheiten und an Ir\u00e9n Baumgartnern\u00e9 Holl\u00f3, Generaldirektorin f\u00fcr Wirtschaftsangelegenheiten \u00fcbergeben.<\/p>\n<p><a href=\"https:\/\/semmelweis.hu\/nki\/de\/2021\/02\/semmelweis-universitaet-stiftung-erhielt-eine-spende-im-wert-von-vier-millionen-forint-fuer-epidemiekontrolle\/\" target=\"_blank\" rel=\"noopener noreferrer\">Weiter zum Artikel \u2192<\/a><\/p>\n<hr \/>\n<p><strong>Auchan Magyarorsz\u00e1g Zrt.<\/strong> unterst\u00fctzt das landesweit repr\u00e4sentative Screening-Projekt mit <strong>Plakaten<\/strong>. Die Plakate, die auf die Bedeutung der von den ungarischen medizinischen Universit\u00e4ten durchgef\u00fchrten <a href=\"https:\/\/semmelweis.hu\/nki\/de\/2020\/04\/landesweite-untersuchung-unter-leitung-der-semmelweis-universitaet-gestartet\/\" target=\"_blank\" rel=\"noopener noreferrer\">COVID-19-Screening-Tests<\/a> aufmerksam machen, werden diese Woche in den Auchan-Superm\u00e4rkten in ganz Ungarn ausgestellt. Auchan Magyarorsz\u00e1g Zrt. bezahlt sowohl die Produktion als auch das Augh\u00e4ngen der Plakate.<\/p>\n<hr \/>\n<p>Der <strong>Kolping-Verband<\/strong> in <strong>Pestszenterzs\u00e9bet<\/strong> spendete der Semmelweis-Stiftung 1.000.000 HUF, um die Forschungsarbeiten bez\u00fcglich Coronavirus zu unterst\u00fctzen.<\/p>\n<hr \/>\n<p><strong>Die medizinischen Universit\u00e4ten Ungarns haben Unterst\u00fctzung f\u00fcr das landesweite Screening erhalten<\/strong><br \/>\u00a0<br \/>Im Namen der vier ungarischen medizinischen Universit\u00e4ten bedanken wir uns beim Ungarischen Wasserrettungsdienst, beim Lehrkrankenhaus Petz Alad\u00e1r in Gy\u0151r und beim Klinikum Bajcsy Zsilinszky in Budapest f\u00fcr ihre freiwillige Hilfe und Unterst\u00fctzung. Diese Einrichtungen haben sich freiwillig f\u00fcr das am 28. April von den vier ungarischen medizinischen Universit\u00e4ten angek\u00fcndigte <a href=\"https:\/\/semmelweis.hu\/nki\/de\/2020\/04\/landesweite-untersuchung-unter-leitung-der-semmelweis-universitaet-gestartet\/\" target=\"_blank\" rel=\"noopener noreferrer\">landesweite Screening-Programm<\/a> gemeldet, dessen Ziel ist, ein genaues Bild der tats\u00e4chlichen Anzahl <span style=\"font-size: 1rem\">infizierter und durchinfizierter Personen zu geben. Aufgrund der Ergebnissen entsteht eine epidemiologische Studie \u00fcber die tats\u00e4chliche Anzahl von Virusinfektionen in Ungarn, \u00fcber die Anzahl der bisher infizierten Personen und derer, die m\u00f6glicherweise gegen das Virus immun geworden sind, bzw. dar\u00fcber, wie viele Personen m\u00f6glicherweise asymptomatische Tr\u00e4ger des Virus sind.<\/span><\/p>\n<hr \/>\n<p><strong>Atmungsunterst\u00fctzende Ger\u00e4te wurden der Semmelweis Universit\u00e4t von MOL gespendet<\/strong><\/p>\n<p>F\u00fcnf atmungsunterst\u00fctzende Ger\u00e4te wurden im Wert von etwa 19 Mio HUF von <strong>MOL<\/strong> dem <strong>V\u00e1rosmajor Herz- und Gef\u00e4\u00dfzentrum<\/strong> gespendet, um die Patientenversorgung w\u00e4hrend der Epidemie zu unterst\u00fctzen. Die Ger\u00e4te bleiben auch danach, wenn die Gefahrsituation aufgehoben wird, und werden bei der \u00c4rzte- und Fachpflegekr\u00e4fteweiterbildung ebenso eine Rolle spielen.<\/p>\n<p><a href=\"https:\/\/semmelweis.hu\/deutsch\/2020\/04\/30\/atmungsunterstuetzende-geraete-wurden-von-mol-der-semmelweis-universitaet-gespendet\/\" target=\"_blank\" rel=\"noopener noreferrer\">Weiter zum Artikel \u2192<\/a><\/p>\n<hr \/>\n<p><strong>Axol Pharma Zrt. <\/strong>spendete der p\u00e4diatrischen Diabetesabteilung der <strong>I. Klinik f\u00fcr Kinderheilkunde <\/strong>der Semmelweis Universit\u00e4t mit 500.000 HUF.<\/p>\n<hr \/>\n<p><strong><a href=\"https:\/\/semmelweis.hu\/koronavirus\/files\/2020\/04\/IMG_0506_-rotated.jpg\"><img loading=\"lazy\" decoding=\"async\" class=\"wp-image-563  alignleft\" src=\"https:\/\/semmelweis.hu\/koronavirus\/files\/2020\/04\/IMG_0506_-150x150.jpg\" alt=\"\" width=\"150\" height=\"150\" \/><\/a>Market \u00c9p\u00edt\u0151 AG<\/strong> spendete sechs, qualitativ hochwertige Krankenhausbetten an die <strong>Klinik f\u00fcr Pulmonologie<\/strong> der Semmelweis Universit\u00e4t. Die Betten wurden sofort nach der notwendigen Desinfektion in der Patientenversorgung eingesetzt.<\/p>\n<hr \/>\n<p><strong>Jungheinrich Hung\u00e1ria<\/strong> GmbH bot dem <strong>Zentrallager der Semmelweis Universit\u00e4t<\/strong> einen Hochleistungs-Elektrostapler an.<\/p>\n<hr \/>\n<p><strong>Katinka Hossz\u00fa spendet 1,5 Millionen HUF f\u00fcr Forschungsarbeit zum Coronavirus<\/strong><\/p>\n<p>Die Ungarin Katinka Hossz\u00fa dreifache Olympia-, neunfache Welt- und vierzehnfache Europameisterin in Schwimmen spendet 1,5 Mio HUF an die Semmelweis Universit\u00e4t Stiftung, die von der Universit\u00e4t f\u00fcr Forschungsarbeit zum Coronavirus verwendet wird.<\/p>\n<p><a href=\"https:\/\/semmelweis.hu\/deutsch\/2020\/04\/01\/katinka-hosszu-spendet-2-millionen-huf-fuer-die-forschungsarbeit-bezueglich-coronavirus\/\" target=\"_blank\" rel=\"noopener noreferrer\">Weiter zum Artikel \u2192<\/a><\/p>\n<hr \/>\n<p><strong>Chinesische Universit\u00e4ten und Unternehmen spendeten der Universit\u00e4t Schutzausr\u00fcstungen<\/strong><\/p>\n<p>Dank der Central South University und Fudan University wurden vor kurzem 16000 Schutzmasken von verschiedenen Typen und 200 St\u00fcck Schutzbeleidung nach Ungarn geliefert.\u00a0Das chinesische Cecz Unternehmen spendete 10000 Tests, das Hangzhou International Exchange &amp; Service Center trug mit 100 St\u00fcck Schutzbekleidung und 2500 chirurgischen Masken zur Sicherheit\u00a0der medizinischen Mitarbeiter der Universit\u00e4t bei.<\/p>\n<p><a href=\"https:\/\/semmelweis.hu\/deutsch\/2020\/04\/20\/chinesische-universitaeten-und-unternehmen-spendeten-der-universitaet-schutzausruestungen\/\" target=\"_blank\" rel=\"noopener noreferrer\">Weiter zum Artikel \u2192<\/a><\/p>\n<hr \/>\n<p><strong>OTT-ONE Nyrt.<\/strong> hat den ungarischen medizinischen Universit\u00e4ten, einschlie\u00dflich der Semmelweis Universit\u00e4t, Tausende hochwertiger, in Europa zertifizierter Masken gespendet.<\/p>\n<hr \/>\n<p>Um die digitale Bildung von Kindern zu unterst\u00fctzen, die in der<strong> II. Klinik f\u00fcr Kinderheilkunde<\/strong> behandelt werden, spendete <strong>T-Systems Magyarorsz\u00e1g<\/strong> Laptops.<\/p>\n<hr \/>\n<p><strong>Dahua Technology Hungary Kft.<\/strong> hat der <strong>Abteilung f\u00fcr Notfallmedizin<\/strong> ein Temperaturmesssystem zur Fieberdetektion mit W\u00e4rmebildkameras gespendet.<\/p>\n<hr \/>\n<p><strong>Die Dermart Dermatologische Klinik<\/strong> spendete 1 Mio HUF der <strong>Klinik f\u00fcr Gyn\u00e4kologie und Geburtshilfe.<\/strong><\/p>\n<hr \/>\n<p>An die <strong>Klinik f\u00fcr An\u00e4sthesiologie und Intensivmedizin<\/strong> hat die <strong>Areus Infokommunik\u00e1ci\u00f3s Zrt<\/strong> 10 Millionen HUF f\u00fcr Beatmungsger\u00e4te gespendet.<\/p>\n<hr \/>\n<p><strong>Die Med-En Trade GmbH <\/strong>bot der <strong>Klinik f\u00fcr Medizinische Bildgebung <\/strong>2 tragbare Ultraschallger\u00e4te f\u00fcr unbestimmte Zeit an.<\/p>\n<hr \/>\n<p>Die <strong>BELUX Csoport GmbH<\/strong> hat allen <strong>Radiologen der Semmelweis Universit\u00e4t<\/strong> ab M\u00e4rz 2020 f\u00fcr einen Zeitraum von 2 Jahren 10\u00a0 Lizenzen f\u00fcr die radiologische Spracherkennung in ungarischer Sprache und die Software eRAD 8 f\u00fcr radiologische Erkennung angeboten.<\/p>\n<hr \/>\n<p><strong>1000 Schutzmasken wurden von BDPST Group beschaffen und der Semmelweis Universit\u00e4t gespendet<\/strong><strong><br \/><\/strong><a href=\"https:\/\/semmelweis.hu\/koronavirus\/files\/2020\/03\/MASZK.jpg\"><img loading=\"lazy\" decoding=\"async\" class=\"alignleft size-thumbnail wp-image-485\" src=\"https:\/\/semmelweis.hu\/koronavirus\/files\/2020\/03\/MASZK-150x150.jpg\" alt=\"\" width=\"150\" height=\"150\" srcset=\"https:\/\/semmelweis.hu\/koronavirus\/files\/2020\/03\/MASZK-150x150.jpg 150w, https:\/\/semmelweis.hu\/koronavirus\/files\/2020\/03\/MASZK-400x400.jpg 400w, https:\/\/semmelweis.hu\/koronavirus\/files\/2020\/03\/MASZK.jpg 570w\" sizes=\"auto, (max-width: 150px) 100vw, 150px\" \/><\/a>Wegen der au\u00dfergew\u00f6hnlichen epidemiologischen Situation unterst\u00fctzte die BDPST Group Immobilienentwicklungs-Gesellschaft die Stiftung der I. Klinik f\u00fcr P\u00e4diatrie letzte Woche mit einer sofortigen Geldspende, wovon die Stiftung 1000 St\u00fcck FFP2 Schutzmaske kaufen und unter den Patientenversorgungseinheiten der Universit\u00e4t verteilen konnte. Die so beschaffenen Atemschutzmasken konnten den medizinischen Mitarbeitern der Institution mehrere Tage Schutz anbieten.<\/p>\n<p><a href=\"https:\/\/semmelweis.hu\/deutsch\/2020\/03\/30\/1000-schutzmasken-wurden-von-bdpst-group-beschaffen-und-der-semmelweis-universitaet-gespendet\/\" target=\"_blank\" rel=\"noopener noreferrer\">Weiter zum Artikel \u2192<\/a><\/p>\n<hr \/>\n<p><strong>Showtime Sonderausgabe \u00fcber H\u00e4ndewaschen \u2013 gespendet von Kolibri Pictures <\/strong><\/p>\n<p style=\"text-align: justify\"><a href=\"https:\/\/semmelweis.hu\/koronavirus\/files\/2020\/03\/showtime-kulonkiadas.jpg\"><img loading=\"lazy\" decoding=\"async\" class=\"alignleft size-thumbnail wp-image-486\" src=\"https:\/\/semmelweis.hu\/koronavirus\/files\/2020\/03\/showtime-kulonkiadas-150x150.jpg\" alt=\"\" width=\"150\" height=\"150\" \/><\/a><\/p>\n<p>In der Sonderausgabe der Animationsreihe der Semmelweis Universit\u00e4t werden die Schritte des richtigen H\u00e4ndewaschens gezeigt. Es ist seit der Entdeckung Ign\u00e1c Semmelweis bekannt, dass das H\u00e4ndewaschen eine von den besten Methoden der Infektionspr\u00e4vention ist. Die Sonderausgabe konnte durch die Spende von Kolibri Pictures und von Armand Kautzky (ungarische Stimme von Ign\u00e1c Semmelweis) verwirklicht werden.<\/p>\n<p><a href=\"https:\/\/semmelweis.hu\/deutsch\/2020\/03\/26\/showtime-sonderausgabe-semmelweis-ignac-und-das-haendewaschen-video\/\" target=\"_blank\" rel=\"noopener noreferrer\">Weiter zum Video \u2192<\/a><\/p>\n<hr \/>\n<p><strong>Viele Kliniken der Universit\u00e4t erhalten regelm\u00e4\u00dfig oder einmalig warme Speisen oder Lebensmittelspenden von folgenden Restaurants und Firmen:<\/strong><\/p>\n<ul>\n<li>Tommy di Napoli Pizz\u00e9ria<\/li>\n<li>Food Universum Kft.<\/li>\n<li>Oinos Wine Bar &amp; Bistro<\/li>\n<li>Leroy Bistro<\/li>\n<li>\u00d6lt\u00f6ny\u00f6k H\u00e1za<\/li>\n<li>Artisan P\u00e9ks\u00e9g<\/li>\n<li>Cserpes Sajtm\u0171hely<\/li>\n<li>VIWA vitaminos v\u00edz<\/li>\n<li>activ\u00e9 FiberShake<\/li>\n<li>K\u00e1v\u00e9\u00e1ruh\u00e1z.hu<\/li>\n<li>Artiz\u00e1n P\u00e9ks\u00e9g<\/li>\n<li>Coca-Cola Magyarorsz\u00e1g<\/li>\n<li>Eurest<\/li>\n<li>Kifli.hu<\/li>\n<li>Coc\u00f37 Csokol\u00e1d\u00e9<\/li>\n<li>Magyar Bocuse d\u2019Or Akad\u00e9mia Egyes\u00fclet<\/li>\n<li>Magyar J\u00e9gkorongsz\u00f6vets\u00e9g<\/li>\n<li>Kispesti szurkol\u00f3k \u00e9s Kriski Zolt\u00e1n<\/li>\n<li>Viblance Kft.<\/li>\n<li>Multi-Cik\u00f3ria Kft.<\/li>\n<li>AlbaDeli<\/li>\n<li>V\u00e1szolyi Sajt Manufakt\u00fara<\/li>\n<li>Moln\u00e1r L\u00e1szl\u00f3 \u2013 Moln\u00e1r\u2019s K\u00fcrt\u0151skal\u00e1cs<\/li>\n<li>P\u00f6tty\u00f6s<\/li>\n<li>M.L. Energy Kft.<\/li>\n<li>Nestl\u00e9 Hung\u00e1ria Kft.<\/li>\n<li>Hallja kend? \u2013 Babusa S\u00e1ndor<\/li>\n<li>Lindt&amp;Spr\u00fcngli<\/li>\n<li>Alessio K\u00e1v\u00e9z\u00f3 \u00e9s \u00c9tterem<\/li>\n<li>Turb\u00f3 Di\u00e9ta<\/li>\n<li>Waberer&#8217;s International Nyrt.<\/li>\n<li>Farm Toj\u00e1s Kft.<\/li>\n<\/ul>\n<hr \/>\n<p><strong>Auch kleinere Ger\u00e4te, kosmetische oder chemische Produkte kamen an den Kliniken von folgenden Firmen oder Privatpersonen an:<\/strong><\/p>\n<ul>\n<li>Eucerin (Handcreme Muster)<\/li>\n<li>Philips Magyarorsz\u00e1g Kft. (2 Kaffee-Maschinen)<\/li>\n<li>dr. Szilas Cec\u00edlia (2 Packungen Schutzmaske)<\/li>\n<li>Innoveng Kft. (Desinfektionsmittel)<\/li>\n<li>Richter Gedeon Nyrt. (Schutzmasken und Handschuhe)<\/li>\n<li>M\u00f6lnlycke Health Care Kft. (Schutzmasken und Handschuhe)<\/li>\n<li>Janssen-Cilag Kft. (Schutzmasken und Handschuhe)<\/li>\n<li>Instruktor \u00d6ntev\u00e9keny Csoport (2 K\u00fchlschr\u00e4nke)<\/li>\n<li>Mirawind Kft. (150 Stk Namenschilder)<\/li>\n<li>P\u00f3l\u00f3nagyker (150 T-Shirts)<\/li>\n<li>3D nyomtat\u00e1s a koronav\u00edrus ellen (Schutzmasken)<\/li>\n<li>NAOS Hungary Zrt. (Bioderma Produkte)<\/li>\n<li>La Roche Posay (Cremen)<\/li>\n<li>Moln\u00e1r M\u00e1rta, Beauty Partner Kft. (Handcremen)<\/li>\n<li>Social Point Alap\u00edtv\u00e1ny (zwei Mikrowellen\u00f6fen, eine Kaffeemaschine und ein Drucker)<\/li>\n<li>Pigniczky \u00c1gnes \u00e9s Mih\u00e1lyi Gabriella (Plastikfolie)<\/li>\n<li>Yves Rocher Hungary Kft. (400 Handcreme, 300 Handwaschgele, 40 Duschgele)<\/li>\n<li>ECLECTICK, Gyovai-Farkas Edina und die Szurik\u00e1ta Stiftung f\u00fcr Kinder mit Diabetes Mellitus (100 Schutzmasken)<\/li>\n<li>Bioderma (Bioderma Produkte)<\/li>\n<li>L\u2019Ore\u00e1l Magyarorsz\u00e1g Kft. (CeraVe Duschgele und Body Lotions)<\/li>\n<li>iHair Kft. (500 Schutzmasken f\u00fcr Kinder)<\/li>\n<li>Fischer Enik\u0151 (500 Schutzmasken)<\/li>\n<li>\n<div class=\"GroupWiseMessageBody active\">\n<div>TAKBIKE Fahrradladen (70 FFP Maske)<\/div>\n<\/div>\n<\/li>\n<li><span style=\"font-size: 1rem\">Waberer\u2019s-Szemerey Logisztika Kft. (9 Paletten Wasch- und Reinigungsmittel)<\/span><\/li>\n<li>Biotest Hungaria Kft. (200 spezielle Masken)<\/li>\n<li>HOLD Alapkezel\u0151 (300 spezielle Masken)<\/li>\n<li>Blask\u00f3 Zsuzsa (Sudocrem in gro\u00dfer Menge)<\/li>\n<li>Varga Bal\u00e1zs (mehrere Pakete hei\u00dfe Laminierfolien)<\/li>\n<li>Waberer\u2019s International Nyrt. (2 Paletten Wasch- und Reinigungsmittel)<\/li>\n<li>Benedict \u00c1gnes (B\u00fcrowaren)<\/li>\n<li>Budapester Organisation der Ungarischen Kammer f\u00fcr Gesundheitsberufe (1500 FFP2-Masken)<\/li>\n<\/ul>\n<div id=\"GroupWiseSection_1586337238000_igazgato.seb1@med.semmelweis-univ.hu_C1B824000B5B0000A9909355F2DE671C_\" class=\"GroupWiseMessageBody active\">\n<div>\n<hr \/>\n<\/div>\n<\/div>\n<p><strong>Folgende Privatpersonen und Organisationen boten ihre Arbeit als Freiwillige an:<\/strong><\/p>\n<ul>\n<li>S\u00e1ndor Zsolt Nagy (IT-Arbeit)<\/li>\n<li>L\u00e1szl\u00f3 B\u00f3na (graphische Arbeiten)<\/li>\n<li>Die Studentische Selbstverwaltung der Semmelweis Universt\u00e4t hat in Zusammenarbeit mit der Alumni und EFOTT Spenden an die Mitarbeiterinnen und Mitarbeiter der Kliniken geliefert<\/li>\n<li>Frauenhoffer L\u00e1szl\u00f3 (Infografik)<\/li>\n<\/ul>\n<hr \/>\n<p><strong>Weitere Spenden wurden den Kliniken von folgenden Personen angeboten:<\/strong><\/p>\n<ul>\n<li>Benedek Zsolt (eine Wohnung)<\/li>\n<li>Temesv\u00e1ri Erik (f\u00fcnf Gastzimmer)<\/li>\n<li>Dov\u00e1k P\u00e9ter (zwei Wohnungen)<\/li>\n<li>Husz\u00e1r Orsolya (zwei Wohnungen)<\/li>\n<li>Poml\u00e9nyi Paulina<\/li>\n<li>Szab\u00f3 Zsanett \u00e9s Benedek Zsolt (eineWohnunge)<\/li>\n<li>Francesco Annunziata (drei Wohnungen)<\/li>\n<li>Lutter Panni (eine Wohnung)<\/li>\n<li>Szab\u00f3 Lajos \u2013 K\u0151r\u00f6shegyi Levendul\u00e1s<\/li>\n<li>Pint\u00e9r \u00c1d\u00e1m (zwei Wohnungen)<\/li>\n<li>M\u00e1trai Andrea (eine Wohnung)<\/li>\n<\/ul>\n","protected":false},"excerpt":{"rendered":"<p>In der durch das Coronavirus verursachte epidemiologischen Situation bem\u00fcht sich die Semmelweis Universit\u00e4t nach besten Kr\u00e4ften darum, um ihren Mitarbeitern angemessene Arbeitsbedingungen zu schaffen; sowie ihnen und den Patienten in den Universit\u00e4tskliniken maximales Sicherheitsgef\u00fchl anbieten zu k\u00f6nnen. Diese Anstrengungen sind auch durch ankommende Spenden unterst\u00fctzt, wor\u00fcber Sie sich auf dieser Seite regelm\u00e4\u00dfig informieren k\u00f6nnen. Hiermit &hellip;<\/p>\n","protected":false},"author":101640,"featured_media":0,"parent":0,"menu_order":6,"comment_status":"closed","ping_status":"closed","template":"","meta":{"_acf_changed":false,"footnotes":""},"categories":[],"tags":[],"class_list":["post-512","page","type-page","status-publish","hentry"],"acf":[],"_links":{"self":[{"href":"https:\/\/semmelweis.hu\/koronavirus\/wp-json\/wp\/v2\/pages\/512","targetHints":{"allow":["GET"]}}],"collection":[{"href":"https:\/\/semmelweis.hu\/koronavirus\/wp-json\/wp\/v2\/pages"}],"about":[{"href":"https:\/\/semmelweis.hu\/koronavirus\/wp-json\/wp\/v2\/types\/page"}],"author":[{"embeddable":true,"href":"https:\/\/semmelweis.hu\/koronavirus\/wp-json\/wp\/v2\/users\/101640"}],"replies":[{"embeddable":true,"href":"https:\/\/semmelweis.hu\/koronavirus\/wp-json\/wp\/v2\/comments?post=512"}],"version-history":[{"count":10,"href":"https:\/\/semmelweis.hu\/koronavirus\/wp-json\/wp\/v2\/pages\/512\/revisions"}],"predecessor-version":[{"id":1517,"href":"https:\/\/semmelweis.hu\/koronavirus\/wp-json\/wp\/v2\/pages\/512\/revisions\/1517"}],"wp:attachment":[{"href":"https:\/\/semmelweis.hu\/koronavirus\/wp-json\/wp\/v2\/media?parent=512"}],"wp:term":[{"taxonomy":"category","embeddable":true,"href":"https:\/\/semmelweis.hu\/koronavirus\/wp-json\/wp\/v2\/categories?post=512"},{"taxonomy":"post_tag","embeddable":true,"href":"https:\/\/semmelweis.hu\/koronavirus\/wp-json\/wp\/v2\/tags?post=512"}],"curies":[{"name":"wp","href":"https:\/\/api.w.org\/{rel}","templated":true}]}}