{"id":5,"date":"2020-03-06T09:03:02","date_gmt":"2020-03-06T08:03:02","guid":{"rendered":"http:\/\/semmelweis.hu\/koronavirus\/?page_id=5"},"modified":"2023-11-09T14:10:01","modified_gmt":"2023-11-09T13:10:01","slug":"a-semmelweis-egyetem-tajekoztato-oldala-az-uj-koronavirusrol","status":"publish","type":"page","link":"https:\/\/semmelweis.hu\/koronavirus\/a-semmelweis-egyetem-tajekoztato-oldala-az-uj-koronavirusrol\/","title":{"rendered":"Az egyetem szerepe a COVID-19 j\u00e1rv\u00e1ny alatt"},"content":{"rendered":"<p style=\"text-align: justify\">Az \u00faj t\u00edpus\u00fa koronav\u00edrus (SARS-CoV-2) \u00e9s az \u00e1ltala okozott j\u00e1rv\u00e1ny\u00fcgyi vesz\u00e9lyhelyzet kor\u00e1bban nem l\u00e1tott kih\u00edv\u00e1s el\u00e9 \u00e1ll\u00edtotta Magyarorsz\u00e1got. A Semmelweis Egyetem folyamatosan figyelemmel k\u00eds\u00e9rte a fert\u0151z\u00e9ssel kapcsolatos nemzetk\u00f6zi \u00e9s hazai helyzetet, megtette az egyetemen bel\u00fcl sz\u00fcks\u00e9ges int\u00e9zked\u00e9seket \u00e9s t\u00e1j\u00e9koztatta nemcsak az egyetem polg\u00e1rait, de az eg\u00e9sz orsz\u00e1got a j\u00e1rv\u00e1nnyal kapcsolatos fejlem\u00e9nyekr\u0151l. Az egyetem rektora <a href=\"https:\/\/semmelweis.hu\/hirek\/2020\/03\/13\/koronavirus-rektori-kancellari-utasitas-az-egyetem-intezkedesi-terverol\/\">J\u00e1rv\u00e1ny\u00fcgyi Bizotts\u00e1got hozott l\u00e9tre<\/a>, a n\u00e9gy hazai orvosk\u00e9pz\u0151 egyetem r\u00e9szv\u00e9tel\u00e9vel, a Semmelweis Egyetem vezet\u00e9s\u00e9vel pedig orsz\u00e1gos, reprezentat\u00edv koronav\u00edrus sz\u0171r\u0151vizsg\u00e1lat zajlott H-UNCOVER n\u00e9ven az els\u0151 hull\u00e1m sor\u00e1n. Az egyetem 2020. december 26-\u00e1t\u00f3l az els\u0151k k\u00f6z\u00f6tt kezdte meg a koronav\u00edrus elleni v\u00e9d\u0151olt\u00e1sok bead\u00e1s\u00e1t, \u00e9s itt indult el els\u0151k\u00e9nt a v\u00e1rand\u00f3sok \u00e9s szoptat\u00f3 \u00e9desany\u00e1k vakcin\u00e1ci\u00f3ja 2021. m\u00e1rcius 27-\u00e9n.\u00a0<\/p>\n","protected":false},"excerpt":{"rendered":"<p>Az \u00faj t\u00edpus\u00fa koronav\u00edrus \u00e9s az \u00e1ltala okozott j\u00e1rv\u00e1ny\u00fcgyi vesz\u00e9lyhelyzet kor\u00e1bban nem l\u00e1tott kih\u00edv\u00e1s el\u00e9 \u00e1ll\u00edtotta Magyarorsz\u00e1got. A Semmelweis Egyetem folyamatosan figyelemmel k\u00eds\u00e9rte a fert\u0151z\u00e9ssel kapcsolatos nemzetk\u00f6zi \u00e9s hazai helyzetet, inform\u00e1ci\u00f3s honlapot hozott l\u00e9tre az \u00faj koronav\u00edrusr\u00f3l, megtette az egyetemen bel\u00fcl sz\u00fcks\u00e9ges int\u00e9zked\u00e9seket \u00e9s t\u00e1j\u00e9koztatta nemcsak az egyetem polg\u00e1rait, de az eg\u00e9sz orsz\u00e1got a j\u00e1rv\u00e1nnyal kapcsolatos fejlem\u00e9nyekr\u0151l. Az egyetem 2020. december 26-\u00e1t\u00f3l az els\u0151k k\u00f6z\u00f6tt kezdte meg a koronav\u00edrus elleni v\u00e9d\u0151olt\u00e1sok bead\u00e1s\u00e1t, \u00e9s itt indult el els\u0151k\u00e9nt a v\u00e1rand\u00f3sok \u00e9s szoptat\u00f3 \u00e9desany\u00e1k vakcin\u00e1ci\u00f3ja 2021. m\u00e1rcius 27-\u00e9n. <\/p>\n","protected":false},"author":12,"featured_media":712,"parent":0,"menu_order":0,"comment_status":"closed","ping_status":"closed","template":"","meta":{"_acf_changed":false,"footnotes":""},"categories":[],"tags":[],"class_list":["post-5","page","type-page","status-publish","has-post-thumbnail","hentry"],"acf":[],"_links":{"self":[{"href":"https:\/\/semmelweis.hu\/koronavirus\/wp-json\/wp\/v2\/pages\/5","targetHints":{"allow":["GET"]}}],"collection":[{"href":"https:\/\/semmelweis.hu\/koronavirus\/wp-json\/wp\/v2\/pages"}],"about":[{"href":"https:\/\/semmelweis.hu\/koronavirus\/wp-json\/wp\/v2\/types\/page"}],"author":[{"embeddable":true,"href":"https:\/\/semmelweis.hu\/koronavirus\/wp-json\/wp\/v2\/users\/12"}],"replies":[{"embeddable":true,"href":"https:\/\/semmelweis.hu\/koronavirus\/wp-json\/wp\/v2\/comments?post=5"}],"version-history":[{"count":11,"href":"https:\/\/semmelweis.hu\/koronavirus\/wp-json\/wp\/v2\/pages\/5\/revisions"}],"predecessor-version":[{"id":2073,"href":"https:\/\/semmelweis.hu\/koronavirus\/wp-json\/wp\/v2\/pages\/5\/revisions\/2073"}],"wp:featuredmedia":[{"embeddable":true,"href":"https:\/\/semmelweis.hu\/koronavirus\/wp-json\/wp\/v2\/media\/712"}],"wp:attachment":[{"href":"https:\/\/semmelweis.hu\/koronavirus\/wp-json\/wp\/v2\/media?parent=5"}],"wp:term":[{"taxonomy":"category","embeddable":true,"href":"https:\/\/semmelweis.hu\/koronavirus\/wp-json\/wp\/v2\/categories?post=5"},{"taxonomy":"post_tag","embeddable":true,"href":"https:\/\/semmelweis.hu\/koronavirus\/wp-json\/wp\/v2\/tags?post=5"}],"curies":[{"name":"wp","href":"https:\/\/api.w.org\/{rel}","templated":true}]}}