{"id":1524,"date":"2021-02-18T14:40:06","date_gmt":"2021-02-18T13:40:06","guid":{"rendered":"https:\/\/semmelweis.hu\/koronavirus\/?page_id=1524"},"modified":"2023-10-31T17:14:22","modified_gmt":"2023-10-31T16:14:22","slug":"mindent-a-hatekony-maszkhasznalatrol","status":"publish","type":"page","link":"https:\/\/semmelweis.hu\/koronavirus\/mit-tehetunk\/mindent-a-hatekony-maszkhasznalatrol\/","title":{"rendered":"Mindent a hat\u00e9kony maszkhaszn\u00e1latr\u00f3l"},"content":{"rendered":"<p><strong>K\u00f6zz\u00e9t\u00e9ve: 2021. febru\u00e1r 18.<\/strong><\/p>\n<p>A COVID-19 j\u00e1rv\u00e1ny ideje alatt <strong>a helyes \u00e9s k\u00f6vetkezetes maszkhaszn\u00e1lat<\/strong> az egyik legfontosabb, mindenki \u00e1ltal betarthat\u00f3 \u00f3vint\u00e9zked\u00e9s, amely a betegs\u00e9get okoz\u00f3 v\u00edrus fert\u0151z\u0151k\u00e9pesebb v\u00e1ltozatainak terjed\u00e9s\u00e9t is megakad\u00e1lyozhatja. A maszk akkor m\u0171k\u00f6dik hat\u00e1sosan, ha mindenki hordja, azonban nem minden maszk jelent ugyanolyan v\u00e9delmet \u2013 kiv\u00e1laszt\u00e1sakor figyelj\u00fcnk oda arra, mennyire illeszkedik arcunkra, hogyan sz\u0171ri ki a leveg\u0151t \u00e9s h\u00e1ny r\u00e9tege van!<\/p>\n<table class=\"plain\" style=\"width: 100%\">\n<thead>\n<tr>\n<td colspan=\"2\"><span style=\"font-size: 13pt\">Hogyan gy\u0151z\u0151dhet\u00fcnk meg r\u00f3la, hogy maszkunk megfelel\u0151en ell\u00e1tja-e feladat\u00e1t?<\/span><\/td>\n<\/tr>\n<\/thead>\n<tbody>\n<tr>\n<td><span style=\"font-size: 14pt\"><strong>\u00dcgyelj\u00fcnk arra, hogy a maszk szorosan illeszkedjen az arcunkra!<\/strong> A sz\u00e9lekn\u00e9l a r\u00e9seken \u00e1t ki- \u00e9s besz\u0171r\u0151dhet a l\u00e9gz\u00e9skor t\u00e1voz\u00f3 apr\u00f3 v\u00e1lad\u00e9kcseppeket tartalmaz\u00f3 leveg\u0151.<\/span><\/td>\n<td style=\"width: 170px\"><img loading=\"lazy\" decoding=\"async\" class=\"size-thumbnail wp-image-1542 alignnone\" src=\"https:\/\/semmelweis.hu\/koronavirus\/files\/2021\/02\/maszk_illusztracio-01-150x150.jpg\" alt=\"\" width=\"150\" height=\"150\" srcset=\"https:\/\/semmelweis.hu\/koronavirus\/files\/2021\/02\/maszk_illusztracio-01-150x150.jpg 150w, https:\/\/semmelweis.hu\/koronavirus\/files\/2021\/02\/maszk_illusztracio-01-400x400.jpg 400w, https:\/\/semmelweis.hu\/koronavirus\/files\/2021\/02\/maszk_illusztracio-01-768x768.jpg 768w, https:\/\/semmelweis.hu\/koronavirus\/files\/2021\/02\/maszk_illusztracio-01-753x753.jpg 753w, https:\/\/semmelweis.hu\/koronavirus\/files\/2021\/02\/maszk_illusztracio-01.jpg 900w\" sizes=\"auto, (max-width: 150px) 100vw, 150px\" \/><\/td>\n<\/tr>\n<tr>\n<td colspan=\"2\"><span style=\"font-size: 14pt\"><strong>V\u00e1lasszunk t\u00f6bbr\u00e9teg\u0171 maszkot<\/strong>, amely t\u00f6bb l\u00e9g\u00fati v\u00e1lad\u00e9kcseppet k\u00e9pes meg\u00e1ll\u00edtani, \u00edgy azok k\u00edv\u00fclr\u0151l behatolva nem fert\u0151znek meg minket \u00e9s a saj\u00e1tjainkat sem engedik kijutni a k\u00f6rnyezet\u00fcnkbe, \u00edgy ha betegek vagyunk, mi sem fert\u0151z\u00fcnk meg m\u00e1sokat.<\/span><\/td>\n<\/tr>\n<\/tbody>\n<\/table>\n<table class=\"plain\" style=\"width: 100%\">\n<thead>\n<tr>\n<td colspan=\"2\"><span style=\"font-size: 13pt\">Milyen maszkot v\u00e1lasszunk?<\/span><\/td>\n<\/tr>\n<\/thead>\n<tbody>\n<tr>\n<td><strong><span style=\"font-size: 14pt\">Anyaga k\u00e9t vagy t\u00f6bb r\u00e9tegb\u0151l \u00e1lljon, legyen moshat\u00f3, a l\u00e9gz\u00e9st lehet\u0151v\u00e9 tev\u0151.<\/span><\/strong><\/td>\n<td style=\"width: 170px\"><a href=\"https:\/\/semmelweis.hu\/koronavirus\/files\/2021\/02\/maszk_illusztracio-02.jpg\"><img loading=\"lazy\" decoding=\"async\" class=\"size-thumbnail wp-image-1544 alignnone\" src=\"https:\/\/semmelweis.hu\/koronavirus\/files\/2021\/02\/maszk_illusztracio-02-150x150.jpg\" alt=\"\" width=\"150\" height=\"150\" srcset=\"https:\/\/semmelweis.hu\/koronavirus\/files\/2021\/02\/maszk_illusztracio-02-150x150.jpg 150w, https:\/\/semmelweis.hu\/koronavirus\/files\/2021\/02\/maszk_illusztracio-02-400x400.jpg 400w, https:\/\/semmelweis.hu\/koronavirus\/files\/2021\/02\/maszk_illusztracio-02-768x768.jpg 768w, https:\/\/semmelweis.hu\/koronavirus\/files\/2021\/02\/maszk_illusztracio-02-753x753.jpg 753w, https:\/\/semmelweis.hu\/koronavirus\/files\/2021\/02\/maszk_illusztracio-02.jpg 900w\" sizes=\"auto, (max-width: 150px) 100vw, 150px\" \/><\/a><\/td>\n<\/tr>\n<tr>\n<td><strong><span style=\"font-size: 14pt\">Teljesen takarja el orrunkat \u00e9s sz\u00e1nkat.<\/span><\/strong><\/td>\n<td><a href=\"https:\/\/semmelweis.hu\/koronavirus\/files\/2021\/02\/maszk_illusztracio-03.jpg\"><img loading=\"lazy\" decoding=\"async\" class=\"size-thumbnail wp-image-1545 alignnone\" src=\"https:\/\/semmelweis.hu\/koronavirus\/files\/2021\/02\/maszk_illusztracio-03-150x150.jpg\" alt=\"\" width=\"150\" height=\"150\" srcset=\"https:\/\/semmelweis.hu\/koronavirus\/files\/2021\/02\/maszk_illusztracio-03-150x150.jpg 150w, https:\/\/semmelweis.hu\/koronavirus\/files\/2021\/02\/maszk_illusztracio-03-400x400.jpg 400w, https:\/\/semmelweis.hu\/koronavirus\/files\/2021\/02\/maszk_illusztracio-03-768x768.jpg 768w, https:\/\/semmelweis.hu\/koronavirus\/files\/2021\/02\/maszk_illusztracio-03-753x753.jpg 753w, https:\/\/semmelweis.hu\/koronavirus\/files\/2021\/02\/maszk_illusztracio-03.jpg 900w\" sizes=\"auto, (max-width: 150px) 100vw, 150px\" \/><\/a><\/td>\n<\/tr>\n<tr>\n<td><strong><span style=\"font-size: 14pt\">Sz\u00e9lei szorosan illeszkedjenek az arcunkhoz, h\u00e9zagok n\u00e9lk\u00fcl.<\/span><\/strong><\/td>\n<td><a href=\"https:\/\/semmelweis.hu\/koronavirus\/files\/2021\/02\/maszk_illusztracio-04.jpg\"><img loading=\"lazy\" decoding=\"async\" class=\"alignnone size-thumbnail wp-image-1546\" src=\"https:\/\/semmelweis.hu\/koronavirus\/files\/2021\/02\/maszk_illusztracio-04-150x150.jpg\" alt=\"\" width=\"150\" height=\"150\" srcset=\"https:\/\/semmelweis.hu\/koronavirus\/files\/2021\/02\/maszk_illusztracio-04-150x150.jpg 150w, https:\/\/semmelweis.hu\/koronavirus\/files\/2021\/02\/maszk_illusztracio-04-400x400.jpg 400w, https:\/\/semmelweis.hu\/koronavirus\/files\/2021\/02\/maszk_illusztracio-04-768x768.jpg 768w, https:\/\/semmelweis.hu\/koronavirus\/files\/2021\/02\/maszk_illusztracio-04-753x753.jpg 753w, https:\/\/semmelweis.hu\/koronavirus\/files\/2021\/02\/maszk_illusztracio-04.jpg 900w\" sizes=\"auto, (max-width: 150px) 100vw, 150px\" \/><\/a><\/td>\n<\/tr>\n<tr>\n<td><strong><span style=\"font-size: 14pt\">Rendelkezzen orrmerev\u00edt\u0151vel.<\/span><\/strong><\/td>\n<td style=\"width: 170px\"><a href=\"https:\/\/semmelweis.hu\/koronavirus\/files\/2021\/02\/maszk_illusztracio-05.jpg\"><img loading=\"lazy\" decoding=\"async\" class=\"alignnone size-thumbnail wp-image-1547\" src=\"https:\/\/semmelweis.hu\/koronavirus\/files\/2021\/02\/maszk_illusztracio-05-150x150.jpg\" alt=\"\" width=\"150\" height=\"150\" srcset=\"https:\/\/semmelweis.hu\/koronavirus\/files\/2021\/02\/maszk_illusztracio-05-150x150.jpg 150w, https:\/\/semmelweis.hu\/koronavirus\/files\/2021\/02\/maszk_illusztracio-05-400x400.jpg 400w, https:\/\/semmelweis.hu\/koronavirus\/files\/2021\/02\/maszk_illusztracio-05-768x768.jpg 768w, https:\/\/semmelweis.hu\/koronavirus\/files\/2021\/02\/maszk_illusztracio-05-753x753.jpg 753w, https:\/\/semmelweis.hu\/koronavirus\/files\/2021\/02\/maszk_illusztracio-05.jpg 900w\" sizes=\"auto, (max-width: 150px) 100vw, 150px\" \/><\/a><\/td>\n<\/tr>\n<\/tbody>\n<\/table>\n<table class=\"plain\" style=\"width: 100%\">\n<thead>\n<tr>\n<td colspan=\"2\"><span style=\"font-size: 13pt\">Milyen maszkot NE v\u00e1lasszunk?<\/span><\/td>\n<\/tr>\n<\/thead>\n<tbody>\n<tr>\n<td><span style=\"font-size: 14pt\">Amely a l\u00e9gz\u00e9st megnehez\u00edt\u0151 anyagb\u00f3l, p\u00e9ld\u00e1ul m\u0171anyag bevonat\u00fa textilb\u0151l k\u00e9sz\u00fclt.<\/span><\/td>\n<td style=\"width: 170px\"><a href=\"https:\/\/semmelweis.hu\/koronavirus\/files\/2021\/02\/maszk_illusztracio-06.jpg\"><img loading=\"lazy\" decoding=\"async\" class=\"alignnone size-thumbnail wp-image-1548\" src=\"https:\/\/semmelweis.hu\/koronavirus\/files\/2021\/02\/maszk_illusztracio-06-150x150.jpg\" alt=\"\" width=\"150\" height=\"150\" srcset=\"https:\/\/semmelweis.hu\/koronavirus\/files\/2021\/02\/maszk_illusztracio-06-150x150.jpg 150w, https:\/\/semmelweis.hu\/koronavirus\/files\/2021\/02\/maszk_illusztracio-06-400x400.jpg 400w, https:\/\/semmelweis.hu\/koronavirus\/files\/2021\/02\/maszk_illusztracio-06-768x768.jpg 768w, https:\/\/semmelweis.hu\/koronavirus\/files\/2021\/02\/maszk_illusztracio-06-753x753.jpg 753w, https:\/\/semmelweis.hu\/koronavirus\/files\/2021\/02\/maszk_illusztracio-06.jpg 900w\" sizes=\"auto, (max-width: 150px) 100vw, 150px\" \/><\/a><\/td>\n<\/tr>\n<tr>\n<td><span style=\"font-size: 14pt\">Amely kil\u00e9gz\u0151szeleppel, vagy szell\u0151z\u0151vel rendelkezik. B\u00e1r az ilyen maszk a visel\u0151j\u00e9t megv\u00e9di, de ha fert\u0151z\u00f6tt szem\u00e9ly hordja azt, akkor kil\u00e9gz\u00e9skor v\u00edrusr\u00e9szecsk\u00e9k szabadulhatnak ki a szelepen kereszt\u00fcl, \u00edgy a fert\u0151z\u00e9s tov\u00e1bbterjedhet.<\/span><\/td>\n<td><span style=\"font-size: 14pt\"><a href=\"https:\/\/semmelweis.hu\/koronavirus\/files\/2021\/02\/maszk_illusztracio-07.jpg\"><img loading=\"lazy\" decoding=\"async\" class=\"alignnone size-thumbnail wp-image-1549\" src=\"https:\/\/semmelweis.hu\/koronavirus\/files\/2021\/02\/maszk_illusztracio-07-150x150.jpg\" alt=\"\" width=\"150\" height=\"150\" srcset=\"https:\/\/semmelweis.hu\/koronavirus\/files\/2021\/02\/maszk_illusztracio-07-150x150.jpg 150w, https:\/\/semmelweis.hu\/koronavirus\/files\/2021\/02\/maszk_illusztracio-07-400x400.jpg 400w, https:\/\/semmelweis.hu\/koronavirus\/files\/2021\/02\/maszk_illusztracio-07-768x768.jpg 768w, https:\/\/semmelweis.hu\/koronavirus\/files\/2021\/02\/maszk_illusztracio-07-753x753.jpg 753w, https:\/\/semmelweis.hu\/koronavirus\/files\/2021\/02\/maszk_illusztracio-07.jpg 900w\" sizes=\"auto, (max-width: 150px) 100vw, 150px\" \/><\/a><\/span><\/td>\n<\/tr>\n<\/tbody>\n<\/table>\n<table class=\"plain\" style=\"width: 100%\">\n<thead>\n<tr>\n<td colspan=\"2\"><span style=\"font-size: 13pt\">Hogyan hordjuk a maszkot?<\/span><\/td>\n<\/tr>\n<\/thead>\n<tbody>\n<tr>\n<td colspan=\"2\"><strong><span style=\"font-size: 14pt\">A\u00a0maszk felv\u00e9tele el\u0151tt mossuk meg vagy fert\u0151tlen\u00edts\u00fck a kez\u00fcnket!<\/span><\/strong><\/td>\n<\/tr>\n<tr>\n<td><span style=\"font-size: 14pt\"><strong>Visel\u00e9s k\u00f6zben ne ny\u00faljunk a maszkunkhoz<\/strong>! Ha gyakran kell igaz\u00edtanunk vagy \u00e1ll\u00edtanunk rajta, mert nem illeszkedik megfelel\u0151en, keress\u00fcnk olyan maszkot, amelyet nem sz\u00fcks\u00e9ges visel\u00e9s k\u00f6zben igaz\u00edtanunk!<\/span><\/td>\n<td>&nbsp;<\/td>\n<\/tr>\n<\/tbody>\n<\/table>\n<p>&nbsp;<\/p>\n<table class=\"plain\" style=\"width: 100%\">\n<thead>\n<tr>\n<td colspan=\"2\"><span style=\"font-size: 13pt\">Maszkvisel\u00e9si tippek<\/span><\/td>\n<\/tr>\n<\/thead>\n<tbody>\n<tr>\n<td><span style=\"font-size: 14pt\"><strong>V\u00e1lasszunk orrmerev\u00edt\u0151vel rendelkez\u0151 maszkot!<\/strong><br \/>\nA maszk fels\u0151 r\u00e9sz\u00e9n tal\u00e1lhat\u00f3 f\u00e9mcs\u00edk megakad\u00e1lyozza, hogy a leveg\u0151 a maszk tetej\u00e9n ki- \u00e9s besz\u0171r\u0151dj\u00f6n.<br \/>\nHajl\u00edtsuk a merev\u00edt\u0151t az orrunkra \u00fagy, hogy az megfelel\u0151en \u00e9s szorosan simuljon az arcunkra!<\/span><\/td>\n<td style=\"width: 170px\"><a href=\"https:\/\/semmelweis.hu\/koronavirus\/files\/2021\/02\/maszk_illusztracio-08.jpg\"><img loading=\"lazy\" decoding=\"async\" class=\"alignnone size-thumbnail wp-image-1550\" src=\"https:\/\/semmelweis.hu\/koronavirus\/files\/2021\/02\/maszk_illusztracio-08-150x150.jpg\" alt=\"\" width=\"150\" height=\"150\" srcset=\"https:\/\/semmelweis.hu\/koronavirus\/files\/2021\/02\/maszk_illusztracio-08-150x150.jpg 150w, https:\/\/semmelweis.hu\/koronavirus\/files\/2021\/02\/maszk_illusztracio-08-400x400.jpg 400w, https:\/\/semmelweis.hu\/koronavirus\/files\/2021\/02\/maszk_illusztracio-08-768x768.jpg 768w, https:\/\/semmelweis.hu\/koronavirus\/files\/2021\/02\/maszk_illusztracio-08-753x753.jpg 753w, https:\/\/semmelweis.hu\/koronavirus\/files\/2021\/02\/maszk_illusztracio-08.jpg 900w\" sizes=\"auto, (max-width: 150px) 100vw, 150px\" \/><\/a><\/td>\n<\/tr>\n<tr>\n<td><span style=\"font-size: 14pt\"><strong>Ellen\u0151rizz\u00fck, hogy a maszk szorosan illeszkedjen az orrunkra, sz\u00e1nkra \u00e9s \u00e1llunkra!<\/strong><br \/>\nHa a maszk j\u00f3l illeszkedik, meleg leveg\u0151t kell \u00e9rezn\u00fcnk kereszt\u00fcl j\u00f6nni a maszk elej\u00e9n, a maszk anyag\u00e1nak pedig minden egyes l\u00e9legzetv\u00e9telkor ki-be kell mozognia!<\/span><\/td>\n<td><a href=\"https:\/\/semmelweis.hu\/koronavirus\/files\/2021\/02\/maszk_illusztracio-09.jpg\"><img loading=\"lazy\" decoding=\"async\" class=\"alignnone size-thumbnail wp-image-1551\" src=\"https:\/\/semmelweis.hu\/koronavirus\/files\/2021\/02\/maszk_illusztracio-09-150x150.jpg\" alt=\"\" width=\"150\" height=\"150\" srcset=\"https:\/\/semmelweis.hu\/koronavirus\/files\/2021\/02\/maszk_illusztracio-09-150x150.jpg 150w, https:\/\/semmelweis.hu\/koronavirus\/files\/2021\/02\/maszk_illusztracio-09-400x400.jpg 400w, https:\/\/semmelweis.hu\/koronavirus\/files\/2021\/02\/maszk_illusztracio-09-768x768.jpg 768w, https:\/\/semmelweis.hu\/koronavirus\/files\/2021\/02\/maszk_illusztracio-09-753x753.jpg 753w, https:\/\/semmelweis.hu\/koronavirus\/files\/2021\/02\/maszk_illusztracio-09.jpg 900w\" sizes=\"auto, (max-width: 150px) 100vw, 150px\" \/><\/a><\/td>\n<\/tr>\n<tr>\n<td>\n<p><span style=\"font-size: 14pt\"><strong>K\u00f6ss\u00fck meg az egyszer haszn\u00e1latos maszk f\u00fclp\u00e1ntj\u00e1t!<\/strong><\/span><\/p>\n<p><span style=\"font-size: 14pt\">K\u00f6ss\u00fcnk csom\u00f3t a f\u00fclp\u00e1ntra k\u00f6zvetlen\u00fcl ott, ahol az a maszkhoz csatlakozik, a maszk \u00f6sszeh\u00fazott sarkait pedig hajtogassuk a sz\u00e9lek al\u00e1! \u00cdgy a maszk sokkal jobban r\u00e1simul az arcra.<\/span><\/p>\n<p><span style=\"font-size: 14pt\">Vide\u00f3s instrukci\u00f3 (angol nyelv\u0171): <a href=\"https:\/\/www.youtube.com\/watch?v=UANi8Cc71A0\" target=\"_blank\" rel=\"noopener noreferrer\">https:\/\/www.youtube.com\/watch?v=UANi8Cc71A0<\/a><\/span><\/p>\n<\/td>\n<td><a href=\"https:\/\/semmelweis.hu\/koronavirus\/files\/2021\/02\/maszk_illusztracio-10.jpg\"><img loading=\"lazy\" decoding=\"async\" class=\"alignnone size-thumbnail wp-image-1552\" src=\"https:\/\/semmelweis.hu\/koronavirus\/files\/2021\/02\/maszk_illusztracio-10-150x150.jpg\" alt=\"\" width=\"150\" height=\"150\" srcset=\"https:\/\/semmelweis.hu\/koronavirus\/files\/2021\/02\/maszk_illusztracio-10-150x150.jpg 150w, https:\/\/semmelweis.hu\/koronavirus\/files\/2021\/02\/maszk_illusztracio-10-400x400.jpg 400w, https:\/\/semmelweis.hu\/koronavirus\/files\/2021\/02\/maszk_illusztracio-10-768x768.jpg 768w, https:\/\/semmelweis.hu\/koronavirus\/files\/2021\/02\/maszk_illusztracio-10-753x753.jpg 753w, https:\/\/semmelweis.hu\/koronavirus\/files\/2021\/02\/maszk_illusztracio-10.jpg 900w\" sizes=\"auto, (max-width: 150px) 100vw, 150px\" \/><\/a><a href=\"https:\/\/semmelweis.hu\/koronavirus\/files\/2021\/02\/maszk_illusztracio-11.jpg\"><img loading=\"lazy\" decoding=\"async\" class=\"alignnone size-thumbnail wp-image-1553\" src=\"https:\/\/semmelweis.hu\/koronavirus\/files\/2021\/02\/maszk_illusztracio-11-150x150.jpg\" alt=\"\" width=\"150\" height=\"150\" srcset=\"https:\/\/semmelweis.hu\/koronavirus\/files\/2021\/02\/maszk_illusztracio-11-150x150.jpg 150w, https:\/\/semmelweis.hu\/koronavirus\/files\/2021\/02\/maszk_illusztracio-11-400x400.jpg 400w, https:\/\/semmelweis.hu\/koronavirus\/files\/2021\/02\/maszk_illusztracio-11-768x768.jpg 768w, https:\/\/semmelweis.hu\/koronavirus\/files\/2021\/02\/maszk_illusztracio-11-753x753.jpg 753w, https:\/\/semmelweis.hu\/koronavirus\/files\/2021\/02\/maszk_illusztracio-11.jpg 900w\" sizes=\"auto, (max-width: 150px) 100vw, 150px\" \/><\/a><\/td>\n<\/tr>\n<tr>\n<td>\n<p><span style=\"font-size: 14pt\"><strong>Haszn\u00e1ljunk t\u00f6bbr\u00e9teg\u0171 v\u00e9delmet!<\/strong><\/span><\/p>\n<p><span style=\"font-size: 14pt\">Viselj\u00fcnk olyan textilmaszkot, amely t\u00f6bbr\u00e9teg\u0171 anyagb\u00f3l k\u00e9sz\u00fclt, esetleg a r\u00e9tegek k\u00f6z\u00e9 tov\u00e1bbi sz\u0171r\u0151anyag helyezhet\u0151! Textilmaszkot h\u00e1zilag is k\u00e9sz\u00edthet, amelyhez a honlapunkon is tal\u00e1l \u00fatmutat\u00f3t!<\/span><\/p>\n<\/td>\n<td><a href=\"https:\/\/semmelweis.hu\/koronavirus\/files\/2021\/02\/maszk_illusztracio-12.jpg\"><img loading=\"lazy\" decoding=\"async\" class=\"alignnone size-thumbnail wp-image-1554\" src=\"https:\/\/semmelweis.hu\/koronavirus\/files\/2021\/02\/maszk_illusztracio-12-150x150.jpg\" alt=\"\" width=\"150\" height=\"150\" srcset=\"https:\/\/semmelweis.hu\/koronavirus\/files\/2021\/02\/maszk_illusztracio-12-150x150.jpg 150w, https:\/\/semmelweis.hu\/koronavirus\/files\/2021\/02\/maszk_illusztracio-12-400x400.jpg 400w, https:\/\/semmelweis.hu\/koronavirus\/files\/2021\/02\/maszk_illusztracio-12-768x768.jpg 768w, https:\/\/semmelweis.hu\/koronavirus\/files\/2021\/02\/maszk_illusztracio-12-753x753.jpg 753w, https:\/\/semmelweis.hu\/koronavirus\/files\/2021\/02\/maszk_illusztracio-12.jpg 900w\" sizes=\"auto, (max-width: 150px) 100vw, 150px\" \/><\/a><\/td>\n<\/tr>\n<\/tbody>\n<\/table>\n<p>&nbsp;<\/p>\n<table class=\"plain\" style=\"width: 100%\">\n<thead>\n<tr>\n<td colspan=\"2\"><span style=\"font-size: 13pt\">Tan\u00e1csok speci\u00e1lis k\u00f6r\u00fclm\u00e9nyek eset\u00e9n<\/span><\/td>\n<\/tr>\n<\/thead>\n<tbody>\n<tr>\n<td>\n<p><strong><span style=\"font-size: 14pt\">Kiskor\u00faak<\/span><\/strong><\/p>\n<p><span style=\"font-size: 14pt\">A megfelel\u0151 illeszked\u00e9s \u00e9rdek\u00e9ben a gyerekek haszn\u00e1ljanak nekik k\u00e9sz\u00fclt, kisebb m\u00e9ret\u0171 maszkot!<br \/>\n<\/span><\/p>\n<p><span style=\"font-size: 14pt\">Kiskor\u00faak eset\u00e9ben is gy\u0151z\u0151dj\u00fcnk meg arr\u00f3l, hogy a maszk szorosan illeszkedik, eltakarja az orrot, sz\u00e1jat \u00e9s \u00e1llat, oldalt pedig ne maradjanak r\u00e9sek! <\/span><\/p>\n<p><span style=\"font-size: 14pt\">2 \u00e9ven aluli gyermekek ne hordjanak maszkot!<\/span><\/p>\n<\/td>\n<td style=\"width: 170px\"><a href=\"https:\/\/semmelweis.hu\/koronavirus\/files\/2021\/02\/maszk_illusztracio-13.jpg\"><img loading=\"lazy\" decoding=\"async\" class=\"alignnone size-thumbnail wp-image-1555\" src=\"https:\/\/semmelweis.hu\/koronavirus\/files\/2021\/02\/maszk_illusztracio-13-150x150.jpg\" alt=\"\" width=\"150\" height=\"150\" srcset=\"https:\/\/semmelweis.hu\/koronavirus\/files\/2021\/02\/maszk_illusztracio-13-150x150.jpg 150w, https:\/\/semmelweis.hu\/koronavirus\/files\/2021\/02\/maszk_illusztracio-13-400x400.jpg 400w, https:\/\/semmelweis.hu\/koronavirus\/files\/2021\/02\/maszk_illusztracio-13-768x768.jpg 768w, https:\/\/semmelweis.hu\/koronavirus\/files\/2021\/02\/maszk_illusztracio-13-753x753.jpg 753w, https:\/\/semmelweis.hu\/koronavirus\/files\/2021\/02\/maszk_illusztracio-13.jpg 900w\" sizes=\"auto, (max-width: 150px) 100vw, 150px\" \/><\/a><\/td>\n<\/tr>\n<tr>\n<td>\n<p><strong><span style=\"font-size: 14pt\">Hideg id\u0151j\u00e1r\u00e1s eset\u00e9n<\/span><\/strong><\/p>\n<p><span style=\"font-size: 14pt\">S\u00e1lunkat vagy s\u00edmaszkunkat a maszk felett viselj\u00fck!<\/span><\/p>\n<p><span style=\"font-size: 14pt\">A s\u00e1l \u00e9s s\u00edmaszk nem helyettes\u00edti a maszkot!<\/span><\/p>\n<\/td>\n<td><a href=\"https:\/\/semmelweis.hu\/koronavirus\/files\/2021\/02\/maszk_illusztracio-14.jpg\"><img loading=\"lazy\" decoding=\"async\" class=\"alignnone size-thumbnail wp-image-1556\" src=\"https:\/\/semmelweis.hu\/koronavirus\/files\/2021\/02\/maszk_illusztracio-14-150x150.jpg\" alt=\"\" width=\"150\" height=\"150\" srcset=\"https:\/\/semmelweis.hu\/koronavirus\/files\/2021\/02\/maszk_illusztracio-14-150x150.jpg 150w, https:\/\/semmelweis.hu\/koronavirus\/files\/2021\/02\/maszk_illusztracio-14-400x400.jpg 400w, https:\/\/semmelweis.hu\/koronavirus\/files\/2021\/02\/maszk_illusztracio-14-768x768.jpg 768w, https:\/\/semmelweis.hu\/koronavirus\/files\/2021\/02\/maszk_illusztracio-14-753x753.jpg 753w, https:\/\/semmelweis.hu\/koronavirus\/files\/2021\/02\/maszk_illusztracio-14.jpg 900w\" sizes=\"auto, (max-width: 150px) 100vw, 150px\" \/><\/a><a href=\"https:\/\/semmelweis.hu\/koronavirus\/files\/2021\/02\/maszk_illusztracio-15.jpg\"><img loading=\"lazy\" decoding=\"async\" class=\"alignnone size-thumbnail wp-image-1557\" src=\"https:\/\/semmelweis.hu\/koronavirus\/files\/2021\/02\/maszk_illusztracio-15-150x150.jpg\" alt=\"\" width=\"150\" height=\"150\" srcset=\"https:\/\/semmelweis.hu\/koronavirus\/files\/2021\/02\/maszk_illusztracio-15-150x150.jpg 150w, https:\/\/semmelweis.hu\/koronavirus\/files\/2021\/02\/maszk_illusztracio-15-400x400.jpg 400w, https:\/\/semmelweis.hu\/koronavirus\/files\/2021\/02\/maszk_illusztracio-15-768x768.jpg 768w, https:\/\/semmelweis.hu\/koronavirus\/files\/2021\/02\/maszk_illusztracio-15-753x753.jpg 753w, https:\/\/semmelweis.hu\/koronavirus\/files\/2021\/02\/maszk_illusztracio-15.jpg 900w\" sizes=\"auto, (max-width: 150px) 100vw, 150px\" \/><\/a><\/td>\n<\/tr>\n<\/tbody>\n<\/table>\n<table class=\"plain\" style=\"width: 100%\">\n<thead>\n<tr>\n<td colspan=\"2\"><span style=\"font-size: 13pt\">Hogyan vegy\u00fck le a maszkot?<\/span><\/td>\n<\/tr>\n<\/thead>\n<tbody>\n<tr>\n<td colspan=\"2\">\n<ul style=\"list-style-type: square\">\n<li><span style=\"font-size: 14pt\">\u00d3vatosan oldozzuk el a maszk zsin\u00f3rj\u00e1t vagy akasszuk ki a hurkot a f\u00fcl\u00fcnkr\u0151l! Csak a maszk zsin\u00f3rj\u00e1t vagy f\u00fclhurkait fogjuk meg! Hajtsuk \u00f6ssze a maszk k\u00fcls\u0151 sarkait!<\/span><\/li>\n<li><span style=\"font-size: 14pt\">Figyelj\u00fcnk oda, hogy ne \u00e9rj\u00fcnk a szem\u00fcnkh\u00f6z, orrunkhoz vagy sz\u00e1nkhoz, amikor levessz\u00fck a maszkot, a lev\u00e9tel ut\u00e1n pedig azonnal mossuk meg vagy fert\u0151tlen\u00edts\u00fck a kez\u00fcnket!<\/span><\/li>\n<\/ul>\n<\/td>\n<\/tr>\n<\/tbody>\n<\/table>\n<table class=\"plain\" style=\"width: 100%\">\n<thead>\n<tr>\n<td colspan=\"2\"><span style=\"font-size: 13pt\">Hogyan tiszt\u00edtsuk a maszkot?<\/span><\/td>\n<\/tr>\n<\/thead>\n<tbody>\n<tr>\n<td colspan=\"2\">\n<ul style=\"list-style-type: square\">\n<li><span style=\"font-size: 14pt\">A t\u00f6bbsz\u00f6r haszn\u00e1latos maszkokat rendszeresen mosnunk kell \u2013 ez t\u00f6rt\u00e9nhet a szok\u00e1sos mos\u00e1s r\u00e9szek\u00e9nt, t\u00f6bbi ruhadarabunkkal egy\u00fctt. <\/span><\/li>\n<li><span style=\"font-size: 14pt\">Haszn\u00e1ljuk megszokott mos\u00f3szer\u00fcnket, \u00e9s a maszk anyag\u00e1hoz haszn\u00e1lhat\u00f3 lehet\u0151 legmelegebb v\u00edzbe\u00e1ll\u00edt\u00e1st! Mossunk a legmagasabb h\u0151fokon \u00e9s hagyjuk a t\u00f6k\u00e9letesen megsz\u00e1radni! <\/span><\/li>\n<\/ul>\n<\/td>\n<\/tr>\n<\/tbody>\n<\/table>\n","protected":false},"excerpt":{"rendered":"<p>K\u00f6zz\u00e9t\u00e9ve: 2021. febru\u00e1r 18. A COVID-19 j\u00e1rv\u00e1ny ideje alatt a helyes \u00e9s k\u00f6vetkezetes maszkhaszn\u00e1lat az egyik legfontosabb, mindenki \u00e1ltal betarthat\u00f3 \u00f3vint\u00e9zked\u00e9s, amely a betegs\u00e9get okoz\u00f3 v\u00edrus fert\u0151z\u0151k\u00e9pesebb v\u00e1ltozatainak terjed\u00e9s\u00e9t is megakad\u00e1lyozhatja. A maszk akkor m\u0171k\u00f6dik hat\u00e1sosan, ha mindenki hordja, azonban nem minden maszk jelent ugyanolyan v\u00e9delmet \u2013 kiv\u00e1laszt\u00e1sakor figyelj\u00fcnk oda arra, mennyire illeszkedik arcunkra, hogyan &hellip;<\/p>\n","protected":false},"author":12,"featured_media":1576,"parent":9,"menu_order":0,"comment_status":"closed","ping_status":"closed","template":"","meta":{"_acf_changed":false,"footnotes":""},"categories":[],"tags":[],"class_list":["post-1524","page","type-page","status-publish","has-post-thumbnail","hentry"],"acf":[],"_links":{"self":[{"href":"https:\/\/semmelweis.hu\/koronavirus\/wp-json\/wp\/v2\/pages\/1524","targetHints":{"allow":["GET"]}}],"collection":[{"href":"https:\/\/semmelweis.hu\/koronavirus\/wp-json\/wp\/v2\/pages"}],"about":[{"href":"https:\/\/semmelweis.hu\/koronavirus\/wp-json\/wp\/v2\/types\/page"}],"author":[{"embeddable":true,"href":"https:\/\/semmelweis.hu\/koronavirus\/wp-json\/wp\/v2\/users\/12"}],"replies":[{"embeddable":true,"href":"https:\/\/semmelweis.hu\/koronavirus\/wp-json\/wp\/v2\/comments?post=1524"}],"version-history":[{"count":11,"href":"https:\/\/semmelweis.hu\/koronavirus\/wp-json\/wp\/v2\/pages\/1524\/revisions"}],"predecessor-version":[{"id":2068,"href":"https:\/\/semmelweis.hu\/koronavirus\/wp-json\/wp\/v2\/pages\/1524\/revisions\/2068"}],"up":[{"embeddable":true,"href":"https:\/\/semmelweis.hu\/koronavirus\/wp-json\/wp\/v2\/pages\/9"}],"wp:featuredmedia":[{"embeddable":true,"href":"https:\/\/semmelweis.hu\/koronavirus\/wp-json\/wp\/v2\/media\/1576"}],"wp:attachment":[{"href":"https:\/\/semmelweis.hu\/koronavirus\/wp-json\/wp\/v2\/media?parent=1524"}],"wp:term":[{"taxonomy":"category","embeddable":true,"href":"https:\/\/semmelweis.hu\/koronavirus\/wp-json\/wp\/v2\/categories?post=1524"},{"taxonomy":"post_tag","embeddable":true,"href":"https:\/\/semmelweis.hu\/koronavirus\/wp-json\/wp\/v2\/tags?post=1524"}],"curies":[{"name":"wp","href":"https:\/\/api.w.org\/{rel}","templated":true}]}}