{"id":1485,"date":"2021-01-25T11:21:36","date_gmt":"2021-01-25T10:21:36","guid":{"rendered":"https:\/\/semmelweis.hu\/koronavirus\/?page_id=1485"},"modified":"2021-01-25T11:31:14","modified_gmt":"2021-01-25T10:31:14","slug":"blutplasmaspende","status":"publish","type":"page","link":"https:\/\/semmelweis.hu\/koronavirus\/de\/was-ist-zu-tun\/blutplasmaspende\/","title":{"rendered":"Blutplasmaspende"},"content":{"rendered":"<p><strong>Warum ist sie wichtig?<\/strong><\/p>\n<p>Wegen Aufflammen der zweiten Welle der Coronavirus-Pandemie erh\u00f6hte sich nicht nur die Anzahl der positiven F\u00e4lle, sondern die Anzahl der Patienten, die eine station\u00e4re Behandlung ben\u00f6tigen. F\u00fcr ihre Behandlung gibt es weiterhin wenige Therapiem\u00f6glichkeiten. Obwohl es in Bezug einiger antiviralen Medikamenten hoffnungsvolle Ergebnisse gibt, ist die Blutplasmatherapie die weiterhin wirksamste Heilungsmethode, wodurch Leben gerettet werden k\u00f6nnen.\u00a0 Bei der Blutplasma-Therapie sind \u00a0die n\u00f6tigen Antik\u00f6rper \u00a0ausschlie\u00dflich vom Blut geheilter Patienten zu gewinnen, deshalb ist es au\u00dferordentlich wichtig, damit viele von ihnen an der Plasmaspende teilnehmen. \u00a0<\/p>\n<p><strong>Wer kann an der Plasmaspende teilnehmen?<\/strong><\/p>\n<p>Das sind geheilte, die Infektion \u00fcberstandenen Patienten, bei denen die Erkrankung (das Erscheinen der Symptome mehr als 4 Woche, bzw. die Heilung mehr als 2 Wochen zur\u00fcckliegt). In erster Linie rechnet man mit Anmeldung von geheilten Patienten zwischen 18 und 60 Jahre, die \u00fcber einen negativen PCR-Test nach der \u00fcberstandenen Infektion verf\u00fcgen. (Zum Beweis der fr\u00fcheren Infektion haben sie das damalige positive Testergebnis ebenso vorzuzeigen. Jede Person, die vom Coronavirus geheilt ist, kann Blutplasma spenden \u2013 unabh\u00e4ngig davon, wie ihre Symptome waren, oder wie schwer der Krankheitsablauf war. D.h. auch diejenigen Patienten, bei denen eine station\u00e4re Behandlung nicht n\u00f6tig war.<\/p>\n<p><strong>Ablauf der Plasmaspende<\/strong><\/p>\n<p>Zun\u00e4chst gibt es eine Blutabnahme \u2013 es ist nicht n\u00f6tig, n\u00fcchtern zu erscheinen \u2013 der Test ist ausschlie\u00dflich aus dem Grund n\u00f6tig, ob es im Blut gen\u00fcgend Antik\u00f6rper gibt. \u00c4hnlich zu anderen Krankheiten kann auch bei einer Corona-Infektion abweichend sein, wieviel Antik\u00f6rper vom K\u00f6rper produziert wird. Auch zu einer wirksamen Plasmatherapie ist es n\u00f6tig, damit dieser Test einen gen\u00fcgend hohen Wert f\u00fcr Antik\u00f6rper zeigt.<\/p>\n<p>Zur Blutabnahme m\u00fcssen Sie einen Termin vereinbaren:<\/p>\n<ul>\n<li>Per E-Mail: <a href=\"mailto:info@orthosera.com\">info@orthosera.com<\/a><\/li>\n<li>Per Telefon: +36-70-363-87-68<\/li>\n<\/ul>\n<p>Die Plasmaspender werden \u00fcber Ort und Zeitpunkt der Blutabnahme informiert. Bei einer Gruppenanmeldung ist auch m\u00f6glich, Screening-Busse zu bestellen, die zum vorher vereinbarten Ort und Zeit kommen.<\/p>\n<p>Zun\u00e4chst wird von jedem Patient Blut in ein Reagenzglas abgenommen, nach dessen \u00dcberpr\u00fcfung diejenigen benachrichtigt werden, die aufgrund ihres Antik\u00f6rperspiegels Plasma spenden k\u00f6nnen. Der Prozess der Plasmaentnahme ist praktisch gleich wir bei einer einfachen Blutabnahme, wobei nur bestimmte Bestandteile des Blutes \u2013 die nichtzellul\u00e4ren, Proteine und Antik\u00f6rper beinhaltenden Teile \u2013 benutzt werden.<\/p>\n<p>Der <strong>Landesblutversorgungsdienst<\/strong> wartet auch auf Bewerbung der vor kurzem geheilten \u2013 sog. Konvaleszenten &#8211; Plasmaspender. Es k\u00f6nnen sich diejenigen um Plasmaspenden bewerben, die w\u00e4hrend ihrer Krankheit mindestens einmal ein positives Testergebnis hatten; die Infektion \u00fcberstanden und seit min. 3 Wochen symptomenfrei sind; sie sind geeignet, Blut und Blutplasma zu spenden; weiterhin sollen sie damit einverstanden sein, dass ihre Angaben im Rahmen eines wissenschaftlichen Programmes in Register aufgenommen werden k\u00f6nnen. In erster Linie rechnet man mit Bewerbung von Freiwilligen zwischen 18 und 60 Jahren (falls sie fr\u00fcher Blut spendeten \u2013 zwischen 18 und 65 Jahren), die einen K\u00f6rpergewicht von. min. 50 Kg haben. Die Freiwilligen sind an Plasma-Sammelstellen in Gro\u00dfst\u00e4dten erwartet, und beim Bedarf werden auch ihre Reisekosten erstattet.<\/p>\n<p>Weitere Informationen finden Sie <a href=\"https:\/\/www.ovsz.hu\/hu\/hirek\/tajekoztato-konvaleszcens-plazmadonoroknak\" target=\"_blank\" rel=\"noopener noreferrer\">hier.<\/a><\/p>\n<p><strong>Was versteht man unter Plasmatherapie?<\/strong><\/p>\n<p>Im Blut der die Infektion \u00fcberstandenen Personen sind vom Immunsystem gebildete Eiwei\u00dfmolek\u00fcle (Antik\u00f6rper) zur Bek\u00e4mpfung von Krankheitserregern und anderen Fremdstoffen; der menschliche K\u00f6rper bek\u00e4mpft mit Hilfe von diesen Antik\u00f6rpern die Infektion. W\u00e4hrend der Plasmatherapie werden die vom Blut der geheilten Patienten entnommenen Antik\u00f6rper zur Fertigung des Impfstoffes gegen Coronavirus angewendet. Aufgrund durchgef\u00fchrten medizinischen Untersuchungen und wissenschaftlichen Forschungen wurde bewiesen, dass die sich im Blut der schwer erkrankten Patienten herausbildete \u00fcberaktive Immunreaktion, der sogenannte \u201eZytokinsturm\u201c durch Zugabe des vom Blutplasma gefertigten Serums einzud\u00e4mmen ist.<\/p>\n","protected":false},"excerpt":{"rendered":"<p>Warum ist sie wichtig? Wegen Aufflammen der zweiten Welle der Coronavirus-Pandemie erh\u00f6hte sich nicht nur die Anzahl der positiven F\u00e4lle, sondern die Anzahl der Patienten, die eine station\u00e4re Behandlung ben\u00f6tigen. F\u00fcr ihre Behandlung gibt es weiterhin wenige Therapiem\u00f6glichkeiten. Obwohl es in Bezug einiger antiviralen Medikamenten hoffnungsvolle Ergebnisse gibt, ist die Blutplasmatherapie die weiterhin wirksamste Heilungsmethode, &hellip;<\/p>\n","protected":false},"author":101640,"featured_media":0,"parent":132,"menu_order":3,"comment_status":"closed","ping_status":"closed","template":"","meta":{"_acf_changed":false,"footnotes":""},"categories":[],"tags":[],"class_list":["post-1485","page","type-page","status-publish","hentry"],"acf":[],"_links":{"self":[{"href":"https:\/\/semmelweis.hu\/koronavirus\/wp-json\/wp\/v2\/pages\/1485","targetHints":{"allow":["GET"]}}],"collection":[{"href":"https:\/\/semmelweis.hu\/koronavirus\/wp-json\/wp\/v2\/pages"}],"about":[{"href":"https:\/\/semmelweis.hu\/koronavirus\/wp-json\/wp\/v2\/types\/page"}],"author":[{"embeddable":true,"href":"https:\/\/semmelweis.hu\/koronavirus\/wp-json\/wp\/v2\/users\/101640"}],"replies":[{"embeddable":true,"href":"https:\/\/semmelweis.hu\/koronavirus\/wp-json\/wp\/v2\/comments?post=1485"}],"version-history":[{"count":1,"href":"https:\/\/semmelweis.hu\/koronavirus\/wp-json\/wp\/v2\/pages\/1485\/revisions"}],"predecessor-version":[{"id":1486,"href":"https:\/\/semmelweis.hu\/koronavirus\/wp-json\/wp\/v2\/pages\/1485\/revisions\/1486"}],"up":[{"embeddable":true,"href":"https:\/\/semmelweis.hu\/koronavirus\/wp-json\/wp\/v2\/pages\/132"}],"wp:attachment":[{"href":"https:\/\/semmelweis.hu\/koronavirus\/wp-json\/wp\/v2\/media?parent=1485"}],"wp:term":[{"taxonomy":"category","embeddable":true,"href":"https:\/\/semmelweis.hu\/koronavirus\/wp-json\/wp\/v2\/categories?post=1485"},{"taxonomy":"post_tag","embeddable":true,"href":"https:\/\/semmelweis.hu\/koronavirus\/wp-json\/wp\/v2\/tags?post=1485"}],"curies":[{"name":"wp","href":"https:\/\/api.w.org\/{rel}","templated":true}]}}