{"id":1480,"date":"2021-01-19T13:46:31","date_gmt":"2021-01-19T12:46:31","guid":{"rendered":"https:\/\/semmelweis.hu\/koronavirus\/?page_id=1480"},"modified":"2022-09-12T10:33:47","modified_gmt":"2022-09-12T08:33:47","slug":"covid-19-impfprogramm-an-der-semmelweis-universitaet","status":"publish","type":"page","link":"https:\/\/semmelweis.hu\/koronavirus\/de\/was-ist-zu-tun\/covid-19-impfprogramm-an-der-semmelweis-universitaet\/","title":{"rendered":"COVID-19 Impfprogramm an der Semmelweis Universit\u00e4t"},"content":{"rendered":"<p>Die Anzahl der von der Semmelweis Universit\u00e4t verabreichten Corona-Impfungen \u00fcberschritt bis zum 5-ten September 2022 die 537 Tausend. In der Kopfleiste der Uni-Webseite der Semmelweis Universit\u00e4t gibt es <a href=\"https:\/\/semmelweis.hu\/deutsch\/\" target=\"_blank\" rel=\"noopener noreferrer\">ein t\u00e4glich aktualisierter Impfungsz\u00e4hler<\/a>. Von Kollegen der Semmelweis Universit\u00e4t werden Mitarbeiter der von der Regierung angegebenen Krankenh\u00e4user und medizinischen Versorger (Haus\u00e4rzte f\u00fcr Kinder und Erwachsene, Zahn\u00e4rzte und ihre Assistenten), sowie Mitarbeiter des Ungarischen Rettungsdienstes, und Bewohner von Altersheimen geimpft.<\/p>\n<p>Am 4-ten Februar 2021 wurde mit der Impfung \u00e4lterer Menschen \u00fcber 80 gestartet. Die Mitarbeiter der Universit\u00e4t begannen mit Impfung der \u00e4lteren Personen, die von Haus\u00e4rzten angegeben wurden. Ab den 27. M\u00e4rz startete die Universit\u00e4t als erste Institution des Landes mit Impfung von schwangeren und stillenden M\u00fcttern. Seit dem 14. Juni 2021 sind an der Universit\u00e4t Impfungen f\u00fcr Kinder im Alter von 12 bis 17 Jahren erh\u00e4ltlich; seit dem 15. Dezember auch f\u00fcr Kinder im Alter von 5 bis 11 Jahren. Die Semmelweis Universit\u00e4t geh\u00f6rt zu den ersten Institutionen, die Impfungen f\u00fcr Kinder angeboten haben.<\/p>\n<p>Die Impfung der medizinischen Mitarbeiter, die noch nicht geimpft worden sind, kann aufgrund vorheriger Anmeldung und Genehmigung des\u00a0 Nationalen Zentrums f\u00fcr Volksgesundheit (NNK) durchgef\u00fchrt werden. Dementsprechend k\u00f6nnen folgende, an der medizinischen Versorgung teilnehme Semmelweis-B\u00fcrger die Impfung beantragen:<\/p>\n<ul>\n<li>Mitarbeiter, die in den Organisationseinheiten des Klinischen Zentrums an der medizinischen Versorgung teilnehmen, die die Impfung noch nicht beantragten<\/li>\n<li>Studenten der Semmelweis Universit\u00e4t, die an der klinischen Bildung (am Krankenbett) teilnehmen (Studenten der Fakult\u00e4t f\u00fcr Medizin \u2013 \u00c1OK: IV-VI Studienjahr; der Fakult\u00e4t f\u00fcr Zahnheilkunde \u2013 FOK: III-V Studienjahr; der Fakult\u00e4t f\u00fcr Pharmazeutische Wissenschaften \u2013 GYTK, IV-V. Studienjahr; der Fakult\u00e4t f\u00fcr Gesundheitswissenschaften \u2013 ETK: III-IV. Studienjahr; der Fakult\u00e4t Peth\u0151 Andr\u00e1s \u2013 PAK: Teilnehmer an praktischer Ausbildung; der Fakult\u00e4t f\u00fcr \u00d6ffentliche Dienste im Gesundheitswesen \u2013 EKK: Teilnehmer an praktischer Ausbildung)<\/li>\n<li>Studenten der Semmelweis Universit\u00e4t (auch PhD Studenten), die als Freiwillige an der Patientenversorgung teilnehmen (Testen, als Pflegehilfe, Arbeit an Impfstellen)<\/li>\n<li>Medizinstudenten der ungarischen und fremdsprachigen Ausbildung (\u00c1OK,FOK) \u2013 unabh\u00e4ngig von ihrem Jahrgang<\/li>\n<li>alle Personen von der oben angegebenen Gruppen, die vor mehr als drei Monaten die best\u00e4tigte COVID-19-Infektion \u00fcberstanden<\/li>\n<\/ul>\n<p>Falls die Impfordnung des NNK erweitert wird, und die n\u00f6tigen Impfstoffe zur Verf\u00fcgung stehen, wird mit der Impfung derjenigen Semmelweis-B\u00fcrger sofort gestartet werden, die zu den obigen Kategorien nicht zuzuordnen sind, und die Impfung in Anspruch nehmen m\u00f6chten . Man sollte sich an der Webseite vakcinainfo.gov.hu zu registrieren.<\/p>\n<p>100 Prozent der \u00c4rzte sowie des medizinischen Fachpersonals im Klinischen Zentrum der Semmelweis Universit\u00e4t sind vor dem Coronavirus gesch\u00fctzt: entweder wurden\u00a0 sie geimpft, oder \u00fcberstanden sie die COVID-19-Infektion innerhalb den letzten 6 Monaten.<\/p>\n","protected":false},"excerpt":{"rendered":"<p>Die Anzahl der von der Semmelweis Universit\u00e4t verabreichten Corona-Impfungen \u00fcberschritt bis zum 5-ten September 2022 die 537 Tausend. In der Kopfleiste der Uni-Webseite der Semmelweis Universit\u00e4t gibt es <a href=\"https:\/\/semmelweis.hu\/deutsch\/\" target=\"_blank\" rel=\"noopener noreferrer\">ein t\u00e4glich aktualisierter Impfungsz\u00e4hler<\/a> . Von Kollegen der Semmelweis Universit\u00e4t werden Mitarbeiter der von der Regierung angegebenen Krankenh\u00e4user und medizinischen Versorger (Haus\u00e4rzte f\u00fcr Kinder und Erwachsene, Zahn\u00e4rzte und ihre Assistenten), sowie &hellip;<\/p>\n","protected":false},"author":101640,"featured_media":0,"parent":132,"menu_order":0,"comment_status":"closed","ping_status":"closed","template":"","meta":{"_acf_changed":false,"footnotes":""},"categories":[],"tags":[],"class_list":["post-1480","page","type-page","status-publish","hentry"],"acf":[],"_links":{"self":[{"href":"https:\/\/semmelweis.hu\/koronavirus\/wp-json\/wp\/v2\/pages\/1480","targetHints":{"allow":["GET"]}}],"collection":[{"href":"https:\/\/semmelweis.hu\/koronavirus\/wp-json\/wp\/v2\/pages"}],"about":[{"href":"https:\/\/semmelweis.hu\/koronavirus\/wp-json\/wp\/v2\/types\/page"}],"author":[{"embeddable":true,"href":"https:\/\/semmelweis.hu\/koronavirus\/wp-json\/wp\/v2\/users\/101640"}],"replies":[{"embeddable":true,"href":"https:\/\/semmelweis.hu\/koronavirus\/wp-json\/wp\/v2\/comments?post=1480"}],"version-history":[{"count":11,"href":"https:\/\/semmelweis.hu\/koronavirus\/wp-json\/wp\/v2\/pages\/1480\/revisions"}],"predecessor-version":[{"id":2014,"href":"https:\/\/semmelweis.hu\/koronavirus\/wp-json\/wp\/v2\/pages\/1480\/revisions\/2014"}],"up":[{"embeddable":true,"href":"https:\/\/semmelweis.hu\/koronavirus\/wp-json\/wp\/v2\/pages\/132"}],"wp:attachment":[{"href":"https:\/\/semmelweis.hu\/koronavirus\/wp-json\/wp\/v2\/media?parent=1480"}],"wp:term":[{"taxonomy":"category","embeddable":true,"href":"https:\/\/semmelweis.hu\/koronavirus\/wp-json\/wp\/v2\/categories?post=1480"},{"taxonomy":"post_tag","embeddable":true,"href":"https:\/\/semmelweis.hu\/koronavirus\/wp-json\/wp\/v2\/tags?post=1480"}],"curies":[{"name":"wp","href":"https:\/\/api.w.org\/{rel}","templated":true}]}}