{"id":1447,"date":"2021-01-14T09:11:03","date_gmt":"2021-01-14T08:11:03","guid":{"rendered":"https:\/\/semmelweis.hu\/koronavirus\/?page_id=1447"},"modified":"2023-12-20T11:38:30","modified_gmt":"2023-12-20T10:38:30","slug":"covid-19-elleni-vedooltasok-a-semmelweis-egyetemen","status":"publish","type":"page","link":"https:\/\/semmelweis.hu\/koronavirus\/covid-19-elleni-vedooltasok-a-semmelweis-egyetemen\/","title":{"rendered":"COVID-19 elleni v\u00e9d\u0151olt\u00e1sok a Semmelweis Egyetemen"},"content":{"rendered":"<p><a href=\"https:\/\/semmelweis.hu\/hirek\/2023\/12\/15\/tajekoztato-az-uj-covid-oltasrol\/\" target=\"_blank\" rel=\"noopener\"><strong>T\u00e1j\u00e9koztat\u00f3 az \u00faj COVID-olt\u00e1sr\u00f3l<\/strong><\/a><\/p>\n<div class=\"keretes w-100\">\n<h4><strong>Olt\u00f3pontok a Semmelweis Egyetemen <\/strong><span style=\"font-size: 12pt\">\u00a0<\/span><\/h4>\n<p><strong>Nyitvatart\u00e1s 2023. december 18-29. k\u00f6z\u00f6tt:<\/strong><\/p>\n<p><strong>Gyermekgy\u00f3gy\u00e1szati Klinika B\u00f3kay r\u00e9szleg<\/strong><br \/>\nC\u00edm: 1083 Budapest, B\u00f3kay J\u00e1nos u. 54.\u00a0<\/p>\n<p>December 18., 8:00-14:00<\/p>\n<p>December 19., 8:00-14:00<\/p>\n<p>December 20., 8:00-14:00<\/p>\n<p>December 27., 8:00-14.00<\/p>\n<p style=\"font-weight: 400\"><strong>Szent R\u00f3kus Klinikai T\u00f6mb <\/strong>(C\u00edm:\u00a0<span lang=\"HU\">1085 Budapest, Gyulai P\u00e1l utca 2.)<\/span><\/p>\n<p>December 21., 8:00-15:00<\/p>\n<p>December 22., 8:00-12:00<\/p>\n<p>December 27., 8:00-12:00<\/p>\n<p><strong>V\u00e1rosmajori Sz\u00edv- \u00e9s \u00c9rgy\u00f3gy\u00e1szati Klinika<\/strong><br \/>\nC\u00edm: 1122 Budapest, V\u00e1rosmajor utca 68.<\/p>\n<p>December 22., 8:00-15:00<\/p>\n<p>December 29., 8:00-12:00<\/p>\n<\/div>\n<p>A Semmelweis Egyetem munkat\u00e1rsai \u00e1ltal beadott olt\u00e1sok sz\u00e1ma 2022. okt\u00f3ber 8-ig \u2013 a napi szint\u0171 olt\u00e1ssz\u00e1ml\u00e1l\u00f3 m\u0171k\u00f6d\u00e9s\u00e9ig \u2013 meghaladta az 540 ezret.<\/p>\n<p><strong>Az egyetemen az orsz\u00e1gban az els\u0151k k\u00f6z\u00f6tt<\/strong> kezd\u0151d\u00f6tt meg 2020. december 26-\u00e1n a koronav\u00edrus elleni v\u00e9d\u0151olt\u00e1sok bead\u00e1sa. Kezdetben a korm\u00e1nyzat \u00e1ltal elrendelt k\u00f3rh\u00e1zak \u00e9s eg\u00e9szs\u00e9g\u00fcgyi ell\u00e1t\u00f3k munkat\u00e1rsainak, valamint a Nemzeti N\u00e9peg\u00e9szs\u00e9g\u00fcgyi K\u00f6zpont enged\u00e9lye szerinti Semmelweis Polg\u00e1roknak (eg\u00e9szs\u00e9g\u00fcgyi munkat\u00e1rsak, hallgat\u00f3k) az olt\u00e1s\u00e1t v\u00e9gezte az int\u00e9zm\u00e9ny.<\/p>\n<p>2021. janu\u00e1r 7-\u00e9n kezd\u0151d\u00f6tt meg a szoci\u00e1lis int\u00e9zm\u00e9nyek \u00e9s id\u0151sotthonok lak\u00f3inak \u00e9s dolgoz\u00f3inak olt\u00e1sa, amely a f\u0151v\u00e1rosban a Semmelweis Egyetem feladata volt. 2021. febru\u00e1r 4-t\u0151l indult a csal\u00e1dorvosok \u00e1ltal beutalt olt\u00e1sra jogosultak vakcin\u00e1ci\u00f3ja is, 2021. m\u00e1rcius 27-t\u0151l pedig itt kezd\u0151d\u00f6tt el el\u0151sz\u00f6r a v\u00e1rand\u00f3sok \u00e9s szoptat\u00f3 \u00e9desany\u00e1k olt\u00e1sa. 2021. j\u00fanius 14-\u00e9n indult a 12-17 \u00e9vesek, december 15-t\u0151l pedig az 5-11 \u00e9v k\u00f6z\u00f6tti gyermekek olt\u00e1sa az egyetemen \u2013 mindegyiket az els\u0151k k\u00f6z\u00f6tt kezdte el az int\u00e9zm\u00e9ny.<\/p>\n<p>&nbsp;<\/p>\n","protected":false},"excerpt":{"rendered":"<p><a href=\"https:\/\/semmelweis.hu\/hirek\/2023\/12\/15\/tajekoztato-az-uj-covid-oltasrol\/\" target=\"_blank\" rel=\"noopener\">T\u00e1j\u00e9koztat\u00f3 az \u00faj COVID-olt\u00e1sr\u00f3l<\/a> Olt\u00f3pontok a Semmelweis Egyetemen \u00a0 Nyitvatart\u00e1s 2023. december 18-29. k\u00f6z\u00f6tt: Gyermekgy\u00f3gy\u00e1szati Klinika B\u00f3kay r\u00e9szleg C\u00edm: 1083 Budapest, B\u00f3kay J\u00e1nos u. 54.\u00a0 December 18., 8:00-14:00 December 19., 8:00-14:00 December 20., 8:00-14:00 December 27., 8:00-14.00 Szent R\u00f3kus Klinikai T\u00f6mb (C\u00edm:\u00a01085 Budapest, Gyulai P\u00e1l utca 2.) December 21., 8:00-15:00 December 22., 8:00-12:00 December 27., 8:00-12:00 V\u00e1rosmajori Sz\u00edv- \u00e9s &hellip;<\/p>\n","protected":false},"author":13,"featured_media":0,"parent":0,"menu_order":3,"comment_status":"closed","ping_status":"closed","template":"","meta":{"_acf_changed":false,"footnotes":""},"categories":[],"tags":[],"class_list":["post-1447","page","type-page","status-publish","hentry"],"acf":[],"_links":{"self":[{"href":"https:\/\/semmelweis.hu\/koronavirus\/wp-json\/wp\/v2\/pages\/1447","targetHints":{"allow":["GET"]}}],"collection":[{"href":"https:\/\/semmelweis.hu\/koronavirus\/wp-json\/wp\/v2\/pages"}],"about":[{"href":"https:\/\/semmelweis.hu\/koronavirus\/wp-json\/wp\/v2\/types\/page"}],"author":[{"embeddable":true,"href":"https:\/\/semmelweis.hu\/koronavirus\/wp-json\/wp\/v2\/users\/13"}],"replies":[{"embeddable":true,"href":"https:\/\/semmelweis.hu\/koronavirus\/wp-json\/wp\/v2\/comments?post=1447"}],"version-history":[{"count":12,"href":"https:\/\/semmelweis.hu\/koronavirus\/wp-json\/wp\/v2\/pages\/1447\/revisions"}],"predecessor-version":[{"id":2086,"href":"https:\/\/semmelweis.hu\/koronavirus\/wp-json\/wp\/v2\/pages\/1447\/revisions\/2086"}],"wp:attachment":[{"href":"https:\/\/semmelweis.hu\/koronavirus\/wp-json\/wp\/v2\/media?parent=1447"}],"wp:term":[{"taxonomy":"category","embeddable":true,"href":"https:\/\/semmelweis.hu\/koronavirus\/wp-json\/wp\/v2\/categories?post=1447"},{"taxonomy":"post_tag","embeddable":true,"href":"https:\/\/semmelweis.hu\/koronavirus\/wp-json\/wp\/v2\/tags?post=1447"}],"curies":[{"name":"wp","href":"https:\/\/api.w.org\/{rel}","templated":true}]}}