{"id":132,"date":"2020-03-09T10:31:22","date_gmt":"2020-03-09T09:31:22","guid":{"rendered":"http:\/\/semmelweis.hu\/koronavirus\/?page_id=132"},"modified":"2020-03-19T21:24:39","modified_gmt":"2020-03-19T20:24:39","slug":"was-ist-zu-tun","status":"publish","type":"page","link":"https:\/\/semmelweis.hu\/koronavirus\/de\/was-ist-zu-tun\/","title":{"rendered":"Was ist zu tun?"},"content":{"rendered":"<p>Das neue Coronavirus (SARS-CoV-2) ist in Bezug auf seine Verbreitung von Mensch-zu-Mensch dem Influenzavirus \u00e4hnlich, es gibt aber noch keinen Impfstoff und kein Medikament dagegen. <strong>Aus den gegenw\u00e4rtigen Daten ist weiterhin ersichtlich, dass diese Krankheit am h\u00e4ufigsten die Symptome von der milderen Atemweginfektion bis zur mittelschweren Lungenentz\u00fcndung zeigt.<\/strong> Bei 14% der F\u00e4lle gibt es schwere Erkrankungen und bei 6% der Patienten kann ein kritischer Zustand auftreten. Das neue Coronavirus kann meistens <strong>f\u00fcr Personen \u00fcber 65 Jahre gef\u00e4hrlich<\/strong> sein, und f\u00fcr diejenigen, die an anderen schweren Krankheiten leiden.<\/p>\n<p>Aus diesem Grund ist f\u00fcr uns alle eine besonders wichtige <strong>Aufgabe, die \u00e4lteren Menschen zu sch\u00fctzen und die Verbreitung des Virus zu verhindern<\/strong>. Das Vermeiden der gleichzeitig auftretenden Massenerkrankungen ist auch aus dem Grund sehr bedeutend, weil dies zur \u00dcberbelastung des medizinischen Versorgungssystems f\u00fchren kann. Es ist leicht einzusehen, dass ein weniger belastetes Versorgungssystem auch die schwierigeren F\u00e4lle leichter bek\u00e4mpft.<\/p>\n<p>Wichtig ist noch, dass die Symptome nicht bei allen Personen auftreten, diese Personen k\u00f6nnen aber auch infekti\u00f6s sein. Das Virus wird von Menschen zu Menschen via <strong>Tr\u00f6pfcheninfektion und infekti\u00f6se K\u00f6rperfl\u00fcssigkeiten<\/strong> bei direktem oder indirektem <strong>Kontakt mit Infizierten<\/strong> weitergegeben. Es ist unsere gemeinsame Verantwortung, die einfachen Regel einzuhalten, mit deren Hilfe die Verbreitung des Virus wirksam zu verhindern ist.<\/p>\n<p>&nbsp;<\/p>\n<ul>\n<li>Beschr\u00e4nken Sie Ihre Kontakte auf ein Minimum, bleiben Sie m\u00f6glichst zu Hause<\/li>\n<li>Vermeiden Sie Ihre Kontakte mit \u00e4lteren Menschen und mit solchen Personen, die an chronischen Krankheiten leiden<\/li>\n<li><a href=\"https:\/\/semmelweis.hu\/koronavirus\/de\/handhygiene\/\" target=\"_blank\" rel=\"noopener noreferrer\">Waschen Sie Ihre H\u00e4nde gr\u00fcndlich und regelm\u00e4\u00dfig mit Seife und warmem Wasser min. 20 Sekunden lang oder benutzen Sie Desinfektionsmittel<\/a><\/li>\n<li>Desinfizieren Sie h\u00e4ufig verwendete Gegenst\u00e4nde (Handy, Computertastatur, T\u00fcrklinken, Gitter etc.)<\/li>\n<li>Vermeiden Sie Begr\u00fc\u00dfungsformen mit direktem Kontakt (z.B. H\u00e4ndesch\u00fctteln)<\/li>\n<li>Bei Husten und Niesen verwenden Sie ein Papiertaschentuch &#8211; das Sie anschlie\u00dfend in einem Abfallbeh\u00e4lter entsorgen &#8211; anstatt in Ihre Handfl\u00e4che zu husten<\/li>\n<li>Vermeiden Sie nach M\u00f6glichkeit gr\u00f6\u00dfere Menschenansammlungen. Halten Sie bitte 2 Meter Abstand von anderen Personen<\/li>\n<li>L\u00fcften Sie R\u00e4ume \u00f6fter<\/li>\n<li>Desinfizieren Sie die Tasten von Fahrst\u00fchlen, Tor\u00f6ffnern, die T\u00fcr\u00f6ffner und Lichtschalter in jeder Etage in den Gemeinschaftsh\u00e4usern<\/li>\n<li>Benutzen Sie nur dann Schutzmasken, wenn Sie Symptome von Atemwegerkrankung (Husten, Niesen) haben, sch\u00fctzen Sie dadurch die Menschen in Ihrem Umfeld<\/li>\n<li>Informieren Sie sich aus zuverl\u00e4ssigen Quellen<\/li>\n<\/ul>\n<p>Wenn bei Ihnen pl\u00f6tzlich Symptome einer akuten Atemwegserkrankung auftreten (hohes Fieber, trockenes Husten, Atemnot), <strong>rufen Sie Ihren Hausarzt an<\/strong>, der beim Notfall den Rettungsdienst informiert. Vom Rettungsdienst wird dann ein Test gemacht. Nach einem positiven Testergebnis (wenn die Virusinfektion ist best\u00e4tigt) k\u00f6nnen Sie \u2013 falls Sie keine schweren Symptome haben, und nicht unbedingt eine Pflege im Krankenhaus ben\u00f6tigen, auch <strong>zu Hause bleiben<\/strong>. In solchen F\u00e4llen sollen Sie und alle weiteren Personen, die mit Ihnen im gemeinsamen Haushalt leben, in h\u00e4uslicher Quarant\u00e4ne bleiben. Wenn Sie das Gef\u00fchl haben, dass Ihr Zustand verschlechtert ist, rufen Sie Ihren Hausarzt an.<\/p>\n<p>&nbsp;<\/p>\n<p>Eine Person ist geheilt, wenn er \u00fcber drei negative Atemtests von innerhalb 24 Stunden verf\u00fcgt. Der erste Abstrich muss min. 7 Tage nach Auftreten der Symptome oder 3 Tage nach Ausbleiben des Fiebers abgenommen werden.<\/p>\n<p>Die Sachverst\u00e4ndigen des Nationalen Zentrums f\u00fcr Volksgesundheit (Nemzeti N\u00e9peg\u00e9szs\u00e9g\u00fcgyi K\u00f6zpont) geben jeden Tag rund um die Uhr Auskunft \u00fcber das neuartige Coronavirus unter der kostenlosen Informationshotline 06 80 277-455 oder 06 80 277-456.<\/p>\n","protected":false},"excerpt":{"rendered":"<p>Das neue Coronavirus (SARS-CoV-2) ist in Bezug auf seine Verbreitung von Mensch-zu-Mensch dem Influenzavirus \u00e4hnlich, es gibt aber noch keinen Impfstoff und kein Medikament dagegen. Aus den gegenw\u00e4rtigen Daten ist weiterhin ersichtlich, dass diese Krankheit am h\u00e4ufigsten die Symptome von der milderen Atemweginfektion bis zur mittelschweren Lungenentz\u00fcndung zeigt. Bei 14% der F\u00e4lle gibt es schwere &hellip;<\/p>\n","protected":false},"author":12,"featured_media":0,"parent":0,"menu_order":2,"comment_status":"closed","ping_status":"closed","template":"","meta":{"_acf_changed":false,"footnotes":""},"categories":[],"tags":[],"class_list":["post-132","page","type-page","status-publish","hentry"],"acf":[],"_links":{"self":[{"href":"https:\/\/semmelweis.hu\/koronavirus\/wp-json\/wp\/v2\/pages\/132","targetHints":{"allow":["GET"]}}],"collection":[{"href":"https:\/\/semmelweis.hu\/koronavirus\/wp-json\/wp\/v2\/pages"}],"about":[{"href":"https:\/\/semmelweis.hu\/koronavirus\/wp-json\/wp\/v2\/types\/page"}],"author":[{"embeddable":true,"href":"https:\/\/semmelweis.hu\/koronavirus\/wp-json\/wp\/v2\/users\/12"}],"replies":[{"embeddable":true,"href":"https:\/\/semmelweis.hu\/koronavirus\/wp-json\/wp\/v2\/comments?post=132"}],"version-history":[{"count":5,"href":"https:\/\/semmelweis.hu\/koronavirus\/wp-json\/wp\/v2\/pages\/132\/revisions"}],"predecessor-version":[{"id":369,"href":"https:\/\/semmelweis.hu\/koronavirus\/wp-json\/wp\/v2\/pages\/132\/revisions\/369"}],"wp:attachment":[{"href":"https:\/\/semmelweis.hu\/koronavirus\/wp-json\/wp\/v2\/media?parent=132"}],"wp:term":[{"taxonomy":"category","embeddable":true,"href":"https:\/\/semmelweis.hu\/koronavirus\/wp-json\/wp\/v2\/categories?post=132"},{"taxonomy":"post_tag","embeddable":true,"href":"https:\/\/semmelweis.hu\/koronavirus\/wp-json\/wp\/v2\/tags?post=132"}],"curies":[{"name":"wp","href":"https:\/\/api.w.org\/{rel}","templated":true}]}}