{"id":130,"date":"2020-03-09T10:38:21","date_gmt":"2020-03-09T09:38:21","guid":{"rendered":"http:\/\/semmelweis.hu\/koronavirus\/?page_id=130"},"modified":"2023-10-03T10:48:50","modified_gmt":"2023-10-03T08:48:50","slug":"startseite","status":"publish","type":"page","link":"https:\/\/semmelweis.hu\/koronavirus\/de\/startseite\/","title":{"rendered":"Startseite"},"content":{"rendered":"<p style=\"text-align: justify;\"><span style=\"font-size: 14pt;\">Die Semmelweis Universit\u00e4t erfasst kontinuierlich die Lage im Zusammenhang mit der Coronavirus-Infektion (SARS-CoV-2) in Ungarn und international, und ergreift die n\u00f6tigen Ma\u00dfnahmen an der Universit\u00e4t. Zu diesem Zweck bildete der Rektor der Universit\u00e4t den Epidemologischen Ausschuss (J\u00e1rv\u00e1ny\u00fcgyi Bizotts\u00e1g), um Universit\u00e4tsmitgliedern und -angeh\u00f6rigen regelm\u00e4\u00dfig aktuelle Informationen zur Verf\u00fcgung zu stellen, und \u00fcber Ma\u00dfnahmen und Hinweise sowie \u00fcber Vorbeugem\u00f6glichkeiten Auskunft zu geben. Wie bitten Sie, sich regelm\u00e4\u00dfig auf unserer Webseite \u00fcber Aktualisierungen zu informieren.<\/span><\/p>\n<p>&nbsp;<\/p>\n","protected":false},"excerpt":{"rendered":"<p>Die Semmelweis Universit\u00e4t erfasst kontinuierlich die Lage im Zusammenhang mit der Coronavirus-Infektion (SARS-CoV-2) in Ungarn und international, und ergreift die n\u00f6tigen Ma\u00dfnahmen an der Universit\u00e4t. Zu diesem Zweck bildete der Rektor der Universit\u00e4t den Epidemologischen Ausschuss.  Wenn Sie eine professionelle Frage haben, die auf dieser Webseite nicht beantwortet ist, k\u00f6nnen Sie sich gerne per E-Mail an die folgende Adresse wenden: info.corona@semmelweis-univ.hu. Unsere Kollegen melden sich bei Ihnen innerhalb von 24 Stunden.<\/p>\n","protected":false},"author":12,"featured_media":712,"parent":0,"menu_order":0,"comment_status":"closed","ping_status":"closed","template":"","meta":{"_acf_changed":false,"footnotes":""},"categories":[],"tags":[],"class_list":["post-130","page","type-page","status-publish","has-post-thumbnail","hentry"],"acf":[],"_links":{"self":[{"href":"https:\/\/semmelweis.hu\/koronavirus\/wp-json\/wp\/v2\/pages\/130","targetHints":{"allow":["GET"]}}],"collection":[{"href":"https:\/\/semmelweis.hu\/koronavirus\/wp-json\/wp\/v2\/pages"}],"about":[{"href":"https:\/\/semmelweis.hu\/koronavirus\/wp-json\/wp\/v2\/types\/page"}],"author":[{"embeddable":true,"href":"https:\/\/semmelweis.hu\/koronavirus\/wp-json\/wp\/v2\/users\/12"}],"replies":[{"embeddable":true,"href":"https:\/\/semmelweis.hu\/koronavirus\/wp-json\/wp\/v2\/comments?post=130"}],"version-history":[{"count":9,"href":"https:\/\/semmelweis.hu\/koronavirus\/wp-json\/wp\/v2\/pages\/130\/revisions"}],"predecessor-version":[{"id":2057,"href":"https:\/\/semmelweis.hu\/koronavirus\/wp-json\/wp\/v2\/pages\/130\/revisions\/2057"}],"wp:featuredmedia":[{"embeddable":true,"href":"https:\/\/semmelweis.hu\/koronavirus\/wp-json\/wp\/v2\/media\/712"}],"wp:attachment":[{"href":"https:\/\/semmelweis.hu\/koronavirus\/wp-json\/wp\/v2\/media?parent=130"}],"wp:term":[{"taxonomy":"category","embeddable":true,"href":"https:\/\/semmelweis.hu\/koronavirus\/wp-json\/wp\/v2\/categories?post=130"},{"taxonomy":"post_tag","embeddable":true,"href":"https:\/\/semmelweis.hu\/koronavirus\/wp-json\/wp\/v2\/tags?post=130"}],"curies":[{"name":"wp","href":"https:\/\/api.w.org\/{rel}","templated":true}]}}