{"id":1246,"date":"2020-09-17T20:27:31","date_gmt":"2020-09-17T18:27:31","guid":{"rendered":"https:\/\/semmelweis.hu\/koronavirus\/?page_id=1246"},"modified":"2020-11-25T14:40:41","modified_gmt":"2020-11-25T13:40:41","slug":"ethikkodex-der-pandemie","status":"publish","type":"page","link":"https:\/\/semmelweis.hu\/koronavirus\/de\/was-ist-zu-tun\/ethikkodex-der-pandemie\/","title":{"rendered":"Ethikkodex der Pandemie"},"content":{"rendered":"<p style=\"text-align: right\">Budapest, den 17. September 2020<\/p>\n<p><strong>ETHIKKODEX DER PANDEMIE F\u00dcR B\u00dcRGER DER SEMMELWEIS UNIVERSIT\u00c4T<\/strong><\/p>\n<p>Im vorliegenden Ethikkodex befinden sich au\u00dfer obligatorischer Regierungsverordnungen und Verordnungen der Hauptstadt, sowie au\u00dfer g\u00fcltiger Anweisungen des Rektors und Kanzlers der Semmelweis Universit\u00e4t auch solche Ma\u00dfnahmen und Verhaltensformen, die <strong>den Studierenden und Mitarbeitern der Semmelweis Universit\u00e4t w\u00e4hrend \u00a0der COVID-19-Pandemie Richtung geben k\u00f6nnen<\/strong>. Die unten aufgef\u00fchrten Punkte k\u00f6nnen zur D\u00e4mmung der Pandemie, sowie <strong>der kontinuierlichen Aufrechterhaltung der Patientenversorgung, Bildung, Forschung und sonstiger Arbeitsf\u00fchrung<\/strong> an der Semmelweis Universit\u00e4t beitragen.<\/p>\n<p><strong>Unsere gemeinsame Verantwortung ist, um die Verbreitung der Pandemie zu verlangsamen und dadurch unsere eigene Gesundheit und die Gesundheit aller unseren Mitb\u00fcrger zu bewahren und gleichzeitig die Funktionsf\u00e4higkeit unserer Universit\u00e4t zu gew\u00e4hrleisten. Als Semmelweis-B\u00fcrger sind wir verpflichtet, um bei Managen und Kontrolle der Pandemie beispielgebend zu sein.<\/strong> Dies k\u00f6nnen Sie durch Einhaltung folgender Punkte unterst\u00fctzen:<\/p>\n<ol>\n<li>Besuchen Sie gr\u00f6\u00dfere Veranstaltungen, \u00f6ffentliche Orte \u2013 insbesondere Lokale und Gastst\u00e4tte \u2013 nicht, wo Sie in direkten Kontakt mit anderen Personen kommen k\u00f6nnen. Halten Sie den vorgeschriebenen Sicherheitsabstand auch in den Gemeinschaftsr\u00e4umen ein!<\/li>\n<li><span style=\"font-size: 1rem\">Neben Einhaltung der in Verordnungen vorgeschriebenen Regelungen sollten Sie auch au\u00dfer Universit\u00e4tsgel\u00e4nde in geschlossenen und auch in offenen R\u00e4umen \u2013 wo die Anzahl der Anwesenden hoch ist, oder es durch Beschaffenheit des Ortes erforderlich ist \u2013 die Schutzmaske tragen!<\/span><\/li>\n<li><span style=\"font-size: 1rem\">Bitte, waschen Sie oder tauschen Sie die Schutzmaske t\u00e4glich \u2013 abh\u00e4ngig vom Maskentyp<\/span><\/li>\n<li><span style=\"font-size: 1rem\">Vermeiden Sie Begr\u00fc\u00dfungsformen mit direktem Kontakt und halten Sie den n\u00f6tigen Sicherheitsabstand ein, wenn Sie sich mit anderen Personen pers\u00f6nlich treffen.<\/span><\/li>\n<li><span style=\"font-size: 1rem\">Bitte sch\u00fctzen Sie Ihre \u00e4lteren Familienangeh\u00f6rige: Beim Zusammentreffen mit ihnen sollten Sie einen Sicherheitsabstand von mindestens 2 Meter halten und die Schutzmaske tragen!<\/span><\/li>\n<li><span style=\"font-size: 1rem\">Au\u00dfer Einhalten der allgemeinen Normen f\u00fcr Hygiene sollten Sie auf das regelm\u00e4\u00dfige, st\u00fcndliche H\u00e4ndedesinfektion, auf das <\/span><strong><a href=\"https:\/\/youtu.be\/KP2ZnCHD4F8\" target=\"_blank\" rel=\"noopener noreferrer\">richtige Semmelweis-H\u00e4ndewaschen<\/a><\/strong><span style=\"font-size: 1rem\"> besonders achten. Die alkohol-basierten H\u00e4ndedesinfektionsmittel stehen in eigenen Geb\u00e4uden der Universit\u00e4t kontinuierlich zur Verf\u00fcgung.<\/span><\/li>\n<li><span style=\"font-size: 1rem\">Bitte, unterst\u00fctzen Sie die Verteidigungsarbeit gegen Epidemie durch Freiwilligent\u00e4tigkeit in den Kliniken und Instituten f\u00fcr fachliche Weiterbildung und \u00f6ffentliche Bildung der Semmelweis Universit\u00e4t in Ihrer Freizeit. Sie sollten bitte an Durchf\u00fchrung von PCR-Tests an den von der Studentischen Selbstverwaltung (H\u00d6K) organisierten Testpunkten teilnehmen. Dadurch k\u00f6nnen Sie mehr Praxiserfahrung sammeln.<\/span><\/li>\n<\/ol>\n<p><strong>Die Einhaltung der oben genannten Punkte tr\u00e4gt dazu bei, damit die Arbeitsf\u00fchrung und Bildung an der Semmelweis Universit\u00e4t \u2013 an die jeweiligen epidemiologischen Umst\u00e4nde angepasst \u2013 weiterhin auf m\u00f6glichst h\u00f6chster Qualit\u00e4t, reibungslos laufen kann.<\/strong><\/p>\n<p>&nbsp;<\/p>\n<table class=\"plain\" style=\"width: 100%\">\n<tbody>\n<tr>\n<td style=\"width: 33%;text-align: center;vertical-align: top\">\n<p><span style=\"font-size: 15pt\"><strong>Prof. Dr. Merkely B\u00e9la<br \/><\/strong>Rektor<strong><br \/><\/strong><\/span><\/p>\n<\/td>\n<td style=\"width: 33%;text-align: center\">\n<p><span style=\"font-size: 15pt\"><strong>Baumgartnern\u00e9 Holl\u00f3 Ir\u00e9n<br \/><\/strong>Vizekanzlerin<strong><br \/><\/strong><\/span><\/p>\n<\/td>\n<td style=\"width: 34%;text-align: center;vertical-align: top\">\n<p><span style=\"font-size: 15pt\"><strong>Tripolszky B\u00e1lint<br \/><\/strong>H\u00d6K Pr\u00e4sident<strong><br \/><\/strong><\/span><\/p>\n<\/td>\n<\/tr>\n<\/tbody>\n<\/table>\n<p>&nbsp;<\/p>\n<p><em>Hiermit schlie\u00dfe ich mich an die Initiative und werde den Ethikkodex der Semmelweis Universit\u00e4t freiwillig einhalten, um die Bildungs-, Forschungs- und Heilungst\u00e4tigkeit der Universit\u00e4t kontinuierlich aufrechterhalten zu k\u00f6nnen.<\/em><\/p>\n<div id=\"GroupWiseSection_1600367385000_somfai.boglarka@semmelweis-univ.hu_20FC8F0118E50000B4706F6437386235_\" class=\"GroupWiseMessageBody active\">\n<div id=\"GroupWiseSection_1600367385000_somfai.boglarka@semmelweis-univ.hu_20FC8F0118E50000B4706F6437386235_\" class=\"GroupWiseMessageBody active\">\n<p>&nbsp;<\/p>\n<\/div>\n<\/div>\n","protected":false},"excerpt":{"rendered":"<p>Budapest, den 17. September 2020 ETHIKKODEX DER PANDEMIE F\u00dcR B\u00dcRGER DER SEMMELWEIS UNIVERSIT\u00c4T Im vorliegenden Ethikkodex befinden sich au\u00dfer obligatorischer Regierungsverordnungen und Verordnungen der Hauptstadt, sowie au\u00dfer g\u00fcltiger Anweisungen des Rektors und Kanzlers der Semmelweis Universit\u00e4t auch solche Ma\u00dfnahmen und Verhaltensformen, die den Studierenden und Mitarbeitern der Semmelweis Universit\u00e4t w\u00e4hrend \u00a0der COVID-19-Pandemie Richtung geben k\u00f6nnen. &hellip;<\/p>\n","protected":false},"author":101640,"featured_media":0,"parent":132,"menu_order":2,"comment_status":"closed","ping_status":"closed","template":"","meta":{"_acf_changed":false,"footnotes":""},"categories":[],"tags":[],"class_list":["post-1246","page","type-page","status-publish","hentry"],"acf":[],"_links":{"self":[{"href":"https:\/\/semmelweis.hu\/koronavirus\/wp-json\/wp\/v2\/pages\/1246","targetHints":{"allow":["GET"]}}],"collection":[{"href":"https:\/\/semmelweis.hu\/koronavirus\/wp-json\/wp\/v2\/pages"}],"about":[{"href":"https:\/\/semmelweis.hu\/koronavirus\/wp-json\/wp\/v2\/types\/page"}],"author":[{"embeddable":true,"href":"https:\/\/semmelweis.hu\/koronavirus\/wp-json\/wp\/v2\/users\/101640"}],"replies":[{"embeddable":true,"href":"https:\/\/semmelweis.hu\/koronavirus\/wp-json\/wp\/v2\/comments?post=1246"}],"version-history":[{"count":8,"href":"https:\/\/semmelweis.hu\/koronavirus\/wp-json\/wp\/v2\/pages\/1246\/revisions"}],"predecessor-version":[{"id":1424,"href":"https:\/\/semmelweis.hu\/koronavirus\/wp-json\/wp\/v2\/pages\/1246\/revisions\/1424"}],"up":[{"embeddable":true,"href":"https:\/\/semmelweis.hu\/koronavirus\/wp-json\/wp\/v2\/pages\/132"}],"wp:attachment":[{"href":"https:\/\/semmelweis.hu\/koronavirus\/wp-json\/wp\/v2\/media?parent=1246"}],"wp:term":[{"taxonomy":"category","embeddable":true,"href":"https:\/\/semmelweis.hu\/koronavirus\/wp-json\/wp\/v2\/categories?post=1246"},{"taxonomy":"post_tag","embeddable":true,"href":"https:\/\/semmelweis.hu\/koronavirus\/wp-json\/wp\/v2\/tags?post=1246"}],"curies":[{"name":"wp","href":"https:\/\/api.w.org\/{rel}","templated":true}]}}