{"id":11,"date":"2020-03-06T09:13:07","date_gmt":"2020-03-06T08:13:07","guid":{"rendered":"http:\/\/semmelweis.hu\/koronavirus\/?page_id=11"},"modified":"2021-03-01T09:25:49","modified_gmt":"2021-03-01T08:25:49","slug":"kezhigiene","status":"publish","type":"page","link":"https:\/\/semmelweis.hu\/koronavirus\/mit-tehetunk\/kezhigiene\/","title":{"rendered":"K\u00e9zhigi\u00e9n\u00e9"},"content":{"rendered":"<div class=\"responsive-tabs\">\n<h2 class=\"tabtitle\">Helyes k\u00e9zmos\u00e1s<\/h2>\n<div class=\"tabcontent\">\n\n<p><iframe loading=\"lazy\" title=\"A helyes k\u00e9zmos\u00e1s 6 l\u00e9p\u00e9sben\" width=\"753\" height=\"424\" src=\"https:\/\/www.youtube.com\/embed\/uX4NTG8KEvo?feature=oembed\" frameborder=\"0\" allow=\"accelerometer; autoplay; clipboard-write; encrypted-media; gyroscope; picture-in-picture\" allowfullscreen><\/iframe><\/p>\n<p><iframe loading=\"lazy\" title=\"Showtime k\u00fcl\u00f6nkiad\u00e1s - Semmelweis Ign\u00e1c \u00e9s a k\u00e9zmos\u00e1s\" width=\"753\" height=\"424\" src=\"https:\/\/www.youtube.com\/embed\/BtVBvvckSII?feature=oembed\" frameborder=\"0\" allow=\"accelerometer; autoplay; clipboard-write; encrypted-media; gyroscope; picture-in-picture\" allowfullscreen><\/iframe><\/p>\n<figure style=\"width: 4978px\" class=\"wp-caption alignnone\"><a href=\"https:\/\/semmelweis.hu\/hirek\/files\/2020\/03\/a_helyes_kezmosas_6_lepese.png\"><img loading=\"lazy\" decoding=\"async\" src=\"https:\/\/semmelweis.hu\/hirek\/files\/2020\/03\/a_helyes_kezmosas_6_lepese.png\" alt=\"\" width=\"4978\" height=\"3520\" \/><\/a><figcaption class=\"wp-caption-text\">A helyes k\u00e9zmos\u00e1s 6 l\u00e9p\u00e9se (Budapest F\u0151v\u00e1ros Korm\u00e1nyhivatala, WHO)<\/figcaption><\/figure>\n\n<\/div><h2 class=\"tabtitle\">Alkoholos k\u00e9zfert\u0151tlen\u00edt\u00e9s<\/h2>\n<div class=\"tabcontent\">\n\n<figure style=\"width: 1770px\" class=\"wp-caption alignnone\"><a href=\"https:\/\/semmelweis.hu\/hirek\/files\/2020\/03\/alkoholos-bedorzsolest.png\"><img loading=\"lazy\" decoding=\"async\" src=\"https:\/\/semmelweis.hu\/hirek\/files\/2020\/03\/alkoholos-bedorzsolest.png\" alt=\"\" width=\"1770\" height=\"2503\" \/><\/a><figcaption class=\"wp-caption-text\">Az alkoholos k\u00e9zbed\u00f6rzs\u00f6l\u00e9s menete (az Orsz\u00e1gos Tisztiorvosi Hivatal \u00e1ltal kiadott t\u00e1j\u00e9koztat\u00f3)<\/figcaption><\/figure>\n<\/div><\/div>\n","protected":false},"excerpt":{"rendered":"","protected":false},"author":12,"featured_media":0,"parent":9,"menu_order":3,"comment_status":"closed","ping_status":"closed","template":"","meta":{"_acf_changed":false,"footnotes":""},"categories":[],"tags":[],"class_list":["post-11","page","type-page","status-publish","hentry"],"acf":[],"_links":{"self":[{"href":"https:\/\/semmelweis.hu\/koronavirus\/wp-json\/wp\/v2\/pages\/11","targetHints":{"allow":["GET"]}}],"collection":[{"href":"https:\/\/semmelweis.hu\/koronavirus\/wp-json\/wp\/v2\/pages"}],"about":[{"href":"https:\/\/semmelweis.hu\/koronavirus\/wp-json\/wp\/v2\/types\/page"}],"author":[{"embeddable":true,"href":"https:\/\/semmelweis.hu\/koronavirus\/wp-json\/wp\/v2\/users\/12"}],"replies":[{"embeddable":true,"href":"https:\/\/semmelweis.hu\/koronavirus\/wp-json\/wp\/v2\/comments?post=11"}],"version-history":[{"count":5,"href":"https:\/\/semmelweis.hu\/koronavirus\/wp-json\/wp\/v2\/pages\/11\/revisions"}],"predecessor-version":[{"id":1408,"href":"https:\/\/semmelweis.hu\/koronavirus\/wp-json\/wp\/v2\/pages\/11\/revisions\/1408"}],"up":[{"embeddable":true,"href":"https:\/\/semmelweis.hu\/koronavirus\/wp-json\/wp\/v2\/pages\/9"}],"wp:attachment":[{"href":"https:\/\/semmelweis.hu\/koronavirus\/wp-json\/wp\/v2\/media?parent=11"}],"wp:term":[{"taxonomy":"category","embeddable":true,"href":"https:\/\/semmelweis.hu\/koronavirus\/wp-json\/wp\/v2\/categories?post=11"},{"taxonomy":"post_tag","embeddable":true,"href":"https:\/\/semmelweis.hu\/koronavirus\/wp-json\/wp\/v2\/tags?post=11"}],"curies":[{"name":"wp","href":"https:\/\/api.w.org\/{rel}","templated":true}]}}