{"id":882,"date":"2020-01-29T10:36:17","date_gmt":"2020-01-29T09:36:17","guid":{"rendered":"http:\/\/semmelweis.hu\/korhazhigiene\/?page_id=882"},"modified":"2025-09-10T11:37:12","modified_gmt":"2025-09-10T09:37:12","slug":"koronavirus","status":"publish","type":"page","link":"https:\/\/semmelweis.hu\/korhazhigiene\/koronavirus\/","title":{"rendered":"H\u00edrek"},"content":{"rendered":"<ul>\n<li style=\"text-align: justify\"><a href=\"https:\/\/semmelweis.hu\/korhazhigiene\/2025\/08\/14\/egy-tal-etel-es-ami-mogotte-van-avagy-miert-ne-etessunk-kobor-macskakat-az-egeszsegugyi-intezmenyek-teruleten\/\" target=\"_blank\" rel=\"noopener\"><strong>Egy t\u00e1l \u00e9tel \u00e9s ami m\u00f6g\u00f6tte van, <\/strong><\/a><strong><a href=\"https:\/\/semmelweis.hu\/korhazhigiene\/2025\/08\/14\/egy-tal-etel-es-ami-mogotte-van-avagy-miert-ne-etessunk-kobor-macskakat-az-egeszsegugyi-intezmenyek-teruleten\/\" target=\"_blank\" rel=\"noopener\">avagy mi\u00e9rt ne etess\u00fcnk k\u00f3bor macsk\u00e1kat az eg\u00e9szs\u00e9g\u00fcgyi int\u00e9zm\u00e9nyek ter\u00fclet\u00e9n?<\/a> &#8211; <\/strong>\u00a0Paulovkin Andr\u00e1s<br \/>\n<hr \/>\n<\/li>\n<li style=\"text-align: justify\"><a href=\"https:\/\/semmelweis.hu\/korhazhigiene\/2025\/09\/10\/egeszsegugyi-intezmenyekben-megjeleno-izeltlabuak\/\" target=\"_blank\" rel=\"noopener\">Eg\u00e9szs\u00e9g\u00fcgyi int\u00e9zm\u00e9nyekben megjelen\u0151 \u00edzeltl\u00e1b\u00faak<\/a> &#8211; Paulovkin Andr\u00e1s<\/li>\n<\/ul>\n<p style=\"text-align: justify\">\u00a0<\/p>\n","protected":false},"excerpt":{"rendered":"<p><a href=\"https:\/\/semmelweis.hu\/korhazhigiene\/2025\/08\/14\/egy-tal-etel-es-ami-mogotte-van-avagy-miert-ne-etessunk-kobor-macskakat-az-egeszsegugyi-intezmenyek-teruleten\/\" target=\"_blank\" rel=\"noopener\">Egy t\u00e1l \u00e9tel \u00e9s ami m\u00f6g\u00f6tte van, <\/a><a href=\"https:\/\/semmelweis.hu\/korhazhigiene\/2025\/08\/14\/egy-tal-etel-es-ami-mogotte-van-avagy-miert-ne-etessunk-kobor-macskakat-az-egeszsegugyi-intezmenyek-teruleten\/\" target=\"_blank\" rel=\"noopener\">avagy mi\u00e9rt ne etess\u00fcnk k\u00f3bor macsk\u00e1kat az eg\u00e9szs\u00e9g\u00fcgyi int\u00e9zm\u00e9nyek ter\u00fclet\u00e9n?<\/a> &#8211; \u00a0Paulovkin Andr\u00e1s<\/p>\n<p><a href=\"https:\/\/semmelweis.hu\/korhazhigiene\/2025\/09\/10\/egeszsegugyi-intezmenyekben-megjeleno-izeltlabuak\/\" target=\"_blank\" rel=\"noopener\">Eg\u00e9szs\u00e9g\u00fcgyi int\u00e9zm\u00e9nyekben megjelen\u0151 \u00edzeltl\u00e1b\u00faak<\/a> &#8211; Paulovkin Andr\u00e1s<\/p>\n<p>\u00a0<\/p>\n","protected":false},"author":101686,"featured_media":0,"parent":0,"menu_order":1,"comment_status":"closed","ping_status":"closed","template":"","meta":{"_acf_changed":false,"footnotes":""},"categories":[],"tags":[],"class_list":["post-882","page","type-page","status-publish","hentry"],"acf":[],"_links":{"self":[{"href":"https:\/\/semmelweis.hu\/korhazhigiene\/wp-json\/wp\/v2\/pages\/882","targetHints":{"allow":["GET"]}}],"collection":[{"href":"https:\/\/semmelweis.hu\/korhazhigiene\/wp-json\/wp\/v2\/pages"}],"about":[{"href":"https:\/\/semmelweis.hu\/korhazhigiene\/wp-json\/wp\/v2\/types\/page"}],"author":[{"embeddable":true,"href":"https:\/\/semmelweis.hu\/korhazhigiene\/wp-json\/wp\/v2\/users\/101686"}],"replies":[{"embeddable":true,"href":"https:\/\/semmelweis.hu\/korhazhigiene\/wp-json\/wp\/v2\/comments?post=882"}],"version-history":[{"count":13,"href":"https:\/\/semmelweis.hu\/korhazhigiene\/wp-json\/wp\/v2\/pages\/882\/revisions"}],"predecessor-version":[{"id":2066,"href":"https:\/\/semmelweis.hu\/korhazhigiene\/wp-json\/wp\/v2\/pages\/882\/revisions\/2066"}],"wp:attachment":[{"href":"https:\/\/semmelweis.hu\/korhazhigiene\/wp-json\/wp\/v2\/media?parent=882"}],"wp:term":[{"taxonomy":"category","embeddable":true,"href":"https:\/\/semmelweis.hu\/korhazhigiene\/wp-json\/wp\/v2\/categories?post=882"},{"taxonomy":"post_tag","embeddable":true,"href":"https:\/\/semmelweis.hu\/korhazhigiene\/wp-json\/wp\/v2\/tags?post=882"}],"curies":[{"name":"wp","href":"https:\/\/api.w.org\/{rel}","templated":true}]}}