{"id":40,"date":"2012-06-19T15:06:25","date_gmt":"2012-06-19T15:06:25","guid":{"rendered":"http:\/\/semmelweis-egyetem.hu\/korhazhigiene\/?page_id=40"},"modified":"2025-08-06T07:39:06","modified_gmt":"2025-08-06T05:39:06","slug":"szakirodalom-linkajanlo","status":"publish","type":"page","link":"https:\/\/semmelweis.hu\/korhazhigiene\/szakirodalom-linkajanlo\/","title":{"rendered":"Szakirodalom, linkaj\u00e1nl\u00f3"},"content":{"rendered":"<p style=\"text-align: justify\"><strong>Magyar nyelv\u0171 k\u00f6nyvek<\/strong><\/p>\n<p style=\"text-align: justify\"><strong>1.<\/strong> Dr. Kende \u00c9va: K\u00f3rh\u00e1zi fert\u0151z\u00e9sek. K\u00f3rh\u00e1zi j\u00e1rv\u00e1nyok. Pro Hygiene Kft.,1992.<br \/>\n<strong>2.<\/strong> Jur\u00e1nyi R\u00f3bert (szerk.): A fert\u0151z\u0151 betegs\u00e9gek \u00e1ltal\u00e1nos \u00e9s r\u00e9szletes j\u00e1rv\u00e1nytana. Medicina K\u00f6nyvkiad\u00f3 Rt. 1997.<br \/>\n<strong>3<\/strong><strong>. <\/strong>Durst J\u00e1nos (szerk.): A nosocomialis fert\u0151z\u00e9sek j\u00e1rv\u00e1nytana. HIETE, Budapest, 1998.<br \/>\n<strong>4.<\/strong> Dr. Czir\u00f3k \u00c9va: Klinikai \u00e9s J\u00e1rv\u00e1ny\u00fcgyi Bakteriol\u00f3giai K\u00e9zik\u00f6nyv. Mel\u00e1nia kiad\u00f3 1999.<br \/>\n<strong>5.<\/strong> Szalka: Infektol\u00f3gia Medicina 2005<br \/>\n<strong>6.<\/strong> Dr. Pech\u00f3 Zolt\u00e1n: Fert\u0151tlen\u00edt\u00e9stan \u00e9s steriliz\u00e1l\u00e1s. Semmelweis Egyetem Eg\u00e9szs\u00e9g\u00fcgyi F\u0151iskolai Kar, Budapest, 2001.<br \/>\n<strong>7.<\/strong> Losonczy Gy\u00f6rgy: A klinikai epidemiol\u00f3gia alapjai. Medicina, 2001.<\/p>\n<p style=\"text-align: justify\"><strong>Fontosabb szakfoly\u00f3iratok<\/strong><br \/>\n<strong>1.<\/strong><a href=\"https:\/\/www.journalofhospitalinfection.com\/\"> Journal of Hospital Infection<\/a>. Megjelenik k\u00e9thavonta. A &#8222;Hospital Infection Society&#8221; foly\u00f3irata. Kiad\u00f3: WB Saunder, New York, USA.<br \/>\n<strong>2.<\/strong> <a href=\"https:\/\/www.cambridge.org\/core\/journals\/infection-control-and-hospital-epidemiology\/all-issues\">Infection Control and Hospital Epidemiology<\/a>. Megjelenik havonta. Kiad\u00f3: a &#8222;Society for Hospital Epidemiologists of America (SHEA), New Jersey, USA.<br \/>\n<strong>3.<\/strong> <a href=\"http:\/\/www.ajicjournal.org\/\">American Journal of Infection Control<\/a> (AJIC). Megjelenik k\u00e9thavonta. Az &#8222;Association for Professionals in Infection Control and Epidemiology (APIC)&#8221; (az amerikai infekci\u00f3kontroll egyes\u00fclet) foly\u00f3irata. Kiad\u00f3: Mosby, St. Louis, USA.<br \/>\n<strong>4.<\/strong> <a href=\"https:\/\/www.mhp-medien.de\/zeitschriften\/hygiene-medizin\/ausgaben\/2019\/hm-2019-09\/\">Hygiene + Medizin<\/a>. N\u00e9met havilap. Wiesbaden, DEU.<br \/>\n<strong>5.<\/strong> <a href=\"http:\/\/www.oek.hu\/oek.web?to=839&amp;nid=41&amp;pid=12&amp;lang=hun\">Epinfo<\/a> (Epidemiol\u00f3giai Inform\u00e1ci\u00f3s Hetilap). A Johan B\u00e9la Orsz\u00e1gos Epidemiol\u00f3giai K\u00f6zpont (OEK) kiadv\u00e1nya, Budapest.<br \/>\n<strong>6.<\/strong> <a href=\"http:\/\/wwwnc.cdc.gov\/eid\/\">Emerging Infectious Diseases<\/a><br \/>\n<strong>7.<\/strong> <a href=\"http:\/\/www.cdc.gov\/mmwr\/\"><span style=\"color: #000000\">Morbidity and Mortality Weekly Report (MMWR)<\/span><\/a><\/p>\n<p style=\"text-align: justify\"><strong>Linkek<\/strong><br \/>\n<strong>1<\/strong>. <a href=\"https:\/\/nngyk.gov.hu\/\" target=\"_blank\" rel=\"noopener\">Nemzeti N\u00e9peg\u00e9szs\u00e9g\u00fcgyi \u00e9s Gy\u00f3gyszer\u00e9szeti<\/a> K\u00f6zpont<br \/>\n<strong>2. <\/strong><a href=\"http:\/\/www.oek.hu\/\">Orsz\u00e1gos Epidemiol\u00f3giai K\u00f6zpont<\/a><br \/>\n<strong>3.<\/strong> <a href=\"https:\/\/egeszsegtudomany.higienikus.hu\/\">Eg\u00e9szs\u00e9gtudom\u00e1ny<\/a><br \/>\n<strong>4<\/strong>. <a href=\"https:\/\/www.cdc.gov\/hai\/\">CDC-Infection Control in Healthcare Settings<\/a><br \/>\n<strong>5.<\/strong> <a href=\"http:\/\/www.who.int\/patientsafety\/en\/\">WHO-Patient safety<\/a><br \/>\n<strong>6.<\/strong> <a href=\"http:\/\/www.ecdc.europa.eu\/en\/Pages\/home.aspx\">ECDC<\/a><br \/>\n<strong>7.<\/strong> <a href=\"https:\/\/ecdc.europa.eu\/en\/about-us\/partnerships-and-networks\/disease-and-laboratory-networks\/hai-net\">HELICS-Hospital In Europe Link for Infection Control through Surveillance<\/a><br \/>\n<strong>8.<\/strong> <a href=\"https:\/\/theific.org\/\">IFIC &#8211; International Federation of Infection Control<\/a><br \/>\n<strong>9.<\/strong> Deutsche Gesellschaft f\u00fcr Krankenhaushygiene: <a href=\"http:\/\/www.dgkh.de\/\">www.dgkh.de<\/a><br \/>\n<strong>10.<\/strong> Deutsche Gesellscahft f\u00fcr Hygiene und Mikrobiologie: <a href=\"http:\/\/www.dghm.org\/\">www.dghm.org<\/a><br \/>\n<strong>11.<\/strong> Krankenhaushygiene Interdisziplin\u00e4r: <a href=\"http:\/\/www.egms.de\/dynamic\/en\/journals\/dgkh\/index.htm\">www.egms.de\/journals<\/a><br \/>\n<strong>12<\/strong>. Robert Koch Institut: <a href=\"http:\/\/www.rki.de\/\">www.rki.de<\/a><br \/>\n<strong>13.<\/strong> Friedrich-Loeffler-Institut: <a href=\"http:\/\/www.fli.bund.de\/\">www.fli.bund.de<\/a><br \/>\n<strong>14.<\/strong> Deutsche Gesellschaft f\u00fcr Sterilgutversorgung:<a href=\"http:\/\/www.dgsv-ev.de\/conpresso\/start\/index.php?rubric=Home\"> www.dgsv-ev.de<\/a><br \/>\n<strong>15.<\/strong> German Medical Science: (n\u00e9met\u00fcl) <a href=\"https:\/\/www.egms.de\/dynamic\/de\/journals\/gms\/index.htm\">www.egms.de\/de<\/a><br \/>\n(angolul) <a href=\"http:\/\/www.egms.de\/\">www.egms.de<\/a><br \/>\n<strong>16.<\/strong> \u00d6sterreichische Gesellschaft f\u00fcr Hygiene, Mikrobiologie und 19. <strong>18.<\/strong> Pr\u00e4ventivmedizin: <a href=\"http:\/\/www.oeghmp.at\/\">www.oeghmp.at<\/a><\/p>\n<p style=\"text-align: justify\">\u00a0<\/p>\n<p>&nbsp;<\/p>\n","protected":false},"excerpt":{"rendered":"<p>Magyar nyelv\u0171 k\u00f6nyvek 1. Dr. Kende \u00c9va: K\u00f3rh\u00e1zi fert\u0151z\u00e9sek. K\u00f3rh\u00e1zi j\u00e1rv\u00e1nyok. Pro Hygiene Kft.,1992. 2. Jur\u00e1nyi R\u00f3bert (szerk.): A fert\u0151z\u0151 betegs\u00e9gek \u00e1ltal\u00e1nos \u00e9s r\u00e9szletes j\u00e1rv\u00e1nytana. Medicina K\u00f6nyvkiad\u00f3 Rt. 1997. 3. Durst J\u00e1nos (szerk.): A nosocomialis fert\u0151z\u00e9sek j\u00e1rv\u00e1nytana. HIETE, Budapest, 1998. 4. Dr. Czir\u00f3k \u00c9va: Klinikai \u00e9s J\u00e1rv\u00e1ny\u00fcgyi Bakteriol\u00f3giai K\u00e9zik\u00f6nyv. Mel\u00e1nia kiad\u00f3 1999. 5. Szalka: Infektol\u00f3gia &hellip;<\/p>\n","protected":false},"author":100,"featured_media":0,"parent":0,"menu_order":7,"comment_status":"open","ping_status":"closed","template":"","meta":{"_acf_changed":false,"footnotes":""},"categories":[],"tags":[],"class_list":["post-40","page","type-page","status-publish","hentry"],"acf":[],"_links":{"self":[{"href":"https:\/\/semmelweis.hu\/korhazhigiene\/wp-json\/wp\/v2\/pages\/40","targetHints":{"allow":["GET"]}}],"collection":[{"href":"https:\/\/semmelweis.hu\/korhazhigiene\/wp-json\/wp\/v2\/pages"}],"about":[{"href":"https:\/\/semmelweis.hu\/korhazhigiene\/wp-json\/wp\/v2\/types\/page"}],"author":[{"embeddable":true,"href":"https:\/\/semmelweis.hu\/korhazhigiene\/wp-json\/wp\/v2\/users\/100"}],"replies":[{"embeddable":true,"href":"https:\/\/semmelweis.hu\/korhazhigiene\/wp-json\/wp\/v2\/comments?post=40"}],"version-history":[{"count":10,"href":"https:\/\/semmelweis.hu\/korhazhigiene\/wp-json\/wp\/v2\/pages\/40\/revisions"}],"predecessor-version":[{"id":1979,"href":"https:\/\/semmelweis.hu\/korhazhigiene\/wp-json\/wp\/v2\/pages\/40\/revisions\/1979"}],"wp:attachment":[{"href":"https:\/\/semmelweis.hu\/korhazhigiene\/wp-json\/wp\/v2\/media?parent=40"}],"wp:term":[{"taxonomy":"category","embeddable":true,"href":"https:\/\/semmelweis.hu\/korhazhigiene\/wp-json\/wp\/v2\/categories?post=40"},{"taxonomy":"post_tag","embeddable":true,"href":"https:\/\/semmelweis.hu\/korhazhigiene\/wp-json\/wp\/v2\/tags?post=40"}],"curies":[{"name":"wp","href":"https:\/\/api.w.org\/{rel}","templated":true}]}}