{"id":2042,"date":"2025-08-14T09:03:35","date_gmt":"2025-08-14T07:03:35","guid":{"rendered":"https:\/\/semmelweis.hu\/korhazhigiene\/?page_id=2042"},"modified":"2025-08-14T09:03:35","modified_gmt":"2025-08-14T07:03:35","slug":"altalanos-informaciok","status":"publish","type":"page","link":"https:\/\/semmelweis.hu\/korhazhigiene\/altalanos-informaciok\/","title":{"rendered":"\u00c1ltal\u00e1nos inform\u00e1ci\u00f3k"},"content":{"rendered":"","protected":false},"excerpt":{"rendered":"","protected":false},"author":102466,"featured_media":0,"parent":0,"menu_order":0,"comment_status":"closed","ping_status":"closed","template":"","meta":{"_acf_changed":false,"footnotes":""},"categories":[],"tags":[],"class_list":["post-2042","page","type-page","status-publish","hentry"],"acf":[],"_links":{"self":[{"href":"https:\/\/semmelweis.hu\/korhazhigiene\/wp-json\/wp\/v2\/pages\/2042","targetHints":{"allow":["GET"]}}],"collection":[{"href":"https:\/\/semmelweis.hu\/korhazhigiene\/wp-json\/wp\/v2\/pages"}],"about":[{"href":"https:\/\/semmelweis.hu\/korhazhigiene\/wp-json\/wp\/v2\/types\/page"}],"author":[{"embeddable":true,"href":"https:\/\/semmelweis.hu\/korhazhigiene\/wp-json\/wp\/v2\/users\/102466"}],"replies":[{"embeddable":true,"href":"https:\/\/semmelweis.hu\/korhazhigiene\/wp-json\/wp\/v2\/comments?post=2042"}],"version-history":[{"count":1,"href":"https:\/\/semmelweis.hu\/korhazhigiene\/wp-json\/wp\/v2\/pages\/2042\/revisions"}],"predecessor-version":[{"id":2043,"href":"https:\/\/semmelweis.hu\/korhazhigiene\/wp-json\/wp\/v2\/pages\/2042\/revisions\/2043"}],"wp:attachment":[{"href":"https:\/\/semmelweis.hu\/korhazhigiene\/wp-json\/wp\/v2\/media?parent=2042"}],"wp:term":[{"taxonomy":"category","embeddable":true,"href":"https:\/\/semmelweis.hu\/korhazhigiene\/wp-json\/wp\/v2\/categories?post=2042"},{"taxonomy":"post_tag","embeddable":true,"href":"https:\/\/semmelweis.hu\/korhazhigiene\/wp-json\/wp\/v2\/tags?post=2042"}],"curies":[{"name":"wp","href":"https:\/\/api.w.org\/{rel}","templated":true}]}}