{"id":1808,"date":"2024-07-08T16:19:12","date_gmt":"2024-07-08T14:19:12","guid":{"rendered":"https:\/\/semmelweis.hu\/korhazhigiene\/?page_id=1808"},"modified":"2026-02-05T07:56:08","modified_gmt":"2026-02-05T06:56:08","slug":"legionella-oktatasi-anyag","status":"publish","type":"page","link":"https:\/\/semmelweis.hu\/korhazhigiene\/legionella-kockazatertekelesek-es-oktatasi-anyag\/legionella-oktatasi-anyag\/","title":{"rendered":"Legionella oktat\u00e1si anyag"},"content":{"rendered":"<p>A legionella oktat\u00e1si anyag al\u00e1bb megtekinthet\u0151 az egyetemi Office365 bejelentkez\u00e9st k\u00f6vet\u0151en al\u00e1bb a honlapunkon, vagy pdf form\u00e1tumban erre a <a href=\"https:\/\/semmelweis.hu\/korhazhigiene\/files\/2024\/07\/legionella_oktatasianyag.pptx\" target=\"_blank\" rel=\"noopener\">linkre<\/a> kattintva let\u00f6lthet\u0151.<\/p>\n<p>&nbsp;<\/p>\n","protected":false},"excerpt":{"rendered":"<p>A legionella oktat\u00e1si anyag al\u00e1bb megtekinthet\u0151 az egyetemi Office365 bejelentkez\u00e9st k\u00f6vet\u0151en al\u00e1bb a honlapunkon, vagy pdf form\u00e1tumban erre a <a href=\"https:\/\/semmelweis.hu\/korhazhigiene\/files\/2024\/07\/legionella_oktatasianyag.pptx\" target=\"_blank\" rel=\"noopener\">linkre<\/a> kattintva let\u00f6lthet\u0151.<br \/>\n&nbsp;<\/p>\n","protected":false},"author":101686,"featured_media":0,"parent":537,"menu_order":0,"comment_status":"closed","ping_status":"closed","template":"","meta":{"_acf_changed":false,"footnotes":""},"categories":[],"tags":[],"class_list":["post-1808","page","type-page","status-publish","hentry"],"acf":[],"_links":{"self":[{"href":"https:\/\/semmelweis.hu\/korhazhigiene\/wp-json\/wp\/v2\/pages\/1808","targetHints":{"allow":["GET"]}}],"collection":[{"href":"https:\/\/semmelweis.hu\/korhazhigiene\/wp-json\/wp\/v2\/pages"}],"about":[{"href":"https:\/\/semmelweis.hu\/korhazhigiene\/wp-json\/wp\/v2\/types\/page"}],"author":[{"embeddable":true,"href":"https:\/\/semmelweis.hu\/korhazhigiene\/wp-json\/wp\/v2\/users\/101686"}],"replies":[{"embeddable":true,"href":"https:\/\/semmelweis.hu\/korhazhigiene\/wp-json\/wp\/v2\/comments?post=1808"}],"version-history":[{"count":5,"href":"https:\/\/semmelweis.hu\/korhazhigiene\/wp-json\/wp\/v2\/pages\/1808\/revisions"}],"predecessor-version":[{"id":2102,"href":"https:\/\/semmelweis.hu\/korhazhigiene\/wp-json\/wp\/v2\/pages\/1808\/revisions\/2102"}],"up":[{"embeddable":true,"href":"https:\/\/semmelweis.hu\/korhazhigiene\/wp-json\/wp\/v2\/pages\/537"}],"wp:attachment":[{"href":"https:\/\/semmelweis.hu\/korhazhigiene\/wp-json\/wp\/v2\/media?parent=1808"}],"wp:term":[{"taxonomy":"category","embeddable":true,"href":"https:\/\/semmelweis.hu\/korhazhigiene\/wp-json\/wp\/v2\/categories?post=1808"},{"taxonomy":"post_tag","embeddable":true,"href":"https:\/\/semmelweis.hu\/korhazhigiene\/wp-json\/wp\/v2\/tags?post=1808"}],"curies":[{"name":"wp","href":"https:\/\/api.w.org\/{rel}","templated":true}]}}