{"id":1737,"date":"2023-10-27T11:18:51","date_gmt":"2023-10-27T09:18:51","guid":{"rendered":"https:\/\/semmelweis.hu\/korhazhigiene\/?page_id=1737"},"modified":"2025-10-27T12:41:47","modified_gmt":"2025-10-27T11:41:47","slug":"influenza-2023-2024","status":"publish","type":"page","link":"https:\/\/semmelweis.hu\/korhazhigiene\/influenza-2023-2024\/","title":{"rendered":"Influenza 2025-2026"},"content":{"rendered":"<div class=\"article-header\">\n<h1><a href=\"https:\/\/nngyk.gov.hu\/hu\/tovabbi-hirek\/orszagszerte-elerheto-es-mar-igenyelheto-a-teritesmentes-influenza-elleni-vedooltas.html\" target=\"_blank\" rel=\"noopener\"><span style=\"font-size: 12pt\">Orsz\u00e1gszerte el\u00e9rhet\u0151 \u00e9s m\u00e1r ig\u00e9nyelhet\u0151 a t\u00e9r\u00edt\u00e9smentes influenza elleni v\u00e9d\u0151olt\u00e1s &gt;&gt;<\/span><\/a><\/h1>\n<\/div>\n<div class=\"article-can-edit d-flex flex-wrap justify-content-between\">\u00a0<\/div>\n<div>\n<p>&nbsp;<\/p>\n<\/div>\n","protected":false},"excerpt":{"rendered":"<p><a href=\"https:\/\/nngyk.gov.hu\/hu\/tovabbi-hirek\/orszagszerte-elerheto-es-mar-igenyelheto-a-teritesmentes-influenza-elleni-vedooltas.html\" target=\"_blank\" rel=\"noopener\">Orsz\u00e1gszerte el\u00e9rhet\u0151 \u00e9s m\u00e1r ig\u00e9nyelhet\u0151 a t\u00e9r\u00edt\u00e9smentes influenza elleni v\u00e9d\u0151olt\u00e1s &gt;&gt;<\/a><\/p>\n<p>\u00a0<\/p>\n<p>&nbsp;<\/p>\n","protected":false},"author":101686,"featured_media":0,"parent":0,"menu_order":5,"comment_status":"closed","ping_status":"closed","template":"","meta":{"_acf_changed":false,"footnotes":""},"categories":[],"tags":[],"class_list":["post-1737","page","type-page","status-publish","hentry"],"acf":[],"_links":{"self":[{"href":"https:\/\/semmelweis.hu\/korhazhigiene\/wp-json\/wp\/v2\/pages\/1737","targetHints":{"allow":["GET"]}}],"collection":[{"href":"https:\/\/semmelweis.hu\/korhazhigiene\/wp-json\/wp\/v2\/pages"}],"about":[{"href":"https:\/\/semmelweis.hu\/korhazhigiene\/wp-json\/wp\/v2\/types\/page"}],"author":[{"embeddable":true,"href":"https:\/\/semmelweis.hu\/korhazhigiene\/wp-json\/wp\/v2\/users\/101686"}],"replies":[{"embeddable":true,"href":"https:\/\/semmelweis.hu\/korhazhigiene\/wp-json\/wp\/v2\/comments?post=1737"}],"version-history":[{"count":10,"href":"https:\/\/semmelweis.hu\/korhazhigiene\/wp-json\/wp\/v2\/pages\/1737\/revisions"}],"predecessor-version":[{"id":2070,"href":"https:\/\/semmelweis.hu\/korhazhigiene\/wp-json\/wp\/v2\/pages\/1737\/revisions\/2070"}],"wp:attachment":[{"href":"https:\/\/semmelweis.hu\/korhazhigiene\/wp-json\/wp\/v2\/media?parent=1737"}],"wp:term":[{"taxonomy":"category","embeddable":true,"href":"https:\/\/semmelweis.hu\/korhazhigiene\/wp-json\/wp\/v2\/categories?post=1737"},{"taxonomy":"post_tag","embeddable":true,"href":"https:\/\/semmelweis.hu\/korhazhigiene\/wp-json\/wp\/v2\/tags?post=1737"}],"curies":[{"name":"wp","href":"https:\/\/api.w.org\/{rel}","templated":true}]}}