{"id":1684,"date":"2023-02-23T15:07:16","date_gmt":"2023-02-23T14:07:16","guid":{"rendered":"https:\/\/semmelweis.hu\/korhazhigiene\/?page_id=1684"},"modified":"2026-03-02T10:27:17","modified_gmt":"2026-03-02T09:27:17","slug":"eves-ismetlo-ic-oktatas","status":"publish","type":"page","link":"https:\/\/semmelweis.hu\/korhazhigiene\/eves-ismetlo-ic-oktatas\/","title":{"rendered":"\u00c9ves ism\u00e9tl\u0151 IC oktat\u00e1s"},"content":{"rendered":"<p>&nbsp;<\/p>\n<p style=\"text-align: justify\">Tisztelt Olvas\u00f3!<\/p>\n<p style=\"text-align: justify\">A 20\/2009. (VI. 18.) E\u00fcM rendelet Az eg\u00e9szs\u00e9g\u00fcgyi ell\u00e1t\u00e1ssal \u00f6sszef\u00fcgg\u0151 fert\u0151z\u00e9sek megel\u0151z\u00e9s\u00e9r\u0151l, e tev\u00e9kenys\u00e9gek szakmai minimumfelt\u00e9teleir\u0151l \u00e9s fel\u00fcgyelet\u00e9r\u0151l el\u0151\u00edrja az eg\u00e9szs\u00e9g\u00fcgyi dolgoz\u00f3k infekci\u00f3kontroll tev\u00e9kenys\u00e9gekkel kapcsolatos tervszer\u0171 tov\u00e1bbk\u00e9pz\u00e9s\u00e9t. Ez\u00e9rt \u00e9vente m\u00e1s-m\u00e1s, az infekci\u00f3kontrollt \u00e9rint\u0151 k\u00e9pz\u00e9seket vezet\u00fcnk be.<\/p>\n<p style=\"text-align: justify\">Ezek\u00a0 (jelenlegi elk\u00e9pzel\u00e9s\u00fcnk szerint) 3 r\u00e9szb\u0151l \u00e1llnak: az adott t\u00e9m\u00e1val kapcsolatos bemutat\u00f3, az ezzel kapcsolatos zoom-video b\u0151vebb magyar\u00e1zatokkal \u00e9s egy 10 k\u00e9rd\u00e9ses teszt. A k\u00e9pz\u00e9s a teszt kit\u00f6lt\u00e9s\u00e9vel tekinthet\u0151 teljes\u00edtettnek.<\/p>\n<p style=\"text-align: justify\">A teszt minden esetben r\u00e1 fog k\u00e9rdezni a kit\u00f6lt\u0151 nev\u00e9re, munkak\u00f6r\u00e9re (orvos vagy szakdolgoz\u00f3) illetve a munkav\u00e9gz\u00e9s hely\u00e9re, \u00edgy a klinik\u00e1k az \u00e9ves oktat\u00e1si dokument\u00e1ci\u00f3ban is fel tudj\u00e1k ezt haszn\u00e1lni.<\/p>\n<p>&nbsp;<\/p>\n<p>K\u00e9zhigi\u00e9n\u00e9s \u00e9ves oktat\u00e1s, zoom felv\u00e9tel:<\/p>\n<p style=\"padding-left: 80px\">\n<iframe loading=\"lazy\" id=\"kaltura_player\" src=\"https:\/\/cdnapisec.kaltura.com\/p\/2714041\/sp\/271404100\/embedIframeJs\/uiconf_id\/45220391\/partner_id\/2714041?iframeembed=true&amp;playerId=kaltura_player&amp;entry_id=1_wzy8e5yn&amp;flashvars[streamerType]=auto&amp;flashvars[localizationCode]=hu_HU&amp;flashvars[sideBarContainer.plugin]=true&amp;flashvars[sideBarContainer.position]=left&amp;flashvars[sideBarContainer.clickToClose]=true&amp;flashvars[chapters.plugin]=true&amp;flashvars[chapters.layout]=vertical&amp;flashvars[chapters.thumbnailRotator]=false&amp;flashvars[streamSelector.plugin]=true&amp;flashvars[EmbedPlayer.SpinnerTarget]=videoHolder&amp;flashvars[dualScreen.plugin]=true&amp;flashvars[hotspots.plugin]=1&amp;flashvars[Kaltura.addCrossoriginToIframe]=true&amp;&amp;wid=1_bcb6hzjz\" width=\"608\" height=\"402\"><\/iframe><\/p>\n<p>K\u00e9zhigi\u00e9n\u00e9s \u00e9ves oktat\u00e1shoz tartoz\u00f3 powerpoint az egyetemi Office365 bejelentkez\u00e9st k\u00f6vet\u0151en tekinthet\u0151 meg al\u00e1bb a honlapunkon, vagy pdf form\u00e1tumban jegyzetekkel kieg\u00e9sz\u00edtve erre a <a href=\"https:\/\/semmelweis.hu\/korhazhigiene\/files\/2023\/05\/SE_Ismetlo-kezhigienes-oktatas_2023_jegyzetekkel.pdf\" target=\"_blank\" rel=\"noopener\">linkre<\/a> kattintva let\u00f6lthet\u0151.<\/p>\n<p style=\"padding-left: 80px\">\u00a0<\/p>\n<p>K\u00e9zhigi\u00e9n\u00e9s \u00e9ves oktat\u00e1s teljes\u00edt\u00e9s\u00e9hez sz\u00fcks\u00e9ges teszt az al\u00e1bbi linkre kattintva \u00e9rhet\u0151 el:<\/p>\n<p style=\"padding-left: 120px\"><a href=\"https:\/\/evasys.semmelweis.hu\/evasys\/public\/online\/index\/index?online_php=&amp;p=KHKHKH&amp;ONLINEID=940287829800868695236778557341213471018137\"><span style=\"font-size: 24pt\">K\u00e9zhigi\u00e9n\u00e9s \u00e9ves oktat\u00e1s k\u00e9rd\u0151\u00edv.<\/span><\/a><\/p>\n","protected":false},"excerpt":{"rendered":"<p>&nbsp; Tisztelt Olvas\u00f3! A 20\/2009. (VI. 18.) E\u00fcM rendelet Az eg\u00e9szs\u00e9g\u00fcgyi ell\u00e1t\u00e1ssal \u00f6sszef\u00fcgg\u0151 fert\u0151z\u00e9sek megel\u0151z\u00e9s\u00e9r\u0151l, e tev\u00e9kenys\u00e9gek szakmai minimumfelt\u00e9teleir\u0151l \u00e9s fel\u00fcgyelet\u00e9r\u0151l el\u0151\u00edrja az eg\u00e9szs\u00e9g\u00fcgyi dolgoz\u00f3k infekci\u00f3kontroll tev\u00e9kenys\u00e9gekkel kapcsolatos tervszer\u0171 tov\u00e1bbk\u00e9pz\u00e9s\u00e9t. Ez\u00e9rt \u00e9vente m\u00e1s-m\u00e1s, az infekci\u00f3kontrollt \u00e9rint\u0151 k\u00e9pz\u00e9seket vezet\u00fcnk be. Ezek\u00a0 (jelenlegi elk\u00e9pzel\u00e9s\u00fcnk szerint) 3 r\u00e9szb\u0151l \u00e1llnak: az adott t\u00e9m\u00e1val kapcsolatos bemutat\u00f3, az ezzel kapcsolatos zoom-video &hellip;<\/p>\n","protected":false},"author":101686,"featured_media":0,"parent":0,"menu_order":0,"comment_status":"closed","ping_status":"closed","template":"","meta":{"_acf_changed":false,"footnotes":""},"categories":[],"tags":[],"class_list":["post-1684","page","type-page","status-publish","hentry"],"acf":[],"_links":{"self":[{"href":"https:\/\/semmelweis.hu\/korhazhigiene\/wp-json\/wp\/v2\/pages\/1684","targetHints":{"allow":["GET"]}}],"collection":[{"href":"https:\/\/semmelweis.hu\/korhazhigiene\/wp-json\/wp\/v2\/pages"}],"about":[{"href":"https:\/\/semmelweis.hu\/korhazhigiene\/wp-json\/wp\/v2\/types\/page"}],"author":[{"embeddable":true,"href":"https:\/\/semmelweis.hu\/korhazhigiene\/wp-json\/wp\/v2\/users\/101686"}],"replies":[{"embeddable":true,"href":"https:\/\/semmelweis.hu\/korhazhigiene\/wp-json\/wp\/v2\/comments?post=1684"}],"version-history":[{"count":10,"href":"https:\/\/semmelweis.hu\/korhazhigiene\/wp-json\/wp\/v2\/pages\/1684\/revisions"}],"predecessor-version":[{"id":2104,"href":"https:\/\/semmelweis.hu\/korhazhigiene\/wp-json\/wp\/v2\/pages\/1684\/revisions\/2104"}],"wp:attachment":[{"href":"https:\/\/semmelweis.hu\/korhazhigiene\/wp-json\/wp\/v2\/media?parent=1684"}],"wp:term":[{"taxonomy":"category","embeddable":true,"href":"https:\/\/semmelweis.hu\/korhazhigiene\/wp-json\/wp\/v2\/categories?post=1684"},{"taxonomy":"post_tag","embeddable":true,"href":"https:\/\/semmelweis.hu\/korhazhigiene\/wp-json\/wp\/v2\/tags?post=1684"}],"curies":[{"name":"wp","href":"https:\/\/api.w.org\/{rel}","templated":true}]}}