{"id":14,"date":"2012-06-14T12:30:34","date_gmt":"2012-06-14T10:30:34","guid":{"rendered":"http:\/\/semmelweis-egyetem.hu\/korhazhigiene\/?page_id=14"},"modified":"2025-08-06T07:38:36","modified_gmt":"2025-08-06T05:38:36","slug":"hatalyos-jogszabalyok-gyujtemenye","status":"publish","type":"page","link":"https:\/\/semmelweis.hu\/korhazhigiene\/hatalyos-jogszabalyok-gyujtemenye\/","title":{"rendered":"Hat\u00e1lyos jogszab\u00e1lyok gy\u0171jtem\u00e9nye"},"content":{"rendered":"<p style=\"text-align: justify\"><strong>1.<\/strong> 20\/2009. (VI. 18.) E\u00fcM rendelet az eg\u00e9szs\u00e9g\u00fcgyi ell\u00e1t\u00e1ssal \u00f6sszef\u00fcgg\u0151 fert\u0151z\u00e9sek megel\u0151z\u00e9s\u00e9r\u0151l, e tev\u00e9kenys\u00e9gek szakmai minimumfelt\u00e9teleir\u0151l \u00e9s fel\u00fcgyelet\u00e9r\u0151l<\/p>\n<p style=\"text-align: justify\"><strong>2.<\/strong> 1997 .\u00e9vi CLIV. t\u00f6rv\u00e9ny az eg\u00e9szs\u00e9g\u00fcgyr\u0151l.<\/p>\n<p style=\"text-align: justify\"><strong>3.<\/strong> 18\/1998. (VI. 3.) NM rendelet a fert\u0151z\u0151 betegs\u00e9gek \u00e9s j\u00e1rv\u00e1nyok megel\u0151z\u00e9se \u00e9rdek\u00e9ben sz\u00fcks\u00e9ges j\u00e1rv\u00e1ny\u00fcgyi int\u00e9zked\u00e9sekr\u0151l<\/p>\n<p style=\"text-align: justify\"><strong>4<\/strong>. 1\/2014 EMMI rendelet a fert\u0151z\u0151 betegs\u00e9gek jelent\u00e9si rendj\u00e9r\u0151l<\/p>\n<p style=\"text-align: justify\"><strong>5<\/strong>. 60\/2003 (X.20) ESzCsM rendelet az int\u00e9zm\u00e9nyek szakmai minimum felt\u00e9teleir\u0151l.<\/p>\n<p style=\"text-align: justify\"><strong>6.<\/strong> MEES 1.0 v\u00e1ltozat \u0096 Magyar Eg\u00e9szs\u00e9g\u00fcgyi Ell\u00e1t\u00e1si Standardok k\u00e9zik\u00f6nyve Eg\u00e9szs\u00e9g\u00fcgyi K\u00f6zl\u00f6ny 2006 4. sz\u00e1m 705-825. oldal<\/p>\n<p style=\"text-align: justify\"><strong>7.<\/strong> 36\/1996. (X. 15.) NM rendelet a klinikai szak\u00e1pol\u00f3 (epidemiol\u00f3giai szak\u00e1pol\u00f3) szakk\u00e9pes\u00edt\u00e9s szakmai \u00e9s vizsg\u00e1ztat\u00e1si k\u00f6vetelm\u00e9nyek kiad\u00e1s\u00e1r\u00f3l.<\/p>\n<p style=\"text-align: justify\"><strong>8.<\/strong> 16\/2006 (III.27) E\u00fcM rendelet az orvostechnikai eszk\u00f6z\u00f6kr\u0151l<\/p>\n<p style=\"text-align: justify\"><strong>9.<\/strong> 61\/1999. (XII. 1.) E\u00fcM rendelet a biol\u00f3giai t\u00e9nyez\u00f6k hat\u00e1s\u00e1nak kitett munkav\u00e1llal\u00f3k v\u00e9delm\u00e9r\u0151l.<\/p>\n<p style=\"text-align: justify\"><strong>10<\/strong>. 58\/1997 .(XII. 21.) NM rendelet a foglalkoz\u00e1si betegs\u00e9gek \u00e9s fokozott expoz\u00edci\u00f3s esetek bejelent\u00e9s\u00e9r\u0151l sz\u00f3l\u00f3 27\/1996. (VIlI. 28) NM r. m\u00f3dos\u00edt\u00e1s\u00e1r\u00f3l.<\/p>\n<p style=\"text-align: justify\"><strong>11.<\/strong> 26\/2000. (IX. 30). E\u00fcM rendelet a foglalkoz\u00e1si eredet\u0171 r\u00e1kkelt\u0151 anyagok elleni v\u00e9dekez\u00e9sr\u0151l \u00e9s az \u00e1ltaluk okozott eg\u00e9szs\u00e9gk\u00e1ro-sod\u00e1sok megel\u0151z\u00e9s\u00e9r\u0151l.<\/p>\n<p style=\"text-align: justify\"><strong>12.<\/strong> 1\/2002. (I. 11.) E\u00fcM rendelet az eg\u00e9szs\u00e9g\u00fcgyi int\u00e9zm\u00e9nyekben keletkez\u00f6 hullad\u00e9kok kezel\u00e9s\u00e9r\u00f6l.\u00a0<\/p>\n<p style=\"text-align: justify\"><strong>13.<\/strong> 51\/2013 EMMI rendelet\u00a0 a &#8222;sz\u00far\u00e1sos \/ v\u00e1g\u00e1sos&#8221; s\u00e9r\u00fcl\u00e9sek megel\u0151z\u00e9s\u00e9r\u0151l \u00a0 A jogszab\u00e1lyok b\u00e1rki sz\u00e1m\u00e1ra el\u00e9rhet\u0151ek a <strong>www.magyarorszag.hu<\/strong> Jogszab\u00e1lykeres\u0151 oldal\u00e1n.<\/p>\n<p style=\"text-align: justify\"><strong>14<\/strong>. 214\/2012. (VII. 30.) Korm. rendelet\u00a0<strong>\u00a0<\/strong>\u00a0az Orsz\u00e1gos Betegjogi, Ell\u00e1tottjogi, Gyermekjogi \u00e9s Dokument\u00e1ci\u00f3s K\u00f6zpontr\u00f3l (<strong>20\/B. \u00a7<\/strong>).<\/p>\n<p style=\"text-align: justify\"><strong>15<\/strong>. 49\/2015. (XI. 6.) EMMI rendelet a Legionella \u00e1ltal okozott fert\u0151z\u00e9si kock\u00e1zatot jelent\u0151 k\u00f6zegekre, illetve l\u00e9tes\u00edtm\u00e9nyekre vonatkoz\u00f3 k\u00f6zeg\u00e9szs\u00e9g\u00fcgyi el\u0151\u00edr\u00e1sokr\u00f3l<\/p>\n<h1 id=\"pr1id\" class=\" cf1 agc\"><span style=\"color: #222222;font-family: Tahoma\">\u00a0<\/span><\/h1>\n","protected":false},"excerpt":{"rendered":"<p>1. 20\/2009. (VI. 18.) E\u00fcM rendelet az eg\u00e9szs\u00e9g\u00fcgyi ell\u00e1t\u00e1ssal \u00f6sszef\u00fcgg\u0151 fert\u0151z\u00e9sek megel\u0151z\u00e9s\u00e9r\u0151l, e tev\u00e9kenys\u00e9gek szakmai minimumfelt\u00e9teleir\u0151l \u00e9s fel\u00fcgyelet\u00e9r\u0151l 2. 1997 .\u00e9vi CLIV. t\u00f6rv\u00e9ny az eg\u00e9szs\u00e9g\u00fcgyr\u0151l. 3. 18\/1998. (VI. 3.) NM rendelet a fert\u0151z\u0151 betegs\u00e9gek \u00e9s j\u00e1rv\u00e1nyok megel\u0151z\u00e9se \u00e9rdek\u00e9ben sz\u00fcks\u00e9ges j\u00e1rv\u00e1ny\u00fcgyi int\u00e9zked\u00e9sekr\u0151l 4. 1\/2014 EMMI rendelet a fert\u0151z\u0151 betegs\u00e9gek jelent\u00e9si rendj\u00e9r\u0151l 5. 60\/2003 (X.20) ESzCsM rendelet &hellip;<\/p>\n","protected":false},"author":10,"featured_media":0,"parent":0,"menu_order":10,"comment_status":"closed","ping_status":"closed","template":"","meta":{"_acf_changed":false,"footnotes":""},"categories":[],"tags":[],"class_list":["post-14","page","type-page","status-publish","hentry"],"acf":[],"_links":{"self":[{"href":"https:\/\/semmelweis.hu\/korhazhigiene\/wp-json\/wp\/v2\/pages\/14","targetHints":{"allow":["GET"]}}],"collection":[{"href":"https:\/\/semmelweis.hu\/korhazhigiene\/wp-json\/wp\/v2\/pages"}],"about":[{"href":"https:\/\/semmelweis.hu\/korhazhigiene\/wp-json\/wp\/v2\/types\/page"}],"author":[{"embeddable":true,"href":"https:\/\/semmelweis.hu\/korhazhigiene\/wp-json\/wp\/v2\/users\/10"}],"replies":[{"embeddable":true,"href":"https:\/\/semmelweis.hu\/korhazhigiene\/wp-json\/wp\/v2\/comments?post=14"}],"version-history":[{"count":10,"href":"https:\/\/semmelweis.hu\/korhazhigiene\/wp-json\/wp\/v2\/pages\/14\/revisions"}],"predecessor-version":[{"id":1978,"href":"https:\/\/semmelweis.hu\/korhazhigiene\/wp-json\/wp\/v2\/pages\/14\/revisions\/1978"}],"wp:attachment":[{"href":"https:\/\/semmelweis.hu\/korhazhigiene\/wp-json\/wp\/v2\/media?parent=14"}],"wp:term":[{"taxonomy":"category","embeddable":true,"href":"https:\/\/semmelweis.hu\/korhazhigiene\/wp-json\/wp\/v2\/categories?post=14"},{"taxonomy":"post_tag","embeddable":true,"href":"https:\/\/semmelweis.hu\/korhazhigiene\/wp-json\/wp\/v2\/tags?post=14"}],"curies":[{"name":"wp","href":"https:\/\/api.w.org\/{rel}","templated":true}]}}