{"id":99,"date":"2012-09-08T08:02:11","date_gmt":"2012-09-08T06:02:11","guid":{"rendered":"http:\/\/semmelweis-egyetem.hu\/konzervalo-fogaszat\/?page_id=99"},"modified":"2024-05-27T12:53:35","modified_gmt":"2024-05-27T10:53:35","slug":"kutatas","status":"publish","type":"page","link":"https:\/\/semmelweis.hu\/konzervalo-fogaszat\/kutatas\/","title":{"rendered":"Kutat\u00e1s"},"content":{"rendered":"<p><img loading=\"lazy\" decoding=\"async\" class=\"wp-image-6599 alignleft\" src=\"https:\/\/semmelweis.hu\/konzervalo-fogaszat\/files\/2022\/05\/Kepernyofoto-2022-05-26-12.13.47-400x268.jpeg\" alt=\"\" width=\"755\" height=\"506\" srcset=\"https:\/\/semmelweis.hu\/konzervalo-fogaszat\/files\/2022\/05\/Kepernyofoto-2022-05-26-12.13.47-400x268.jpeg 400w, https:\/\/semmelweis.hu\/konzervalo-fogaszat\/files\/2022\/05\/Kepernyofoto-2022-05-26-12.13.47-1024x687.jpeg 1024w, https:\/\/semmelweis.hu\/konzervalo-fogaszat\/files\/2022\/05\/Kepernyofoto-2022-05-26-12.13.47-768x515.jpeg 768w, https:\/\/semmelweis.hu\/konzervalo-fogaszat\/files\/2022\/05\/Kepernyofoto-2022-05-26-12.13.47-1536x1031.jpeg 1536w, https:\/\/semmelweis.hu\/konzervalo-fogaszat\/files\/2022\/05\/Kepernyofoto-2022-05-26-12.13.47-2048x1374.jpeg 2048w, https:\/\/semmelweis.hu\/konzervalo-fogaszat\/files\/2022\/05\/Kepernyofoto-2022-05-26-12.13.47-753x505.jpeg 753w, https:\/\/semmelweis.hu\/konzervalo-fogaszat\/files\/2022\/05\/Kepernyofoto-2022-05-26-12.13.47-203x135.jpeg 203w\" sizes=\"auto, (max-width: 755px) 100vw, 755px\" \/><\/p>\n<p id=\"tw-target-text\" class=\"tw-data-text tw-text-large tw-ta\" dir=\"ltr\" style=\"text-align: justify\" data-placeholder=\"Ford\u00edt\u00e1s\"><span class=\"Y2IQFc\" lang=\"hu\">A Helyre\u00e1ll\u00edt\u00f3 Fog\u00e1szati \u200b\u200b\u00e9s Endodontiai Klinik\u00e1n az al\u00e1bbi tudom\u00e1nyos munk\u00e1k folynak:<\/span><\/p>\n<ul>\n<li><a href=\"https:\/\/semmelweis.hu\/konzervalo-fogaszat\/files\/2024\/04\/Kutatasi-aloldal-VJ-2024-forensic-magyar.pdf\"><em><span style=\"font-size: 14pt\">Digit\u00e1lis igazs\u00e1g\u00fcgyi fog\u00e1szat<\/span><\/em><\/a><\/li>\n<li><span style=\"font-size: 14pt\"><em><a href=\"https:\/\/semmelweis.hu\/konzervalo-fogaszat\/files\/2024\/04\/Digitalis-restaurativ-fogaszati-kutatasi-tema_weblapra_BorbolaDaniel.pdf\">Digit\u00e1lis restaurat\u00edv fog\u00e1szat<\/a><\/em><\/span><\/li>\n<li><a href=\"https:\/\/semmelweis.hu\/konzervalo-fogaszat\/files\/2024\/04\/Fogaszati-mikrobiologia_SzE_LH.pdf\"><em><span style=\"font-size: 14pt\">Sz\u00e1j\u00fcregi mikrobiol\u00f3giai vizsg\u00e1latok<\/span><\/em><\/a><\/li>\n<li><em><span style=\"font-size: 14pt\"><a href=\"https:\/\/semmelweis.hu\/konzervalo-fogaszat\/files\/2024\/03\/KLINIKAI-KUTATAS-MAGYAR-Fogaszati-gyulladasok-es-kezelesuk_LZS.pdf\">Fog\u00e1szati gyullad\u00e1sok \u00e9s kezel\u00e9s\u00fck<\/a><\/span><\/em><\/li>\n<li><a href=\"https:\/\/semmelweis.hu\/konzervalo-fogaszat\/files\/2024\/04\/honlapramagyar2024Szalai.pdf\"><em><span style=\"font-size: 14pt\">Or\u00e1lis halitosis vizsg\u00e1lata<\/span><\/em><\/a><\/li>\n<li><a href=\"https:\/\/semmelweis.hu\/konzervalo-fogaszat\/files\/2024\/05\/A-gingiva-mikrocirkulaciojanak-vizsgalata_honlapra.pdf\"><em><span style=\"font-size: 14pt\">A gingiva mikrocirkul\u00e1ci\u00f3j\u00e1nak vizsg\u00e1lata<\/span><\/em><\/a><\/li>\n<\/ul>\n","protected":false},"excerpt":{"rendered":"<p>A Helyre\u00e1ll\u00edt\u00f3 Fog\u00e1szati \u200b\u200b\u00e9s Endodontiai Klinik\u00e1n az al\u00e1bbi tudom\u00e1nyos munk\u00e1k folynak:<\/p>\n<p><a href=\"https:\/\/semmelweis.hu\/konzervalo-fogaszat\/files\/2024\/04\/Kutatasi-aloldal-VJ-2024-forensic-magyar.pdf\">Digit\u00e1lis igazs\u00e1g\u00fcgyi fog\u00e1szat<\/a><br \/>\n<a href=\"https:\/\/semmelweis.hu\/konzervalo-fogaszat\/files\/2024\/04\/Digitalis-restaurativ-fogaszati-kutatasi-tema_weblapra_BorbolaDaniel.pdf\">Digit\u00e1lis restaurat\u00edv fog\u00e1szat<\/a><br \/>\n<a href=\"https:\/\/semmelweis.hu\/konzervalo-fogaszat\/files\/2024\/04\/Fogaszati-mikrobiologia_SzE_LH.pdf\">Sz\u00e1j\u00fcregi mikrobiol\u00f3giai vizsg\u00e1latok<\/a><br \/>\n<a href=\"https:\/\/semmelweis.hu\/konzervalo-fogaszat\/files\/2024\/03\/KLINIKAI-KUTATAS-MAGYAR-Fogaszati-gyulladasok-es-kezelesuk_LZS.pdf\">Fog\u00e1szati gyullad\u00e1sok \u00e9s kezel\u00e9s\u00fck<\/a><br \/>\n<a href=\"https:\/\/semmelweis.hu\/konzervalo-fogaszat\/files\/2024\/04\/honlapramagyar2024Szalai.pdf\">Or\u00e1lis halitosis vizsg\u00e1lata<\/a><br \/>\n<a href=\"https:\/\/semmelweis.hu\/konzervalo-fogaszat\/files\/2024\/05\/A-gingiva-mikrocirkulaciojanak-vizsgalata_honlapra.pdf\">A gingiva mikrocirkul\u00e1ci\u00f3j\u00e1nak vizsg\u00e1lata<\/a><\/p>\n","protected":false},"author":122,"featured_media":0,"parent":0,"menu_order":7,"comment_status":"open","ping_status":"closed","template":"","meta":{"_acf_changed":false,"footnotes":""},"categories":[],"tags":[],"class_list":["post-99","page","type-page","status-publish","hentry"],"acf":[],"_links":{"self":[{"href":"https:\/\/semmelweis.hu\/konzervalo-fogaszat\/wp-json\/wp\/v2\/pages\/99","targetHints":{"allow":["GET"]}}],"collection":[{"href":"https:\/\/semmelweis.hu\/konzervalo-fogaszat\/wp-json\/wp\/v2\/pages"}],"about":[{"href":"https:\/\/semmelweis.hu\/konzervalo-fogaszat\/wp-json\/wp\/v2\/types\/page"}],"author":[{"embeddable":true,"href":"https:\/\/semmelweis.hu\/konzervalo-fogaszat\/wp-json\/wp\/v2\/users\/122"}],"replies":[{"embeddable":true,"href":"https:\/\/semmelweis.hu\/konzervalo-fogaszat\/wp-json\/wp\/v2\/comments?post=99"}],"version-history":[{"count":11,"href":"https:\/\/semmelweis.hu\/konzervalo-fogaszat\/wp-json\/wp\/v2\/pages\/99\/revisions"}],"predecessor-version":[{"id":7282,"href":"https:\/\/semmelweis.hu\/konzervalo-fogaszat\/wp-json\/wp\/v2\/pages\/99\/revisions\/7282"}],"wp:attachment":[{"href":"https:\/\/semmelweis.hu\/konzervalo-fogaszat\/wp-json\/wp\/v2\/media?parent=99"}],"wp:term":[{"taxonomy":"category","embeddable":true,"href":"https:\/\/semmelweis.hu\/konzervalo-fogaszat\/wp-json\/wp\/v2\/categories?post=99"},{"taxonomy":"post_tag","embeddable":true,"href":"https:\/\/semmelweis.hu\/konzervalo-fogaszat\/wp-json\/wp\/v2\/tags?post=99"}],"curies":[{"name":"wp","href":"https:\/\/api.w.org\/{rel}","templated":true}]}}