{"id":908,"date":"2014-10-18T10:05:35","date_gmt":"2014-10-18T08:05:35","guid":{"rendered":"http:\/\/semmelweis.hu\/konzervalo-fogaszat\/?page_id=908"},"modified":"2025-07-31T23:55:09","modified_gmt":"2025-07-31T21:55:09","slug":"diplomarbeit-themen-2015","status":"publish","type":"page","link":"https:\/\/semmelweis.hu\/konzervalo-fogaszat\/de\/diplomarbeit-themen-2015\/","title":{"rendered":"Diplomarbeit Themen"},"content":{"rendered":"<p><strong>F\u00fcr Diplomarbeiten ist <em>Dr. Petra Papp<\/em> zust\u00e4ndig, bei der sich alle Studenten bewerben m\u00fcssen.<br \/>\nemail: <a href=\"mailto:papp.petra.iren@semmelweis.hu\">papp.petra.iren@semmelweis.hu<\/a><\/strong><\/p>\n<blockquote class=\"wp-embedded-content\" data-secret=\"VvW8pfpnYO\"><p><a href=\"https:\/\/semmelweis.hu\/deutsch\/studium\/forschungs-und-diplomarbeit-pj\/\">Diplomarbeit, Forschungsarbeit, PJ<\/a><\/p><\/blockquote>\n<p><iframe loading=\"lazy\" class=\"wp-embedded-content\" sandbox=\"allow-scripts\" security=\"restricted\" style=\"position: absolute; visibility: hidden;\" title=\"&#8220;Diplomarbeit, Forschungsarbeit, PJ&#8221; &#8212; Deutschsprachiges Studium\" src=\"https:\/\/semmelweis.hu\/deutsch\/studium\/forschungs-und-diplomarbeit-pj\/embed\/#?secret=WjeKtBiQCC#?secret=VvW8pfpnYO\" data-secret=\"VvW8pfpnYO\" width=\"600\" height=\"338\" frameborder=\"0\" marginwidth=\"0\" marginheight=\"0\" scrolling=\"no\"><\/iframe><\/p>\n<p>Frist f\u00fcr die Einreichung der Dissertation: 15. Februar des jeweiligen akademischen Jahres.<\/p>\n<ul style=\"list-style-type: square\">\n<li><a href=\"https:\/\/semmelweis.hu\/konzervalo-fogaszat\/files\/2021\/11\/Szakdolgozat-Konzerv\u00e1l\u00f3-Fog\u00e1szati-Klinika-2021-n\u00e9met.pdf\">Diplomarbeit Themen 2021<\/a><\/li>\n<li><a href=\"https:\/\/semmelweis.hu\/konzervalo-fogaszat\/files\/2021\/11\/Szakdolgozat-Konzerv\u00e1l\u00f3-Fog\u00e1szati-Klinika-2022-n\u00e9met.pdf\">Diplomarbeit Themen 2022<\/a><\/li>\n<li><a href=\"https:\/\/semmelweis.hu\/konzervalo-fogaszat\/files\/2022\/05\/2023-D-szakdolg.pdf\">Diplomarbeit Themen 2023<\/a><\/li>\n<li><a href=\"https:\/\/semmelweis.hu\/konzervalo-fogaszat\/files\/2024\/03\/2024-GER.pdf\">Diplomarbeit Themen 2024<\/a><\/li>\n<li><a href=\"https:\/\/semmelweis.hu\/konzervalo-fogaszat\/files\/2024\/12\/2025-GER.pdf\">Diplomarbeit Themen 2025<\/a><\/li>\n<li><a href=\"https:\/\/semmelweis.hu\/konzervalo-fogaszat\/files\/2025\/07\/2026-GER.pdf\">Diplomarbeit Themen 2026<\/a><\/li>\n<\/ul>\n","protected":false},"excerpt":{"rendered":"<p>F\u00fcr Diplomarbeiten ist Dr. Petra Papp zust\u00e4ndig, bei der sich alle Studenten bewerben m\u00fcssen.<br \/>\nemail: <a href=\"mailto:papp.petra.iren@semmelweis.hu\">papp.petra.iren@semmelweis.hu<\/a><br \/>\n<a href=\"https:\/\/semmelweis.hu\/deutsch\/studium\/forschungs-und-diplomarbeit-pj\/\">Diplomarbeit, Forschungsarbeit, PJ<\/a><\/p>\n<p>Frist f\u00fcr die Einreichung der Dissertation: 15. Februar des jeweiligen akademischen Jahres.<\/p>\n<p><a href=\"https:\/\/semmelweis.hu\/konzervalo-fogaszat\/files\/2021\/11\/Szakdolgozat-Konzerv\u00e1l\u00f3-Fog\u00e1szati-Klinika-2021-n\u00e9met.pdf\">Diplomarbeit Themen 2021<\/a><br \/>\n<a href=\"https:\/\/semmelweis.hu\/konzervalo-fogaszat\/files\/2021\/11\/Szakdolgozat-Konzerv\u00e1l\u00f3-Fog\u00e1szati-Klinika-2022-n\u00e9met.pdf\">Diplomarbeit Themen 2022<\/a><br \/>\n<a href=\"https:\/\/semmelweis.hu\/konzervalo-fogaszat\/files\/2022\/05\/2023-D-szakdolg.pdf\">Diplomarbeit Themen 2023<\/a><br \/>\n<a href=\"https:\/\/semmelweis.hu\/konzervalo-fogaszat\/files\/2024\/03\/2024-GER.pdf\">Diplomarbeit Themen 2024<\/a><br \/>\n<a href=\"https:\/\/semmelweis.hu\/konzervalo-fogaszat\/files\/2024\/12\/2025-GER.pdf\">Diplomarbeit Themen 2025<\/a><br \/>\n<a href=\"https:\/\/semmelweis.hu\/konzervalo-fogaszat\/files\/2025\/07\/2026-GER.pdf\">Diplomarbeit Themen 2026<\/a><\/p>\n","protected":false},"author":331,"featured_media":0,"parent":0,"menu_order":3,"comment_status":"closed","ping_status":"closed","template":"","meta":{"_acf_changed":false,"footnotes":""},"categories":[],"tags":[],"class_list":["post-908","page","type-page","status-publish","hentry"],"acf":[],"_links":{"self":[{"href":"https:\/\/semmelweis.hu\/konzervalo-fogaszat\/wp-json\/wp\/v2\/pages\/908","targetHints":{"allow":["GET"]}}],"collection":[{"href":"https:\/\/semmelweis.hu\/konzervalo-fogaszat\/wp-json\/wp\/v2\/pages"}],"about":[{"href":"https:\/\/semmelweis.hu\/konzervalo-fogaszat\/wp-json\/wp\/v2\/types\/page"}],"author":[{"embeddable":true,"href":"https:\/\/semmelweis.hu\/konzervalo-fogaszat\/wp-json\/wp\/v2\/users\/331"}],"replies":[{"embeddable":true,"href":"https:\/\/semmelweis.hu\/konzervalo-fogaszat\/wp-json\/wp\/v2\/comments?post=908"}],"version-history":[{"count":11,"href":"https:\/\/semmelweis.hu\/konzervalo-fogaszat\/wp-json\/wp\/v2\/pages\/908\/revisions"}],"predecessor-version":[{"id":7366,"href":"https:\/\/semmelweis.hu\/konzervalo-fogaszat\/wp-json\/wp\/v2\/pages\/908\/revisions\/7366"}],"wp:attachment":[{"href":"https:\/\/semmelweis.hu\/konzervalo-fogaszat\/wp-json\/wp\/v2\/media?parent=908"}],"wp:term":[{"taxonomy":"category","embeddable":true,"href":"https:\/\/semmelweis.hu\/konzervalo-fogaszat\/wp-json\/wp\/v2\/categories?post=908"},{"taxonomy":"post_tag","embeddable":true,"href":"https:\/\/semmelweis.hu\/konzervalo-fogaszat\/wp-json\/wp\/v2\/tags?post=908"}],"curies":[{"name":"wp","href":"https:\/\/api.w.org\/{rel}","templated":true}]}}