{"id":7587,"date":"2026-02-20T12:45:53","date_gmt":"2026-02-20T11:45:53","guid":{"rendered":"https:\/\/semmelweis.hu\/konzervalo-fogaszat\/?page_id=7587"},"modified":"2026-02-20T12:45:53","modified_gmt":"2026-02-20T11:45:53","slug":"tdk","status":"publish","type":"page","link":"https:\/\/semmelweis.hu\/konzervalo-fogaszat\/en\/english\/tdk\/","title":{"rendered":"TDK"},"content":{"rendered":"<div class=\"x_elementToProof\"><strong><span class=\"x_elementToProof\" data-olk-copy-source=\"MessageBody\">TDK topics<\/span><span class=\"x_elementToProof\">:<\/span><\/strong><span class=\"x_elementToProof\"><a id=\"OWA932729f8-d624-35af-f7d8-e82e00869ca1\" class=\"x_OWAAutoLink\" href=\"http:\/\/tdk.semmelweis.hu\/altalanos-informaciok\/a-fogorvostudomanyi-kar-valaszthato-temai\" target=\"_blank\" rel=\"noopener noreferrer\">\u00a0www.semmelweis.hu\/tdk<\/a><\/span><br \/>\n<span class=\"x_elementToProof\"><b>Application for TDK <\/b>work: \u00a0Please submit your <b>CV by e-mail<\/b> to <\/span><strong><span class=\"x_elementToProof\">Dr. Moln\u00e1r Eszter<\/span><\/strong><span class=\"x_elementToProof\">\u00a0(<i>molnar.eszter@semmelweis.hu<\/i>), including your<b>\u00a0final examination results<\/b>\u00a0to date and a brief indication of <b>your<\/b>\u00a0research <b>interests<\/b>.<\/p>\n<p><\/span><\/div>\n<div class=\"x_elementToProof\"><span class=\"x_elementToProof\">After reviewing your application, we will inform you about the possibility of joining the research group.<\/p>\n<p><\/span><\/div>\n<div class=\"x_elementToProof\"><span class=\"x_elementToProof\">Registration in the Neptun system is only required <\/span>when<span class=\"x_elementToProof\">\u00a0your TDK application has been approved.<\/p>\n<p><\/span><\/div>\n<div class=\"x_elementToProof\"><strong><strong><span class=\"x_elementToProof\">TDK topics:<\/p>\n<p><\/span><\/strong><\/strong><\/p>\n<table style=\"width: 72.2395%;height: 2656px\">\n<tbody>\n<tr>\n<td style=\"width: 35.6471%\" width=\"187\">\n<p><strong>Supervisor<\/strong><\/p>\n<\/td>\n<td style=\"width: 108%\" width=\"336\">\n<p><strong>TDK topics<\/strong><\/p>\n<p><strong>2025-2026 I. semester<\/strong><\/p>\n<\/td>\n<\/tr>\n<tr>\n<td style=\"width: 35.6471%\" width=\"187\">\n<p>Dr. Fazekas R\u00e9ka<\/p>\n<\/td>\n<td style=\"width: 108%\" width=\"336\">\n<p>Az \u00edny v\u00e9rkering\u00e9s\u00e9nek vizsg\u00e1lata k\u00fcl\u00f6nb\u00f6z\u0151 \u00e9lettani \u00e9s k\u00f3ros k\u00f6r\u00fclm\u00e9nyek k\u00f6z\u00f6tt<\/p>\n<p>Study of gingival blood flow under various physiological and pathological conditions<\/p>\n<\/td>\n<\/tr>\n<tr>\n<td style=\"width: 35.6471%\">\n<p>Dr. Fazekas R\u00e9ka<\/p>\n<\/td>\n<td style=\"width: 108%\">\n<p>Fogorvostanhallgat\u00f3k \u00e1ltal v\u00e9gzett gy\u00f6k\u00e9rkezel\u00e9sek kimenetel\u00e9nek vizsg\u00e1lata<\/p>\n<p>The outcome of root canal treatment performed by dental students<\/p>\n<\/td>\n<\/tr>\n<tr>\n<td style=\"width: 35.6471%\" width=\"187\">\n<p>Dr. Simon Botond, Dr. V\u00e1g J\u00e1nos<\/p>\n<\/td>\n<td style=\"width: 108%\" width=\"336\">\n<p>Az emberi fogazat geometriai param\u00e9tereink meghat\u00e1roz\u00e1sa harap\u00e1snyom elemz\u00e9shez\u00a0<\/p>\n<\/td>\n<\/tr>\n<tr>\n<td style=\"width: 35.6471%\" width=\"187\">\n<p>Dr. V\u00e1g J\u00e1nos, Dr. Mikolicz \u00c1kos, Dr. Simon Botond<\/p>\n<\/td>\n<td style=\"width: 108%\" width=\"336\">\n<p>Popul\u00e1ci\u00f3s affinit\u00e1s vizsg\u00e1lat 3D fogmint\u00e1kon emberi azonos\u00edt\u00e1shoz<\/p>\n<\/td>\n<\/tr>\n<tr>\n<td style=\"width: 35.6471%\" width=\"187\">\n<p>Dr. Simon Botond, Dr. V\u00e1g J\u00e1nos<\/p>\n<\/td>\n<td style=\"width: 108%\" width=\"336\">\n<p>Mint\u00e1zat felismer\u00e9s a ruga alapj\u00e1n \u00e1llatk\u00eds\u00e9rletes digit\u00e1lis modellen<\/p>\n<\/td>\n<\/tr>\n<tr>\n<td style=\"width: 35.6471%\" width=\"187\">\n<p>Dr. Borbola D\u00e1niel, Dr. V\u00e1g J\u00e1nos<\/p>\n<\/td>\n<td style=\"width: 108%\" width=\"336\">\n<p>Chairside CAD-CAM rendszerrel gy\u00e1rtott r\u00f6gz\u00edtett restaur\u00e1tumok illeszked\u00e9s\u00e9nek vizsg\u00e1lata<\/p>\n<p>Exploring the fit of CAD-CAM-designed fixed prostheses<\/p>\n<\/td>\n<\/tr>\n<tr>\n<td style=\"width: 35.6471%\" width=\"187\">\n<p>Dr. Fekete \u00c1d\u00e1m, Dr. Nagy Tam\u00e1s, Dr. Ker\u00e9mi Be\u00e1ta, Dr. V\u00e1g J\u00e1nos<\/p>\n<\/td>\n<td style=\"width: 108%\" width=\"336\">\n<p>Meleg\u00edt\u00e9s \u00e1ltal kiv\u00e1ltott gingivalis hyperaemia vizsg\u00e1lata f\u00e9rfiakban \u00e9s n\u0151kben<\/p>\n<\/td>\n<\/tr>\n<tr>\n<td style=\"width: 35.6471%\" width=\"187\">\n<p>Dr. V\u00e1g J\u00e1nos, Dr. Szalai Eszter<\/p>\n<\/td>\n<td style=\"width: 108%\" width=\"336\">\n<p>CAD\/CAM technol\u00f3gi\u00e1val k\u00e9sz\u00fcl\u0151 kompozit onlay-ek \u00f6sszehasonl\u00edt\u00e1sa<\/p>\n<p>Comparing the clinical sucesss of two different CAD\/CAM restorations<\/p>\n<\/td>\n<\/tr>\n<tr>\n<td style=\"width: 35.6471%\" width=\"187\">\n<p>Dr. V\u00e1g J\u00e1nos, Dr. Szalai Eszter, Dr. Bal\u00e1zs M\u00f3nika<\/p>\n<p>&nbsp;<\/p>\n<\/td>\n<td style=\"width: 108%\" width=\"336\">\n<p>Cementvastags\u00e1g hat\u00e1s\u00e1nak vizsg\u00e1lata a restaur\u00e1ci\u00f3 illeszked\u00e9s\u00e9re<\/p>\n<p>Investigating the Effect of Cement Spacing on Restoration Fit<\/p>\n<\/td>\n<\/tr>\n<tr>\n<td style=\"width: 35.6471%\" width=\"187\">\n<p>Dr. Ker\u00e9mi Be\u00e1ta, Dr. Komora P\u00e9ter, Dr. V\u00e1g J\u00e1nos<\/p>\n<\/td>\n<td style=\"width: 108%\" width=\"336\">\n<p>Transzl\u00e1ci\u00f3s medicina, Gy\u00f6k\u00e9rt\u00f6m\u0151 anyagokkal v\u00e9gzett vizsg\u00e1latok<\/p>\n<\/td>\n<\/tr>\n<tr>\n<td style=\"width: 35.6471%\" width=\"187\">\n<p>Dr. Szalai Eszter, Dr. Ker\u00e9mi Be\u00e1ta<\/p>\n<\/td>\n<td style=\"width: 108%\" width=\"336\">\n<p>Diagnosztikai \u00e9s ter\u00e1pi\u00e1s vizsg\u00e1latok halit\u00f3zisban<\/p>\n<p>Diagnosis and thereapy in bad breath<\/p>\n<\/td>\n<\/tr>\n<tr>\n<td style=\"width: 35.6471%\" width=\"187\">\n<p>Dr. Szab\u00f3 Enik\u0151, Dr. Lohinai Zsolt<\/p>\n<\/td>\n<td style=\"width: 108%\" width=\"336\">\n<p>A Porphyromonas gingivalis szerepe a kardiovaszkul\u00e1ris betegs\u00e9gekben \u00e9s a fert\u0151z\u00e9s lehets\u00e9ges \u00fatjai<\/p>\n<p>Porphyromonas gingivalis its role in cardiovascular disease and possible ways of infection<\/p>\n<\/td>\n<\/tr>\n<tr>\n<td style=\"width: 35.6471%\" width=\"187\">\n<p>Dr. Szab\u00f3 Enik\u0151, Dr. Lohinai Zsolt<\/p>\n<\/td>\n<td style=\"width: 108%\" width=\"336\">\n<p>Endodontiai\u2013parodont\u00e1lis \u00f6sszef\u00fcgg\u00e9sek<\/p>\n<p>Endoparo correlation<\/p>\n<\/td>\n<\/tr>\n<tr>\n<td style=\"width: 35.6471%\">\n<p>Dr. Szab\u00f3 Enik\u0151, Dr. Lohinai Zsolt, Dr. Szentp\u00e9teri Sz\u00f3fia<\/p>\n<\/td>\n<td style=\"width: 108%\">\n<p>MRONJ betegek periapik\u00e1lis gyullad\u00e1saink gy\u00f3gyul\u00e1sa gy\u00f6k\u00e9rkezel\u00e9st k\u00f6vet\u0151en. Prospekt\u00edv klinikai vizsg\u00e1lat<\/p>\n<p>The healing of periapical lesions in MRONJ patients. Prospective cohort study<\/p>\n<\/td>\n<\/tr>\n<tr>\n<td style=\"width: 35.6471%\" width=\"187\">\n<p>Dr. Herczegh Anna, Dr. N\u00e1z\u00e1r Vivien<\/p>\n<\/td>\n<td style=\"width: 108%\" width=\"336\">\n<p>G\u00e9l \u00e1llag\u00fa kl\u00f3r-doxid endodonciai vizsg\u00e1lata<\/p>\n<\/td>\n<\/tr>\n<tr>\n<td style=\"width: 35.6471%\">\n<p>Dr. Poly\u00e1k Melinda, Dr. V\u00e1g J\u00e1nos<\/p>\n<\/td>\n<td style=\"width: 108%\">\n<p>A vit\u00e1lis pulpa ter\u00e1pi\u00e1k sikeress\u00e9g\u00e9t befoly\u00e1sol\u00f3 rizik\u00f3faktorok vizsg\u00e1lata<\/p>\n<\/td>\n<\/tr>\n<tr>\n<td style=\"width: 35.6471%\">\n<p>Dr. Moln\u00e1r Eszter, Dr. Kesj\u00e1r Katinka, Dr. V\u00e1g J\u00e1nos<\/p>\n<\/td>\n<td style=\"width: 108%\">\n<p>Transzl\u00e1ci\u00f3s medicina: Probiotikumok alkalmaz\u00e1sa a kariol\u00f3gi\u00e1ban<\/p>\n<p>Translational medicine: Application of Probiotics in Cariology<\/p>\n<\/td>\n<\/tr>\n<\/tbody>\n<\/table>\n<p><strong><span class=\"x_elementToProof\"><br \/>\n<\/span><\/strong><\/div>\n","protected":false},"excerpt":{"rendered":"<p>TDK topics: <a id=\"OWA932729f8-d624-35af-f7d8-e82e00869ca1\" class=\"x_OWAAutoLink\" href=\"http:\/\/tdk.semmelweis.hu\/altalanos-informaciok\/a-fogorvostudomanyi-kar-valaszthato-temai\" target=\"_blank\" rel=\"noopener noreferrer\">\u00a0www.semmelweis.hu\/tdk<\/a> Application for TDK work: \u00a0Please submit your CV by e-mail to Dr. Moln\u00e1r Eszter\u00a0(molnar.eszter@semmelweis.hu), including your\u00a0final examination results\u00a0to date and a brief indication of your\u00a0research interests. After reviewing your application, we will inform you about the possibility of joining the research group. Registration in the Neptun system is only required when\u00a0your TDK application &hellip;<\/p>\n","protected":false},"author":102118,"featured_media":0,"parent":46,"menu_order":3,"comment_status":"closed","ping_status":"closed","template":"","meta":{"_acf_changed":false,"footnotes":""},"categories":[],"tags":[],"class_list":["post-7587","page","type-page","status-publish","hentry"],"acf":[],"_links":{"self":[{"href":"https:\/\/semmelweis.hu\/konzervalo-fogaszat\/wp-json\/wp\/v2\/pages\/7587","targetHints":{"allow":["GET"]}}],"collection":[{"href":"https:\/\/semmelweis.hu\/konzervalo-fogaszat\/wp-json\/wp\/v2\/pages"}],"about":[{"href":"https:\/\/semmelweis.hu\/konzervalo-fogaszat\/wp-json\/wp\/v2\/types\/page"}],"author":[{"embeddable":true,"href":"https:\/\/semmelweis.hu\/konzervalo-fogaszat\/wp-json\/wp\/v2\/users\/102118"}],"replies":[{"embeddable":true,"href":"https:\/\/semmelweis.hu\/konzervalo-fogaszat\/wp-json\/wp\/v2\/comments?post=7587"}],"version-history":[{"count":2,"href":"https:\/\/semmelweis.hu\/konzervalo-fogaszat\/wp-json\/wp\/v2\/pages\/7587\/revisions"}],"predecessor-version":[{"id":7590,"href":"https:\/\/semmelweis.hu\/konzervalo-fogaszat\/wp-json\/wp\/v2\/pages\/7587\/revisions\/7590"}],"up":[{"embeddable":true,"href":"https:\/\/semmelweis.hu\/konzervalo-fogaszat\/wp-json\/wp\/v2\/pages\/46"}],"wp:attachment":[{"href":"https:\/\/semmelweis.hu\/konzervalo-fogaszat\/wp-json\/wp\/v2\/media?parent=7587"}],"wp:term":[{"taxonomy":"category","embeddable":true,"href":"https:\/\/semmelweis.hu\/konzervalo-fogaszat\/wp-json\/wp\/v2\/categories?post=7587"},{"taxonomy":"post_tag","embeddable":true,"href":"https:\/\/semmelweis.hu\/konzervalo-fogaszat\/wp-json\/wp\/v2\/tags?post=7587"}],"curies":[{"name":"wp","href":"https:\/\/api.w.org\/{rel}","templated":true}]}}