{"id":7502,"date":"2025-08-27T22:16:30","date_gmt":"2025-08-27T20:16:30","guid":{"rendered":"https:\/\/semmelweis.hu\/konzervalo-fogaszat\/?page_id=7502"},"modified":"2025-09-02T13:53:49","modified_gmt":"2025-09-02T11:53:49","slug":"omhv","status":"publish","type":"page","link":"https:\/\/semmelweis.hu\/konzervalo-fogaszat\/de\/deutsch\/omhv\/","title":{"rendered":"OMHV"},"content":{"rendered":"<ul>\n<li><a href=\"https:\/\/semmelweis.hu\/konzervalo-fogaszat\/files\/2021\/03\/Int\u00e9zked\u00e9si-terv-2020_21_I_N.pdf\">Aktionsplan basierend auf dem Feedback der Studierenden im I. Semester des 2020\/2021 Akademisches Jahr<\/a><\/li>\n<li><a href=\"https:\/\/semmelweis.hu\/konzervalo-fogaszat\/files\/2021\/10\/Int\u00e9zked\u00e9si-terv-2020_21_II_N_n\u00e9met\u00fcl.pdf\">Aktionsplan basierend auf dem Feedback der Studierenden im I. Semester des 2020\/2021 Akademisches Jahr<\/a><\/li>\n<li><a href=\"https:\/\/semmelweis.hu\/konzervalo-fogaszat\/files\/2022\/04\/Inttzkedtsi-terv-2021_22_I_N.pdf\">Aktionsplan basierend auf dem Feedback der Studierenden im I. Semester des 2021\/2022 Akademisches Jahr<\/a><\/li>\n<li><a href=\"https:\/\/semmelweis.hu\/konzervalo-fogaszat\/files\/2024\/03\/Intezkedesi-terv-2022_23_1_N.pdf\">Aktionsplan basierend auf dem Feedback der Studierenden im I. Semester des 2022\/2023 Akademisches Jahr<\/a><\/li>\n<li><a href=\"https:\/\/semmelweis.hu\/konzervalo-fogaszat\/files\/2024\/03\/Intezkedesi-terv-2023_24_1_N.pdf\">Aktionsplan basierend auf dem Feedback der Studierenden im I. Semester des 2023\/2024 Akademisches Jahr<\/a><\/li>\n<li><a href=\"https:\/\/semmelweis.hu\/konzervalo-fogaszat\/files\/2024\/09\/Intezkedesi-terv-2023_24_2_N.pdf\">Aktionsplan basierend auf dem Feedback der Studierenden im II. Semester des 2023\/2024 Akademisches Jahr<\/a><\/li>\n<\/ul>\n","protected":false},"excerpt":{"rendered":"<p><a href=\"https:\/\/semmelweis.hu\/konzervalo-fogaszat\/files\/2021\/03\/Int\u00e9zked\u00e9si-terv-2020_21_I_N.pdf\">Aktionsplan basierend auf dem Feedback der Studierenden im I. Semester des 2020\/2021 Akademisches Jahr<\/a><br \/>\n<a href=\"https:\/\/semmelweis.hu\/konzervalo-fogaszat\/files\/2021\/10\/Int\u00e9zked\u00e9si-terv-2020_21_II_N_n\u00e9met\u00fcl.pdf\">Aktionsplan basierend auf dem Feedback der Studierenden im I. Semester des 2020\/2021 Akademisches Jahr<\/a><br \/>\n<a href=\"https:\/\/semmelweis.hu\/konzervalo-fogaszat\/files\/2022\/04\/Inttzkedtsi-terv-2021_22_I_N.pdf\">Aktionsplan basierend auf dem Feedback der Studierenden im I. Semester des 2021\/2022 Akademisches Jahr<\/a><br \/>\n<a href=\"https:\/\/semmelweis.hu\/konzervalo-fogaszat\/files\/2024\/03\/Intezkedesi-terv-2022_23_1_N.pdf\">Aktionsplan basierend auf dem Feedback der Studierenden im I. Semester des 2022\/2023 Akademisches Jahr<\/a><br \/>\n<a href=\"https:\/\/semmelweis.hu\/konzervalo-fogaszat\/files\/2024\/03\/Intezkedesi-terv-2023_24_1_N.pdf\">Aktionsplan basierend auf dem Feedback der Studierenden im I. Semester des 2023\/2024 Akademisches Jahr<\/a><br \/>\n<a href=\"https:\/\/semmelweis.hu\/konzervalo-fogaszat\/files\/2024\/09\/Intezkedesi-terv-2023_24_2_N.pdf\">Aktionsplan basierend auf dem Feedback der Studierenden im II. Semester des 2023\/2024 Akademisches Jahr<\/a><\/p>\n","protected":false},"author":102118,"featured_media":0,"parent":48,"menu_order":4,"comment_status":"closed","ping_status":"closed","template":"","meta":{"_acf_changed":false,"footnotes":""},"categories":[],"tags":[],"class_list":["post-7502","page","type-page","status-publish","hentry"],"acf":[],"_links":{"self":[{"href":"https:\/\/semmelweis.hu\/konzervalo-fogaszat\/wp-json\/wp\/v2\/pages\/7502","targetHints":{"allow":["GET"]}}],"collection":[{"href":"https:\/\/semmelweis.hu\/konzervalo-fogaszat\/wp-json\/wp\/v2\/pages"}],"about":[{"href":"https:\/\/semmelweis.hu\/konzervalo-fogaszat\/wp-json\/wp\/v2\/types\/page"}],"author":[{"embeddable":true,"href":"https:\/\/semmelweis.hu\/konzervalo-fogaszat\/wp-json\/wp\/v2\/users\/102118"}],"replies":[{"embeddable":true,"href":"https:\/\/semmelweis.hu\/konzervalo-fogaszat\/wp-json\/wp\/v2\/comments?post=7502"}],"version-history":[{"count":1,"href":"https:\/\/semmelweis.hu\/konzervalo-fogaszat\/wp-json\/wp\/v2\/pages\/7502\/revisions"}],"predecessor-version":[{"id":7503,"href":"https:\/\/semmelweis.hu\/konzervalo-fogaszat\/wp-json\/wp\/v2\/pages\/7502\/revisions\/7503"}],"up":[{"embeddable":true,"href":"https:\/\/semmelweis.hu\/konzervalo-fogaszat\/wp-json\/wp\/v2\/pages\/48"}],"wp:attachment":[{"href":"https:\/\/semmelweis.hu\/konzervalo-fogaszat\/wp-json\/wp\/v2\/media?parent=7502"}],"wp:term":[{"taxonomy":"category","embeddable":true,"href":"https:\/\/semmelweis.hu\/konzervalo-fogaszat\/wp-json\/wp\/v2\/categories?post=7502"},{"taxonomy":"post_tag","embeddable":true,"href":"https:\/\/semmelweis.hu\/konzervalo-fogaszat\/wp-json\/wp\/v2\/tags?post=7502"}],"curies":[{"name":"wp","href":"https:\/\/api.w.org\/{rel}","templated":true}]}}