{"id":7493,"date":"2025-08-26T21:12:50","date_gmt":"2025-08-26T19:12:50","guid":{"rendered":"https:\/\/semmelweis.hu\/konzervalo-fogaszat\/?page_id=7493"},"modified":"2025-09-02T13:35:14","modified_gmt":"2025-09-02T11:35:14","slug":"klinika-tehetseggondozo-program","status":"publish","type":"page","link":"https:\/\/semmelweis.hu\/konzervalo-fogaszat\/oktatas\/klinika-tehetseggondozo-program\/","title":{"rendered":"Klinika Tehets\u00e9ggondoz\u00f3 Program"},"content":{"rendered":"<p><strong><em>H\u00e1zirend a KTP programban r\u00e9szt vev\u0151 hallgat\u00f3k sz\u00e1m\u00e1ra a Helyre\u00e1ll\u00edt\u00f3 Fog\u00e1szati \u00e9s Endodonciai Klinik\u00e1n:<\/em><\/strong><\/p>\n<ul>\n<li>a programban a H\u00d6K \u00e1ltal kiv\u00e1lasztott hallgat\u00f3k vesznek r\u00e9szt, sz\u00e1m szerint<br \/>\nn\u00e9gy-n\u00e9gy negyed- illetve \u00f6t\u00f6d\u00e9ves fogorvostanhallgat\u00f3t tudunk fogadni (ez esetenk\u00e9nt v\u00e1ltozhat)<\/li>\n<li>a r\u00e9sztvev\u0151k a szorgalmi id\u0151szakban, el\u0151re egyeztetett id\u0151pontokban assziszt\u00e1lnak a klinik\u00e1n dolgoz\u00f3 orvosoknak<\/li>\n<li>a hallgat\u00f3k a fenti, \u00f3rarendi elfoglalts\u00e1gaikkal nem \u00fctk\u00f6z\u0151 \u00e9s egym\u00e1ssal egyeztetett id\u0151pontban jelennek meg<\/li>\n<li>ottl\u00e9t\u00fcket a jelenl\u00e9ti \u00edven (megtal\u00e1lhat\u00f3 a kezel\u0151ben) kell minden alkalommal al\u00e1\u00edr\u00e1sukkal igazolni. Ennek alapj\u00e1n tudja a klinika elfogadni (al\u00e1\u00edrni) a f\u00e9l\u00e9ves tev\u00e9kenys\u00e9get.<\/li>\n<\/ul>\n<p>&nbsp;<\/p>\n","protected":false},"excerpt":{"rendered":"<p>H\u00e1zirend a KTP programban r\u00e9szt vev\u0151 hallgat\u00f3k sz\u00e1m\u00e1ra a Helyre\u00e1ll\u00edt\u00f3 Fog\u00e1szati \u00e9s Endodonciai Klinik\u00e1n: a programban a H\u00d6K \u00e1ltal kiv\u00e1lasztott hallgat\u00f3k vesznek r\u00e9szt, sz\u00e1m szerint n\u00e9gy-n\u00e9gy negyed- illetve \u00f6t\u00f6d\u00e9ves fogorvostanhallgat\u00f3t tudunk fogadni (ez esetenk\u00e9nt v\u00e1ltozhat) a r\u00e9sztvev\u0151k a szorgalmi id\u0151szakban, el\u0151re egyeztetett id\u0151pontokban assziszt\u00e1lnak a klinik\u00e1n dolgoz\u00f3 orvosoknak a hallgat\u00f3k a fenti, \u00f3rarendi elfoglalts\u00e1gaikkal nem &hellip;<\/p>\n","protected":false},"author":102118,"featured_media":0,"parent":112,"menu_order":7,"comment_status":"closed","ping_status":"closed","template":"","meta":{"_acf_changed":false,"footnotes":""},"categories":[],"tags":[],"class_list":["post-7493","page","type-page","status-publish","hentry"],"acf":[],"_links":{"self":[{"href":"https:\/\/semmelweis.hu\/konzervalo-fogaszat\/wp-json\/wp\/v2\/pages\/7493","targetHints":{"allow":["GET"]}}],"collection":[{"href":"https:\/\/semmelweis.hu\/konzervalo-fogaszat\/wp-json\/wp\/v2\/pages"}],"about":[{"href":"https:\/\/semmelweis.hu\/konzervalo-fogaszat\/wp-json\/wp\/v2\/types\/page"}],"author":[{"embeddable":true,"href":"https:\/\/semmelweis.hu\/konzervalo-fogaszat\/wp-json\/wp\/v2\/users\/102118"}],"replies":[{"embeddable":true,"href":"https:\/\/semmelweis.hu\/konzervalo-fogaszat\/wp-json\/wp\/v2\/comments?post=7493"}],"version-history":[{"count":1,"href":"https:\/\/semmelweis.hu\/konzervalo-fogaszat\/wp-json\/wp\/v2\/pages\/7493\/revisions"}],"predecessor-version":[{"id":7494,"href":"https:\/\/semmelweis.hu\/konzervalo-fogaszat\/wp-json\/wp\/v2\/pages\/7493\/revisions\/7494"}],"up":[{"embeddable":true,"href":"https:\/\/semmelweis.hu\/konzervalo-fogaszat\/wp-json\/wp\/v2\/pages\/112"}],"wp:attachment":[{"href":"https:\/\/semmelweis.hu\/konzervalo-fogaszat\/wp-json\/wp\/v2\/media?parent=7493"}],"wp:term":[{"taxonomy":"category","embeddable":true,"href":"https:\/\/semmelweis.hu\/konzervalo-fogaszat\/wp-json\/wp\/v2\/categories?post=7493"},{"taxonomy":"post_tag","embeddable":true,"href":"https:\/\/semmelweis.hu\/konzervalo-fogaszat\/wp-json\/wp\/v2\/tags?post=7493"}],"curies":[{"name":"wp","href":"https:\/\/api.w.org\/{rel}","templated":true}]}}