{"id":7491,"date":"2025-08-26T21:11:32","date_gmt":"2025-08-26T19:11:32","guid":{"rendered":"https:\/\/semmelweis.hu\/konzervalo-fogaszat\/?page_id=7491"},"modified":"2025-09-02T13:34:30","modified_gmt":"2025-09-02T11:34:30","slug":"omhv-adatok","status":"publish","type":"page","link":"https:\/\/semmelweis.hu\/konzervalo-fogaszat\/oktatas\/omhv-adatok\/","title":{"rendered":"OMHV adatok"},"content":{"rendered":"<ul>\n<li>\n<p><a href=\"https:\/\/semmelweis.hu\/konzervalo-fogaszat\/files\/2020\/10\/OMHV-pontsz\u00e1mok-2020.j\u00falius.pdf\">OMHV pontsz\u00e1mok<\/a><\/p>\n<\/li>\n<li>\n<p><a href=\"https:\/\/semmelweis.hu\/konzervalo-fogaszat\/files\/2020\/10\/Int\u00e9zked\u00e9si-terv-az-OMHV-alapj\u00e1n.pdf\">Int\u00e9zked\u00e9si terv<\/a><\/p>\n<\/li>\n<li>\n<p><a href=\"https:\/\/semmelweis.hu\/konzervalo-fogaszat\/files\/2021\/03\/Int\u00e9zked\u00e9si-terv-2020_21_I_M.pdf\">Int\u00e9zked\u00e9si terv a 2020\/2021 tan\u00e9v I. szemeszter OMHV adatai alapj\u00e1n<\/a><\/p>\n<\/li>\n<li>\n<p><a href=\"https:\/\/semmelweis.hu\/konzervalo-fogaszat\/files\/2021\/10\/Int\u00e9zked\u00e9si-terv-2020_21_II_M.pdf\">Int\u00e9zked\u00e9si terv a 2020\/2021 tan\u00e9v I. szemeszter OMHV adatai alapj\u00e1n<\/a><\/p>\n<\/li>\n<li>\n<p><a href=\"https:\/\/semmelweis.hu\/konzervalo-fogaszat\/files\/2022\/04\/Inttzkedtsi-terv-2021_22_I_M-2.pdf\">Int\u00e9zked\u00e9si terv a 2021\/2022 tan\u00e9v I. szemeszter OMHV adatai alapj\u00e1n<\/a><\/p>\n<\/li>\n<li>\n<p><a href=\"https:\/\/semmelweis.hu\/konzervalo-fogaszat\/files\/2024\/03\/Intezkedesi-terv-2022_23_1_M.pdf\">Int\u00e9zked\u00e9si terv a 2022\/2023 tan\u00e9v I. szemeszter OMHV adatai alapj\u00e1n<\/a><\/p>\n<\/li>\n<li>\n<p><a href=\"https:\/\/semmelweis.hu\/konzervalo-fogaszat\/files\/2024\/03\/Intezkedesi-terv-2023_24_1_M.pdf\">Int\u00e9zked\u00e9si terv a 2023\/2024 tan\u00e9v I. szemeszter OMHV adatai alapj\u00e1n<\/a><\/p>\n<\/li>\n<li><a href=\"https:\/\/semmelweis.hu\/konzervalo-fogaszat\/files\/2024\/09\/Intezkedesi-terv-2023-24-2-M.pdf\">Int\u00e9zked\u00e9si terv a 2023\/2024 tan\u00e9v II. szemeszter OMHV adatai alapj\u00e1n<\/a><\/li>\n<\/ul>\n","protected":false},"excerpt":{"rendered":"<p><a href=\"https:\/\/semmelweis.hu\/konzervalo-fogaszat\/files\/2020\/10\/OMHV-pontsz\u00e1mok-2020.j\u00falius.pdf\">OMHV pontsz\u00e1mok<\/a><\/p>\n<p><a href=\"https:\/\/semmelweis.hu\/konzervalo-fogaszat\/files\/2020\/10\/Int\u00e9zked\u00e9si-terv-az-OMHV-alapj\u00e1n.pdf\">Int\u00e9zked\u00e9si terv<\/a><\/p>\n<p><a href=\"https:\/\/semmelweis.hu\/konzervalo-fogaszat\/files\/2021\/03\/Int\u00e9zked\u00e9si-terv-2020_21_I_M.pdf\">Int\u00e9zked\u00e9si terv a 2020\/2021 tan\u00e9v I. szemeszter OMHV adatai alapj\u00e1n<\/a><\/p>\n<p><a href=\"https:\/\/semmelweis.hu\/konzervalo-fogaszat\/files\/2021\/10\/Int\u00e9zked\u00e9si-terv-2020_21_II_M.pdf\">Int\u00e9zked\u00e9si terv a 2020\/2021 tan\u00e9v I. szemeszter OMHV adatai alapj\u00e1n<\/a><\/p>\n<p><a href=\"https:\/\/semmelweis.hu\/konzervalo-fogaszat\/files\/2022\/04\/Inttzkedtsi-terv-2021_22_I_M-2.pdf\">Int\u00e9zked\u00e9si terv a 2021\/2022 tan\u00e9v I. szemeszter OMHV adatai alapj\u00e1n<\/a><\/p>\n<p><a href=\"https:\/\/semmelweis.hu\/konzervalo-fogaszat\/files\/2024\/03\/Intezkedesi-terv-2022_23_1_M.pdf\">Int\u00e9zked\u00e9si terv a 2022\/2023 tan\u00e9v I. szemeszter OMHV adatai alapj\u00e1n<\/a><\/p>\n<p><a href=\"https:\/\/semmelweis.hu\/konzervalo-fogaszat\/files\/2024\/03\/Intezkedesi-terv-2023_24_1_M.pdf\">Int\u00e9zked\u00e9si terv a 2023\/2024 tan\u00e9v I. szemeszter OMHV adatai alapj\u00e1n<\/a><\/p>\n<p><a href=\"https:\/\/semmelweis.hu\/konzervalo-fogaszat\/files\/2024\/09\/Intezkedesi-terv-2023-24-2-M.pdf\">Int\u00e9zked\u00e9si terv a 2023\/2024 tan\u00e9v II. szemeszter OMHV adatai alapj\u00e1n<\/a><\/p>\n","protected":false},"author":102118,"featured_media":0,"parent":112,"menu_order":5,"comment_status":"closed","ping_status":"closed","template":"","meta":{"_acf_changed":false,"footnotes":""},"categories":[],"tags":[],"class_list":["post-7491","page","type-page","status-publish","hentry"],"acf":[],"_links":{"self":[{"href":"https:\/\/semmelweis.hu\/konzervalo-fogaszat\/wp-json\/wp\/v2\/pages\/7491","targetHints":{"allow":["GET"]}}],"collection":[{"href":"https:\/\/semmelweis.hu\/konzervalo-fogaszat\/wp-json\/wp\/v2\/pages"}],"about":[{"href":"https:\/\/semmelweis.hu\/konzervalo-fogaszat\/wp-json\/wp\/v2\/types\/page"}],"author":[{"embeddable":true,"href":"https:\/\/semmelweis.hu\/konzervalo-fogaszat\/wp-json\/wp\/v2\/users\/102118"}],"replies":[{"embeddable":true,"href":"https:\/\/semmelweis.hu\/konzervalo-fogaszat\/wp-json\/wp\/v2\/comments?post=7491"}],"version-history":[{"count":1,"href":"https:\/\/semmelweis.hu\/konzervalo-fogaszat\/wp-json\/wp\/v2\/pages\/7491\/revisions"}],"predecessor-version":[{"id":7492,"href":"https:\/\/semmelweis.hu\/konzervalo-fogaszat\/wp-json\/wp\/v2\/pages\/7491\/revisions\/7492"}],"up":[{"embeddable":true,"href":"https:\/\/semmelweis.hu\/konzervalo-fogaszat\/wp-json\/wp\/v2\/pages\/112"}],"wp:attachment":[{"href":"https:\/\/semmelweis.hu\/konzervalo-fogaszat\/wp-json\/wp\/v2\/media?parent=7491"}],"wp:term":[{"taxonomy":"category","embeddable":true,"href":"https:\/\/semmelweis.hu\/konzervalo-fogaszat\/wp-json\/wp\/v2\/categories?post=7491"},{"taxonomy":"post_tag","embeddable":true,"href":"https:\/\/semmelweis.hu\/konzervalo-fogaszat\/wp-json\/wp\/v2\/tags?post=7491"}],"curies":[{"name":"wp","href":"https:\/\/api.w.org\/{rel}","templated":true}]}}