{"id":7444,"date":"2025-04-25T18:26:22","date_gmt":"2025-04-25T16:26:22","guid":{"rendered":"https:\/\/semmelweis.hu\/konzervalo-fogaszat\/?page_id=7444"},"modified":"2025-04-25T19:32:47","modified_gmt":"2025-04-25T17:32:47","slug":"allaslehetoseg","status":"publish","type":"page","link":"https:\/\/semmelweis.hu\/konzervalo-fogaszat\/allaslehetoseg\/","title":{"rendered":"\u00c1ll\u00e1slehet\u0151s\u00e9g"},"content":{"rendered":"<p><span style=\"text-decoration: underline\"><strong>Fog\u00e1szati asszisztens<\/strong><\/span><\/p>\n<p><span data-olk-copy-source=\"MessageBody\">Fog\u00e1szati asszisztens munkat\u00e1rsakat keres\u00fcnk egym\u0171szakos munkarendben, a Semmelweis egyetem Helyre\u00e1ll\u00edt\u00f3 Fog\u00e1szati \u00e9s Endodonciai Klinika b\u0151v\u00fcl\u0151 csapat\u00e1ba. Ennek a csapatnak r\u00e9szese lehetsz Te is, ha biztos \u00e9s stabil munkahelyet keresel. P\u00e1lyakezd\u0151k jelentkez\u00e9s\u00e9t is sz\u00edvesen fogadjuk. <\/span><\/p>\n<p>Jelentkezz hozz\u00e1nk, ha:<br \/>\n\u2013 csapatj\u00e1t\u00e9kos vagy,<br \/>\n\u2013 szereted a p\u00f6rg\u00e9st,<br \/>\n\u2013 fontos sz\u00e1modra a szakmai fejl\u0151d\u00e9s,<br \/>\n\u2013 stabil munkak\u00f6rnyezetre v\u00e1gysz.<\/p>\n<p>Ha szeretn\u00e9l ebben a csapatban dolgozni, akkor k\u00fcldj egy \u00f6n\u00e9letrajzot a k\u00f6vetkez\u0151 e-mail c\u00edmre: <a id=\"LPlnk467759\" href=\"mailto:barath.zsuzsanna@semmelweis.hu\">barath.zsuzsanna@semmelweis.hu<\/a><\/p>\n<p><span style=\"text-decoration: underline\"><strong>Szakfogorvos<\/strong><\/span><\/p>\n<p><span class=\"fad_text\">Szakfogorvos munkat\u00e1rsakat keres\u00fcnk azonnali kezd\u00e9ssel a hallgat\u00f3i l\u00e9tsz\u00e1m b\u0151v\u00fcl\u00e9se miatt a Semmelweis Egyetem Helyre\u00e1ll\u00edt\u00f3 Fog\u00e1szati \u00e9s Endodonciai Klinika csapat\u00e1ba. <\/p>\n<p>Jelentkezz hozz\u00e1nk, ha:<br \/>\n\u2013 folyamatosan b\u0151v\u00edten\u00e9d a szakmai ismereteidet \u00e9s form\u00e1ln\u00e1d a j\u00f6v\u0151 fogorvos gener\u00e1ci\u00f3j\u00e1nak k\u00e9pess\u00e9geit,<br \/>\n\u2013 egy elhivatott csapat r\u00e9sze szeretn\u00e9l lenni,<br \/>\n\u2013 nem b\u00edrod a monotonit\u00e1st \u00e9s szereted a kih\u00edv\u00e1sokat,<br \/>\n\u2013 stabil munkak\u00f6rnyezetre v\u00e1gysz.<\/p>\n<p>Jelentkezz m\u00e9g ma \u00e9s k\u00fcldd el \u00f6n\u00e9letrajzodat: <\/span><a href=\"mailto:helyreallito.fogaszat@semmelweis.hu\">helyreallito.fogaszat@semmelweis.hu<\/a><\/p>\n<p>Amennyiben m\u00e9g nem rendelkezel szakvizsg\u00e1val, akkor rezidensk\u00e9nt is tudsz hozz\u00e1nk jelentkezni 06.23-07.09. k\u00f6z\u00f6tt az al\u00e1bbi honlapon. (<a href=\"https:\/\/semmelweis.hu\/fok-tovabbkepzes\/szakfogorvos-kepzes\/jelentkezes\/\">https:\/\/semmelweis.hu\/fok-tovabbkepzes\/szakfogorvos-kepzes\/jelentkezes\/<\/a>)<\/p>\n","protected":false},"excerpt":{"rendered":"<p>Fog\u00e1szati asszisztens Fog\u00e1szati asszisztens munkat\u00e1rsakat keres\u00fcnk egym\u0171szakos munkarendben, a Semmelweis egyetem Helyre\u00e1ll\u00edt\u00f3 Fog\u00e1szati \u00e9s Endodonciai Klinika b\u0151v\u00fcl\u0151 csapat\u00e1ba. Ennek a csapatnak r\u00e9szese lehetsz Te is, ha biztos \u00e9s stabil munkahelyet keresel. P\u00e1lyakezd\u0151k jelentkez\u00e9s\u00e9t is sz\u00edvesen fogadjuk. Jelentkezz hozz\u00e1nk, ha: \u2013 csapatj\u00e1t\u00e9kos vagy, \u2013 szereted a p\u00f6rg\u00e9st, \u2013 fontos sz\u00e1modra a szakmai fejl\u0151d\u00e9s, \u2013 stabil munkak\u00f6rnyezetre &hellip;<\/p>\n","protected":false},"author":102118,"featured_media":0,"parent":0,"menu_order":0,"comment_status":"closed","ping_status":"closed","template":"","meta":{"_acf_changed":false,"footnotes":""},"categories":[],"tags":[],"class_list":["post-7444","page","type-page","status-publish","hentry"],"acf":[],"_links":{"self":[{"href":"https:\/\/semmelweis.hu\/konzervalo-fogaszat\/wp-json\/wp\/v2\/pages\/7444","targetHints":{"allow":["GET"]}}],"collection":[{"href":"https:\/\/semmelweis.hu\/konzervalo-fogaszat\/wp-json\/wp\/v2\/pages"}],"about":[{"href":"https:\/\/semmelweis.hu\/konzervalo-fogaszat\/wp-json\/wp\/v2\/types\/page"}],"author":[{"embeddable":true,"href":"https:\/\/semmelweis.hu\/konzervalo-fogaszat\/wp-json\/wp\/v2\/users\/102118"}],"replies":[{"embeddable":true,"href":"https:\/\/semmelweis.hu\/konzervalo-fogaszat\/wp-json\/wp\/v2\/comments?post=7444"}],"version-history":[{"count":5,"href":"https:\/\/semmelweis.hu\/konzervalo-fogaszat\/wp-json\/wp\/v2\/pages\/7444\/revisions"}],"predecessor-version":[{"id":7454,"href":"https:\/\/semmelweis.hu\/konzervalo-fogaszat\/wp-json\/wp\/v2\/pages\/7444\/revisions\/7454"}],"wp:attachment":[{"href":"https:\/\/semmelweis.hu\/konzervalo-fogaszat\/wp-json\/wp\/v2\/media?parent=7444"}],"wp:term":[{"taxonomy":"category","embeddable":true,"href":"https:\/\/semmelweis.hu\/konzervalo-fogaszat\/wp-json\/wp\/v2\/categories?post=7444"},{"taxonomy":"post_tag","embeddable":true,"href":"https:\/\/semmelweis.hu\/konzervalo-fogaszat\/wp-json\/wp\/v2\/tags?post=7444"}],"curies":[{"name":"wp","href":"https:\/\/api.w.org\/{rel}","templated":true}]}}