{"id":7015,"date":"2023-07-04T14:19:32","date_gmt":"2023-07-04T12:19:32","guid":{"rendered":"https:\/\/semmelweis.hu\/konzervalo-fogaszat\/?page_id=7015"},"modified":"2026-01-08T11:34:26","modified_gmt":"2026-01-08T10:34:26","slug":"adatvedelmi-tajekoztato","status":"publish","type":"page","link":"https:\/\/semmelweis.hu\/konzervalo-fogaszat\/adatvedelmi-tajekoztato\/","title":{"rendered":"Adatv\u00e9delmi t\u00e1j\u00e9koztat\u00f3"},"content":{"rendered":"<p><b>A HELYRE\u00c1LL\u00cdT\u00d3 FOG\u00c1SZATI \u00c9S ENDODONCIAI KLINIKA <\/b><strong>\u00c1LTAL V\u00c9GZETT SZEM\u00c9LYES ADATKEZEL\u00c9SSEL KAPCSOLATOS INFORM\u00c1CI\u00d3K EL\u00c9RHET\u0150S\u00c9GE<\/strong><\/p>\n<p><span style=\"text-decoration: underline\"><strong>2025. janu\u00e1r 7-t\u0151l hat\u00e1lyos adatkezel\u00e9si nyilv\u00e1ntart\u00e1sok:<\/strong><\/span><\/p>\n<p><strong>Helyre\u00e1ll\u00edt\u00f3 Fog\u00e1szati \u00e9s Endodonciai Klinika<\/strong>\u00a0\u2013 adatkezel\u00e9si t\u00e1j\u00e9koztat\u00f3ja:<br \/>\n<a href=\"https:\/\/semmelweis.hu\/konzervalo-fogaszat\/files\/2025\/01\/Adatkezelesi-tajekoztato_2024.pdf\">Erre a linkre kattintva t\u00f6lthet\u0151 le<\/a><\/p>\n<p>1.1. Az adatkezel\u0151nek\u00a0<strong>a j\u00e1r\u00f3beteg ell\u00e1t\u00e1ssal kapcsolatos\u00a0<\/strong>feladataival \u00f6sszef\u00fcgg\u0151 adatkezel\u00e9sekkel kapcsolatos inform\u00e1ci\u00f3k el\u00e9rhet\u0151s\u00e9ge:<br \/>\n<a href=\"https:\/\/semmelweis.hu\/konzervalo-fogaszat\/files\/2025\/01\/Adatkezelesi-nyilvantartas_jarobeteg.xlsx\">Erre a linkre kattintva let\u00f6lthet\u0151<\/a><\/p>\n<p>1.2. Az adatkezel\u0151<strong>\u00a0tudom\u00e1nyos kutat\u00e1si\u00a0<\/strong>feladataival \u00f6sszef\u00fcgg\u0151 adatkezel\u00e9sekkel kapcsolatos inform\u00e1ci\u00f3k el\u00e9rhet\u0151s\u00e9ge:<br \/>\n2025: <a href=\"https:\/\/semmelweis.hu\/konzervalo-fogaszat\/files\/2025\/01\/Adatkezelesi-nyilvantartas_tudomanyos-kutatas.xlsx\">Erre a linkre kattintva let\u00f6lthet\u0151<\/a><br \/>\n2026: <a href=\"https:\/\/semmelweis.hu\/konzervalo-fogaszat\/files\/2026\/01\/adatkezelesi-nyilvantartas_tudomany_2025_honlapra.xlsx\">Erre a linkre kattintva let\u00f6lthet\u0151<\/a><\/p>\n<p>1.3. Az adatkezel\u0151\u00a0<strong>munkajogi \u00e9s adminisztr\u00e1ci\u00f3s\u00a0<\/strong>feladataival \u00f6sszef\u00fcgg\u0151 adatkezel\u00e9sekkel kapcsolatos inform\u00e1ci\u00f3k el\u00e9rhet\u0151s\u00e9ge:<br \/>\nAz al\u00e1bbi linkekr\u0151l t\u00f6lthet\u0151k le:<\/p>\n<p><a href=\"https:\/\/semmelweis.hu\/konzervalo-fogaszat\/files\/2025\/01\/Adatkezelesi-nyilvantartas_munkaugy.xlsx\">adatkezel\u00e9si nyilv\u00e1ntart\u00e1s \u2013 munka\u00fcgy<\/a><br \/>\n<a href=\"https:\/\/semmelweis.hu\/konzervalo-fogaszat\/files\/2025\/01\/Adatkezelesi-nyilvantartas_titkarsag.xlsx\">adatkezel\u00e9si nyilv\u00e1ntart\u00e1s \u2013 titk\u00e1rs\u00e1g<\/a><br \/>\n<a href=\"https:\/\/semmelweis.hu\/konzervalo-fogaszat\/files\/2025\/01\/Adatkezelesi-nyilvantartas_eu.szulg_.xlsx\">adatkezel\u00e9si nyilv\u00e1ntart\u00e1s \u2013 e\u00fc. szolg\u00e1lat<\/a><\/p>\n<p><span style=\"text-decoration: underline\"><strong><span data-olk-copy-source=\"MessageBody\">2023. 08.14. \u00e9s 2025. janu\u00e1r 7. k\u00f6z\u00f6tt hat\u00e1lyos adatkezel\u00e9si nyilv\u00e1ntart\u00e1sok:<\/span><\/strong><\/span><\/p>\n<p><strong>Helyre\u00e1ll\u00edt\u00f3 Fog\u00e1szati \u00e9s Endodonciai Klinika<\/strong>\u00a0\u2013 adatkezel\u00e9si t\u00e1j\u00e9koztat\u00f3ja:<br \/>\n<a href=\"https:\/\/semmelweis.hu\/konzervalo-fogaszat\/files\/2023\/08\/Adatkezelesi-tajekozato.pdf\">Erre a linkre kattintva t\u00f6lthet\u0151 le<\/a><\/p>\n<p>1.1. Az adatkezel\u0151nek\u00a0<strong>a j\u00e1r\u00f3beteg ell\u00e1t\u00e1ssal kapcsolatos\u00a0<\/strong>feladataival \u00f6sszef\u00fcgg\u0151 adatkezel\u00e9sekkel kapcsolatos inform\u00e1ci\u00f3k el\u00e9rhet\u0151s\u00e9ge:<br \/>\n<a href=\"https:\/\/semmelweis.hu\/konzervalo-fogaszat\/files\/2023\/08\/Jarobeteg.xlsx\">Erre a linkre kattintva let\u00f6lthet\u0151<\/a><\/p>\n<p>1.2. Az adatkezel\u0151<strong>\u00a0tudom\u00e1nyos kutat\u00e1si\u00a0<\/strong>feladataival \u00f6sszef\u00fcgg\u0151 adatkezel\u00e9sekkel kapcsolatos inform\u00e1ci\u00f3k el\u00e9rhet\u0151s\u00e9ge:<br \/>\n<a href=\"https:\/\/semmelweis.hu\/konzervalo-fogaszat\/files\/2023\/08\/Tudomanyos-kutatas.xlsx\">Erre a linkre kattintva let\u00f6lthet\u0151<\/a><\/p>\n<p>1.3. Az adatkezel\u0151\u00a0<strong>munkajogi \u00e9s adminisztr\u00e1ci\u00f3s\u00a0<\/strong>feladataival \u00f6sszef\u00fcgg\u0151 adatkezel\u00e9sekkel kapcsolatos inform\u00e1ci\u00f3k el\u00e9rhet\u0151s\u00e9ge:<br \/>\nAz al\u00e1bbi linkekr\u0151l t\u00f6lthet\u0151k le:<\/p>\n<p><a href=\"https:\/\/semmelweis.hu\/konzervalo-fogaszat\/files\/2023\/08\/Munkaugy.xlsx\">adatkezel\u00e9si nyilv\u00e1ntart\u00e1s \u2013 munka\u00fcgy<\/a><br \/>\n<a href=\"https:\/\/semmelweis.hu\/konzervalo-fogaszat\/files\/2023\/09\/Titkarsag.xlsx\">adatkezel\u00e9si nyilv\u00e1ntart\u00e1s \u2013 titk\u00e1rs\u00e1g<\/a><br \/>\n<a href=\"https:\/\/semmelweis.hu\/konzervalo-fogaszat\/files\/2023\/08\/Eu.szolg_..xlsx\">adatkezel\u00e9si nyilv\u00e1ntart\u00e1s \u2013 e\u00fc. szolg\u00e1lat<\/a><\/p>\n","protected":false},"excerpt":{"rendered":"<p>A HELYRE\u00c1LL\u00cdT\u00d3 FOG\u00c1SZATI \u00c9S ENDODONCIAI KLINIKA \u00c1LTAL V\u00c9GZETT SZEM\u00c9LYES ADATKEZEL\u00c9SSEL KAPCSOLATOS INFORM\u00c1CI\u00d3K EL\u00c9RHET\u0150S\u00c9GE 2025. janu\u00e1r 7-t\u0151l hat\u00e1lyos adatkezel\u00e9si nyilv\u00e1ntart\u00e1sok: Helyre\u00e1ll\u00edt\u00f3 Fog\u00e1szati \u00e9s Endodonciai Klinika\u00a0\u2013 adatkezel\u00e9si t\u00e1j\u00e9koztat\u00f3ja: <a href=\"https:\/\/semmelweis.hu\/konzervalo-fogaszat\/files\/2025\/01\/Adatkezelesi-tajekoztato_2024.pdf\">Erre a linkre kattintva t\u00f6lthet\u0151 le<\/a> 1.1. Az adatkezel\u0151nek\u00a0a j\u00e1r\u00f3beteg ell\u00e1t\u00e1ssal kapcsolatos\u00a0feladataival \u00f6sszef\u00fcgg\u0151 adatkezel\u00e9sekkel kapcsolatos inform\u00e1ci\u00f3k el\u00e9rhet\u0151s\u00e9ge: <a href=\"https:\/\/semmelweis.hu\/konzervalo-fogaszat\/files\/2025\/01\/Adatkezelesi-nyilvantartas_jarobeteg.xlsx\">Erre a linkre kattintva let\u00f6lthet\u0151<\/a> 1.2. Az adatkezel\u0151\u00a0tudom\u00e1nyos kutat\u00e1si\u00a0feladataival \u00f6sszef\u00fcgg\u0151 adatkezel\u00e9sekkel kapcsolatos inform\u00e1ci\u00f3k el\u00e9rhet\u0151s\u00e9ge: 2025: <a href=\"https:\/\/semmelweis.hu\/konzervalo-fogaszat\/files\/2025\/01\/Adatkezelesi-nyilvantartas_tudomanyos-kutatas.xlsx\">Erre a linkre kattintva let\u00f6lthet\u0151<\/a> 2026: <a href=\"https:\/\/semmelweis.hu\/konzervalo-fogaszat\/files\/2026\/01\/adatkezelesi-nyilvantartas_tudomany_2025_honlapra.xlsx\">Erre a linkre kattintva let\u00f6lthet\u0151<\/a> 1.3. Az adatkezel\u0151\u00a0munkajogi \u00e9s adminisztr\u00e1ci\u00f3s\u00a0feladataival \u00f6sszef\u00fcgg\u0151 adatkezel\u00e9sekkel &hellip;<\/p>\n","protected":false},"author":102118,"featured_media":0,"parent":0,"menu_order":0,"comment_status":"closed","ping_status":"closed","template":"","meta":{"_acf_changed":false,"footnotes":""},"categories":[],"tags":[],"class_list":["post-7015","page","type-page","status-publish","hentry"],"acf":[],"_links":{"self":[{"href":"https:\/\/semmelweis.hu\/konzervalo-fogaszat\/wp-json\/wp\/v2\/pages\/7015","targetHints":{"allow":["GET"]}}],"collection":[{"href":"https:\/\/semmelweis.hu\/konzervalo-fogaszat\/wp-json\/wp\/v2\/pages"}],"about":[{"href":"https:\/\/semmelweis.hu\/konzervalo-fogaszat\/wp-json\/wp\/v2\/types\/page"}],"author":[{"embeddable":true,"href":"https:\/\/semmelweis.hu\/konzervalo-fogaszat\/wp-json\/wp\/v2\/users\/102118"}],"replies":[{"embeddable":true,"href":"https:\/\/semmelweis.hu\/konzervalo-fogaszat\/wp-json\/wp\/v2\/comments?post=7015"}],"version-history":[{"count":6,"href":"https:\/\/semmelweis.hu\/konzervalo-fogaszat\/wp-json\/wp\/v2\/pages\/7015\/revisions"}],"predecessor-version":[{"id":7579,"href":"https:\/\/semmelweis.hu\/konzervalo-fogaszat\/wp-json\/wp\/v2\/pages\/7015\/revisions\/7579"}],"wp:attachment":[{"href":"https:\/\/semmelweis.hu\/konzervalo-fogaszat\/wp-json\/wp\/v2\/media?parent=7015"}],"wp:term":[{"taxonomy":"category","embeddable":true,"href":"https:\/\/semmelweis.hu\/konzervalo-fogaszat\/wp-json\/wp\/v2\/categories?post=7015"},{"taxonomy":"post_tag","embeddable":true,"href":"https:\/\/semmelweis.hu\/konzervalo-fogaszat\/wp-json\/wp\/v2\/tags?post=7015"}],"curies":[{"name":"wp","href":"https:\/\/api.w.org\/{rel}","templated":true}]}}