{"id":6950,"date":"2022-12-07T12:47:28","date_gmt":"2022-12-07T11:47:28","guid":{"rendered":"https:\/\/semmelweis.hu\/konzervalo-fogaszat\/?page_id=6950"},"modified":"2026-01-20T14:59:13","modified_gmt":"2026-01-20T13:59:13","slug":"protokollok","status":"publish","type":"page","link":"https:\/\/semmelweis.hu\/konzervalo-fogaszat\/oktatas\/protokollok\/","title":{"rendered":"Protokollok"},"content":{"rendered":"<ul style=\"list-style-type: square\">\n<li>\n<p><a href=\"https:\/\/semmelweis.hu\/konzervalo-fogaszat\/files\/2022\/07\/Gyokerkezeles-protokoll-2022.pdf\">Gy\u00f6k\u00e9rkezel\u00e9si protokoll<\/a><\/p>\n<\/li>\n<li>\n<p><a href=\"https:\/\/semmelweis.hu\/konzervalo-fogaszat\/files\/2022\/07\/Gyokertomes-revizio-protokoll-2022.pdf\">Gy\u00f6k\u00e9rt\u00f6m\u00e9s rev\u00edzi\u00f3 protokoll<\/a><\/p>\n<\/li>\n<li>\n<p><a href=\"https:\/\/semmelweis.hu\/konzervalo-fogaszat\/files\/2025\/04\/Betetragasztasi-protokoll-magyar-2025.pdf\">Eszt\u00e9tikus bet\u00e9tek ragaszt\u00e1si protokollja<\/a><\/p>\n<\/li>\n<li>\n<p><a href=\"https:\/\/semmelweis.hu\/konzervalo-fogaszat\/files\/2026\/01\/Esetbemutatas_protokoll_2026.pptx\">Esetbemutat\u00e1si protokoll<\/a><\/p>\n<\/li>\n<\/ul>\n","protected":false},"excerpt":{"rendered":"<p><a href=\"https:\/\/semmelweis.hu\/konzervalo-fogaszat\/files\/2022\/07\/Gyokerkezeles-protokoll-2022.pdf\">Gy\u00f6k\u00e9rkezel\u00e9si protokoll<\/a><\/p>\n<p><a href=\"https:\/\/semmelweis.hu\/konzervalo-fogaszat\/files\/2022\/07\/Gyokertomes-revizio-protokoll-2022.pdf\">Gy\u00f6k\u00e9rt\u00f6m\u00e9s rev\u00edzi\u00f3 protokoll<\/a><\/p>\n<p><a href=\"https:\/\/semmelweis.hu\/konzervalo-fogaszat\/files\/2025\/04\/Betetragasztasi-protokoll-magyar-2025.pdf\">Eszt\u00e9tikus bet\u00e9tek ragaszt\u00e1si protokollja<\/a><\/p>\n<p><a href=\"https:\/\/semmelweis.hu\/konzervalo-fogaszat\/files\/2026\/01\/Esetbemutatas_protokoll_2026.pptx\">Esetbemutat\u00e1si protokoll<\/a><\/p>\n","protected":false},"author":102118,"featured_media":0,"parent":112,"menu_order":2,"comment_status":"closed","ping_status":"closed","template":"","meta":{"_acf_changed":false,"footnotes":""},"categories":[],"tags":[],"class_list":["post-6950","page","type-page","status-publish","hentry"],"acf":[],"_links":{"self":[{"href":"https:\/\/semmelweis.hu\/konzervalo-fogaszat\/wp-json\/wp\/v2\/pages\/6950","targetHints":{"allow":["GET"]}}],"collection":[{"href":"https:\/\/semmelweis.hu\/konzervalo-fogaszat\/wp-json\/wp\/v2\/pages"}],"about":[{"href":"https:\/\/semmelweis.hu\/konzervalo-fogaszat\/wp-json\/wp\/v2\/types\/page"}],"author":[{"embeddable":true,"href":"https:\/\/semmelweis.hu\/konzervalo-fogaszat\/wp-json\/wp\/v2\/users\/102118"}],"replies":[{"embeddable":true,"href":"https:\/\/semmelweis.hu\/konzervalo-fogaszat\/wp-json\/wp\/v2\/comments?post=6950"}],"version-history":[{"count":8,"href":"https:\/\/semmelweis.hu\/konzervalo-fogaszat\/wp-json\/wp\/v2\/pages\/6950\/revisions"}],"predecessor-version":[{"id":7582,"href":"https:\/\/semmelweis.hu\/konzervalo-fogaszat\/wp-json\/wp\/v2\/pages\/6950\/revisions\/7582"}],"up":[{"embeddable":true,"href":"https:\/\/semmelweis.hu\/konzervalo-fogaszat\/wp-json\/wp\/v2\/pages\/112"}],"wp:attachment":[{"href":"https:\/\/semmelweis.hu\/konzervalo-fogaszat\/wp-json\/wp\/v2\/media?parent=6950"}],"wp:term":[{"taxonomy":"category","embeddable":true,"href":"https:\/\/semmelweis.hu\/konzervalo-fogaszat\/wp-json\/wp\/v2\/categories?post=6950"},{"taxonomy":"post_tag","embeddable":true,"href":"https:\/\/semmelweis.hu\/konzervalo-fogaszat\/wp-json\/wp\/v2\/tags?post=6950"}],"curies":[{"name":"wp","href":"https:\/\/api.w.org\/{rel}","templated":true}]}}