{"id":6817,"date":"2022-06-14T11:15:24","date_gmt":"2022-06-14T09:15:24","guid":{"rendered":"https:\/\/semmelweis.hu\/konzervalo-fogaszat\/?page_id=6817"},"modified":"2025-09-11T18:49:45","modified_gmt":"2025-09-11T16:49:45","slug":"neuer-lehrplan","status":"publish","type":"page","link":"https:\/\/semmelweis.hu\/konzervalo-fogaszat\/de\/deutsch\/neuer-lehrplan\/","title":{"rendered":"Lehrplan"},"content":{"rendered":"<p id=\"tw-target-text\" class=\"tw-data-text tw-text-large tw-ta\" dir=\"ltr\" data-placeholder=\"Ford\u00edt\u00e1s\"><span style=\"font-size: 18pt\"><strong><span class=\"Y2IQFc\" lang=\"de\">Der neue Lehrplan gilt aufsteigend ab dem 2. Semester des Schuljahres 2021\/22.<\/span><\/strong><\/span><\/p>\n<p>&nbsp;<\/p>\n<p><span style=\"font-size: 14pt\"><b>PROGRAMM DES STUDIENFACHES<\/b><\/span><\/p>\n<p><span style=\"font-size: 14pt\"><a href=\"https:\/\/semmelweis.hu\/konzervalo-fogaszat\/files\/2025\/09\/Zahnerhaltungskunde-Propedeutik-I_KI-Suppl_20250822.pdf\">Restaurative Zahnheilkunde, Prop\u00e4deutik I.<\/a><\/span><br \/>\n<span style=\"font-size: 14pt\"><a href=\"https:\/\/semmelweis.hu\/konzervalo-fogaszat\/files\/2025\/09\/Zahnerhaltungskunde-Propedeutik-II_KI-Suppl_20250822.pdf\">Restaurative Zahnheilkunde, Prop\u00e4deutik II.<\/a><\/span><br \/>\n<span style=\"font-size: 14pt\"><a href=\"https:\/\/semmelweis.hu\/konzervalo-fogaszat\/files\/2025\/09\/Endodontische-Propedeutik_KI-Suppl_20250822.pdf\">Endodontische Prop\u00e4deutik <\/a><\/span><br \/>\n<span style=\"font-size: 14pt\"><a href=\"https:\/\/semmelweis.hu\/konzervalo-fogaszat\/files\/2025\/09\/Tantargyi-program_Preventiv-fogaszat_2025-26_N.pdf\">Pr\u00e4ventive Zahnheilkunde<\/a><\/span><\/p>\n<p>\n<span style=\"font-size: 14pt\"><a href=\"https:\/\/semmelweis.hu\/konzervalo-fogaszat\/files\/2025\/09\/Restaurative-Zahnheilkunde-und-Endodontologie-I.-.pdf\">Restaurative Zahnheilkunde und Endodontologie I.<\/a><\/span><br \/>\n<span style=\"font-size: 14pt\"><a href=\"https:\/\/semmelweis.hu\/konzervalo-fogaszat\/files\/2025\/09\/Restaurative-Zahnheilkunde-und-Endodontologie-II.-.pdf\">Restaurative Zahnheilkunde und Endodontologie II.<\/a><\/span><br \/>\n<span style=\"font-size: 14pt\"><a href=\"https:\/\/semmelweis.hu\/konzervalo-fogaszat\/files\/2025\/09\/Restaurative-Zahnheilkunde-und-Endodontologie-III.-.pdf\">Restaurative Zahnheilkunde und Endodontologie III.<\/a><\/span><br \/>\n<span style=\"font-size: 14pt\"><a href=\"https:\/\/semmelweis.hu\/konzervalo-fogaszat\/files\/2025\/09\/Restaurative-Zahnheilkunde-und-Endodontologie-IV.-.pdf\">Restaurative Zahnheilkunde und Endodontologie IV.<\/a><\/span><br \/>\n<span style=\"font-size: 14pt\"><a href=\"https:\/\/semmelweis.hu\/konzervalo-fogaszat\/files\/2025\/09\/Restaurative-Zahnheilkunde-und-Endodontologie-V.-.pdf\">Restaurative Zahnheilkunde und Endodontologie V.<\/a><\/span><\/p>\n<p><span style=\"font-size: 14pt\"><a href=\"https:\/\/semmelweis.hu\/konzervalo-fogaszat\/files\/2025\/09\/Klinische-Zahnheilkunde-I._2025_26.pdf\">Klinische Zahnheilkunde I.<\/a><br \/>\n<\/span><span style=\"font-size: 12pt\"><span style=\"font-size: 14pt\"><a href=\"https:\/\/semmelweis.hu\/konzervalo-fogaszat\/files\/2025\/09\/Klinische-Zahnheilkunde-II_2025_26.pdf\">Klinische Zahnheilkunde II.<\/a><\/span><br \/>\n<\/span><\/p>\n<p>&nbsp;<\/p>\n<p><span style=\"font-size: 14pt\"><a href=\"https:\/\/semmelweis.hu\/konzervalo-fogaszat\/files\/2025\/09\/Direkte-asthetische-Kompositrestaurationstechniken-I.pdf\">Direkte \u00e4sthetische Kompositrestaurationstechniken I<\/a><br \/>\n<a href=\"https:\/\/semmelweis.hu\/konzervalo-fogaszat\/files\/2025\/09\/Direkte-asthetische-Kompositrestaurationstechniken-II.pdf\">Direkte \u00e4sthetische Kompositrestaurationstechniken II<\/a><br \/>\n<a href=\"https:\/\/semmelweis.hu\/konzervalo-fogaszat\/files\/2025\/09\/Grundlagen-der-biomietischen-Zahnheilkunde_KI-Suppl_20250825.pdf\">Grundlagen der biomietischen Zahnheilkunde<\/a><br \/>\n<\/span><\/p>\n<p>&nbsp;<\/p>\n<p><span style=\"font-size: 14pt\"><strong>Wichtige Informationen f\u00fcr Studenten<\/strong><\/span><\/p>\n<p id=\"tw-target-text\" class=\"tw-data-text tw-text-large tw-ta\" dir=\"ltr\" data-placeholder=\"Ford\u00edt\u00e1s\"><span style=\"font-size: 12pt\"><strong><span class=\"Y2IQFc\" lang=\"de\">Studenten, die zur Pr\u00fcfung kommen, werden gebeten, in den 7. Stock vordas Sekretariat zu kommen.<\/span><\/strong><\/span><\/p>\n<p><strong><span style=\"font-size: 12pt\"><a href=\"https:\/\/semmelweis.hu\/konzervalo-fogaszat\/files\/2016\/12\/Magyar-sz\u00f3kincs-k\u00fclf\u00f6ldi-hallgat\u00f3knak-betegkezel\u00e9shez.pdf\">Typische Arzt-Patient Redewendungen auf Ungarisch (herunterladen)<\/a><\/span><\/strong><\/p>\n<p><span style=\"font-size: 12pt\"><a href=\"https:\/\/semmelweis.hu\/konzervalo-fogaszat\/files\/2021\/09\/2021-22-\u0151sz-III.\u00e9v-N-proped-hallgat\u00f3i-t\u00e1j\u00e9koztat\u00f3.pdf\"><b>Klinik f\u00fcr Restaurative Zahnheilkunde und Endodontologie (<\/b><b>Prop\u00e4deutik)<\/b><\/a><\/span><\/p>\n<p><span style=\"font-size: 12pt\"><a href=\"https:\/\/semmelweis.hu\/konzervalo-fogaszat\/files\/2021\/09\/2021-22-\u0151sz-IV-V-\u00e9v-N-hallgat\u00f3i-t\u00e1j\u00e9koztat\u00f3.pdf\"><b>Klinik f\u00fcr Restaurative Zahnheilkunde und Endodontologie<\/b><\/a><\/span><\/p>\n<p>&nbsp;<\/p>\n<p><span style=\"font-size: 12pt\"><strong>Ansprechpartner<\/strong> f\u00fcr deutschsprachige Studenten: dr. Bogl\u00e1rka Sz\u00e1ntai<br \/>\nEmail: <a href=\"mailto:szantai.boglarka@semmelweis.hu\">szantai.boglarka@semmelweis.hu<\/a><\/span><\/p>\n","protected":false},"excerpt":{"rendered":"<p>Der neue Lehrplan gilt aufsteigend ab dem 2. Semester des Schuljahres 2021\/22. &nbsp; PROGRAMM DES STUDIENFACHES <a href=\"https:\/\/semmelweis.hu\/konzervalo-fogaszat\/files\/2025\/09\/Zahnerhaltungskunde-Propedeutik-I_KI-Suppl_20250822.pdf\">Restaurative Zahnheilkunde, Prop\u00e4deutik I.<\/a> <a href=\"https:\/\/semmelweis.hu\/konzervalo-fogaszat\/files\/2025\/09\/Zahnerhaltungskunde-Propedeutik-II_KI-Suppl_20250822.pdf\">Restaurative Zahnheilkunde, Prop\u00e4deutik II.<\/a> <a href=\"https:\/\/semmelweis.hu\/konzervalo-fogaszat\/files\/2025\/09\/Endodontische-Propedeutik_KI-Suppl_20250822.pdf\">Endodontische Prop\u00e4deutik <\/a> <a href=\"https:\/\/semmelweis.hu\/konzervalo-fogaszat\/files\/2025\/09\/Tantargyi-program_Preventiv-fogaszat_2025-26_N.pdf\">Pr\u00e4ventive Zahnheilkunde<\/a> <a href=\"https:\/\/semmelweis.hu\/konzervalo-fogaszat\/files\/2025\/09\/Restaurative-Zahnheilkunde-und-Endodontologie-I.-.pdf\">Restaurative Zahnheilkunde und Endodontologie I.<\/a> <a href=\"https:\/\/semmelweis.hu\/konzervalo-fogaszat\/files\/2025\/09\/Restaurative-Zahnheilkunde-und-Endodontologie-II.-.pdf\">Restaurative Zahnheilkunde und Endodontologie II.<\/a> <a href=\"https:\/\/semmelweis.hu\/konzervalo-fogaszat\/files\/2025\/09\/Restaurative-Zahnheilkunde-und-Endodontologie-III.-.pdf\">Restaurative Zahnheilkunde und Endodontologie III.<\/a> <a href=\"https:\/\/semmelweis.hu\/konzervalo-fogaszat\/files\/2025\/09\/Restaurative-Zahnheilkunde-und-Endodontologie-IV.-.pdf\">Restaurative Zahnheilkunde und Endodontologie IV.<\/a> <a href=\"https:\/\/semmelweis.hu\/konzervalo-fogaszat\/files\/2025\/09\/Restaurative-Zahnheilkunde-und-Endodontologie-V.-.pdf\">Restaurative Zahnheilkunde und Endodontologie V.<\/a> <a href=\"https:\/\/semmelweis.hu\/konzervalo-fogaszat\/files\/2025\/09\/Klinische-Zahnheilkunde-I._2025_26.pdf\">Klinische Zahnheilkunde I.<\/a> <a href=\"https:\/\/semmelweis.hu\/konzervalo-fogaszat\/files\/2025\/09\/Klinische-Zahnheilkunde-II_2025_26.pdf\">Klinische Zahnheilkunde II.<\/a> &nbsp; <a href=\"https:\/\/semmelweis.hu\/konzervalo-fogaszat\/files\/2025\/09\/Direkte-asthetische-Kompositrestaurationstechniken-I.pdf\">Direkte \u00e4sthetische Kompositrestaurationstechniken I<\/a> <a href=\"https:\/\/semmelweis.hu\/konzervalo-fogaszat\/files\/2025\/09\/Direkte-asthetische-Kompositrestaurationstechniken-II.pdf\">Direkte \u00e4sthetische Kompositrestaurationstechniken II<\/a> <a href=\"https:\/\/semmelweis.hu\/konzervalo-fogaszat\/files\/2025\/09\/Grundlagen-der-biomietischen-Zahnheilkunde_KI-Suppl_20250825.pdf\">Grundlagen der biomietischen Zahnheilkunde<\/a> &nbsp; Wichtige Informationen f\u00fcr Studenten Studenten, die zur Pr\u00fcfung kommen, werden gebeten, in den 7. Stock vordas Sekretariat zu kommen. <a href=\"https:\/\/semmelweis.hu\/konzervalo-fogaszat\/files\/2016\/12\/Magyar-sz\u00f3kincs-k\u00fclf\u00f6ldi-hallgat\u00f3knak-betegkezel\u00e9shez.pdf\">Typische Arzt-Patient Redewendungen auf Ungarisch (herunterladen)<\/a> <a href=\"https:\/\/semmelweis.hu\/konzervalo-fogaszat\/files\/2021\/09\/2021-22-\u0151sz-III.\u00e9v-N-proped-hallgat\u00f3i-t\u00e1j\u00e9koztat\u00f3.pdf\">Klinik f\u00fcr Restaurative Zahnheilkunde und Endodontologie (Prop\u00e4deutik)<\/a> <a href=\"https:\/\/semmelweis.hu\/konzervalo-fogaszat\/files\/2021\/09\/2021-22-\u0151sz-IV-V-\u00e9v-N-hallgat\u00f3i-t\u00e1j\u00e9koztat\u00f3.pdf\">Klinik f\u00fcr Restaurative Zahnheilkunde und Endodontologie<\/a> &nbsp; Ansprechpartner f\u00fcr deutschsprachige Studenten: dr. Bogl\u00e1rka Sz\u00e1ntai Email: &hellip;<\/p>\n","protected":false},"author":122,"featured_media":0,"parent":48,"menu_order":1,"comment_status":"closed","ping_status":"closed","template":"","meta":{"_acf_changed":false,"footnotes":""},"categories":[],"tags":[],"class_list":["post-6817","page","type-page","status-publish","hentry"],"acf":[],"_links":{"self":[{"href":"https:\/\/semmelweis.hu\/konzervalo-fogaszat\/wp-json\/wp\/v2\/pages\/6817","targetHints":{"allow":["GET"]}}],"collection":[{"href":"https:\/\/semmelweis.hu\/konzervalo-fogaszat\/wp-json\/wp\/v2\/pages"}],"about":[{"href":"https:\/\/semmelweis.hu\/konzervalo-fogaszat\/wp-json\/wp\/v2\/types\/page"}],"author":[{"embeddable":true,"href":"https:\/\/semmelweis.hu\/konzervalo-fogaszat\/wp-json\/wp\/v2\/users\/122"}],"replies":[{"embeddable":true,"href":"https:\/\/semmelweis.hu\/konzervalo-fogaszat\/wp-json\/wp\/v2\/comments?post=6817"}],"version-history":[{"count":11,"href":"https:\/\/semmelweis.hu\/konzervalo-fogaszat\/wp-json\/wp\/v2\/pages\/6817\/revisions"}],"predecessor-version":[{"id":7567,"href":"https:\/\/semmelweis.hu\/konzervalo-fogaszat\/wp-json\/wp\/v2\/pages\/6817\/revisions\/7567"}],"up":[{"embeddable":true,"href":"https:\/\/semmelweis.hu\/konzervalo-fogaszat\/wp-json\/wp\/v2\/pages\/48"}],"wp:attachment":[{"href":"https:\/\/semmelweis.hu\/konzervalo-fogaszat\/wp-json\/wp\/v2\/media?parent=6817"}],"wp:term":[{"taxonomy":"category","embeddable":true,"href":"https:\/\/semmelweis.hu\/konzervalo-fogaszat\/wp-json\/wp\/v2\/categories?post=6817"},{"taxonomy":"post_tag","embeddable":true,"href":"https:\/\/semmelweis.hu\/konzervalo-fogaszat\/wp-json\/wp\/v2\/tags?post=6817"}],"curies":[{"name":"wp","href":"https:\/\/api.w.org\/{rel}","templated":true}]}}